{"id":69833,"date":"2024-04-15T08:17:29","date_gmt":"2024-04-15T06:17:29","guid":{"rendered":"https:\/\/www.avvisopubblico.it\/home\/?page_id=69833"},"modified":"2024-04-15T08:17:29","modified_gmt":"2024-04-15T06:17:29","slug":"rapporto-europol-2024-sono-821-le-reti-criminali-attive-nellunione-europea","status":"publish","type":"page","link":"https:\/\/welaikaadv.site\/avviso\/home\/cosa-facciamo\/informare\/documenti-tematici\/mafie\/rapporto-europol-2024-sono-821-le-reti-criminali-attive-nellunione-europea\/","title":{"rendered":"Rapporto Europol 2024: sono 821 le reti criminali attive nell\u2019Unione Europea"},"content":{"rendered":"<p>\u00c8 stato pubblicato, a cura dell\u2019Agenzia UE Europol, il <a href=\"https:\/\/www.europol.europa.eu\/publication-events\/main-reports\/decoding-eus-most-threatening-criminal-networks\">Rapporto<\/a> \u201cDecoding the EU\u2019s most threatening criminal networks\u201d sulle reti criminali presenti e attive nel territorio comunitario.<\/p>\n<p><strong>Il Rapporto Europol, in particolare, individua 821 reti criminali <\/strong>attive nell\u2019Unione europea in grado di incidere sulla sicurezza interna della regione. Il totale dei membri delle reti identificate supera i 25.000 individui.<\/p>\n<p>Queste reti sono attive in una serie di settori criminali, tra cui il traffico di droga, le frodi, i reati contro il patrimonio, il traffico di migranti e la tratta di esseri umani.<\/p>\n<p>Il traffico di droga si distingue chiaramente come una delle attivit\u00e0 chiave: la met\u00e0 delle reti criminali definite pi\u00f9 minacciose \u00e8 coinvolta nel traffico di droga, sia autonomamente che come parte di un portafoglio di attivit\u00e0. Circa un terzo (ossia il 36%) si concentra esclusivamente sul traffico di droga.<\/p>\n<p><strong>L\u2019ABCD delle reti criminali pi\u00f9 minacciose<\/strong>.<\/p>\n<p><strong>Agilit\u00e0<\/strong>. Le reti criminali pi\u00f9 minacciose mostrano una notevole agilit\u00e0. Sono in grado di sfruttare in modo creativo le opportunit\u00e0 nel mondo legale, ad esempio utilizzando o creando strutture commerciali legali per facilitare o nascondere la loro attivit\u00e0 criminale e per riciclare il loro denaro. L\u201986% delle reti criminali pi\u00f9 minacciose si avvale di strutture commerciali legali (LBS). La maggior parte si infiltra nelle cosiddette LBS ad alto livello o crea una propria LBS. I settori pi\u00f9 vulnerabili alle infiltrazioni della criminalit\u00e0 organizzata comprendono l\u2019edilizia e la logistica.<\/p>\n<p>Il 34% delle reti criminali pi\u00f9 minacciose (circa 280) \u00e8 attivo da pi\u00f9 di 10 anni.<\/p>\n<p><strong>Senza confini<\/strong>. Le reti criminali pi\u00f9 minacciose conducono operazioni criminali senza confini. Le loro attivit\u00e0 toccano molti paesi e la loro composizione \u00e8 spesso di tipo internazionale, con membri della rete provenienti da molti paesi dell&#8217;UE e del mondo che cooperano all&#8217;interno delle reti. Infatti, sono 112 le nazionalit\u00e0 rappresentate tra i membri delle 821 maggiori reti, e il 68% delle reti \u00e8 composto da membri di pi\u00f9 nazionalit\u00e0, mentre il 32% ha membri di un solo paese. Non solo: il 76% delle reti criminali pi\u00f9 minacciose \u00e8 presente o attivo in almeno due-sette paesi.<\/p>\n<p>La nazionalit\u00e0 dei membri della rete criminale \u00e8 spesso il primo indizio che consente alle forze dell&#8217;ordine di individuare reti criminali strettamente legate tra loro.<\/p>\n<p><strong>Controllo<\/strong>. Le reti criminali pi\u00f9 minacciose esercitano un forte controllo e si concentrano sulle loro operazioni criminali, tendendo a specializzarsi in un\u2019unica attivit\u00e0 criminale principale: le reti veramente poli-criminali sono un\u2019eccezione piuttosto che una regola. La leadership dell&#8217;82% delle reti criminali pi\u00f9 minacciose \u00e8 stabilita nel paese principale di attivit\u00e0 o nel paese di origine dei membri chiave, mentre circa il 6% delle reti criminali pi\u00f9 minacciose ha una leadership che coordina le operazioni dall\u2019esterno dell\u2019UE.<\/p>\n<p>Il Rapporto sottolinea che la grande maggioranza delle reti criminali pi\u00f9 minacciose si concentra su un\u2019attivit\u00e0 criminale principale: l&#8217;82% delle reti si occupa, infatti, di un&#8217;attivit\u00e0 criminale principale, e solo il 18% pu\u00f2 definirsi poli-criminale. Poich\u00e9 il profitto \u00e8 l\u2019obiettivo principale che unisce gli attori criminali, il riciclaggio di denaro \u00e8 una parte fondamentale delle imprese criminali e quasi tutte (96%) le reti riciclano esse stesse i proventi criminali.<\/p>\n<p><strong>Distruttive<\/strong>. Le attivit\u00e0 criminali e le pratiche corruttive delle reti criminali pi\u00f9 minacciose infliggono danni significativi alla sicurezza interna, allo Stato di diritto e all\u2019economia dell\u2019UE. Secondo il Rapporto, il 71% delle reti pratica la corruzione per agevolare attivit\u00e0 criminali o ostacolare le forze dell\u2019ordine o i procedimenti giudiziari. Il 68% delle reti ricorre alla violenza e all&#8217;intimidazione come caratteristica intrinseca del loro modus operandi. Il 32% non usa la violenza semplicemente per evitare di essere scoperto dalle forze dell&#8217;ordine.<\/p>\n<p><strong>L\u2019Italia nelle reti criminali<\/strong>. Specifica il Rapporto che le reti criminali di tipo mafioso italiano sono spesso incentrate su membri chiave italiani. Tuttavia, con attivit\u00e0 in pi\u00f9 di 45 paesi, hanno una portata molto ampia nell\u2019UE (oltre all\u2019Italia principalmente in Belgio, Germania, Paesi Bassi, Malta, Romania e Spagna) e oltre (in Colombia, Svizzera e Stati Uniti d\u2019America). Le loro attivit\u00e0 principali sono il traffico di droga (comprese cocaina, cannabis ed eroina), l&#8217;estorsione e il racket, il traffico di rifiuti, le frodi sulle accise sul tabacco e il riciclaggio di denaro.<\/p>\n<p>In particolare, diverse potenti famiglie della \u2018ndrangheta guidano una rete criminale di tipo mafioso impegnata in varie attivit\u00e0 criminali come il traffico di droga, il traffico di armi da fuoco e la frode fiscale. L\u2019attivit\u00e0 principale della rete e\u0300 il traffico di droga dal Sud America all&#8217;Europa fino all&#8217;Australia. Lavorano in collaborazione con il &#8220;clan del Golfo&#8221; colombiano e un&#8217;altra rete che opera in Ecuador e in diversi paesi europei. Forniscono anche armi al famigerato PCC (Primeiro Comando da Capital) in cambio di cocaina. I proventi criminali vengono investiti in vari paesi europei e sudamericani, principalmente in immobili, ristoranti, supermercati, alberghi e altre attivit\u00e0 commerciali.<\/p>\n<p><strong>L\u2019uso combinato di violenza e corruzione<\/strong>. Secondo il Rapporto, una parte fondamentale delle reti criminali analizzate utilizza la violenza e\/o la corruzione come parte della propria strategia criminale. Le reti criminali impegnate nella violenza e nell&#8217;intimidazione sono coinvolte principalmente nell&#8217;estorsione e nel racket come caratteristica intrinseca del loro modus operandi. La maggior parte delle reti criminali coinvolte nel traffico di droga, nella criminalit\u00e0 ambientale, nel traffico di armi da fuoco e nella tratta di esseri umani pratica qualche forma di violenza o intimidazione. Un terzo delle reti criminali, per\u00f2, non ricorre alla violenza o all&#8217;intimidazione: queste reti criminali sono coinvolte principalmente in attacchi informatici, frodi online e contraffazione.<\/p>\n<p>Il 71% delle reti criminali pi\u00f9 minacciose ricorre a qualche forma di corruzione, e il 28% la utilizza in modo proattivo e sistematico. I dati rivelano come i criminali utilizzano la corruzione, attivamente e passivamente, per favorire le loro imprese criminali. Le tangenti rappresentano il modus operandi pi\u00f9 diffuso, insieme all&#8217;elargizione di doni e ad altri benefici \u201cin natura\u201d. Tra le reti criminali pi\u00f9 minacciose, una su cinque utilizza sia la corruzione che la violenza in modo proattivo e pianificato, come parti cruciali del proprio processo aziendale.<\/p>\n","protected":false},"excerpt":{"rendered":"<p>\u00c8 stato pubblicato, a cura dell\u2019Agenzia UE Europol, il Rapporto \u201cDecoding the EU\u2019s most threatening criminal networks\u201d sulle reti criminali presenti e attive nel territorio&nbsp;<span class=\"hellipsis\">[&hellip;]<\/span><a class=\"more-link\" href=\"https:\/\/welaikaadv.site\/avviso\/home\/cosa-facciamo\/informare\/documenti-tematici\/mafie\/rapporto-europol-2024-sono-821-le-reti-criminali-attive-nellunione-europea\/\">Leggi tutto <span class=\"screen-reader-text\">Rapporto Europol 2024: sono 821 le reti criminali attive nell\u2019Unione Europea<\/span> <span class=\"meta-nav\" aria-hidden=\"true\">&rarr;<\/span><\/a><\/p>\n","protected":false},"author":1,"featured_media":0,"parent":207,"menu_order":0,"comment_status":"closed","ping_status":"closed","template":"","meta":{"_acf_changed":false,"_exactmetrics_skip_tracking":false,"_exactmetrics_sitenote_active":false,"_exactmetrics_sitenote_note":"","_exactmetrics_sitenote_category":0,"wp_social_preview_title":"","wp_social_preview_description":"","wp_social_preview_image":0,"footnotes":""},"class_list":["post-69833","page","type-page","status-publish","hentry"],"acf":[],"yoast_head":"<!-- This site is optimized with the Yoast SEO plugin v27.2 - https:\/\/yoast.com\/product\/yoast-seo-wordpress\/ -->\n<title>Rapporto Europol 2024: sono 821 le reti criminali attive nell\u2019Unione Europea - Staging Avviso Pubblico<\/title>\n<meta name=\"robots\" content=\"noindex, follow, max-snippet:-1, max-image-preview:large, max-video-preview:-1\" \/>\n<meta property=\"og:locale\" content=\"it_IT\" \/>\n<meta property=\"og:type\" content=\"article\" \/>\n<meta property=\"og:title\" content=\"Rapporto Europol 2024: sono 821 le reti criminali attive nell\u2019Unione Europea - Staging Avviso Pubblico\" \/>\n<meta property=\"og:description\" content=\"\u00c8 stato pubblicato, a cura dell\u2019Agenzia UE Europol, il Rapporto \u201cDecoding the EU\u2019s most threatening criminal networks\u201d sulle reti criminali presenti e attive nel territorio&nbsp;[&hellip;]Leggi tutto Rapporto Europol 2024: sono 821 le reti criminali attive nell\u2019Unione Europea &rarr;\" \/>\n<meta property=\"og:url\" content=\"https:\/\/welaikaadv.site\/avviso\/home\/cosa-facciamo\/informare\/documenti-tematici\/mafie\/rapporto-europol-2024-sono-821-le-reti-criminali-attive-nellunione-europea\/\" \/>\n<meta property=\"og:site_name\" content=\"Staging Avviso Pubblico\" \/>\n<meta name=\"twitter:card\" content=\"summary_large_image\" \/>\n<meta name=\"twitter:label1\" content=\"Tempo di lettura stimato\" \/>\n\t<meta name=\"twitter:data1\" content=\"5 minuti\" \/>\n<script type=\"application\/ld+json\" class=\"yoast-schema-graph\">{\"@context\":\"https:\/\/schema.org\",\"@graph\":[{\"@type\":\"WebPage\",\"@id\":\"https:\/\/welaikaadv.site\/avviso\/home\/cosa-facciamo\/informare\/documenti-tematici\/mafie\/rapporto-europol-2024-sono-821-le-reti-criminali-attive-nellunione-europea\/\",\"url\":\"https:\/\/welaikaadv.site\/avviso\/home\/cosa-facciamo\/informare\/documenti-tematici\/mafie\/rapporto-europol-2024-sono-821-le-reti-criminali-attive-nellunione-europea\/\",\"name\":\"Rapporto Europol 2024: sono 821 le reti criminali attive nell\u2019Unione Europea - Staging Avviso Pubblico\",\"isPartOf\":{\"@id\":\"https:\/\/welaikaadv.site\/avviso\/#website\"},\"datePublished\":\"2024-04-15T06:17:29+00:00\",\"breadcrumb\":{\"@id\":\"https:\/\/welaikaadv.site\/avviso\/home\/cosa-facciamo\/informare\/documenti-tematici\/mafie\/rapporto-europol-2024-sono-821-le-reti-criminali-attive-nellunione-europea\/#breadcrumb\"},\"inLanguage\":\"it-IT\",\"potentialAction\":[{\"@type\":\"ReadAction\",\"target\":[\"https:\/\/welaikaadv.site\/avviso\/home\/cosa-facciamo\/informare\/documenti-tematici\/mafie\/rapporto-europol-2024-sono-821-le-reti-criminali-attive-nellunione-europea\/\"]}]},{\"@type\":\"BreadcrumbList\",\"@id\":\"https:\/\/welaikaadv.site\/avviso\/home\/cosa-facciamo\/informare\/documenti-tematici\/mafie\/rapporto-europol-2024-sono-821-le-reti-criminali-attive-nellunione-europea\/#breadcrumb\",\"itemListElement\":[{\"@type\":\"ListItem\",\"position\":1,\"name\":\"Home\",\"item\":\"https:\/\/welaikaadv.site\/avviso\/\"},{\"@type\":\"ListItem\",\"position\":2,\"name\":\"Documentazione\",\"item\":\"https:\/\/welaikaadv.site\/avviso\/home\/cosa-facciamo\/informare\/documenti-tematici\/\"},{\"@type\":\"ListItem\",\"position\":3,\"name\":\"Mafie e Antimafia\",\"item\":\"https:\/\/welaikaadv.site\/avviso\/home\/cosa-facciamo\/informare\/documenti-tematici\/mafie\/\"},{\"@type\":\"ListItem\",\"position\":4,\"name\":\"Rapporto Europol 2024: sono 821 le reti criminali attive nell\u2019Unione Europea\"}]},{\"@type\":\"WebSite\",\"@id\":\"https:\/\/welaikaadv.site\/avviso\/#website\",\"url\":\"https:\/\/welaikaadv.site\/avviso\/\",\"name\":\"Staging Avviso Pubblico\",\"description\":\"\",\"publisher\":{\"@id\":\"https:\/\/welaikaadv.site\/avviso\/#organization\"},\"potentialAction\":[{\"@type\":\"SearchAction\",\"target\":{\"@type\":\"EntryPoint\",\"urlTemplate\":\"https:\/\/welaikaadv.site\/avviso\/?s={search_term_string}\"},\"query-input\":{\"@type\":\"PropertyValueSpecification\",\"valueRequired\":true,\"valueName\":\"search_term_string\"}}],\"inLanguage\":\"it-IT\"},{\"@type\":\"Organization\",\"@id\":\"https:\/\/welaikaadv.site\/avviso\/#organization\",\"name\":\"Staging Avviso Pubblico\",\"url\":\"https:\/\/welaikaadv.site\/avviso\/\",\"logo\":{\"@type\":\"ImageObject\",\"inLanguage\":\"it-IT\",\"@id\":\"https:\/\/welaikaadv.site\/avviso\/#\/schema\/logo\/image\/\",\"url\":\"https:\/\/welaikaadv.site\/avviso\/wp-content\/uploads\/2024\/08\/logoAPsito-400.png\",\"contentUrl\":\"https:\/\/welaikaadv.site\/avviso\/wp-content\/uploads\/2024\/08\/logoAPsito-400.png\",\"width\":400,\"height\":97,\"caption\":\"Staging Avviso Pubblico\"},\"image\":{\"@id\":\"https:\/\/welaikaadv.site\/avviso\/#\/schema\/logo\/image\/\"}}]}<\/script>\n<!-- \/ Yoast SEO plugin. -->","yoast_head_json":{"title":"Rapporto Europol 2024: sono 821 le reti criminali attive nell\u2019Unione Europea - Staging Avviso Pubblico","robots":{"index":"noindex","follow":"follow","max-snippet":"max-snippet:-1","max-image-preview":"max-image-preview:large","max-video-preview":"max-video-preview:-1"},"og_locale":"it_IT","og_type":"article","og_title":"Rapporto Europol 2024: sono 821 le reti criminali attive nell\u2019Unione Europea - Staging Avviso Pubblico","og_description":"\u00c8 stato pubblicato, a cura dell\u2019Agenzia UE Europol, il Rapporto \u201cDecoding the EU\u2019s most threatening criminal networks\u201d sulle reti criminali presenti e attive nel territorio&nbsp;[&hellip;]Leggi tutto Rapporto Europol 2024: sono 821 le reti criminali attive nell\u2019Unione Europea &rarr;","og_url":"https:\/\/welaikaadv.site\/avviso\/home\/cosa-facciamo\/informare\/documenti-tematici\/mafie\/rapporto-europol-2024-sono-821-le-reti-criminali-attive-nellunione-europea\/","og_site_name":"Staging Avviso Pubblico","twitter_card":"summary_large_image","twitter_misc":{"Tempo di lettura stimato":"5 minuti"},"schema":{"@context":"https:\/\/schema.org","@graph":[{"@type":"WebPage","@id":"https:\/\/welaikaadv.site\/avviso\/home\/cosa-facciamo\/informare\/documenti-tematici\/mafie\/rapporto-europol-2024-sono-821-le-reti-criminali-attive-nellunione-europea\/","url":"https:\/\/welaikaadv.site\/avviso\/home\/cosa-facciamo\/informare\/documenti-tematici\/mafie\/rapporto-europol-2024-sono-821-le-reti-criminali-attive-nellunione-europea\/","name":"Rapporto Europol 2024: sono 821 le reti criminali attive nell\u2019Unione Europea - Staging Avviso Pubblico","isPartOf":{"@id":"https:\/\/welaikaadv.site\/avviso\/#website"},"datePublished":"2024-04-15T06:17:29+00:00","breadcrumb":{"@id":"https:\/\/welaikaadv.site\/avviso\/home\/cosa-facciamo\/informare\/documenti-tematici\/mafie\/rapporto-europol-2024-sono-821-le-reti-criminali-attive-nellunione-europea\/#breadcrumb"},"inLanguage":"it-IT","potentialAction":[{"@type":"ReadAction","target":["https:\/\/welaikaadv.site\/avviso\/home\/cosa-facciamo\/informare\/documenti-tematici\/mafie\/rapporto-europol-2024-sono-821-le-reti-criminali-attive-nellunione-europea\/"]}]},{"@type":"BreadcrumbList","@id":"https:\/\/welaikaadv.site\/avviso\/home\/cosa-facciamo\/informare\/documenti-tematici\/mafie\/rapporto-europol-2024-sono-821-le-reti-criminali-attive-nellunione-europea\/#breadcrumb","itemListElement":[{"@type":"ListItem","position":1,"name":"Home","item":"https:\/\/welaikaadv.site\/avviso\/"},{"@type":"ListItem","position":2,"name":"Documentazione","item":"https:\/\/welaikaadv.site\/avviso\/home\/cosa-facciamo\/informare\/documenti-tematici\/"},{"@type":"ListItem","position":3,"name":"Mafie e Antimafia","item":"https:\/\/welaikaadv.site\/avviso\/home\/cosa-facciamo\/informare\/documenti-tematici\/mafie\/"},{"@type":"ListItem","position":4,"name":"Rapporto Europol 2024: sono 821 le reti criminali attive nell\u2019Unione Europea"}]},{"@type":"WebSite","@id":"https:\/\/welaikaadv.site\/avviso\/#website","url":"https:\/\/welaikaadv.site\/avviso\/","name":"Staging Avviso Pubblico","description":"","publisher":{"@id":"https:\/\/welaikaadv.site\/avviso\/#organization"},"potentialAction":[{"@type":"SearchAction","target":{"@type":"EntryPoint","urlTemplate":"https:\/\/welaikaadv.site\/avviso\/?s={search_term_string}"},"query-input":{"@type":"PropertyValueSpecification","valueRequired":true,"valueName":"search_term_string"}}],"inLanguage":"it-IT"},{"@type":"Organization","@id":"https:\/\/welaikaadv.site\/avviso\/#organization","name":"Staging Avviso Pubblico","url":"https:\/\/welaikaadv.site\/avviso\/","logo":{"@type":"ImageObject","inLanguage":"it-IT","@id":"https:\/\/welaikaadv.site\/avviso\/#\/schema\/logo\/image\/","url":"https:\/\/welaikaadv.site\/avviso\/wp-content\/uploads\/2024\/08\/logoAPsito-400.png","contentUrl":"https:\/\/welaikaadv.site\/avviso\/wp-content\/uploads\/2024\/08\/logoAPsito-400.png","width":400,"height":97,"caption":"Staging Avviso Pubblico"},"image":{"@id":"https:\/\/welaikaadv.site\/avviso\/#\/schema\/logo\/image\/"}}]}},"_links":{"self":[{"href":"https:\/\/welaikaadv.site\/avviso\/wp-json\/wp\/v2\/pages\/69833","targetHints":{"allow":["GET"]}}],"collection":[{"href":"https:\/\/welaikaadv.site\/avviso\/wp-json\/wp\/v2\/pages"}],"about":[{"href":"https:\/\/welaikaadv.site\/avviso\/wp-json\/wp\/v2\/types\/page"}],"author":[{"embeddable":true,"href":"https:\/\/welaikaadv.site\/avviso\/wp-json\/wp\/v2\/users\/1"}],"replies":[{"embeddable":true,"href":"https:\/\/welaikaadv.site\/avviso\/wp-json\/wp\/v2\/comments?post=69833"}],"version-history":[{"count":0,"href":"https:\/\/welaikaadv.site\/avviso\/wp-json\/wp\/v2\/pages\/69833\/revisions"}],"up":[{"embeddable":true,"href":"https:\/\/welaikaadv.site\/avviso\/wp-json\/wp\/v2\/pages\/207"}],"wp:attachment":[{"href":"https:\/\/welaikaadv.site\/avviso\/wp-json\/wp\/v2\/media?parent=69833"}],"curies":[{"name":"wp","href":"https:\/\/api.w.org\/{rel}","templated":true}]}}