{"id":71318,"date":"2024-08-01T12:57:35","date_gmt":"2024-08-01T10:57:35","guid":{"rendered":"http:\/\/osservatorio"},"modified":"2024-08-01T12:57:35","modified_gmt":"2024-08-01T10:57:35","slug":"nuovo-testo-unificato-in-materia-di-beni-confiscati-alla-criminalita-organizzata","status":"publish","type":"page","link":"https:\/\/welaikaadv.site\/avviso\/nuovo-testo-unificato-in-materia-di-beni-confiscati-alla-criminalita-organizzata\/","title":{"rendered":"Primo testo unificato in materia di beni confiscati alla criminalit\u00e0 organizzata"},"content":{"rendered":"<h4><strong>Primo\u00a0testo unificato in materia di beni confiscati alla criminalit\u00e0 organizzata (Atto Camera 1138 e abbinati)<\/strong><\/h4>\n<p>Nella seduta dell\u201911 settembre 2014 il Relatore \u2013 on. Mattiello &#8211; ha proposto un <strong><a title=\"nuovo testo unificato\" href=\"http:\/\/www.camera.it\/leg17\/824?tipo=A&amp;anno=2014&amp;mese=10&amp;giorno=08&amp;view=&amp;commissione=02#data.20141008.com02.allegati.all00010\" target=\"_blank\" rel=\"noopener\">nuovo testo unificato<\/a><\/strong>, illustrato nella successiva seduta del <strong><a title=\"1\u00b0 ottobre 2014\" href=\"http:\/\/www.camera.it\/leg17\/824?tipo=C&amp;anno=2014&amp;mese=10&amp;giorno=01&amp;view=&amp;commissione=02&amp;pagina=#data.20141001.com02.bollettino.sede00010.tit00020\" target=\"_blank\" rel=\"noopener\">1\u00b0 ottobre 2014<\/a><\/strong>, che amplia notevolmente l\u2019oggetto del provvedimento originario. Tale testo \u00e8 stato adottato come nuovo testo base nella seduta <strong><a title=\"dell\u20198 ottobre 2014\" href=\"http:\/\/www.camera.it\/leg17\/824?tipo=C&amp;anno=2014&amp;mese=10&amp;giorno=08&amp;view=&amp;commissione=02&amp;pagina=#data.20141008.com02.bollettino.sede00020.tit00010\" target=\"_blank\" rel=\"noopener\">dell\u20198 ottobre 2014<\/a><\/strong>. Si riassumono qui di seguito gli aspetti pi\u00f9 rilevanti (sul nuovo testo approvato il 29 ottobre 2015 leggi questa <a href=\"\/home\/home\/cosa-facciamo\/informare\/osservatorio-parlamentare\/attivita-legislativa\/progetti-di-legge-in-discussione\/nuovo-testo-unificato-del-29-ottobre-2015-su-beni-confiscati-e-riforma-del-codice-antimafia-scheda-di-sintesi\/\"><strong>scheda<\/strong><\/a>).<\/p>\n<hr \/>\n<h5><strong>Efficacia del procedimento di prevenzione (artt. 1-6, 16-21 e 24-26)<\/strong><\/h5>\n<p>Il provvedimento modifica numerose disposizioni del decreto legislativo n. 159 del 2011 e del decreto legge n. 306 del 1992 al fine di rendere pi\u00f9 efficace e tempestiva l\u2019adozione delle misure di prevenzione. In particolare si prevedono:<\/p>\n<ul>\n<li>tempi pi\u00f9 stringenti per la proposizione delle questioni concernenti la competenza per territorio (esse sono precluse se non proposte o rilevate di ufficio subito dopo compiute per la prima volta l&#8217;accertamento della costituzione delle parti);<\/li>\n<li>l\u2019impossibilit\u00e0 di giustificare il possesso dei beni sulla base di somme di denaro frutto di evasione fiscale;<\/li>\n<li>una nuova disciplina del sequestro e della confisca per equivalente;<\/li>\n<li>la trattazione prioritaria dei procedimenti di prevenzione patrimoniale al fine di garantire il puntuale rispetto dei tempi, anche attraverso la costituzione di collegi o sezioni specializzate;<\/li>\n<li>una pi\u00f9 tempestiva e completa raccolta di dati e informazioni sui beni oggetti delle misure di prevenzione;<\/li>\n<li>la possibilit\u00e0 da parte dell\u2019amministratore giudiziario di procedere alla locazione o al comodato dei beni immobili o all\u2019affitto delle aziende, salvo successiva cessazione del provvedimento di confisca;<\/li>\n<li>piani pi\u00f9 dettagliati per il riavvio dell\u2019attivit\u00e0 delle aziende sottoposte a sequestro;<\/li>\n<li>una diversa disciplina della restituzione per equivalente e della destinazione dei beni;<\/li>\n<li>l\u2019istituzione di due fondi presso l\u2019Agenzia per finanziare primi interventi di riutilizzo e soddisfare esigenze dei creditori;<\/li>\n<li>modifiche alla disciplina dei rapporti pendenti, della verifica e pagamento dei creditori e della liquidazione dei beni (con un potenziamento del ruolo dell\u2019Agenzia per i beni confiscati).<\/li>\n<\/ul>\n<hr \/>\n<h5><strong>Misure a favore delle aziende sottoposte a sequestro (artt. 7-15)<\/strong><\/h5>\n<p>Al fine di superare le difficolt\u00e0 nella prosecuzione dell\u2019attivit\u00e0 delle aziende sottoposte a misure di prevenzione, il provvedimento prevende una serie di misure, coperte da una quota delle risorse intestate al Fondo unico giustizia e, in particolare:<\/p>\n<ul>\n<li>l\u2019istituzione presso il Ministero dello sviluppo economico un Fondo di garanzia per il credito delle aziende sottoposte a sequestro o a confisca, al fine di garantire la continuit\u00e0 del credito bancario, il sostegno agli investimenti e agli oneri relativi al riavvio dell\u2019attivit\u00e0 aziendale;<\/li>\n<li>l\u2019applicazione transitoria di un\u2019Iva agevolata a coloro che usufruiscono di lavori, servizi o forniture erogati dalle aziende sottoposte a sequestro o confisca;<\/li>\n<li>un canale preferenziale per la stipula di contratti e convenzioni con la pubblica amministrazione;<\/li>\n<li>agevolazioni fiscali e contributive per facilitare la regolarizzazione dei rapporti di lavoro, l\u2019applicazione degli ammortizzatori sociali e altri incentivi economici.<\/li>\n<\/ul>\n<hr \/>\n<h5><strong>Organizzazione e competenze dell\u2019Agenzia nazionale per i beni confiscati (artt. 22 e 23)<\/strong><\/h5>\n<p>L\u2019Agenzia \u00e8 posta sotto la vigilanza della Presidenza del consiglio (anzich\u00e9 del Ministro dell&#8217;interno). La sede \u00e8 a Roma (anzich\u00e9 Reggio Calabria) e sono soppresse le sedi secondarie.<\/p>\n<p>Sono introdotte modifiche all\u2019organizzazione: \u00e8 istituito un Comitato consultivo ed \u00e8 ampliato il Consiglio direttivo con la previsione di numerosi esperti designati da diverse Amministrazioni e rappresentanti delle associazioni. Con decreto ministeriale sar\u00e0 definita la composizione di nuclei di supporto presso ogni prefettura.<\/p>\n<p>Sono precisati i compiti dell\u2019Agenzia nell\u2019attivit\u00e0 di collaborazione con l\u2019autorit\u00e0 giudiziaria, prevedendo in particolare la possibilit\u00e0 di proporre gli interventi necessari a salvaguardare il mantenimento del valore patrimoniale del bene anche avvalendosi di societ\u00e0 a totale o prevalente capitale pubblico, specializzate in attivit\u00e0 di sostegno alle industrie senza alcun ulteriore onere per la finanza pubblica. All\u2019Agenzia \u00e8 affidata anche l\u2019assegnazione diretta del bene ove risulti evidente la sua destinazione sociale ed una supervisione sui rendiconti di gestione dei beni sequestrati.<\/p>\n<p>L\u2019organico \u00e8 incrementato di 70 unit\u00e0 (da 30 a 100).<\/p>\n<hr \/>\n<h5><strong>Norme transitorie (artt. 27-32)<\/strong><\/h5>\n<p>\u00c8\u00a0modificata la disciplina transitoria e sono precisati i tempi di attuazione amministrativa del provvedimento; in particolare viene attribuita all\u2019autorit\u00e0 giudiziaria (anzich\u00e8 all\u2019Agenzia) l\u2019amministrazione e destinazione dei beni confiscati, non in via definitiva, dopo l\u2019entrata in vigore della legge.<\/p>\n<hr \/>\n<p><em>Sulla materia dei beni confiscati vedi l\u2019ampia documentazione disponibile sul <\/em><a href=\"https:\/\/welaikaadv.site\/avviso\/home\/cosa-facciamo\/informare\/documenti-tematici\/beni-confiscati\/\"><strong><em>sito di Avviso Pubblico<\/em><\/strong><\/a>.<\/p>\n<p style=\"text-align: right;\">(9 ottobre 2014)<\/p>\n","protected":false},"excerpt":{"rendered":"<p>Primo\u00a0testo unificato in materia di beni confiscati alla criminalit\u00e0 organizzata (Atto Camera 1138 e abbinati) Nella seduta dell\u201911 settembre 2014 il Relatore \u2013 on. Mattiello&nbsp;<span class=\"hellipsis\">[&hellip;]<\/span><a class=\"more-link\" href=\"https:\/\/welaikaadv.site\/avviso\/nuovo-testo-unificato-in-materia-di-beni-confiscati-alla-criminalita-organizzata\/\">Leggi tutto <span class=\"screen-reader-text\">Primo testo unificato in materia di beni confiscati alla criminalit\u00e0 organizzata<\/span> <span class=\"meta-nav\" aria-hidden=\"true\">&rarr;<\/span><\/a><\/p>\n","protected":false},"author":1,"featured_media":0,"parent":0,"menu_order":0,"comment_status":"closed","ping_status":"closed","template":"","meta":{"_acf_changed":false,"_exactmetrics_skip_tracking":false,"_exactmetrics_sitenote_active":false,"_exactmetrics_sitenote_note":"","_exactmetrics_sitenote_category":0,"wp_social_preview_title":"","wp_social_preview_description":"","wp_social_preview_image":0,"footnotes":""},"class_list":["post-71318","page","type-page","status-publish","hentry"],"acf":[],"yoast_head":"<!-- This site is optimized with the Yoast SEO plugin v27.2 - https:\/\/yoast.com\/product\/yoast-seo-wordpress\/ -->\n<title>Primo testo unificato in materia di beni confiscati alla criminalit\u00e0 organizzata - Staging Avviso Pubblico<\/title>\n<meta name=\"robots\" content=\"noindex, follow, max-snippet:-1, max-image-preview:large, max-video-preview:-1\" \/>\n<meta property=\"og:locale\" content=\"it_IT\" \/>\n<meta property=\"og:type\" content=\"article\" \/>\n<meta property=\"og:title\" content=\"Primo testo unificato in materia di beni confiscati alla criminalit\u00e0 organizzata - Staging Avviso Pubblico\" \/>\n<meta property=\"og:description\" content=\"Primo\u00a0testo unificato in materia di beni confiscati alla criminalit\u00e0 organizzata (Atto Camera 1138 e abbinati) Nella seduta dell\u201911 settembre 2014 il Relatore \u2013 on. Mattiello&nbsp;[&hellip;]Leggi tutto Primo testo unificato in materia di beni confiscati alla criminalit\u00e0 organizzata &rarr;\" \/>\n<meta property=\"og:url\" content=\"https:\/\/welaikaadv.site\/avviso\/nuovo-testo-unificato-in-materia-di-beni-confiscati-alla-criminalita-organizzata\/\" \/>\n<meta property=\"og:site_name\" content=\"Staging Avviso Pubblico\" \/>\n<meta name=\"twitter:card\" content=\"summary_large_image\" \/>\n<meta name=\"twitter:label1\" content=\"Tempo di lettura stimato\" \/>\n\t<meta name=\"twitter:data1\" content=\"4 minuti\" \/>\n<script type=\"application\/ld+json\" class=\"yoast-schema-graph\">{\"@context\":\"https:\/\/schema.org\",\"@graph\":[{\"@type\":\"WebPage\",\"@id\":\"https:\/\/welaikaadv.site\/avviso\/nuovo-testo-unificato-in-materia-di-beni-confiscati-alla-criminalita-organizzata\/\",\"url\":\"https:\/\/welaikaadv.site\/avviso\/nuovo-testo-unificato-in-materia-di-beni-confiscati-alla-criminalita-organizzata\/\",\"name\":\"Primo testo unificato in materia di beni confiscati alla criminalit\u00e0 organizzata - Staging Avviso Pubblico\",\"isPartOf\":{\"@id\":\"https:\/\/welaikaadv.site\/avviso\/#website\"},\"datePublished\":\"2024-08-01T10:57:35+00:00\",\"breadcrumb\":{\"@id\":\"https:\/\/welaikaadv.site\/avviso\/nuovo-testo-unificato-in-materia-di-beni-confiscati-alla-criminalita-organizzata\/#breadcrumb\"},\"inLanguage\":\"it-IT\",\"potentialAction\":[{\"@type\":\"ReadAction\",\"target\":[\"https:\/\/welaikaadv.site\/avviso\/nuovo-testo-unificato-in-materia-di-beni-confiscati-alla-criminalita-organizzata\/\"]}]},{\"@type\":\"BreadcrumbList\",\"@id\":\"https:\/\/welaikaadv.site\/avviso\/nuovo-testo-unificato-in-materia-di-beni-confiscati-alla-criminalita-organizzata\/#breadcrumb\",\"itemListElement\":[{\"@type\":\"ListItem\",\"position\":1,\"name\":\"Home\",\"item\":\"https:\/\/welaikaadv.site\/avviso\/\"},{\"@type\":\"ListItem\",\"position\":2,\"name\":\"Primo testo unificato in materia di beni confiscati alla criminalit\u00e0 organizzata\"}]},{\"@type\":\"WebSite\",\"@id\":\"https:\/\/welaikaadv.site\/avviso\/#website\",\"url\":\"https:\/\/welaikaadv.site\/avviso\/\",\"name\":\"Staging Avviso Pubblico\",\"description\":\"\",\"publisher\":{\"@id\":\"https:\/\/welaikaadv.site\/avviso\/#organization\"},\"potentialAction\":[{\"@type\":\"SearchAction\",\"target\":{\"@type\":\"EntryPoint\",\"urlTemplate\":\"https:\/\/welaikaadv.site\/avviso\/?s={search_term_string}\"},\"query-input\":{\"@type\":\"PropertyValueSpecification\",\"valueRequired\":true,\"valueName\":\"search_term_string\"}}],\"inLanguage\":\"it-IT\"},{\"@type\":\"Organization\",\"@id\":\"https:\/\/welaikaadv.site\/avviso\/#organization\",\"name\":\"Staging Avviso Pubblico\",\"url\":\"https:\/\/welaikaadv.site\/avviso\/\",\"logo\":{\"@type\":\"ImageObject\",\"inLanguage\":\"it-IT\",\"@id\":\"https:\/\/welaikaadv.site\/avviso\/#\/schema\/logo\/image\/\",\"url\":\"https:\/\/welaikaadv.site\/avviso\/wp-content\/uploads\/2024\/08\/logoAPsito-400.png\",\"contentUrl\":\"https:\/\/welaikaadv.site\/avviso\/wp-content\/uploads\/2024\/08\/logoAPsito-400.png\",\"width\":400,\"height\":97,\"caption\":\"Staging Avviso Pubblico\"},\"image\":{\"@id\":\"https:\/\/welaikaadv.site\/avviso\/#\/schema\/logo\/image\/\"}}]}<\/script>\n<!-- \/ Yoast SEO plugin. -->","yoast_head_json":{"title":"Primo testo unificato in materia di beni confiscati alla criminalit\u00e0 organizzata - Staging Avviso Pubblico","robots":{"index":"noindex","follow":"follow","max-snippet":"max-snippet:-1","max-image-preview":"max-image-preview:large","max-video-preview":"max-video-preview:-1"},"og_locale":"it_IT","og_type":"article","og_title":"Primo testo unificato in materia di beni confiscati alla criminalit\u00e0 organizzata - Staging Avviso Pubblico","og_description":"Primo\u00a0testo unificato in materia di beni confiscati alla criminalit\u00e0 organizzata (Atto Camera 1138 e abbinati) Nella seduta dell\u201911 settembre 2014 il Relatore \u2013 on. Mattiello&nbsp;[&hellip;]Leggi tutto Primo testo unificato in materia di beni confiscati alla criminalit\u00e0 organizzata &rarr;","og_url":"https:\/\/welaikaadv.site\/avviso\/nuovo-testo-unificato-in-materia-di-beni-confiscati-alla-criminalita-organizzata\/","og_site_name":"Staging Avviso Pubblico","twitter_card":"summary_large_image","twitter_misc":{"Tempo di lettura stimato":"4 minuti"},"schema":{"@context":"https:\/\/schema.org","@graph":[{"@type":"WebPage","@id":"https:\/\/welaikaadv.site\/avviso\/nuovo-testo-unificato-in-materia-di-beni-confiscati-alla-criminalita-organizzata\/","url":"https:\/\/welaikaadv.site\/avviso\/nuovo-testo-unificato-in-materia-di-beni-confiscati-alla-criminalita-organizzata\/","name":"Primo testo unificato in materia di beni confiscati alla criminalit\u00e0 organizzata - Staging Avviso Pubblico","isPartOf":{"@id":"https:\/\/welaikaadv.site\/avviso\/#website"},"datePublished":"2024-08-01T10:57:35+00:00","breadcrumb":{"@id":"https:\/\/welaikaadv.site\/avviso\/nuovo-testo-unificato-in-materia-di-beni-confiscati-alla-criminalita-organizzata\/#breadcrumb"},"inLanguage":"it-IT","potentialAction":[{"@type":"ReadAction","target":["https:\/\/welaikaadv.site\/avviso\/nuovo-testo-unificato-in-materia-di-beni-confiscati-alla-criminalita-organizzata\/"]}]},{"@type":"BreadcrumbList","@id":"https:\/\/welaikaadv.site\/avviso\/nuovo-testo-unificato-in-materia-di-beni-confiscati-alla-criminalita-organizzata\/#breadcrumb","itemListElement":[{"@type":"ListItem","position":1,"name":"Home","item":"https:\/\/welaikaadv.site\/avviso\/"},{"@type":"ListItem","position":2,"name":"Primo testo unificato in materia di beni confiscati alla criminalit\u00e0 organizzata"}]},{"@type":"WebSite","@id":"https:\/\/welaikaadv.site\/avviso\/#website","url":"https:\/\/welaikaadv.site\/avviso\/","name":"Staging Avviso Pubblico","description":"","publisher":{"@id":"https:\/\/welaikaadv.site\/avviso\/#organization"},"potentialAction":[{"@type":"SearchAction","target":{"@type":"EntryPoint","urlTemplate":"https:\/\/welaikaadv.site\/avviso\/?s={search_term_string}"},"query-input":{"@type":"PropertyValueSpecification","valueRequired":true,"valueName":"search_term_string"}}],"inLanguage":"it-IT"},{"@type":"Organization","@id":"https:\/\/welaikaadv.site\/avviso\/#organization","name":"Staging Avviso Pubblico","url":"https:\/\/welaikaadv.site\/avviso\/","logo":{"@type":"ImageObject","inLanguage":"it-IT","@id":"https:\/\/welaikaadv.site\/avviso\/#\/schema\/logo\/image\/","url":"https:\/\/welaikaadv.site\/avviso\/wp-content\/uploads\/2024\/08\/logoAPsito-400.png","contentUrl":"https:\/\/welaikaadv.site\/avviso\/wp-content\/uploads\/2024\/08\/logoAPsito-400.png","width":400,"height":97,"caption":"Staging Avviso Pubblico"},"image":{"@id":"https:\/\/welaikaadv.site\/avviso\/#\/schema\/logo\/image\/"}}]}},"_links":{"self":[{"href":"https:\/\/welaikaadv.site\/avviso\/wp-json\/wp\/v2\/pages\/71318","targetHints":{"allow":["GET"]}}],"collection":[{"href":"https:\/\/welaikaadv.site\/avviso\/wp-json\/wp\/v2\/pages"}],"about":[{"href":"https:\/\/welaikaadv.site\/avviso\/wp-json\/wp\/v2\/types\/page"}],"author":[{"embeddable":true,"href":"https:\/\/welaikaadv.site\/avviso\/wp-json\/wp\/v2\/users\/1"}],"replies":[{"embeddable":true,"href":"https:\/\/welaikaadv.site\/avviso\/wp-json\/wp\/v2\/comments?post=71318"}],"version-history":[{"count":0,"href":"https:\/\/welaikaadv.site\/avviso\/wp-json\/wp\/v2\/pages\/71318\/revisions"}],"wp:attachment":[{"href":"https:\/\/welaikaadv.site\/avviso\/wp-json\/wp\/v2\/media?parent=71318"}],"curies":[{"name":"wp","href":"https:\/\/api.w.org\/{rel}","templated":true}]}}