{"id":7209,"date":"2017-09-26T12:05:59","date_gmt":"2017-09-26T10:05:59","guid":{"rendered":"http:\/\/www.avvisopubblico.it\/home\/?page_id=7209"},"modified":"2017-09-26T12:05:59","modified_gmt":"2017-09-26T10:05:59","slug":"relazione-2016-dna-levoluzione-della-criminalita-puglia","status":"publish","type":"page","link":"https:\/\/welaikaadv.site\/avviso\/home\/cosa-facciamo\/informare\/documenti-tematici\/mafie\/relazione-2016-dna-levoluzione-della-criminalita-puglia\/","title":{"rendered":"Relazione 2016 DNA: l\u2019evoluzione della criminalit\u00e0 in Puglia"},"content":{"rendered":"<p><strong>Premessa<\/strong>. La Direzione Nazionale Antimafia e Antiterrorismo ha diffuso la propria Relazione annuale sulle attivit\u00e0 svolte dal Procuratore nazionale e dalla Direzione nazionale antimafia e antiterrorismo nonch\u00e9 sulle dinamiche e strategie della criminalit\u00e0 organizzata di tipo mafioso nel periodo luglio 2014 \u2013 giugno 2015, illustrata nel corso di un\u2019<strong><a href=\"https:\/\/welaikaadv.site\/avviso\/home\/cosa-facciamo\/informare\/osservatorio-parlamentare\/attivita-dinchiesta\/attivita-dinchiesta-xvii\/commissione-bicamerale-antimafia\/commissione-antimafia-audizione-del-procuratore-nazionale-antimafia\/\">audizione presso la Commissione antimafia<\/a><\/strong>. Di seguito viene sintetizzato il capitolo dedicato a Sacra corona unita e criminalit\u00e0 organizzata pugliese.<\/p>\n<p><strong>La trasformazione della Sacra corona unita.<\/strong> Il primo punto sottolineato nella Relazione \u00e8 la trasformazione avvenuta nell\u2019organizzazione della SCU (Sacra Corona Unita), da un sistema verticistico ad altro \u201creticolare\u201d in cui i passaggi da un gruppo all\u2019altro e la riorganizzazione dei gruppi stessi sono frequenti, \u2018stimolati\u2019 dall\u2019opera di contrasto posta in essere dalle forze dell\u2019ordine. Nel distretto di Lecce i contrasti vengono risolti senza che scoppino faide sanguinose, sia per l\u2019assenza di gruppi cos\u00ec forti da poter pensare di dominare sugli altri (i vecchi boss sono perlopi\u00f9 detenuti) sia per non risvegliare l\u2019attenzione dell\u2019opinione pubblica. Resta comunque forte la presenza sul territorio di Lecce di un\u2019organizzazione che mantiene le caratteristiche organizzative e operative della SCU.<\/p>\n<p>La criminalit\u00e0 del circondario di Bari si caratterizza per \u201cintemperanza e rifiuto di regole comportamentali\u201d che si evidenzia nei rapporti tra clan e dei clan con l\u2019esterno, visto il deflagrare di fatti di sangue.\u00a0 \u201cLa perdurante e ormai risalente carcerazione dei capi storici dei sodalizi induce le giovani leve, desiderose di affermarsi, a disconoscere le vecchie e storiche strategie del gruppo, fino ad arrivare a disconoscere la stessa autorit\u00e0 del capo clan\u201d. La situazione fin qui descritta non \u00e8 comunque sufficiente a fermare i tentativi di espansione di questi gruppi nell\u2019 hinterland barese.<\/p>\n<p><strong>Le peculiarit\u00e0 della mafia di Foggia<\/strong>. A Foggia le organizzazioni criminali pi\u00f9 note, Clan dei montanari e Societ\u00e0 foggiana o Mafia della pianura, hanno caratteristiche organizzative diverse. Sono infatti contraddistinte \u201cda una solidit\u00e0 granitica, dalla elevata capacit\u00e0 di programmare e attuare strategie con seriet\u00e0 e disciplina e di imporre severe regole comportamentali interne\u201d. Altra caratteristica, essenziale, \u00e8 l\u2019impenetrabilit\u00e0 che rende difficile per gli investigatori l\u2019azione di contrasto. L\u2019impenetrabilit\u00e0 \u00e8 favorita dalle caratteristiche morfologiche del territorio (\u201cl\u2019impervia zona garganica e l\u2019opposta piattezza della zona della Capitanata rendono impossibile un controllo territoriale operato attraverso attivit\u00e0 di osservazione, pedinamenti, ma anche attraverso strumentazioni tecnologiche\u201d), dalla spietatezza della gestione degli affari criminali (\u201cha indotto nella popolazione una condizione di totale assoggettamento e un conseguente atteggiamento di omert\u00e0\u201d) da,lla solidit\u00e0 dei legami all\u2019interno del clan, a volte contraddistinti da vincoli di sangue.<\/p>\n<p><strong>Il controllo del territorio<\/strong>. Il controllo del territorio viene attuato in maniera diversa dalle varie organizzazioni: pi\u00f9 eclatante soprattutto a Bari e in misura minore a Foggia, dove gli omicidi sono uno strumento per tale scopo, pi\u00f9 silenzioso e sommerso nel distretto salentino. Gli spargimenti di sangue a Bari delineano uno scenario diverso da quanto imposto alla fine degli anni Novanta dalle organizzazioni mafiose, che all\u2019epoca imposero una pax allo scopo di non attirare l\u2019attenzione degli inquirenti. Nel distretto salentino si uccide meno ma si \u00e8 registrato un notevole aumento degli \u201cepisodi di danneggiamento, intimidazione e violenza e negli attentati alla persona, nell\u2019uso di armi, negli incendi di autoveicoli, negli incendi e nell\u2019esplosione di ordigni ad esercizi commerciali, autoveicoli industriali, stabilimenti balneari, nel ritrovamento di ordigni inesplosi, nella ricezione a mezzo posta o con modalit\u00e0 diverse di cartucce che non hanno trovato alcuna spiegazione stante il silenzio delle vittime e la conseguente difficolt\u00e0 di indagine e che sembrano potersi collocare nel contesto della intimidazione verosimilmente finalizzata alle estorsioni\u201d. Analogamente nella provincia di Brindisi \u00e8 stato registrato un considerevole aumento delle intimidazioni (danneggiamenti, violenze e incendi).<\/p>\n<p><strong>Le estorsioni<\/strong>. Le attivit\u00e0 estorsive sono diffuse e dimostrate dalle indagini che evidenziano due peculiarit\u00e0. Nella provincia di Taranto \u201cl\u2019imposizione del pizzo avviene in maniera mirata rispetto ai commercianti pi\u00f9 solvibili, piuttosto che in maniera indiscriminata e per somme di danaro esigue, da versarsi mensilmente. Si \u00e8 rilevato, altres\u00ec, che, come in passato, molte estorsioni sono commesse con la richiesta di regali per aiutare i boss ancora detenuti\u201d. Nella provincia di Brindisi le modalit\u00e0 sono per cos\u00ec dire \u2018classiche\u2019: \u201cE\u2019 sufficiente un atto di violenza simbolico che viene esattamente percepito dal destinatario quale invito a mettersi in contatto con l\u2019esponente dell\u2019associazione mafiosa responsabile della zona al quale versare il previsto contributo. In altri casi ancora, in particolare nei confronti delle realt\u00e0 imprenditoriali pi\u00f9 significative, in genere quelle del settore edile, le estorsioni vengono mascherate con la stipulazione di contratti, per esempio di guardiania ai cantieri\u201d. In questo caso la \u201cpolitica criminale\u201d prevede di estorcere somme di denaro pi\u00f9 basse ma a pi\u00f9 soggetti.\u00a0 E le vittime pagano, giudicando il pizzo come un costo di impresa \u201csopportabile\u201d. In molti casi \u00e8 il commerciante stesso a rivolgersi preventivamente all\u2019organizzazione per garantirsi protezione. In tale contesto l\u2019opera di contrasto diventa particolarmente difficile.<\/p>\n<p><strong>Gli stupefacenti<\/strong>. Il traffico di droga rappresenta anche per le organizzazioni pugliesi la maggior fonte di introito. A Bari la vendita viene assicurata da una fitta rete di spacciatori presente in maniera capillare sul territorio. A Lecce le organizzazioni controllano le forniture, ma la distribuzione \u00e8 talmente diffusa da non essere controllabile, \u201csicch\u00e9 l\u2019attivit\u00e0 di spaccio \u00e8 svolta spesso da soggetti che non appartengono alla compagine associativa e quest\u2019ultima interviene, se del caso, solo per garantire il puntuale e corretto pagamento dei debiti\u201d.<\/p>\n<p>Bari viene rifornita attraverso il porto dall\u2019Albania (eroina e marijuana), dal Marocco e dal Sudamerica via Spagna. A Lecce domina la cocaina, il cui mercato di consumatori \u00e8 in decisa espansione. I rifornimenti arrivano dalla \u2018ndrangheta, i cui rapporti con le organizzazioni pugliesi sono ottimi, e dal Nord-Europa, in particolare dall\u2019Olanda. Sempre dall\u2019Albania, attraverso la via del Canale d\u2019Otranto, giungono marijuana e hashish. I porti albanesi sono una via di transito anche per cocaina ed eroina trasportate a bordo di automobili imbarcate sui traghetti destinazione Brindisi.<\/p>\n<p><strong>L\u2019infiltrazione nell\u2019economia legale.<\/strong> Come si \u00e8 detto le organizzazioni attive nel Salento tendono a mantenere un profilo basso. A Foggia dove il numero delle azioni eclatanti \u00e8 pi\u00f9 alto, si cerca comunque di utilizzare la medesima strategia.\u00a0 \u201cIn entrambi i territori tale strategia \u00e8 finalizzata ad acquisire e porre in atto le strategie utili per compiere il salto qualitativo dell\u2019infiltrazione nell\u2019economia e dell\u2019acquisizione di rapporti con le realt\u00e0 politico- amministrative\u201d. Si registrano in tal senso le infiltrazioni nel settore vitivinicolo di Foggia, il controllo a Taranto del mercato ittico e l\u2019interesse sempre maggiore verso il settore dei giochi e videogiochi in tutto il distretto di Lecce. \u201cLa criminalit\u00e0 organizzata ha trovato il modo di trarre utili notevoli sia dall\u2019alterazione delle schede elettroniche, con la modifica delle caratteristiche tecniche e delle modalit\u00e0 di funzionamento (con danno dei giocatori) e con la interruzione del collegamento telematico con l\u2019Agenzia dei Monopoli (con danno dell\u2019Erario), sia dalla distribuzione ed installazione nei bar e nei locali pubblici dei \u2018propri\u2019 apparecchi\u201d.<\/p>\n<p><strong>I rapporti con la politica<\/strong>.\u00a0 Le organizzazioni che operano nel distretto di Lecce curano particolarmente questo versante \u201call\u2019evidente scopo di accreditarsi quali interlocutori degli amministratori, accrescere il proprio prestigio sociale &#8211; e quindi il consenso che ne deriva &#8211; e trovare una via di inserimento nell\u2019ambito delle attivit\u00e0 imprenditoriali connesse a quelle della Pubblica Amministrazione\u201d. Nel distretto di Foggia il grado di impermeabilit\u00e0 di cui si parlava prima \u00e8 pi\u00f9 fitto \u201cproprio attorno ai possibili legami tra la mafia foggiana e le istituzioni politico \u2013 amministrative\u201d, dei quali comunque vi \u00e8 traccia in alcune operazioni giudiziarie.<\/p>\n<p>&nbsp;<\/p>\n<p><em>(a\u00a0cura di <a href=\"mailto:claudio.forleo@avvisopubblico.it\"><strong>Claudio Forleo<\/strong><\/a>, giornalista)<\/em><\/p>\n","protected":false},"excerpt":{"rendered":"<p>Premessa. La Direzione Nazionale Antimafia e Antiterrorismo ha diffuso la propria Relazione annuale sulle attivit\u00e0 svolte dal Procuratore nazionale e dalla Direzione nazionale antimafia e&nbsp;<span class=\"hellipsis\">[&hellip;]<\/span><a class=\"more-link\" href=\"https:\/\/welaikaadv.site\/avviso\/home\/cosa-facciamo\/informare\/documenti-tematici\/mafie\/relazione-2016-dna-levoluzione-della-criminalita-puglia\/\">Leggi tutto <span class=\"screen-reader-text\">Relazione 2016 DNA: l\u2019evoluzione della criminalit\u00e0 in Puglia<\/span> <span class=\"meta-nav\" aria-hidden=\"true\">&rarr;<\/span><\/a><\/p>\n","protected":false},"author":1,"featured_media":0,"parent":207,"menu_order":0,"comment_status":"closed","ping_status":"closed","template":"","meta":{"_acf_changed":false,"_exactmetrics_skip_tracking":false,"_exactmetrics_sitenote_active":false,"_exactmetrics_sitenote_note":"","_exactmetrics_sitenote_category":0,"wp_social_preview_title":"","wp_social_preview_description":"","wp_social_preview_image":0,"footnotes":""},"class_list":["post-7209","page","type-page","status-publish","hentry"],"acf":[],"yoast_head":"<!-- This site is optimized with the Yoast SEO plugin v27.2 - https:\/\/yoast.com\/product\/yoast-seo-wordpress\/ -->\n<title>Relazione 2016 DNA: l\u2019evoluzione della criminalit\u00e0 in Puglia - Staging Avviso Pubblico<\/title>\n<meta name=\"robots\" content=\"noindex, follow, max-snippet:-1, max-image-preview:large, max-video-preview:-1\" \/>\n<meta property=\"og:locale\" content=\"it_IT\" \/>\n<meta property=\"og:type\" content=\"article\" \/>\n<meta property=\"og:title\" content=\"Relazione 2016 DNA: l\u2019evoluzione della criminalit\u00e0 in Puglia - Staging Avviso Pubblico\" \/>\n<meta property=\"og:description\" content=\"Premessa. La Direzione Nazionale Antimafia e Antiterrorismo ha diffuso la propria Relazione annuale sulle attivit\u00e0 svolte dal Procuratore nazionale e dalla Direzione nazionale antimafia e&nbsp;[&hellip;]Leggi tutto Relazione 2016 DNA: l\u2019evoluzione della criminalit\u00e0 in Puglia &rarr;\" \/>\n<meta property=\"og:url\" content=\"https:\/\/welaikaadv.site\/avviso\/home\/cosa-facciamo\/informare\/documenti-tematici\/mafie\/relazione-2016-dna-levoluzione-della-criminalita-puglia\/\" \/>\n<meta property=\"og:site_name\" content=\"Staging Avviso Pubblico\" \/>\n<meta name=\"twitter:card\" content=\"summary_large_image\" \/>\n<meta name=\"twitter:label1\" content=\"Tempo di lettura stimato\" \/>\n\t<meta name=\"twitter:data1\" content=\"6 minuti\" \/>\n<script type=\"application\/ld+json\" class=\"yoast-schema-graph\">{\"@context\":\"https:\/\/schema.org\",\"@graph\":[{\"@type\":\"WebPage\",\"@id\":\"https:\/\/welaikaadv.site\/avviso\/home\/cosa-facciamo\/informare\/documenti-tematici\/mafie\/relazione-2016-dna-levoluzione-della-criminalita-puglia\/\",\"url\":\"https:\/\/welaikaadv.site\/avviso\/home\/cosa-facciamo\/informare\/documenti-tematici\/mafie\/relazione-2016-dna-levoluzione-della-criminalita-puglia\/\",\"name\":\"Relazione 2016 DNA: l\u2019evoluzione della criminalit\u00e0 in Puglia - Staging Avviso Pubblico\",\"isPartOf\":{\"@id\":\"https:\/\/welaikaadv.site\/avviso\/#website\"},\"datePublished\":\"2017-09-26T10:05:59+00:00\",\"breadcrumb\":{\"@id\":\"https:\/\/welaikaadv.site\/avviso\/home\/cosa-facciamo\/informare\/documenti-tematici\/mafie\/relazione-2016-dna-levoluzione-della-criminalita-puglia\/#breadcrumb\"},\"inLanguage\":\"it-IT\",\"potentialAction\":[{\"@type\":\"ReadAction\",\"target\":[\"https:\/\/welaikaadv.site\/avviso\/home\/cosa-facciamo\/informare\/documenti-tematici\/mafie\/relazione-2016-dna-levoluzione-della-criminalita-puglia\/\"]}]},{\"@type\":\"BreadcrumbList\",\"@id\":\"https:\/\/welaikaadv.site\/avviso\/home\/cosa-facciamo\/informare\/documenti-tematici\/mafie\/relazione-2016-dna-levoluzione-della-criminalita-puglia\/#breadcrumb\",\"itemListElement\":[{\"@type\":\"ListItem\",\"position\":1,\"name\":\"Home\",\"item\":\"https:\/\/welaikaadv.site\/avviso\/\"},{\"@type\":\"ListItem\",\"position\":2,\"name\":\"Relazione 2016 DNA: l\u2019evoluzione della criminalit\u00e0 in Puglia\"}]},{\"@type\":\"WebSite\",\"@id\":\"https:\/\/welaikaadv.site\/avviso\/#website\",\"url\":\"https:\/\/welaikaadv.site\/avviso\/\",\"name\":\"Staging Avviso Pubblico\",\"description\":\"\",\"publisher\":{\"@id\":\"https:\/\/welaikaadv.site\/avviso\/#organization\"},\"potentialAction\":[{\"@type\":\"SearchAction\",\"target\":{\"@type\":\"EntryPoint\",\"urlTemplate\":\"https:\/\/welaikaadv.site\/avviso\/?s={search_term_string}\"},\"query-input\":{\"@type\":\"PropertyValueSpecification\",\"valueRequired\":true,\"valueName\":\"search_term_string\"}}],\"inLanguage\":\"it-IT\"},{\"@type\":\"Organization\",\"@id\":\"https:\/\/welaikaadv.site\/avviso\/#organization\",\"name\":\"Staging Avviso Pubblico\",\"url\":\"https:\/\/welaikaadv.site\/avviso\/\",\"logo\":{\"@type\":\"ImageObject\",\"inLanguage\":\"it-IT\",\"@id\":\"https:\/\/welaikaadv.site\/avviso\/#\/schema\/logo\/image\/\",\"url\":\"https:\/\/welaikaadv.site\/avviso\/wp-content\/uploads\/2024\/08\/logoAPsito-400.png\",\"contentUrl\":\"https:\/\/welaikaadv.site\/avviso\/wp-content\/uploads\/2024\/08\/logoAPsito-400.png\",\"width\":400,\"height\":97,\"caption\":\"Staging Avviso Pubblico\"},\"image\":{\"@id\":\"https:\/\/welaikaadv.site\/avviso\/#\/schema\/logo\/image\/\"}}]}<\/script>\n<!-- \/ Yoast SEO plugin. -->","yoast_head_json":{"title":"Relazione 2016 DNA: l\u2019evoluzione della criminalit\u00e0 in Puglia - Staging Avviso Pubblico","robots":{"index":"noindex","follow":"follow","max-snippet":"max-snippet:-1","max-image-preview":"max-image-preview:large","max-video-preview":"max-video-preview:-1"},"og_locale":"it_IT","og_type":"article","og_title":"Relazione 2016 DNA: l\u2019evoluzione della criminalit\u00e0 in Puglia - Staging Avviso Pubblico","og_description":"Premessa. La Direzione Nazionale Antimafia e Antiterrorismo ha diffuso la propria Relazione annuale sulle attivit\u00e0 svolte dal Procuratore nazionale e dalla Direzione nazionale antimafia e&nbsp;[&hellip;]Leggi tutto Relazione 2016 DNA: l\u2019evoluzione della criminalit\u00e0 in Puglia &rarr;","og_url":"https:\/\/welaikaadv.site\/avviso\/home\/cosa-facciamo\/informare\/documenti-tematici\/mafie\/relazione-2016-dna-levoluzione-della-criminalita-puglia\/","og_site_name":"Staging Avviso Pubblico","twitter_card":"summary_large_image","twitter_misc":{"Tempo di lettura stimato":"6 minuti"},"schema":{"@context":"https:\/\/schema.org","@graph":[{"@type":"WebPage","@id":"https:\/\/welaikaadv.site\/avviso\/home\/cosa-facciamo\/informare\/documenti-tematici\/mafie\/relazione-2016-dna-levoluzione-della-criminalita-puglia\/","url":"https:\/\/welaikaadv.site\/avviso\/home\/cosa-facciamo\/informare\/documenti-tematici\/mafie\/relazione-2016-dna-levoluzione-della-criminalita-puglia\/","name":"Relazione 2016 DNA: l\u2019evoluzione della criminalit\u00e0 in Puglia - Staging Avviso Pubblico","isPartOf":{"@id":"https:\/\/welaikaadv.site\/avviso\/#website"},"datePublished":"2017-09-26T10:05:59+00:00","breadcrumb":{"@id":"https:\/\/welaikaadv.site\/avviso\/home\/cosa-facciamo\/informare\/documenti-tematici\/mafie\/relazione-2016-dna-levoluzione-della-criminalita-puglia\/#breadcrumb"},"inLanguage":"it-IT","potentialAction":[{"@type":"ReadAction","target":["https:\/\/welaikaadv.site\/avviso\/home\/cosa-facciamo\/informare\/documenti-tematici\/mafie\/relazione-2016-dna-levoluzione-della-criminalita-puglia\/"]}]},{"@type":"BreadcrumbList","@id":"https:\/\/welaikaadv.site\/avviso\/home\/cosa-facciamo\/informare\/documenti-tematici\/mafie\/relazione-2016-dna-levoluzione-della-criminalita-puglia\/#breadcrumb","itemListElement":[{"@type":"ListItem","position":1,"name":"Home","item":"https:\/\/welaikaadv.site\/avviso\/"},{"@type":"ListItem","position":2,"name":"Relazione 2016 DNA: l\u2019evoluzione della criminalit\u00e0 in Puglia"}]},{"@type":"WebSite","@id":"https:\/\/welaikaadv.site\/avviso\/#website","url":"https:\/\/welaikaadv.site\/avviso\/","name":"Staging Avviso Pubblico","description":"","publisher":{"@id":"https:\/\/welaikaadv.site\/avviso\/#organization"},"potentialAction":[{"@type":"SearchAction","target":{"@type":"EntryPoint","urlTemplate":"https:\/\/welaikaadv.site\/avviso\/?s={search_term_string}"},"query-input":{"@type":"PropertyValueSpecification","valueRequired":true,"valueName":"search_term_string"}}],"inLanguage":"it-IT"},{"@type":"Organization","@id":"https:\/\/welaikaadv.site\/avviso\/#organization","name":"Staging Avviso Pubblico","url":"https:\/\/welaikaadv.site\/avviso\/","logo":{"@type":"ImageObject","inLanguage":"it-IT","@id":"https:\/\/welaikaadv.site\/avviso\/#\/schema\/logo\/image\/","url":"https:\/\/welaikaadv.site\/avviso\/wp-content\/uploads\/2024\/08\/logoAPsito-400.png","contentUrl":"https:\/\/welaikaadv.site\/avviso\/wp-content\/uploads\/2024\/08\/logoAPsito-400.png","width":400,"height":97,"caption":"Staging Avviso Pubblico"},"image":{"@id":"https:\/\/welaikaadv.site\/avviso\/#\/schema\/logo\/image\/"}}]}},"_links":{"self":[{"href":"https:\/\/welaikaadv.site\/avviso\/wp-json\/wp\/v2\/pages\/7209","targetHints":{"allow":["GET"]}}],"collection":[{"href":"https:\/\/welaikaadv.site\/avviso\/wp-json\/wp\/v2\/pages"}],"about":[{"href":"https:\/\/welaikaadv.site\/avviso\/wp-json\/wp\/v2\/types\/page"}],"author":[{"embeddable":true,"href":"https:\/\/welaikaadv.site\/avviso\/wp-json\/wp\/v2\/users\/1"}],"replies":[{"embeddable":true,"href":"https:\/\/welaikaadv.site\/avviso\/wp-json\/wp\/v2\/comments?post=7209"}],"version-history":[{"count":0,"href":"https:\/\/welaikaadv.site\/avviso\/wp-json\/wp\/v2\/pages\/7209\/revisions"}],"up":[{"embeddable":true,"href":"https:\/\/welaikaadv.site\/avviso\/wp-json\/wp\/v2\/pages\/207"}],"wp:attachment":[{"href":"https:\/\/welaikaadv.site\/avviso\/wp-json\/wp\/v2\/media?parent=7209"}],"curies":[{"name":"wp","href":"https:\/\/api.w.org\/{rel}","templated":true}]}}