{"id":7226,"date":"2017-09-26T13:29:04","date_gmt":"2017-09-26T11:29:04","guid":{"rendered":"http:\/\/www.avvisopubblico.it\/home\/?page_id=7226"},"modified":"2017-09-26T13:29:04","modified_gmt":"2017-09-26T11:29:04","slug":"quadro-generale-delle-normative-materia-lotta-al-traffico-stupefacenti","status":"publish","type":"page","link":"https:\/\/welaikaadv.site\/avviso\/home\/cosa-facciamo\/informare\/documenti-tematici\/mafie\/quadro-generale-delle-normative-materia-lotta-al-traffico-stupefacenti\/","title":{"rendered":"Quadro generale delle normative in materia di lotta al traffico di stupefacenti"},"content":{"rendered":"<p><strong>Premessa<\/strong>. Oltre ad avere influito sulla vita quotidiana della societ\u00e0 civile, il processo di globalizzazione ha certamente avuto importanti ripercussioni sulle attivit\u00e0 svolte dalle diverse organizzazioni criminali. Dalla fine della Guerra Fredda si registra infatti una progressiva espansione dei network tra le singole associazioni a delinquere e l\u2019incremento della collaborazione con altri gruppi. Con la liberalizzazione dei commerci e l\u2019abbattimento di molte barriere commerciali \u00e8 stato anche facilitato il contrabbando, il riciclaggio di denaro, le frodi finanziarie e una miriade di altre attivit\u00e0 illecite. Tra queste rientra senza alcun dubbio il traffico di stupefacenti, il quale, a causa delle sue peculiarit\u00e0, del numero di soggetti e di Stati coinvolti, pu\u00f2 certamente essere considerato come un crimine transnazionale.<\/p>\n<p><strong>L\u2019apporto della legislazione internazionale alla normativa italiana.<\/strong> Proprio a causa di questa sua particolare connotazione, sarebbe inverosimile, nonch\u00e9 altamente improduttivo fronteggiare tale piaga attraverso singole strategie di contrasto su base nazionale. Ecco spiegato, dunque, perch\u00e9 i maggiori impulsi legislativi siano pervenuti da specifiche strutture internazionali (specialmente da parte dell\u2019Onu).<\/p>\n<p>A tal proposito, va segnalata innanzitutto la <strong>Convenzione unica sugli stupefacenti di New York del 30 marzo 1961<\/strong>, ratificata in Italia con la <a href=\"http:\/\/www.normattiva.it\/uri-res\/N2Ls?urn:nir:stato:legge:1974;412\"><strong>legge 5 giugno 1974, n. 412<\/strong><\/a>. Scopo principale della suddetta Convenzione era quello di richiedere ai Paesi firmatari l\u2019istituzione di un Servizio nazionale di coordinamento ed una maggiore rapidit\u00e0 nei rapporti di cooperazione internazionale, cos\u00ec come previsto dall\u2019art. 35 (<em>Lotta contro il traffico illecito<\/em>), con il quale si invitavano le parti, vale a dire gli Stati, ad elaborare opportune misure di repressione e di prevenzione attraverso una stretta collaborazione tra di loro.<\/p>\n<p>Gli stessi principi enunciati a New York furono ripresi dalla <strong>Convenzione sulle sostanze psicotrope di Vienna del 21 febbraio 1971<\/strong>, ratificata in Italia con la <a href=\"http:\/\/www.normattiva.it\/uri-res\/N2Ls?urn:nir:stato:legge:1981;385\"><strong>legge 25 maggio 1981, n. 385<\/strong><\/a>, il cui art. 21 ricalca gli stessi concetti di collaborazione presenti nell\u2019art. 35 della Convenzione di New York.<\/p>\n<p>Sette anni pi\u00f9 tardi, nel 1988, un ulteriore <strong>Convenzione stipulata sempre a Vienna<\/strong> e ratificata in Italia con la <strong><a href=\"http:\/\/www.normattiva.it\/uri-res\/N2Ls?urn:nir:stato:legge:1990;318\">legge 5 novembre 1990, n. 318<\/a><\/strong>, indicava gli aspetti di cooperazione e coordinamento tra i vari istituti nazionali antidroga come i pilastri fondamentali della lotta al traffico internazionale di stupefacenti e sostanze psicotrope. In particolare, l\u2019art. 9 della Convenzione Onu (<em>Altre forme di cooperazione e di formazione<\/em>) invitava gli Stati a stringere tra loro accordi bilaterali e multilaterali al fine di mantenere canali di comunicazione tra gli organismi ed i Servizi nazionali competenti, in modo da facilitare gli scambi di informazioni, di personale e di esperti, inclusa l\u2019assegnazione di agenti di collegamento.<\/p>\n<p><strong>Ulteriori misure della normativa italiana<\/strong>. In campo propriamente interno, l\u2019Italia, oltre ad aver ratificato le tre Convenzioni internazionali, ha migliorato il proprio sistema legislativo in materia di lotta alla droga, passando da un approccio punitivo (<a href=\"http:\/\/www.normattiva.it\/uri-res\/N2Ls?urn:nir:stato:legge:1954;1041\"><strong>legge n. 1041 del 1954<\/strong><\/a>) ad uno improntato maggiormente sugli aspetti di prevenzione, di cura e di riabilitazione, attraverso la <a href=\"http:\/\/www.normattiva.it\/uri-res\/N2Ls?urn:nir:stato:legge:1975;685\"><strong>legge n. 685 del 1975<\/strong><\/a>, il cui art. 7 introduceva un ufficio interforze di direzione e di coordinamento, creato tramite il Decreto del Ministero dell\u2019Interno del 7 gennaio 1976. Attraverso la <a href=\"http:\/\/www.normattiva.it\/uri-res\/N2Ls?urn:nir:stato:legge:1981;121\"><strong>legge n. 121 del 1981<\/strong> <\/a>\u00a0(legge di riforma della Polizia di Stato) suddetto ufficio veniva soppresso e sostituito dal Servizio Centrale Antidroga, posto all\u2019interno della Direzione Centrale della Polizia Criminale.<\/p>\n<p>E\u2019 con la <a href=\"http:\/\/www.normattiva.it\/uri-res\/N2Ls?urn:nir:stato:legge:1990;162\"><strong>legge n. 162\/1990<\/strong><\/a><strong> ,<\/strong> poi confluita nel T.U. delle leggi in materia di stupefacenti e sostanze psicotrope (<a href=\"http:\/\/www.normattiva.it\/uri-res\/N2Ls?urn:nir:presidente.repubblica:decreto:1990;309\"><strong>D.P.R. 9 ottobre 1990, n. 309<\/strong><\/a>), che si raggiunge una piena armonizzazione dei principi dichiarati a Vienna nel 1988. Infatti, tramite la 162 vengono creati appositi organi e istituiti specifici strumenti investigativi volti a migliorare le esigenze di cooperazione internazionale. \u00a0L\u2019art. 1 del Testo unico, infatti, ha previsto la nascita del Comitato Nazionale di Coordinamento per l\u2019Azione Antidroga, composto dal Presidente del Consiglio dei Ministri, il quale lo presiede, e dai vari Ministri a vario titolo interessati alla materia. Tale Comitato ha la responsabilit\u00e0 di indirizzo e di promozione della politica generale di prevenzione e di intervento contro l\u2019illecita produzione e diffusione delle sostanze stupefacenti e psicotrope, a livello interno ed internazionale. L\u2019art. 9, invece, ha affidato al Ministero degli Esteri e a quello della Giustizia la facolt\u00e0 di promuovere accordi internazionali di collaborazione con i competenti organismi esteri.<\/p>\n<p>Il testo unico si \u00e8, inoltre, preoccupato di disciplinare la figura della cosiddetta \u201cconsegna controllata\u201d di stupefacenti, attraverso la quale le Autorit\u00e0 giudiziarie possono autorizzare il ritardo dell\u2019esecuzione di provvedimenti di cattura, di arresto e di sequestro di sostanze stupefacenti, al fine di acquisire importanti ed ulteriori elementi probatori, cos\u00ec da individuare e catturare i responsabili dei delitti di cui agli artt. 73-74 del testo unico. Il principio della \u201cconsegna controllata\u201d ha potuto trovare attuazione nel nostro ordinamento anche e soprattutto grazie alla spinta propulsiva data dalla legislazione internazionale, in quanto nel sistema legislativo italiano si aveva la prevalenza di una rigida concezione del principio di legalit\u00e0 processuale, che attribuiva alla nozione di obbligatoriet\u00e0 dell\u2019azione penale una portata tale da non permettere alcuna discrezionalit\u00e0 nei tempi degli interventi.<\/p>\n<p>Un ulteriore passo in avanti si \u00e8 avuto con la <a href=\"http:\/\/www.normattiva.it\/uri-res\/N2Ls?urn:nir:stato:legge:1991;16\"><strong>legge 15 gennaio 1991, n. 16<\/strong><\/a>, la quale ha soppresso il Servizio Centrale Antidroga, sostituendolo con la Direzione Centrale per i Servizi Antidroga (D.C.S.A.), collocata all\u2019interno del Dipartimento della Pubblica Sicurezza del Ministero dell\u2019Interno. Questa ha come scopo principale quello di mantenere e di migliorare i rapporti con i corrispondenti organismi delle Polizie estere, anche attraverso \u201cesperti antidroga\u201d operanti all\u2019estero e tramite \u201cuffici operanti fuori dal territorio nazionale\u201d.<\/p>\n<p>Pertanto, si pu\u00f2 concludere che il sistema normativo italiano si \u00e8 dotato nel tempo di appositi istituti e misure volte ad una piena cooperazione internazionale, al fine di prevenire e combattere un crimine perpetrato in pi\u00f9 Stati e che per tale motivo richiede un intervento sinergico di contrasto da parte dei vari Paesi coinvolti.<\/p>\n<p>Dicembre 2015 \u00a0\u00a0\u00a0\u00a0<em>\u00a0\u00a0\u00a0\u00a0\u00a0\u00a0\u00a0\u00a0\u00a0\u00a0\u00a0\u00a0\u00a0\u00a0\u00a0\u00a0\u00a0\u00a0\u00a0\u00a0\u00a0\u00a0\u00a0\u00a0\u00a0\u00a0\u00a0\u00a0\u00a0\u00a0\u00a0\u00a0\u00a0\u00a0\u00a0\u00a0\u00a0\u00a0\u00a0\u00a0\u00a0\u00a0\u00a0\u00a0\u00a0\u00a0\u00a0\u00a0\u00a0\u00a0\u00a0\u00a0 (A cura del dott. Fabrizio Cutrupi)<\/em><\/p>\n","protected":false},"excerpt":{"rendered":"<p>Premessa. Oltre ad avere influito sulla vita quotidiana della societ\u00e0 civile, il processo di globalizzazione ha certamente avuto importanti ripercussioni sulle attivit\u00e0 svolte dalle diverse&nbsp;<span class=\"hellipsis\">[&hellip;]<\/span><a class=\"more-link\" href=\"https:\/\/welaikaadv.site\/avviso\/home\/cosa-facciamo\/informare\/documenti-tematici\/mafie\/quadro-generale-delle-normative-materia-lotta-al-traffico-stupefacenti\/\">Leggi tutto <span class=\"screen-reader-text\">Quadro generale delle normative in materia di lotta al traffico di stupefacenti<\/span> <span class=\"meta-nav\" aria-hidden=\"true\">&rarr;<\/span><\/a><\/p>\n","protected":false},"author":1,"featured_media":0,"parent":207,"menu_order":0,"comment_status":"closed","ping_status":"closed","template":"","meta":{"_acf_changed":false,"_exactmetrics_skip_tracking":false,"_exactmetrics_sitenote_active":false,"_exactmetrics_sitenote_note":"","_exactmetrics_sitenote_category":0,"wp_social_preview_title":"","wp_social_preview_description":"","wp_social_preview_image":0,"footnotes":""},"class_list":["post-7226","page","type-page","status-publish","hentry"],"acf":[],"yoast_head":"<!-- This site is optimized with the Yoast SEO plugin v27.2 - https:\/\/yoast.com\/product\/yoast-seo-wordpress\/ -->\n<title>Quadro generale delle normative in materia di lotta al traffico di stupefacenti - Staging Avviso Pubblico<\/title>\n<meta name=\"robots\" content=\"noindex, follow, max-snippet:-1, max-image-preview:large, max-video-preview:-1\" \/>\n<meta property=\"og:locale\" content=\"it_IT\" \/>\n<meta property=\"og:type\" content=\"article\" \/>\n<meta property=\"og:title\" content=\"Quadro generale delle normative in materia di lotta al traffico di stupefacenti - Staging Avviso Pubblico\" \/>\n<meta property=\"og:description\" content=\"Premessa. Oltre ad avere influito sulla vita quotidiana della societ\u00e0 civile, il processo di globalizzazione ha certamente avuto importanti ripercussioni sulle attivit\u00e0 svolte dalle diverse&nbsp;[&hellip;]Leggi tutto Quadro generale delle normative in materia di lotta al traffico di stupefacenti &rarr;\" \/>\n<meta property=\"og:url\" content=\"https:\/\/welaikaadv.site\/avviso\/home\/cosa-facciamo\/informare\/documenti-tematici\/mafie\/quadro-generale-delle-normative-materia-lotta-al-traffico-stupefacenti\/\" \/>\n<meta property=\"og:site_name\" content=\"Staging Avviso Pubblico\" \/>\n<meta name=\"twitter:card\" content=\"summary_large_image\" \/>\n<meta name=\"twitter:label1\" content=\"Tempo di lettura stimato\" \/>\n\t<meta name=\"twitter:data1\" content=\"5 minuti\" \/>\n<script type=\"application\/ld+json\" class=\"yoast-schema-graph\">{\"@context\":\"https:\/\/schema.org\",\"@graph\":[{\"@type\":\"WebPage\",\"@id\":\"https:\/\/welaikaadv.site\/avviso\/home\/cosa-facciamo\/informare\/documenti-tematici\/mafie\/quadro-generale-delle-normative-materia-lotta-al-traffico-stupefacenti\/\",\"url\":\"https:\/\/welaikaadv.site\/avviso\/home\/cosa-facciamo\/informare\/documenti-tematici\/mafie\/quadro-generale-delle-normative-materia-lotta-al-traffico-stupefacenti\/\",\"name\":\"Quadro generale delle normative in materia di lotta al traffico di stupefacenti - Staging Avviso Pubblico\",\"isPartOf\":{\"@id\":\"https:\/\/welaikaadv.site\/avviso\/#website\"},\"datePublished\":\"2017-09-26T11:29:04+00:00\",\"breadcrumb\":{\"@id\":\"https:\/\/welaikaadv.site\/avviso\/home\/cosa-facciamo\/informare\/documenti-tematici\/mafie\/quadro-generale-delle-normative-materia-lotta-al-traffico-stupefacenti\/#breadcrumb\"},\"inLanguage\":\"it-IT\",\"potentialAction\":[{\"@type\":\"ReadAction\",\"target\":[\"https:\/\/welaikaadv.site\/avviso\/home\/cosa-facciamo\/informare\/documenti-tematici\/mafie\/quadro-generale-delle-normative-materia-lotta-al-traffico-stupefacenti\/\"]}]},{\"@type\":\"BreadcrumbList\",\"@id\":\"https:\/\/welaikaadv.site\/avviso\/home\/cosa-facciamo\/informare\/documenti-tematici\/mafie\/quadro-generale-delle-normative-materia-lotta-al-traffico-stupefacenti\/#breadcrumb\",\"itemListElement\":[{\"@type\":\"ListItem\",\"position\":1,\"name\":\"Home\",\"item\":\"https:\/\/welaikaadv.site\/avviso\/\"},{\"@type\":\"ListItem\",\"position\":2,\"name\":\"Quadro generale delle normative in materia di lotta al traffico di stupefacenti\"}]},{\"@type\":\"WebSite\",\"@id\":\"https:\/\/welaikaadv.site\/avviso\/#website\",\"url\":\"https:\/\/welaikaadv.site\/avviso\/\",\"name\":\"Staging Avviso Pubblico\",\"description\":\"\",\"publisher\":{\"@id\":\"https:\/\/welaikaadv.site\/avviso\/#organization\"},\"potentialAction\":[{\"@type\":\"SearchAction\",\"target\":{\"@type\":\"EntryPoint\",\"urlTemplate\":\"https:\/\/welaikaadv.site\/avviso\/?s={search_term_string}\"},\"query-input\":{\"@type\":\"PropertyValueSpecification\",\"valueRequired\":true,\"valueName\":\"search_term_string\"}}],\"inLanguage\":\"it-IT\"},{\"@type\":\"Organization\",\"@id\":\"https:\/\/welaikaadv.site\/avviso\/#organization\",\"name\":\"Staging Avviso Pubblico\",\"url\":\"https:\/\/welaikaadv.site\/avviso\/\",\"logo\":{\"@type\":\"ImageObject\",\"inLanguage\":\"it-IT\",\"@id\":\"https:\/\/welaikaadv.site\/avviso\/#\/schema\/logo\/image\/\",\"url\":\"https:\/\/welaikaadv.site\/avviso\/wp-content\/uploads\/2024\/08\/logoAPsito-400.png\",\"contentUrl\":\"https:\/\/welaikaadv.site\/avviso\/wp-content\/uploads\/2024\/08\/logoAPsito-400.png\",\"width\":400,\"height\":97,\"caption\":\"Staging Avviso Pubblico\"},\"image\":{\"@id\":\"https:\/\/welaikaadv.site\/avviso\/#\/schema\/logo\/image\/\"}}]}<\/script>\n<!-- \/ Yoast SEO plugin. -->","yoast_head_json":{"title":"Quadro generale delle normative in materia di lotta al traffico di stupefacenti - Staging Avviso Pubblico","robots":{"index":"noindex","follow":"follow","max-snippet":"max-snippet:-1","max-image-preview":"max-image-preview:large","max-video-preview":"max-video-preview:-1"},"og_locale":"it_IT","og_type":"article","og_title":"Quadro generale delle normative in materia di lotta al traffico di stupefacenti - Staging Avviso Pubblico","og_description":"Premessa. Oltre ad avere influito sulla vita quotidiana della societ\u00e0 civile, il processo di globalizzazione ha certamente avuto importanti ripercussioni sulle attivit\u00e0 svolte dalle diverse&nbsp;[&hellip;]Leggi tutto Quadro generale delle normative in materia di lotta al traffico di stupefacenti &rarr;","og_url":"https:\/\/welaikaadv.site\/avviso\/home\/cosa-facciamo\/informare\/documenti-tematici\/mafie\/quadro-generale-delle-normative-materia-lotta-al-traffico-stupefacenti\/","og_site_name":"Staging Avviso Pubblico","twitter_card":"summary_large_image","twitter_misc":{"Tempo di lettura stimato":"5 minuti"},"schema":{"@context":"https:\/\/schema.org","@graph":[{"@type":"WebPage","@id":"https:\/\/welaikaadv.site\/avviso\/home\/cosa-facciamo\/informare\/documenti-tematici\/mafie\/quadro-generale-delle-normative-materia-lotta-al-traffico-stupefacenti\/","url":"https:\/\/welaikaadv.site\/avviso\/home\/cosa-facciamo\/informare\/documenti-tematici\/mafie\/quadro-generale-delle-normative-materia-lotta-al-traffico-stupefacenti\/","name":"Quadro generale delle normative in materia di lotta al traffico di stupefacenti - Staging Avviso Pubblico","isPartOf":{"@id":"https:\/\/welaikaadv.site\/avviso\/#website"},"datePublished":"2017-09-26T11:29:04+00:00","breadcrumb":{"@id":"https:\/\/welaikaadv.site\/avviso\/home\/cosa-facciamo\/informare\/documenti-tematici\/mafie\/quadro-generale-delle-normative-materia-lotta-al-traffico-stupefacenti\/#breadcrumb"},"inLanguage":"it-IT","potentialAction":[{"@type":"ReadAction","target":["https:\/\/welaikaadv.site\/avviso\/home\/cosa-facciamo\/informare\/documenti-tematici\/mafie\/quadro-generale-delle-normative-materia-lotta-al-traffico-stupefacenti\/"]}]},{"@type":"BreadcrumbList","@id":"https:\/\/welaikaadv.site\/avviso\/home\/cosa-facciamo\/informare\/documenti-tematici\/mafie\/quadro-generale-delle-normative-materia-lotta-al-traffico-stupefacenti\/#breadcrumb","itemListElement":[{"@type":"ListItem","position":1,"name":"Home","item":"https:\/\/welaikaadv.site\/avviso\/"},{"@type":"ListItem","position":2,"name":"Quadro generale delle normative in materia di lotta al traffico di stupefacenti"}]},{"@type":"WebSite","@id":"https:\/\/welaikaadv.site\/avviso\/#website","url":"https:\/\/welaikaadv.site\/avviso\/","name":"Staging Avviso Pubblico","description":"","publisher":{"@id":"https:\/\/welaikaadv.site\/avviso\/#organization"},"potentialAction":[{"@type":"SearchAction","target":{"@type":"EntryPoint","urlTemplate":"https:\/\/welaikaadv.site\/avviso\/?s={search_term_string}"},"query-input":{"@type":"PropertyValueSpecification","valueRequired":true,"valueName":"search_term_string"}}],"inLanguage":"it-IT"},{"@type":"Organization","@id":"https:\/\/welaikaadv.site\/avviso\/#organization","name":"Staging Avviso Pubblico","url":"https:\/\/welaikaadv.site\/avviso\/","logo":{"@type":"ImageObject","inLanguage":"it-IT","@id":"https:\/\/welaikaadv.site\/avviso\/#\/schema\/logo\/image\/","url":"https:\/\/welaikaadv.site\/avviso\/wp-content\/uploads\/2024\/08\/logoAPsito-400.png","contentUrl":"https:\/\/welaikaadv.site\/avviso\/wp-content\/uploads\/2024\/08\/logoAPsito-400.png","width":400,"height":97,"caption":"Staging Avviso Pubblico"},"image":{"@id":"https:\/\/welaikaadv.site\/avviso\/#\/schema\/logo\/image\/"}}]}},"_links":{"self":[{"href":"https:\/\/welaikaadv.site\/avviso\/wp-json\/wp\/v2\/pages\/7226","targetHints":{"allow":["GET"]}}],"collection":[{"href":"https:\/\/welaikaadv.site\/avviso\/wp-json\/wp\/v2\/pages"}],"about":[{"href":"https:\/\/welaikaadv.site\/avviso\/wp-json\/wp\/v2\/types\/page"}],"author":[{"embeddable":true,"href":"https:\/\/welaikaadv.site\/avviso\/wp-json\/wp\/v2\/users\/1"}],"replies":[{"embeddable":true,"href":"https:\/\/welaikaadv.site\/avviso\/wp-json\/wp\/v2\/comments?post=7226"}],"version-history":[{"count":0,"href":"https:\/\/welaikaadv.site\/avviso\/wp-json\/wp\/v2\/pages\/7226\/revisions"}],"up":[{"embeddable":true,"href":"https:\/\/welaikaadv.site\/avviso\/wp-json\/wp\/v2\/pages\/207"}],"wp:attachment":[{"href":"https:\/\/welaikaadv.site\/avviso\/wp-json\/wp\/v2\/media?parent=7226"}],"curies":[{"name":"wp","href":"https:\/\/api.w.org\/{rel}","templated":true}]}}