{"id":7242,"date":"2021-01-28T14:24:28","date_gmt":"2021-01-28T13:24:28","guid":{"rendered":"http:\/\/www.avvisopubblico.it\/home\/?page_id=7242"},"modified":"2021-01-28T14:24:28","modified_gmt":"2021-01-28T13:24:28","slug":"la-legge-della-regione-piemonte-contrasto-del-gioco-patologico","status":"publish","type":"page","link":"https:\/\/welaikaadv.site\/avviso\/home\/cosa-facciamo\/informare\/documenti-tematici\/gioco-dazzardo\/la-legge-della-regione-piemonte-contrasto-del-gioco-patologico\/","title":{"rendered":"La legge della Regione Piemonte di contrasto del gioco patologico (n.9 del 2016)"},"content":{"rendered":"<p><strong>Premessa<\/strong>. La Regione Piemonte, analogamente a quanto gi\u00e0 deciso da molte altre Regioni, ha approvato una legge per la prevenzione e il contrasto alla diffusione del gioco d&#8217;azzardo patologico (<strong><a href=\"http:\/\/arianna.consiglioregionale.piemonte.it\/ariaint\/TESTO?LAYOUT=PRESENTAZIONE&amp;TIPODOC=LEGGI&amp;LEGGE=9&amp;LEGGEANNO=2016\">legge n. 9 del 2016<\/a><\/strong>), di cui qui vengono sintetizzati gli aspetti principali.<\/p>\n<p><strong>Piano di recupero e prevenzione<\/strong>. La Giunta deve predisporre un piano triennale integrato per il contrasto, la prevenzione e la riduzione del rischio della dipendenza dal gioco d&#8217;azzardo patologico che preveda al suo interno interventi per il recupero dei pazienti affetti da gap, attivit\u00e0 di sensibilizzazione, programmi di formazione del personale delle sale gioco e del personale dei servizi sociali oltre che interventi di supporto alle amministrazioni locali (artt. 3 e 4).<\/p>\n<p><strong>Marchio \u201cno slot\u201d<\/strong>. L\u2019assenza di macchinette costituisce requisito per accedere a contributi regionali (art. 4)<\/p>\n<p><strong>\u201cDistanziometro\u201d.<\/strong> E\u2019 prevista una distanza minima di 300 metri (elevata a 500 metri per i comuni con pi\u00f9 di 5.000 abitanti) degli esercizi commerciali rispetto ad una serie di \u201cluoghi sensibili\u201d (scuole, impianti sportivi, istituti religiosi, strutture ospedaliere, istituti di credito, stazioni ferroviarie etc), con possibilit\u00e0 per i comuni di individuare ulteriori luoghi sensibili con riferimento a per ragioni connesse alla tutela del territorio comunale, della sicurezza urbana, della viabilit\u00e0 locale, dell\u2019inquinamento acustico e della quiete pubblica. La normativa si applica progressivamente anche alle vecchie licenze: entro 18 mesi per chi ha installato slot machine, 3 o 5 anni per le sale gioco e sale scommesse (artt. 5 e 13).<\/p>\n<p>Nel <strong>mese di dicembre 2018<\/strong> il Consiglio regionale ha approvato <b>una modifica all&#8217;articolo 13<\/b>, che regola i trasferimenti delle attivit\u00e0 da gioco in caso di <strong>introduzione di nuovi luoghi sensibili.<\/strong> Si rivolge ad esercenti e titolari di sale le cui attivit\u00e0, all\u2019epoca dell\u2019entrata in vigore della legge 9\/2016, erano in regola con il rispetto delle distanze, ma si trovano per \u201cfatti sopravvenuti\u201d \u2013 successiva edificazione o apertura di luogo sensibile a meno di 300 o 500 metri dalla propria attivit\u00e0 &#8211; a non rispettare pi\u00f9 il distanziometro. La modifica \u00e8 rivolta anche a quelle attivit\u00e0 che sono gi\u00e0 state delocalizzate per rispettare la legge 9\/2016, ma si trovano per i medesimi \u201cfatti sopravvenuti\u201d a non rispettare pi\u00f9 il distanziometro. Per questi casi viene disposto un tempo di quattro anni per gli esercizi commerciali con slot machine e di otto anni per i titolari di sale gioco o di licenza per l\u2019esercizio delle scommesse, a partire da quando il fatto si \u00e8 verificato, per rimettersi in regola.<\/p>\n<p><strong>Limitazioni orarie<\/strong>. I comuni sono autorizzati a disciplinare una riduzione degli orari di apertura non inferiore a 3 ore giornaliere (art. 6).<\/p>\n<p><strong>Pubblicit\u00e0<\/strong>. E\u2019 vietata qualsiasi attivit\u00e0 pubblicitaria relativa alle sale da gioco e scommesse o all&#8217;installazione delle slot machine e la concessione di spazi pubblicitari da parte delle aziende del trasporto pubblico locale e regionale (art. 7).<\/p>\n<p><strong>Vigilanza e sanzioni<\/strong>. Sono previste sanzioni, differenziate per le diverse violazioni della disciplina, i cui proventi sono all\u201980 per cento destinati ai comuni, cui spetta l\u2019attivit\u00e0 di vigilanza (artt. 10 e 11).<\/p>\n<p><strong>Verifica periodica<\/strong>. E\u2019 prevista una verifica periodica della concreta attuazione della legge e dei risultati ottenuti sulla base di apposite relazioni predisposte dalla Giunta<\/p>\n<ul>\n<li><a href=\"https:\/\/welaikaadv.site\/avviso\/wp-content\/uploads\/2021\/01\/Report-Giunta-Regionale-Gioco-Azzardo-gennaio-2021.pdf\">Relazione della Giunta sulla clausola valutativa della legge regionale<\/a> <strong>(2021)<\/strong><\/li>\n<li><a href=\"https:\/\/welaikaadv.site\/avviso\/home\/cosa-facciamo\/informare\/documenti-tematici\/gioco-dazzardo\/indagine-sullapplicazione-della-legge-regionale-del-piemonte-sul-contrasto-al-gap-novembre-2018\/\">Indagine su applicazione della legge regionale in termini di Raccolta e Spesa<\/a> <strong>(2018)<\/strong><\/li>\n<\/ul>\n<p>&nbsp;<\/p>\n","protected":false},"excerpt":{"rendered":"<p>Premessa. La Regione Piemonte, analogamente a quanto gi\u00e0 deciso da molte altre Regioni, ha approvato una legge per la prevenzione e il contrasto alla diffusione&nbsp;<span class=\"hellipsis\">[&hellip;]<\/span><a class=\"more-link\" href=\"https:\/\/welaikaadv.site\/avviso\/home\/cosa-facciamo\/informare\/documenti-tematici\/gioco-dazzardo\/la-legge-della-regione-piemonte-contrasto-del-gioco-patologico\/\">Leggi tutto <span class=\"screen-reader-text\">La legge della Regione Piemonte di contrasto del gioco patologico (n.9 del 2016)<\/span> <span class=\"meta-nav\" aria-hidden=\"true\">&rarr;<\/span><\/a><\/p>\n","protected":false},"author":1,"featured_media":0,"parent":202,"menu_order":110,"comment_status":"closed","ping_status":"closed","template":"","meta":{"_acf_changed":false,"_exactmetrics_skip_tracking":false,"_exactmetrics_sitenote_active":false,"_exactmetrics_sitenote_note":"","_exactmetrics_sitenote_category":0,"wp_social_preview_title":"","wp_social_preview_description":"","wp_social_preview_image":0,"footnotes":""},"class_list":["post-7242","page","type-page","status-publish","hentry"],"acf":[],"yoast_head":"<!-- This site is optimized with the Yoast SEO plugin v27.2 - https:\/\/yoast.com\/product\/yoast-seo-wordpress\/ -->\n<title>La legge della Regione Piemonte di contrasto del gioco patologico (n.9 del 2016) - Staging Avviso Pubblico<\/title>\n<meta name=\"robots\" content=\"noindex, follow, max-snippet:-1, max-image-preview:large, max-video-preview:-1\" \/>\n<meta property=\"og:locale\" content=\"it_IT\" \/>\n<meta property=\"og:type\" content=\"article\" \/>\n<meta property=\"og:title\" content=\"La legge della Regione Piemonte di contrasto del gioco patologico (n.9 del 2016) - Staging Avviso Pubblico\" \/>\n<meta property=\"og:description\" content=\"Premessa. La Regione Piemonte, analogamente a quanto gi\u00e0 deciso da molte altre Regioni, ha approvato una legge per la prevenzione e il contrasto alla diffusione&nbsp;[&hellip;]Leggi tutto La legge della Regione Piemonte di contrasto del gioco patologico (n.9 del 2016) &rarr;\" \/>\n<meta property=\"og:url\" content=\"https:\/\/welaikaadv.site\/avviso\/home\/cosa-facciamo\/informare\/documenti-tematici\/gioco-dazzardo\/la-legge-della-regione-piemonte-contrasto-del-gioco-patologico\/\" \/>\n<meta property=\"og:site_name\" content=\"Staging Avviso Pubblico\" \/>\n<meta name=\"twitter:card\" content=\"summary_large_image\" \/>\n<meta name=\"twitter:label1\" content=\"Tempo di lettura stimato\" \/>\n\t<meta name=\"twitter:data1\" content=\"3 minuti\" \/>\n<script type=\"application\/ld+json\" class=\"yoast-schema-graph\">{\"@context\":\"https:\/\/schema.org\",\"@graph\":[{\"@type\":\"WebPage\",\"@id\":\"https:\/\/welaikaadv.site\/avviso\/home\/cosa-facciamo\/informare\/documenti-tematici\/gioco-dazzardo\/la-legge-della-regione-piemonte-contrasto-del-gioco-patologico\/\",\"url\":\"https:\/\/welaikaadv.site\/avviso\/home\/cosa-facciamo\/informare\/documenti-tematici\/gioco-dazzardo\/la-legge-della-regione-piemonte-contrasto-del-gioco-patologico\/\",\"name\":\"La legge della Regione Piemonte di contrasto del gioco patologico (n.9 del 2016) - Staging Avviso Pubblico\",\"isPartOf\":{\"@id\":\"https:\/\/welaikaadv.site\/avviso\/#website\"},\"datePublished\":\"2021-01-28T13:24:28+00:00\",\"breadcrumb\":{\"@id\":\"https:\/\/welaikaadv.site\/avviso\/home\/cosa-facciamo\/informare\/documenti-tematici\/gioco-dazzardo\/la-legge-della-regione-piemonte-contrasto-del-gioco-patologico\/#breadcrumb\"},\"inLanguage\":\"it-IT\",\"potentialAction\":[{\"@type\":\"ReadAction\",\"target\":[\"https:\/\/welaikaadv.site\/avviso\/home\/cosa-facciamo\/informare\/documenti-tematici\/gioco-dazzardo\/la-legge-della-regione-piemonte-contrasto-del-gioco-patologico\/\"]}]},{\"@type\":\"BreadcrumbList\",\"@id\":\"https:\/\/welaikaadv.site\/avviso\/home\/cosa-facciamo\/informare\/documenti-tematici\/gioco-dazzardo\/la-legge-della-regione-piemonte-contrasto-del-gioco-patologico\/#breadcrumb\",\"itemListElement\":[{\"@type\":\"ListItem\",\"position\":1,\"name\":\"Home\",\"item\":\"https:\/\/welaikaadv.site\/avviso\/\"},{\"@type\":\"ListItem\",\"position\":2,\"name\":\"La legge della Regione Piemonte di contrasto del gioco patologico (n.9 del 2016)\"}]},{\"@type\":\"WebSite\",\"@id\":\"https:\/\/welaikaadv.site\/avviso\/#website\",\"url\":\"https:\/\/welaikaadv.site\/avviso\/\",\"name\":\"Staging Avviso Pubblico\",\"description\":\"\",\"publisher\":{\"@id\":\"https:\/\/welaikaadv.site\/avviso\/#organization\"},\"potentialAction\":[{\"@type\":\"SearchAction\",\"target\":{\"@type\":\"EntryPoint\",\"urlTemplate\":\"https:\/\/welaikaadv.site\/avviso\/?s={search_term_string}\"},\"query-input\":{\"@type\":\"PropertyValueSpecification\",\"valueRequired\":true,\"valueName\":\"search_term_string\"}}],\"inLanguage\":\"it-IT\"},{\"@type\":\"Organization\",\"@id\":\"https:\/\/welaikaadv.site\/avviso\/#organization\",\"name\":\"Staging Avviso Pubblico\",\"url\":\"https:\/\/welaikaadv.site\/avviso\/\",\"logo\":{\"@type\":\"ImageObject\",\"inLanguage\":\"it-IT\",\"@id\":\"https:\/\/welaikaadv.site\/avviso\/#\/schema\/logo\/image\/\",\"url\":\"https:\/\/welaikaadv.site\/avviso\/wp-content\/uploads\/2024\/08\/logoAPsito-400.png\",\"contentUrl\":\"https:\/\/welaikaadv.site\/avviso\/wp-content\/uploads\/2024\/08\/logoAPsito-400.png\",\"width\":400,\"height\":97,\"caption\":\"Staging Avviso Pubblico\"},\"image\":{\"@id\":\"https:\/\/welaikaadv.site\/avviso\/#\/schema\/logo\/image\/\"}}]}<\/script>\n<!-- \/ Yoast SEO plugin. -->","yoast_head_json":{"title":"La legge della Regione Piemonte di contrasto del gioco patologico (n.9 del 2016) - Staging Avviso Pubblico","robots":{"index":"noindex","follow":"follow","max-snippet":"max-snippet:-1","max-image-preview":"max-image-preview:large","max-video-preview":"max-video-preview:-1"},"og_locale":"it_IT","og_type":"article","og_title":"La legge della Regione Piemonte di contrasto del gioco patologico (n.9 del 2016) - Staging Avviso Pubblico","og_description":"Premessa. La Regione Piemonte, analogamente a quanto gi\u00e0 deciso da molte altre Regioni, ha approvato una legge per la prevenzione e il contrasto alla diffusione&nbsp;[&hellip;]Leggi tutto La legge della Regione Piemonte di contrasto del gioco patologico (n.9 del 2016) &rarr;","og_url":"https:\/\/welaikaadv.site\/avviso\/home\/cosa-facciamo\/informare\/documenti-tematici\/gioco-dazzardo\/la-legge-della-regione-piemonte-contrasto-del-gioco-patologico\/","og_site_name":"Staging Avviso Pubblico","twitter_card":"summary_large_image","twitter_misc":{"Tempo di lettura stimato":"3 minuti"},"schema":{"@context":"https:\/\/schema.org","@graph":[{"@type":"WebPage","@id":"https:\/\/welaikaadv.site\/avviso\/home\/cosa-facciamo\/informare\/documenti-tematici\/gioco-dazzardo\/la-legge-della-regione-piemonte-contrasto-del-gioco-patologico\/","url":"https:\/\/welaikaadv.site\/avviso\/home\/cosa-facciamo\/informare\/documenti-tematici\/gioco-dazzardo\/la-legge-della-regione-piemonte-contrasto-del-gioco-patologico\/","name":"La legge della Regione Piemonte di contrasto del gioco patologico (n.9 del 2016) - Staging Avviso Pubblico","isPartOf":{"@id":"https:\/\/welaikaadv.site\/avviso\/#website"},"datePublished":"2021-01-28T13:24:28+00:00","breadcrumb":{"@id":"https:\/\/welaikaadv.site\/avviso\/home\/cosa-facciamo\/informare\/documenti-tematici\/gioco-dazzardo\/la-legge-della-regione-piemonte-contrasto-del-gioco-patologico\/#breadcrumb"},"inLanguage":"it-IT","potentialAction":[{"@type":"ReadAction","target":["https:\/\/welaikaadv.site\/avviso\/home\/cosa-facciamo\/informare\/documenti-tematici\/gioco-dazzardo\/la-legge-della-regione-piemonte-contrasto-del-gioco-patologico\/"]}]},{"@type":"BreadcrumbList","@id":"https:\/\/welaikaadv.site\/avviso\/home\/cosa-facciamo\/informare\/documenti-tematici\/gioco-dazzardo\/la-legge-della-regione-piemonte-contrasto-del-gioco-patologico\/#breadcrumb","itemListElement":[{"@type":"ListItem","position":1,"name":"Home","item":"https:\/\/welaikaadv.site\/avviso\/"},{"@type":"ListItem","position":2,"name":"La legge della Regione Piemonte di contrasto del gioco patologico (n.9 del 2016)"}]},{"@type":"WebSite","@id":"https:\/\/welaikaadv.site\/avviso\/#website","url":"https:\/\/welaikaadv.site\/avviso\/","name":"Staging Avviso Pubblico","description":"","publisher":{"@id":"https:\/\/welaikaadv.site\/avviso\/#organization"},"potentialAction":[{"@type":"SearchAction","target":{"@type":"EntryPoint","urlTemplate":"https:\/\/welaikaadv.site\/avviso\/?s={search_term_string}"},"query-input":{"@type":"PropertyValueSpecification","valueRequired":true,"valueName":"search_term_string"}}],"inLanguage":"it-IT"},{"@type":"Organization","@id":"https:\/\/welaikaadv.site\/avviso\/#organization","name":"Staging Avviso Pubblico","url":"https:\/\/welaikaadv.site\/avviso\/","logo":{"@type":"ImageObject","inLanguage":"it-IT","@id":"https:\/\/welaikaadv.site\/avviso\/#\/schema\/logo\/image\/","url":"https:\/\/welaikaadv.site\/avviso\/wp-content\/uploads\/2024\/08\/logoAPsito-400.png","contentUrl":"https:\/\/welaikaadv.site\/avviso\/wp-content\/uploads\/2024\/08\/logoAPsito-400.png","width":400,"height":97,"caption":"Staging Avviso Pubblico"},"image":{"@id":"https:\/\/welaikaadv.site\/avviso\/#\/schema\/logo\/image\/"}}]}},"_links":{"self":[{"href":"https:\/\/welaikaadv.site\/avviso\/wp-json\/wp\/v2\/pages\/7242","targetHints":{"allow":["GET"]}}],"collection":[{"href":"https:\/\/welaikaadv.site\/avviso\/wp-json\/wp\/v2\/pages"}],"about":[{"href":"https:\/\/welaikaadv.site\/avviso\/wp-json\/wp\/v2\/types\/page"}],"author":[{"embeddable":true,"href":"https:\/\/welaikaadv.site\/avviso\/wp-json\/wp\/v2\/users\/1"}],"replies":[{"embeddable":true,"href":"https:\/\/welaikaadv.site\/avviso\/wp-json\/wp\/v2\/comments?post=7242"}],"version-history":[{"count":0,"href":"https:\/\/welaikaadv.site\/avviso\/wp-json\/wp\/v2\/pages\/7242\/revisions"}],"up":[{"embeddable":true,"href":"https:\/\/welaikaadv.site\/avviso\/wp-json\/wp\/v2\/pages\/202"}],"wp:attachment":[{"href":"https:\/\/welaikaadv.site\/avviso\/wp-json\/wp\/v2\/media?parent=7242"}],"curies":[{"name":"wp","href":"https:\/\/api.w.org\/{rel}","templated":true}]}}