{"id":7286,"date":"2017-09-26T15:44:30","date_gmt":"2017-09-26T13:44:30","guid":{"rendered":"http:\/\/www.avvisopubblico.it\/home\/?page_id=7286"},"modified":"2017-09-26T15:44:30","modified_gmt":"2017-09-26T13:44:30","slug":"rapporto-della-camera-commercio-roma-sullimpatto-del-gioco-dazzardo-sulla-domanda-beni-servizi-sulla-sicurezza-urbana-scheda-sintesi","status":"publish","type":"page","link":"https:\/\/welaikaadv.site\/avviso\/home\/cosa-facciamo\/informare\/documenti-tematici\/gioco-dazzardo\/rapporto-della-camera-commercio-roma-sullimpatto-del-gioco-dazzardo-sulla-domanda-beni-servizi-sulla-sicurezza-urbana-scheda-sintesi\/","title":{"rendered":"Rapporto della Camera di Commercio di Roma sull\u2019impatto del gioco d\u2019azzardo sulla domanda di beni e servizi e sulla sicurezza urbana: scheda di sintesi"},"content":{"rendered":"<p><strong>Premessa<\/strong>. La Camera di Commercio di Roma ha pubblicato il Rapporto \u201c<a href=\"http:\/\/www.rm.camcom.it\/index.php?id_sezione=1183\">L\u2019impatto del gioco d\u2019azzardo sulla domanda di beni e servizi e sulla sicurezza urbana<\/a>\u201d, realizzato nell\u2019ambito delle attivit\u00e0 della Camera di Commercio dedicate alla sicurezza delle imprese. Lo studio contiene una sezione dedicata ai cosiddetti \u201cCompro oro\u201d, la cui diffusione sul territorio \u00e8 messa in correlazione con l\u2019espansione del gioco d\u2019azzardo.<\/p>\n<p><strong>Consumi degli italiani, un euro ogni otto destinato al gioco d&#8217;azzardo<\/strong>. Nel periodo 1998-2012 il quantitativo di denaro &#8220;versato&#8221; dalle famiglie italiane ai concessionari di giochi pubblici \u00e8 aumentato di sei volte: dai 15,8 miliardi di euro del 1998 agli 88,5 miliardi del 2012. Nel raffronto tra la quantit\u00e0 della spesa lorda destinata al consumo d&#8217;azzardo e il budget complessivo delle famiglie utilizzato per acquisti di beni e servizi, risulta che nel 1998 la prima incideva per il 2,68%, mentre nel 2012 il valore \u00e8 salito di 12 punti (dati ISTAT). &#8220;Attualmente tutto il settore incamera un euro ogni 8 riservati dagli italiani per i loro consumi&#8221;.<\/p>\n<p><strong>L&#8217;originalit\u00e0 del mercato italiano<\/strong>. Il Rapporto evidenzia le condizioni particolari dell&#8217;attuale mercato italiano, regolato dalla concessione e non offerto da privati ai quali lo Stato rilascia licenza. &#8220;Il Concessionario \u00e8 il soggetto strumentale del quale lo Stato si serve per esercitare la funzione di monopolio dell\u2019azzardo, che si riserva comunque di dimensionare, per estensione e per limiti&#8230; Lo Stato fissa, cos\u00ec, gli ambiti tanto dei ricavi, quanto del rischio imprenditoriale, quanto ancora le mete di entrate erariali, che, pertanto, sono quantificate nelle poste del bilancio annuale. Com\u2019\u00e8 possibile parlare di &#8216;rischio d\u2019impresa&#8217;? E quale profilo di responsabilit\u00e0 (civile, amministrativa, penale e, si vorrebbe, sociale) si presenta per le imprese che svolgono l\u2019esercizio, su delega, di una funzione pubblica, ma pur sempre in una logica di profitto?&#8221;<\/p>\n<p><strong>Le politiche istituzionali e la loro evoluzione storica<\/strong>. Nel capitolo successivo il Rapporto analizza le tappe che dal finire dell&#8217;Ottocento ai giorni nostri hanno contrassegnato l&#8217;evoluzione del fenomeno in rapporto alle politiche istituzionali. Vengono individuate tre fasi: dal 1889 al 1992 (&#8220;contenimento di un rischio&#8221;), dal 1992 al 2003 (&#8220;la ricerca di entrate fiscali aggiuntive&#8221;, dal 2003 ad oggi (&#8220;creare valore aziendale per il decollo finanziario dei giochi pubblici&#8221;).<\/p>\n<p><strong>&#8220;Pi\u00f9 risultati, meno redditi&#8221;<\/strong>. A seguito dell&#8217;analisi storica, il Rapporto si sofferma sul periodo successivo al 2011, anno della crisi dello spread italiano, e sui presunti vantaggi alla fiscalit\u00e0 generale derivanti da un aumento della spesa sul gioco d&#8217;azzardo. Riportiamo il seguente passaggio:<\/p>\n<p>&#8220;Lo scorso 5 ottobre il Senato della Repubblica ha approvato, a larghissima maggioranza, una relazione predisposta dalla Commissione Parlamentare Antimafia che contiene giudizi critici e molto severi su quanto \u00e8 avvenuto in un decennio. L\u2019architettura del modello di economia del gioco pubblico d\u2019azzardo non \u00e8 stata deliberata rendendo chiaro il risultato che ne sarebbe derivato. Una esplicita e razionale enunciazione delle implicazioni per le politiche e gli aspetti (pur rilevantissimi) di natura etico-politica non \u00e8 stata compiuta e n\u00e9, tantomeno, sottoposta a valutazione della pubblica opinione. N\u00e9 sono stati forniti i dati consuntivi sulla declamata motivazione ufficiale della deliberata crescita dell\u2019economia dell\u2019azzardo: alimentare la fiscalit\u00e0 pubblica, o contenerne la crisi. Alla prova dei numeri, essi smentiscono le valutazioni approssimative:\u00a0 <strong>i dati mostrano come al crescere degli outcome (risultati del consumo di azzardo), corrisponde il decrescere degli income (benefici attesi per la fiscalit\u00e0)<\/strong>. Pi\u00f9 risultati, meno redditi&#8221; (analisi e grafici di tale andamento a partire da pagina 27 del Rapporto).<\/p>\n<p><strong>Scenari socioeconomici e fenomeni correlati<\/strong>. Nella seconda parte il Rapporto dedica ampio spazio allo scenario socioeconomico e ai fenomeni ad esso correlati, con un approfondimento su Roma e il Lazio con annessa distribuzione del gioco d&#8217;azzardo sul territorio della Capitale.<\/p>\n<p>Viene messo in evidenza come nei Paesi anglosassoni vi \u00e8 una cultura amministrativa diversa nell&#8217;approccio agli studi previsionali sull&#8217;impatto di alcune decisioni. Questo perch\u00e9, nel caso del gioco d&#8217;azzardo, &#8220;emerge l\u2019importanza che \u00e8 riconosciuta da quelle autorit\u00e0 governative, anche ai fini della quantificazione del livello di imposizione fiscale, che \u00e8 applicata proprio a compensazione dei costi sociali riversati dal gioco d&#8217;azzardo sulle amministrazioni&#8221;.<\/p>\n<p><strong>Effetti sulla domanda di credito illegale<\/strong>. Un mercato come quello del gioco d&#8217;azzardo, che mantiene numeri elevati nonostante i periodi di crisi o recessione, deve mantenere i suoi &#8220;cicli&#8221; anche quando il reddito da impiegare da parte dei giocatori si riduce: &#8220;Quando vi \u00e8 un delta negativo tra propensione e redditi, il ricorso al prestito \u00e8 pressoch\u00e9 obbligato&#8230; Il meccanismo che s\u2019ingenera tra gioco autorizzato e azzardo illegale \u00e8 simmetrico a quello riguardante credito-finanziamento legale e prestito usurario. \u00c8 questa la conseguenza di un modello di economia dei giochi pubblici d\u2019azzardo in cui prevalgono modalit\u00e0 di consumo di facilissimo accesso (per i consumatori) e sistemi di offerta \u201cesternalizzati\u201d dallo Stato a concessionari che devono compiere cospicui investimenti in pubblicit\u00e0 e comunicazione&#8221;.<\/p>\n<p><strong>Il reddito indiretto versato al gioco d&#8217;azzardo.<\/strong> Il Rapporto prende in considerazione anche un altro aspetto: non c&#8217;\u00e8 solo il reddito direttamente impiegato dai giocatori nella macchina dell&#8217;azzardo, ma va calcolato anche il reddito indiretto, vale a dire il tempo impiegato per giocare, il &#8220;costo di vita&#8221; e di rinuncia alla produzione di reddito. Viene quantificato in quasi 5 miliardi di euro, corrispondenti al tempo di vita (giornate lavorative) assorbito dal gioco.<\/p>\n<p><strong>I &#8220;compro oro&#8221;<\/strong>. La terza parte \u00e8 dedicata ad un approfondimento sul tema dei &#8220;compro oro&#8221; e delle possibili correlazioni con il gioco d&#8217;azzardo. L&#8217;enorme diffusione di questi sportelli dedicati all&#8217;acquisto di metalli preziosi usati ha attirato l&#8217;attenzione tanto dell&#8217;opinione pubblica che delle amministrazioni e del Parlamento, nonch\u00e9 dell&#8217;autorit\u00e0 giudiziaria. Nel 2011 tali esercizi sul territorio italiano erano 35mila, le cui aperture si erano concentrate perlopi\u00f9 nei cinque anni precedenti.<\/p>\n<p>&#8220;La persona che cede l\u2019oggetto o il metallo prezioso \u00e8 spinto da difficolt\u00e0 economiche o dall\u2019urgenza di soddisfare bisogni (sia primari, che \u201cnon\u201d, come, ad esempio, pagare debiti di gioco o alimentare la propensione all\u2019azzardo). Si tratta di uno spazio &#8216;di mercato&#8217; costituito da quanti avvertono soggettivamente la necessit\u00e0 di &#8216;incassare velocemente denaro&#8217; e quindi sono disposti ad accettare valutazioni a prezzo inferiore al valore corrente&#8221;<\/p>\n<p>Dopo una serie di analisi sull&#8217;impiego speculativo dell&#8217;oro, sui prodotti finanziari legati all&#8217;andamento del metallo prezioso e sulla diffusione degli sportelli nel territorio di Roma, il Rapporto cita le preoccupazioni espresse nel 2012 dalla Commissione Parlamentare Antimafia sul rischio di coinvolgimento della criminalit\u00e0.<\/p>\n<p>&#8220;Effettivamente si assiste ad un sostenuto sviluppo del settore in questione. Ci\u00f2 pu\u00f2 essere interpretato anche come sintomo della forte difficolt\u00e0 economica che investe alcuni ceti sociali. Il fenomeno, tutto italiano, ha generato un mercato sommerso che non di rado finisce con l\u2019alimentare fattispecie delittuose che rendono necessaria l\u2019effettuazione di un monitoraggio costante, soprattutto negli ambienti criminali legati all\u2019usura, alla ricettazione e al riciclaggio&#8221;.<\/p>\n<p><strong>La criminalit\u00e0 e il gioco d&#8217;azzardo<\/strong>. Nella quarta parte si affronta il tema del legame, storico, tra criminalit\u00e0 e gioco d&#8217;azzardo. Dopo un breve exscurs storico, il Rapporto descrive la &#8220;svolta&#8221; dello scorso decennio. &#8220;Il circolo vizioso tra i giochi pubblici e i giochi clandestini si manifesta in una elementare sequenza. In primo luogo, l\u2019introduzione di nuove offerte autorizzate genera l\u2019ampliamento della platea dei giocatori, creando delle utilit\u00e0 marginali per il settore illegale (inclusione delle persone espulse dal legale, offerta di vincite pi\u00f9 remunerative, articolazione maggiore delle modalit\u00e0 di gioco). In secondo luogo, grazie all\u2019aumento\/diversificazione delle persone coinvolte, si crea uno spazio crescente al finanziamento usurario dei giocatori. In terzo luogo, l\u2019illegale alimenta il legale fornendo la motivazione per giustificare l\u2019introduzione di nuovi giochi. A sua volta il legale alimenta l\u2019illegale ampliando la popolazione che entra in contatto con l\u2019offerta criminale&#8221;.<\/p>\n<p><strong>Il riciclaggio<\/strong>. Il Rapporto individua alcune modalit\u00e0 in cui si esplica tale attivit\u00e0 illegale:<\/p>\n<ul>\n<li>mini casin\u00f2 popolari (locali attrezzati all&#8217;interno del tessuto urbano o strade di collegamento fra le varie citt\u00e0)<\/li>\n<li>sale per scommesse<\/li>\n<li>casin\u00f2 online (sia in concorrenza con chi opera in concessione che infiltrati tramite quote in societ\u00e0 di casin\u00f2 autorizzati)<\/li>\n<li>installazione, manutenzione e manomissione dei collegamenti informatici (clonazione numeri seriali dell&#8217;apparecchio, dati fittizi al calcolatore collegato ai Monopoli di Stato)<\/li>\n<li>contraffazione tagliandi lotterie istantanee, anche con la complicit\u00e0 degli esercenti<\/li>\n<\/ul>\n<p>&nbsp;<\/p>\n<p><em>(a\u00a0cura di <a href=\"mailto:claudio.forleo@avvisopubblico.it\"><strong>Claudio Forleo<\/strong><\/a>, giornalista)<\/em><\/p>\n","protected":false},"excerpt":{"rendered":"<p>Premessa. La Camera di Commercio di Roma ha pubblicato il Rapporto \u201cL\u2019impatto del gioco d\u2019azzardo sulla domanda di beni e servizi e sulla sicurezza urbana\u201d,&nbsp;<span class=\"hellipsis\">[&hellip;]<\/span><a class=\"more-link\" href=\"https:\/\/welaikaadv.site\/avviso\/home\/cosa-facciamo\/informare\/documenti-tematici\/gioco-dazzardo\/rapporto-della-camera-commercio-roma-sullimpatto-del-gioco-dazzardo-sulla-domanda-beni-servizi-sulla-sicurezza-urbana-scheda-sintesi\/\">Leggi tutto <span class=\"screen-reader-text\">Rapporto della Camera di Commercio di Roma sull\u2019impatto del gioco d\u2019azzardo sulla domanda di beni e servizi e sulla sicurezza urbana: scheda di sintesi<\/span> <span class=\"meta-nav\" aria-hidden=\"true\">&rarr;<\/span><\/a><\/p>\n","protected":false},"author":1,"featured_media":0,"parent":202,"menu_order":260,"comment_status":"closed","ping_status":"closed","template":"","meta":{"_acf_changed":false,"_exactmetrics_skip_tracking":false,"_exactmetrics_sitenote_active":false,"_exactmetrics_sitenote_note":"","_exactmetrics_sitenote_category":0,"wp_social_preview_title":"","wp_social_preview_description":"","wp_social_preview_image":0,"footnotes":""},"class_list":["post-7286","page","type-page","status-publish","hentry"],"acf":[],"yoast_head":"<!-- This site is optimized with the Yoast SEO plugin v27.2 - https:\/\/yoast.com\/product\/yoast-seo-wordpress\/ -->\n<title>Rapporto della Camera di Commercio di Roma sull\u2019impatto del gioco d\u2019azzardo sulla domanda di beni e servizi e sulla sicurezza urbana: scheda di sintesi - Staging Avviso Pubblico<\/title>\n<meta name=\"robots\" content=\"noindex, follow, max-snippet:-1, max-image-preview:large, max-video-preview:-1\" \/>\n<meta property=\"og:locale\" content=\"it_IT\" \/>\n<meta property=\"og:type\" content=\"article\" \/>\n<meta property=\"og:title\" content=\"Rapporto della Camera di Commercio di Roma sull\u2019impatto del gioco d\u2019azzardo sulla domanda di beni e servizi e sulla sicurezza urbana: scheda di sintesi - Staging Avviso Pubblico\" \/>\n<meta property=\"og:description\" content=\"Premessa. La Camera di Commercio di Roma ha pubblicato il Rapporto \u201cL\u2019impatto del gioco d\u2019azzardo sulla domanda di beni e servizi e sulla sicurezza urbana\u201d,&nbsp;[&hellip;]Leggi tutto Rapporto della Camera di Commercio di Roma sull\u2019impatto del gioco d\u2019azzardo sulla domanda di beni e servizi e sulla sicurezza urbana: scheda di sintesi &rarr;\" \/>\n<meta property=\"og:url\" content=\"https:\/\/welaikaadv.site\/avviso\/home\/cosa-facciamo\/informare\/documenti-tematici\/gioco-dazzardo\/rapporto-della-camera-commercio-roma-sullimpatto-del-gioco-dazzardo-sulla-domanda-beni-servizi-sulla-sicurezza-urbana-scheda-sintesi\/\" \/>\n<meta property=\"og:site_name\" content=\"Staging Avviso Pubblico\" \/>\n<meta name=\"twitter:card\" content=\"summary_large_image\" \/>\n<meta name=\"twitter:label1\" content=\"Tempo di lettura stimato\" \/>\n\t<meta name=\"twitter:data1\" content=\"7 minuti\" \/>\n<script type=\"application\/ld+json\" class=\"yoast-schema-graph\">{\"@context\":\"https:\/\/schema.org\",\"@graph\":[{\"@type\":\"WebPage\",\"@id\":\"https:\/\/welaikaadv.site\/avviso\/home\/cosa-facciamo\/informare\/documenti-tematici\/gioco-dazzardo\/rapporto-della-camera-commercio-roma-sullimpatto-del-gioco-dazzardo-sulla-domanda-beni-servizi-sulla-sicurezza-urbana-scheda-sintesi\/\",\"url\":\"https:\/\/welaikaadv.site\/avviso\/home\/cosa-facciamo\/informare\/documenti-tematici\/gioco-dazzardo\/rapporto-della-camera-commercio-roma-sullimpatto-del-gioco-dazzardo-sulla-domanda-beni-servizi-sulla-sicurezza-urbana-scheda-sintesi\/\",\"name\":\"Rapporto della Camera di Commercio di Roma sull\u2019impatto del gioco d\u2019azzardo sulla domanda di beni e servizi e sulla sicurezza urbana: scheda di sintesi - Staging Avviso Pubblico\",\"isPartOf\":{\"@id\":\"https:\/\/welaikaadv.site\/avviso\/#website\"},\"datePublished\":\"2017-09-26T13:44:30+00:00\",\"breadcrumb\":{\"@id\":\"https:\/\/welaikaadv.site\/avviso\/home\/cosa-facciamo\/informare\/documenti-tematici\/gioco-dazzardo\/rapporto-della-camera-commercio-roma-sullimpatto-del-gioco-dazzardo-sulla-domanda-beni-servizi-sulla-sicurezza-urbana-scheda-sintesi\/#breadcrumb\"},\"inLanguage\":\"it-IT\",\"potentialAction\":[{\"@type\":\"ReadAction\",\"target\":[\"https:\/\/welaikaadv.site\/avviso\/home\/cosa-facciamo\/informare\/documenti-tematici\/gioco-dazzardo\/rapporto-della-camera-commercio-roma-sullimpatto-del-gioco-dazzardo-sulla-domanda-beni-servizi-sulla-sicurezza-urbana-scheda-sintesi\/\"]}]},{\"@type\":\"BreadcrumbList\",\"@id\":\"https:\/\/welaikaadv.site\/avviso\/home\/cosa-facciamo\/informare\/documenti-tematici\/gioco-dazzardo\/rapporto-della-camera-commercio-roma-sullimpatto-del-gioco-dazzardo-sulla-domanda-beni-servizi-sulla-sicurezza-urbana-scheda-sintesi\/#breadcrumb\",\"itemListElement\":[{\"@type\":\"ListItem\",\"position\":1,\"name\":\"Home\",\"item\":\"https:\/\/welaikaadv.site\/avviso\/\"},{\"@type\":\"ListItem\",\"position\":2,\"name\":\"Rapporto della Camera di Commercio di Roma sull\u2019impatto del gioco d\u2019azzardo sulla domanda di beni e servizi e sulla sicurezza urbana: scheda di sintesi\"}]},{\"@type\":\"WebSite\",\"@id\":\"https:\/\/welaikaadv.site\/avviso\/#website\",\"url\":\"https:\/\/welaikaadv.site\/avviso\/\",\"name\":\"Staging Avviso Pubblico\",\"description\":\"\",\"publisher\":{\"@id\":\"https:\/\/welaikaadv.site\/avviso\/#organization\"},\"potentialAction\":[{\"@type\":\"SearchAction\",\"target\":{\"@type\":\"EntryPoint\",\"urlTemplate\":\"https:\/\/welaikaadv.site\/avviso\/?s={search_term_string}\"},\"query-input\":{\"@type\":\"PropertyValueSpecification\",\"valueRequired\":true,\"valueName\":\"search_term_string\"}}],\"inLanguage\":\"it-IT\"},{\"@type\":\"Organization\",\"@id\":\"https:\/\/welaikaadv.site\/avviso\/#organization\",\"name\":\"Staging Avviso Pubblico\",\"url\":\"https:\/\/welaikaadv.site\/avviso\/\",\"logo\":{\"@type\":\"ImageObject\",\"inLanguage\":\"it-IT\",\"@id\":\"https:\/\/welaikaadv.site\/avviso\/#\/schema\/logo\/image\/\",\"url\":\"https:\/\/welaikaadv.site\/avviso\/wp-content\/uploads\/2024\/08\/logoAPsito-400.png\",\"contentUrl\":\"https:\/\/welaikaadv.site\/avviso\/wp-content\/uploads\/2024\/08\/logoAPsito-400.png\",\"width\":400,\"height\":97,\"caption\":\"Staging Avviso Pubblico\"},\"image\":{\"@id\":\"https:\/\/welaikaadv.site\/avviso\/#\/schema\/logo\/image\/\"}}]}<\/script>\n<!-- \/ Yoast SEO plugin. -->","yoast_head_json":{"title":"Rapporto della Camera di Commercio di Roma sull\u2019impatto del gioco d\u2019azzardo sulla domanda di beni e servizi e sulla sicurezza urbana: scheda di sintesi - Staging Avviso Pubblico","robots":{"index":"noindex","follow":"follow","max-snippet":"max-snippet:-1","max-image-preview":"max-image-preview:large","max-video-preview":"max-video-preview:-1"},"og_locale":"it_IT","og_type":"article","og_title":"Rapporto della Camera di Commercio di Roma sull\u2019impatto del gioco d\u2019azzardo sulla domanda di beni e servizi e sulla sicurezza urbana: scheda di sintesi - Staging Avviso Pubblico","og_description":"Premessa. La Camera di Commercio di Roma ha pubblicato il Rapporto \u201cL\u2019impatto del gioco d\u2019azzardo sulla domanda di beni e servizi e sulla sicurezza urbana\u201d,&nbsp;[&hellip;]Leggi tutto Rapporto della Camera di Commercio di Roma sull\u2019impatto del gioco d\u2019azzardo sulla domanda di beni e servizi e sulla sicurezza urbana: scheda di sintesi &rarr;","og_url":"https:\/\/welaikaadv.site\/avviso\/home\/cosa-facciamo\/informare\/documenti-tematici\/gioco-dazzardo\/rapporto-della-camera-commercio-roma-sullimpatto-del-gioco-dazzardo-sulla-domanda-beni-servizi-sulla-sicurezza-urbana-scheda-sintesi\/","og_site_name":"Staging Avviso Pubblico","twitter_card":"summary_large_image","twitter_misc":{"Tempo di lettura stimato":"7 minuti"},"schema":{"@context":"https:\/\/schema.org","@graph":[{"@type":"WebPage","@id":"https:\/\/welaikaadv.site\/avviso\/home\/cosa-facciamo\/informare\/documenti-tematici\/gioco-dazzardo\/rapporto-della-camera-commercio-roma-sullimpatto-del-gioco-dazzardo-sulla-domanda-beni-servizi-sulla-sicurezza-urbana-scheda-sintesi\/","url":"https:\/\/welaikaadv.site\/avviso\/home\/cosa-facciamo\/informare\/documenti-tematici\/gioco-dazzardo\/rapporto-della-camera-commercio-roma-sullimpatto-del-gioco-dazzardo-sulla-domanda-beni-servizi-sulla-sicurezza-urbana-scheda-sintesi\/","name":"Rapporto della Camera di Commercio di Roma sull\u2019impatto del gioco d\u2019azzardo sulla domanda di beni e servizi e sulla sicurezza urbana: scheda di sintesi - Staging Avviso Pubblico","isPartOf":{"@id":"https:\/\/welaikaadv.site\/avviso\/#website"},"datePublished":"2017-09-26T13:44:30+00:00","breadcrumb":{"@id":"https:\/\/welaikaadv.site\/avviso\/home\/cosa-facciamo\/informare\/documenti-tematici\/gioco-dazzardo\/rapporto-della-camera-commercio-roma-sullimpatto-del-gioco-dazzardo-sulla-domanda-beni-servizi-sulla-sicurezza-urbana-scheda-sintesi\/#breadcrumb"},"inLanguage":"it-IT","potentialAction":[{"@type":"ReadAction","target":["https:\/\/welaikaadv.site\/avviso\/home\/cosa-facciamo\/informare\/documenti-tematici\/gioco-dazzardo\/rapporto-della-camera-commercio-roma-sullimpatto-del-gioco-dazzardo-sulla-domanda-beni-servizi-sulla-sicurezza-urbana-scheda-sintesi\/"]}]},{"@type":"BreadcrumbList","@id":"https:\/\/welaikaadv.site\/avviso\/home\/cosa-facciamo\/informare\/documenti-tematici\/gioco-dazzardo\/rapporto-della-camera-commercio-roma-sullimpatto-del-gioco-dazzardo-sulla-domanda-beni-servizi-sulla-sicurezza-urbana-scheda-sintesi\/#breadcrumb","itemListElement":[{"@type":"ListItem","position":1,"name":"Home","item":"https:\/\/welaikaadv.site\/avviso\/"},{"@type":"ListItem","position":2,"name":"Rapporto della Camera di Commercio di Roma sull\u2019impatto del gioco d\u2019azzardo sulla domanda di beni e servizi e sulla sicurezza urbana: scheda di sintesi"}]},{"@type":"WebSite","@id":"https:\/\/welaikaadv.site\/avviso\/#website","url":"https:\/\/welaikaadv.site\/avviso\/","name":"Staging Avviso Pubblico","description":"","publisher":{"@id":"https:\/\/welaikaadv.site\/avviso\/#organization"},"potentialAction":[{"@type":"SearchAction","target":{"@type":"EntryPoint","urlTemplate":"https:\/\/welaikaadv.site\/avviso\/?s={search_term_string}"},"query-input":{"@type":"PropertyValueSpecification","valueRequired":true,"valueName":"search_term_string"}}],"inLanguage":"it-IT"},{"@type":"Organization","@id":"https:\/\/welaikaadv.site\/avviso\/#organization","name":"Staging Avviso Pubblico","url":"https:\/\/welaikaadv.site\/avviso\/","logo":{"@type":"ImageObject","inLanguage":"it-IT","@id":"https:\/\/welaikaadv.site\/avviso\/#\/schema\/logo\/image\/","url":"https:\/\/welaikaadv.site\/avviso\/wp-content\/uploads\/2024\/08\/logoAPsito-400.png","contentUrl":"https:\/\/welaikaadv.site\/avviso\/wp-content\/uploads\/2024\/08\/logoAPsito-400.png","width":400,"height":97,"caption":"Staging Avviso Pubblico"},"image":{"@id":"https:\/\/welaikaadv.site\/avviso\/#\/schema\/logo\/image\/"}}]}},"_links":{"self":[{"href":"https:\/\/welaikaadv.site\/avviso\/wp-json\/wp\/v2\/pages\/7286","targetHints":{"allow":["GET"]}}],"collection":[{"href":"https:\/\/welaikaadv.site\/avviso\/wp-json\/wp\/v2\/pages"}],"about":[{"href":"https:\/\/welaikaadv.site\/avviso\/wp-json\/wp\/v2\/types\/page"}],"author":[{"embeddable":true,"href":"https:\/\/welaikaadv.site\/avviso\/wp-json\/wp\/v2\/users\/1"}],"replies":[{"embeddable":true,"href":"https:\/\/welaikaadv.site\/avviso\/wp-json\/wp\/v2\/comments?post=7286"}],"version-history":[{"count":0,"href":"https:\/\/welaikaadv.site\/avviso\/wp-json\/wp\/v2\/pages\/7286\/revisions"}],"up":[{"embeddable":true,"href":"https:\/\/welaikaadv.site\/avviso\/wp-json\/wp\/v2\/pages\/202"}],"wp:attachment":[{"href":"https:\/\/welaikaadv.site\/avviso\/wp-json\/wp\/v2\/media?parent=7286"}],"curies":[{"name":"wp","href":"https:\/\/api.w.org\/{rel}","templated":true}]}}