{"id":7290,"date":"2017-09-26T15:54:10","date_gmt":"2017-09-26T13:54:10","guid":{"rendered":"http:\/\/www.avvisopubblico.it\/home\/?page_id=7290"},"modified":"2017-09-26T15:54:10","modified_gmt":"2017-09-26T13:54:10","slug":"dati-ufficiali-sul-gioco-dazzardo-nel-2016-italia","status":"publish","type":"page","link":"https:\/\/welaikaadv.site\/avviso\/home\/cosa-facciamo\/informare\/documenti-tematici\/gioco-dazzardo\/dati-ufficiali-sul-gioco-dazzardo-nel-2016-italia\/","title":{"rendered":"I dati ufficiali sul gioco d\u2019azzardo nel 2016 in Italia"},"content":{"rendered":"<p>Il Ministero dell\u2019Economia, in risposta ad una interrogazione parlamentare, ha fornito recentemente <a href=\"http:\/\/www.camera.it\/leg17\/824?tipo=A&amp;anno=2017&amp;mese=02&amp;giorno=09&amp;view=&amp;commissione=06#data.20170209.com06.allegati.all00030\"><strong>i dati sulla raccolta del gioco d\u2019azzardo per il 2016 e sulle relative entrate fiscali<\/strong><\/a>\u00a0(i dati regionali sono stati pubblicati sul <strong><a href=\"https:\/\/welaikaadv.site\/avviso\/wp-content\/uploads\/2017\/02\/Libro-Blu-2017.pdf\">Libro Blu\u00a0dell&#8217;Agenzia dei Monopoli<\/a><\/strong>)<\/p>\n<p style=\"text-align: center;\"><strong>RACCOLTA E SPESA<\/strong><\/p>\n<p style=\"text-align: justify;\"><strong>La Raccolta (insieme delle puntate effettuate in un anno)<\/strong> nel 2016 \u00e8 stata pari a circa 96 miliardi di euro (+8% circa rispetto al 2015, quando fu superiore agli 88 miliardi)<\/p>\n<p style=\"text-align: justify;\"><strong>La Spesa (la Raccolta meno le vincite al gioco)<\/strong> nel 2016 si aggira intorno ai 19 miliardi (nel 2015 fu pari a 17.5 miliardi)<\/p>\n<p style=\"text-align: center;\"><strong>FLUSSO IMPOSTE <\/strong><\/p>\n<p style=\"text-align: justify;\">Per effetto delle misure recate dalla legge di stabilit\u00e0 2015, <strong>il flusso di imposte derivanti dal settore \u00abgiochi\u00bb nel 2016 ha superato i 9,2 miliardi di euro, a fronte degli 8 miliardi realizzati nel 2015<\/strong>. L&#8217;incremento delle entrate \u00e8 spiegato in larga parte dalla accresciuta incidenza della tassazione sul gioco degli apparecchi da divertimento (AWP e VLT, comunemente indicate come <em>slot machines<\/em>) previsto con la legge di stabilit\u00e0 2016. In particolare, il gettito \u00e8 cos\u00ec composto:<\/p>\n<ul>\n<li style=\"text-align: justify;\"><strong>5,8 miliardi<\/strong> circa dagli apparecchi da divertimento ed intrattenimento<\/li>\n<li style=\"text-align: justify;\"><strong>oltre 3,5 miliardi<\/strong> dai giochi numerici e dalle Lotterie (1,8 dal Lotto; 1,3 da Gratta&amp;Vinci; 0,47 dal Superenalotto)<\/li>\n<\/ul>\n<p style=\"text-align: center;\"><strong>RICAVI DELLA FILIERA<\/strong><\/p>\n<p style=\"text-align: justify;\"><strong>I ricavi complessivi lordi della filiera corrispondono a circa 10 miliardi di euro.<\/strong> Si calcolano a partire dalle perdite dei giocatori, ovvero la Spesa (19 miliardi), sottraendo la quota che l&#8217;erario preleva direttamente su tutte le attivit\u00e0 di gioco (9 miliardi circa).<\/p>\n<p style=\"text-align: justify;\"><strong>I seguenti grafici evidenziano:<\/strong><\/p>\n<ul>\n<li>la Raccolta 2016 del gioco d&#8217;azzardo (grafico 1)<\/li>\n<li>i dati suddivisi per <strong>tipologia di gioco <\/strong>(grafico 2)<\/li>\n<li>il <strong>confronto con il 2015<\/strong> per tipologia di gioco (grafico 3)<\/li>\n<li>l&#8217;evoluzione della Raccolta (grafico 4)<\/li>\n<li>raccolta gioco d&#8217;azzardo per regione (grafico 5\u00a0con tabella annessa)<\/li>\n<\/ul>\n<p><img fetchpriority=\"high\" decoding=\"async\" class=\"wp-image-17273 size-full\" src=\"https:\/\/welaikaadv.site\/avviso\/wp-content\/uploads\/2017\/02\/Grafico3.jpg\" width=\"805\" height=\"433\" \/><br \/>\nGrafico 1<\/p>\n<p><img decoding=\"async\" class=\"wp-image-17267 size-full\" src=\"https:\/\/welaikaadv.site\/avviso\/wp-content\/uploads\/2017\/02\/Grafico1.jpg\" width=\"987\" height=\"469\" \/><br \/>\nGrafico 2<\/p>\n<p><img decoding=\"async\" class=\"wp-image-17268 size-full\" src=\"https:\/\/welaikaadv.site\/avviso\/wp-content\/uploads\/2017\/02\/Grafico-2.png\" width=\"1200\" height=\"469\" \/><br \/>\nGrafico 3<\/p>\n<p><img loading=\"lazy\" decoding=\"async\" class=\"wp-image-17269 size-full\" src=\"https:\/\/welaikaadv.site\/avviso\/wp-content\/uploads\/2017\/02\/Grafico4.jpg\" width=\"1183\" height=\"397\" \/><\/a><br \/>\nGrafico 4<\/p>\n<p><img loading=\"lazy\" decoding=\"async\" class=\"wp-image-18273 size-full\" src=\"https:\/\/welaikaadv.site\/avviso\/wp-content\/uploads\/2017\/02\/Grafico5.jpg\" alt=\"\" width=\"1213\" height=\"492\" \/><br \/>\nGrafico 5<\/p>\n<p><a href=\"https:\/\/welaikaadv.site\/avviso\/wp-content\/uploads\/2017\/02\/Dati-regioni-Gioco-azzardo-2016.pdf\">Tabelle\u00a0Regionali &#8211; Confronto 2016 \/ 2015<\/a><\/p>\n","protected":false},"excerpt":{"rendered":"<p>Il Ministero dell\u2019Economia, in risposta ad una interrogazione parlamentare, ha fornito recentemente i dati sulla raccolta del gioco d\u2019azzardo per il 2016 e sulle relative&nbsp;<span class=\"hellipsis\">[&hellip;]<\/span><a class=\"more-link\" href=\"https:\/\/welaikaadv.site\/avviso\/home\/cosa-facciamo\/informare\/documenti-tematici\/gioco-dazzardo\/dati-ufficiali-sul-gioco-dazzardo-nel-2016-italia\/\">Leggi tutto <span class=\"screen-reader-text\">I dati ufficiali sul gioco d\u2019azzardo nel 2016 in Italia<\/span> <span class=\"meta-nav\" aria-hidden=\"true\">&rarr;<\/span><\/a><\/p>\n","protected":false},"author":1,"featured_media":0,"parent":202,"menu_order":280,"comment_status":"closed","ping_status":"closed","template":"","meta":{"_acf_changed":false,"_exactmetrics_skip_tracking":false,"_exactmetrics_sitenote_active":false,"_exactmetrics_sitenote_note":"","_exactmetrics_sitenote_category":0,"wp_social_preview_title":"","wp_social_preview_description":"","wp_social_preview_image":0,"footnotes":""},"class_list":["post-7290","page","type-page","status-publish","hentry"],"acf":[],"yoast_head":"<!-- This site is optimized with the Yoast SEO plugin v27.2 - https:\/\/yoast.com\/product\/yoast-seo-wordpress\/ -->\n<title>I dati ufficiali sul gioco d\u2019azzardo nel 2016 in Italia - Staging Avviso Pubblico<\/title>\n<meta name=\"robots\" content=\"noindex, follow, max-snippet:-1, max-image-preview:large, max-video-preview:-1\" \/>\n<meta property=\"og:locale\" content=\"it_IT\" \/>\n<meta property=\"og:type\" content=\"article\" \/>\n<meta property=\"og:title\" content=\"I dati ufficiali sul gioco d\u2019azzardo nel 2016 in Italia - Staging Avviso Pubblico\" \/>\n<meta property=\"og:description\" content=\"Il Ministero dell\u2019Economia, in risposta ad una interrogazione parlamentare, ha fornito recentemente i dati sulla raccolta del gioco d\u2019azzardo per il 2016 e sulle relative&nbsp;[&hellip;]Leggi tutto I dati ufficiali sul gioco d\u2019azzardo nel 2016 in Italia &rarr;\" \/>\n<meta property=\"og:url\" content=\"https:\/\/welaikaadv.site\/avviso\/home\/cosa-facciamo\/informare\/documenti-tematici\/gioco-dazzardo\/dati-ufficiali-sul-gioco-dazzardo-nel-2016-italia\/\" \/>\n<meta property=\"og:site_name\" content=\"Staging Avviso Pubblico\" \/>\n<meta property=\"og:image\" content=\"https:\/\/welaikaadv.site\/avviso\/wp-content\/uploads\/2017\/02\/Grafico3.jpg\" \/>\n<meta name=\"twitter:card\" content=\"summary_large_image\" \/>\n<meta name=\"twitter:label1\" content=\"Tempo di lettura stimato\" \/>\n\t<meta name=\"twitter:data1\" content=\"1 minuto\" \/>\n<script type=\"application\/ld+json\" class=\"yoast-schema-graph\">{\"@context\":\"https:\/\/schema.org\",\"@graph\":[{\"@type\":\"WebPage\",\"@id\":\"https:\/\/welaikaadv.site\/avviso\/home\/cosa-facciamo\/informare\/documenti-tematici\/gioco-dazzardo\/dati-ufficiali-sul-gioco-dazzardo-nel-2016-italia\/\",\"url\":\"https:\/\/welaikaadv.site\/avviso\/home\/cosa-facciamo\/informare\/documenti-tematici\/gioco-dazzardo\/dati-ufficiali-sul-gioco-dazzardo-nel-2016-italia\/\",\"name\":\"I dati ufficiali sul gioco d\u2019azzardo nel 2016 in Italia - Staging Avviso Pubblico\",\"isPartOf\":{\"@id\":\"https:\/\/welaikaadv.site\/avviso\/#website\"},\"primaryImageOfPage\":{\"@id\":\"https:\/\/welaikaadv.site\/avviso\/home\/cosa-facciamo\/informare\/documenti-tematici\/gioco-dazzardo\/dati-ufficiali-sul-gioco-dazzardo-nel-2016-italia\/#primaryimage\"},\"image\":{\"@id\":\"https:\/\/welaikaadv.site\/avviso\/home\/cosa-facciamo\/informare\/documenti-tematici\/gioco-dazzardo\/dati-ufficiali-sul-gioco-dazzardo-nel-2016-italia\/#primaryimage\"},\"thumbnailUrl\":\"https:\/\/welaikaadv.site\/avviso\/wp-content\/uploads\/2017\/02\/Grafico3.jpg\",\"datePublished\":\"2017-09-26T13:54:10+00:00\",\"breadcrumb\":{\"@id\":\"https:\/\/welaikaadv.site\/avviso\/home\/cosa-facciamo\/informare\/documenti-tematici\/gioco-dazzardo\/dati-ufficiali-sul-gioco-dazzardo-nel-2016-italia\/#breadcrumb\"},\"inLanguage\":\"it-IT\",\"potentialAction\":[{\"@type\":\"ReadAction\",\"target\":[\"https:\/\/welaikaadv.site\/avviso\/home\/cosa-facciamo\/informare\/documenti-tematici\/gioco-dazzardo\/dati-ufficiali-sul-gioco-dazzardo-nel-2016-italia\/\"]}]},{\"@type\":\"ImageObject\",\"inLanguage\":\"it-IT\",\"@id\":\"https:\/\/welaikaadv.site\/avviso\/home\/cosa-facciamo\/informare\/documenti-tematici\/gioco-dazzardo\/dati-ufficiali-sul-gioco-dazzardo-nel-2016-italia\/#primaryimage\",\"url\":\"https:\/\/welaikaadv.site\/avviso\/wp-content\/uploads\/2017\/02\/Grafico3.jpg\",\"contentUrl\":\"https:\/\/welaikaadv.site\/avviso\/wp-content\/uploads\/2017\/02\/Grafico3.jpg\"},{\"@type\":\"BreadcrumbList\",\"@id\":\"https:\/\/welaikaadv.site\/avviso\/home\/cosa-facciamo\/informare\/documenti-tematici\/gioco-dazzardo\/dati-ufficiali-sul-gioco-dazzardo-nel-2016-italia\/#breadcrumb\",\"itemListElement\":[{\"@type\":\"ListItem\",\"position\":1,\"name\":\"Home\",\"item\":\"https:\/\/welaikaadv.site\/avviso\/\"},{\"@type\":\"ListItem\",\"position\":2,\"name\":\"I dati ufficiali sul gioco d\u2019azzardo nel 2016 in Italia\"}]},{\"@type\":\"WebSite\",\"@id\":\"https:\/\/welaikaadv.site\/avviso\/#website\",\"url\":\"https:\/\/welaikaadv.site\/avviso\/\",\"name\":\"Staging Avviso Pubblico\",\"description\":\"\",\"publisher\":{\"@id\":\"https:\/\/welaikaadv.site\/avviso\/#organization\"},\"potentialAction\":[{\"@type\":\"SearchAction\",\"target\":{\"@type\":\"EntryPoint\",\"urlTemplate\":\"https:\/\/welaikaadv.site\/avviso\/?s={search_term_string}\"},\"query-input\":{\"@type\":\"PropertyValueSpecification\",\"valueRequired\":true,\"valueName\":\"search_term_string\"}}],\"inLanguage\":\"it-IT\"},{\"@type\":\"Organization\",\"@id\":\"https:\/\/welaikaadv.site\/avviso\/#organization\",\"name\":\"Staging Avviso Pubblico\",\"url\":\"https:\/\/welaikaadv.site\/avviso\/\",\"logo\":{\"@type\":\"ImageObject\",\"inLanguage\":\"it-IT\",\"@id\":\"https:\/\/welaikaadv.site\/avviso\/#\/schema\/logo\/image\/\",\"url\":\"https:\/\/welaikaadv.site\/avviso\/wp-content\/uploads\/2024\/08\/logoAPsito-400.png\",\"contentUrl\":\"https:\/\/welaikaadv.site\/avviso\/wp-content\/uploads\/2024\/08\/logoAPsito-400.png\",\"width\":400,\"height\":97,\"caption\":\"Staging Avviso Pubblico\"},\"image\":{\"@id\":\"https:\/\/welaikaadv.site\/avviso\/#\/schema\/logo\/image\/\"}}]}<\/script>\n<!-- \/ Yoast SEO plugin. -->","yoast_head_json":{"title":"I dati ufficiali sul gioco d\u2019azzardo nel 2016 in Italia - Staging Avviso Pubblico","robots":{"index":"noindex","follow":"follow","max-snippet":"max-snippet:-1","max-image-preview":"max-image-preview:large","max-video-preview":"max-video-preview:-1"},"og_locale":"it_IT","og_type":"article","og_title":"I dati ufficiali sul gioco d\u2019azzardo nel 2016 in Italia - Staging Avviso Pubblico","og_description":"Il Ministero dell\u2019Economia, in risposta ad una interrogazione parlamentare, ha fornito recentemente i dati sulla raccolta del gioco d\u2019azzardo per il 2016 e sulle relative&nbsp;[&hellip;]Leggi tutto I dati ufficiali sul gioco d\u2019azzardo nel 2016 in Italia &rarr;","og_url":"https:\/\/welaikaadv.site\/avviso\/home\/cosa-facciamo\/informare\/documenti-tematici\/gioco-dazzardo\/dati-ufficiali-sul-gioco-dazzardo-nel-2016-italia\/","og_site_name":"Staging Avviso Pubblico","og_image":[{"url":"https:\/\/welaikaadv.site\/avviso\/wp-content\/uploads\/2017\/02\/Grafico3.jpg","type":"","width":"","height":""}],"twitter_card":"summary_large_image","twitter_misc":{"Tempo di lettura stimato":"1 minuto"},"schema":{"@context":"https:\/\/schema.org","@graph":[{"@type":"WebPage","@id":"https:\/\/welaikaadv.site\/avviso\/home\/cosa-facciamo\/informare\/documenti-tematici\/gioco-dazzardo\/dati-ufficiali-sul-gioco-dazzardo-nel-2016-italia\/","url":"https:\/\/welaikaadv.site\/avviso\/home\/cosa-facciamo\/informare\/documenti-tematici\/gioco-dazzardo\/dati-ufficiali-sul-gioco-dazzardo-nel-2016-italia\/","name":"I dati ufficiali sul gioco d\u2019azzardo nel 2016 in Italia - Staging Avviso Pubblico","isPartOf":{"@id":"https:\/\/welaikaadv.site\/avviso\/#website"},"primaryImageOfPage":{"@id":"https:\/\/welaikaadv.site\/avviso\/home\/cosa-facciamo\/informare\/documenti-tematici\/gioco-dazzardo\/dati-ufficiali-sul-gioco-dazzardo-nel-2016-italia\/#primaryimage"},"image":{"@id":"https:\/\/welaikaadv.site\/avviso\/home\/cosa-facciamo\/informare\/documenti-tematici\/gioco-dazzardo\/dati-ufficiali-sul-gioco-dazzardo-nel-2016-italia\/#primaryimage"},"thumbnailUrl":"https:\/\/welaikaadv.site\/avviso\/wp-content\/uploads\/2017\/02\/Grafico3.jpg","datePublished":"2017-09-26T13:54:10+00:00","breadcrumb":{"@id":"https:\/\/welaikaadv.site\/avviso\/home\/cosa-facciamo\/informare\/documenti-tematici\/gioco-dazzardo\/dati-ufficiali-sul-gioco-dazzardo-nel-2016-italia\/#breadcrumb"},"inLanguage":"it-IT","potentialAction":[{"@type":"ReadAction","target":["https:\/\/welaikaadv.site\/avviso\/home\/cosa-facciamo\/informare\/documenti-tematici\/gioco-dazzardo\/dati-ufficiali-sul-gioco-dazzardo-nel-2016-italia\/"]}]},{"@type":"ImageObject","inLanguage":"it-IT","@id":"https:\/\/welaikaadv.site\/avviso\/home\/cosa-facciamo\/informare\/documenti-tematici\/gioco-dazzardo\/dati-ufficiali-sul-gioco-dazzardo-nel-2016-italia\/#primaryimage","url":"https:\/\/welaikaadv.site\/avviso\/wp-content\/uploads\/2017\/02\/Grafico3.jpg","contentUrl":"https:\/\/welaikaadv.site\/avviso\/wp-content\/uploads\/2017\/02\/Grafico3.jpg"},{"@type":"BreadcrumbList","@id":"https:\/\/welaikaadv.site\/avviso\/home\/cosa-facciamo\/informare\/documenti-tematici\/gioco-dazzardo\/dati-ufficiali-sul-gioco-dazzardo-nel-2016-italia\/#breadcrumb","itemListElement":[{"@type":"ListItem","position":1,"name":"Home","item":"https:\/\/welaikaadv.site\/avviso\/"},{"@type":"ListItem","position":2,"name":"I dati ufficiali sul gioco d\u2019azzardo nel 2016 in Italia"}]},{"@type":"WebSite","@id":"https:\/\/welaikaadv.site\/avviso\/#website","url":"https:\/\/welaikaadv.site\/avviso\/","name":"Staging Avviso Pubblico","description":"","publisher":{"@id":"https:\/\/welaikaadv.site\/avviso\/#organization"},"potentialAction":[{"@type":"SearchAction","target":{"@type":"EntryPoint","urlTemplate":"https:\/\/welaikaadv.site\/avviso\/?s={search_term_string}"},"query-input":{"@type":"PropertyValueSpecification","valueRequired":true,"valueName":"search_term_string"}}],"inLanguage":"it-IT"},{"@type":"Organization","@id":"https:\/\/welaikaadv.site\/avviso\/#organization","name":"Staging Avviso Pubblico","url":"https:\/\/welaikaadv.site\/avviso\/","logo":{"@type":"ImageObject","inLanguage":"it-IT","@id":"https:\/\/welaikaadv.site\/avviso\/#\/schema\/logo\/image\/","url":"https:\/\/welaikaadv.site\/avviso\/wp-content\/uploads\/2024\/08\/logoAPsito-400.png","contentUrl":"https:\/\/welaikaadv.site\/avviso\/wp-content\/uploads\/2024\/08\/logoAPsito-400.png","width":400,"height":97,"caption":"Staging Avviso Pubblico"},"image":{"@id":"https:\/\/welaikaadv.site\/avviso\/#\/schema\/logo\/image\/"}}]}},"_links":{"self":[{"href":"https:\/\/welaikaadv.site\/avviso\/wp-json\/wp\/v2\/pages\/7290","targetHints":{"allow":["GET"]}}],"collection":[{"href":"https:\/\/welaikaadv.site\/avviso\/wp-json\/wp\/v2\/pages"}],"about":[{"href":"https:\/\/welaikaadv.site\/avviso\/wp-json\/wp\/v2\/types\/page"}],"author":[{"embeddable":true,"href":"https:\/\/welaikaadv.site\/avviso\/wp-json\/wp\/v2\/users\/1"}],"replies":[{"embeddable":true,"href":"https:\/\/welaikaadv.site\/avviso\/wp-json\/wp\/v2\/comments?post=7290"}],"version-history":[{"count":0,"href":"https:\/\/welaikaadv.site\/avviso\/wp-json\/wp\/v2\/pages\/7290\/revisions"}],"up":[{"embeddable":true,"href":"https:\/\/welaikaadv.site\/avviso\/wp-json\/wp\/v2\/pages\/202"}],"wp:attachment":[{"href":"https:\/\/welaikaadv.site\/avviso\/wp-json\/wp\/v2\/media?parent=7290"}],"curies":[{"name":"wp","href":"https:\/\/api.w.org\/{rel}","templated":true}]}}