{"id":7362,"date":"2017-09-27T14:45:20","date_gmt":"2017-09-27T12:45:20","guid":{"rendered":"http:\/\/www.avvisopubblico.it\/home\/?page_id=7362"},"modified":"2017-09-27T14:45:20","modified_gmt":"2017-09-27T12:45:20","slug":"quadro-generale-della-normativa-statale-regionale-materia-racket-ed-usura","status":"publish","type":"page","link":"https:\/\/welaikaadv.site\/avviso\/home\/cosa-facciamo\/informare\/documenti-tematici\/mafie\/quadro-generale-della-normativa-statale-regionale-materia-racket-ed-usura\/","title":{"rendered":"Quadro generale della normativa statale e regionale in materia di racket ed usura"},"content":{"rendered":"<p><strong>Premessa<\/strong>. L&#8217;usura consiste nel concedere un prestito a un tasso d&#8217;interesse superiore al cosiddetto &#8220;tasso soglia&#8221;. Il reato di racket o &#8220;pizzo&#8221; si concretizza invece nella richiesta ad un operatore economico del pagamento periodico di una certa somma di denaro in cambio della &#8220;protezione&#8221; da parte dell\u2019organizzazione criminale. Entrambi i fenomeni si sono inizialmente concentrati nel Meridione, ma negli ultimi tempi si sono estesi anche ad altre regioni del Paese; la criminalit\u00e0 organizzata utilizza il prestito usurario per riciclare il denaro ed estendere il proprio controllo sulle aziende.<\/p>\n<p><strong>La normativa statale<\/strong>. Per contrastare questi fenomeni, sono in vigore due specifici provvedimenti: il primo \u00e8 la legge n. 108 del 1996 (<em>Disposizioni in materia di usura<\/em>); il secondo \u00e8 la legge n. 44\/1999 (<em>Fondo di solidariet\u00e0 per le vittime delle richieste estorsive e dell&#8217;usura<\/em>). Entrambi i provvedimenti sono stati recentemente modificati dalla legge n. 3 del 2012 (<em>Disposizioni in materia di usura e di estorsione, nonche&#8217; di composizione delle crisi da sovraindebitamento<\/em>).<\/p>\n<p>La <a href=\"http:\/\/www.normattiva.it\/uri-res\/N2Ls?urn:nir:stato:legge:1996;108\"><strong>legge n. 108 del 1996<\/strong> <\/a>definisce il reato di usura e le pene relative (art. 644 del codice penale); le modalit\u00e0 per stabilire ci\u00f2 che va considerato tasso usuraio; la nullit\u00e0 delle clausole contrattuali che prevedano tassi usurai; l\u2019aumento della pena per chi svolge attivit\u00e0 finanziaria abusiva; autorizza l\u2019effettuazione di intercettazioni telefoniche e l\u2019applicazione delle misure di prevenzione anche ai soggetti colpevoli del reato di usura (artt. 1-10).<\/p>\n<p>La legge prevede un <em>Fondo di solidariet\u00e0 per le vittime dell\u2019usura <\/em>(art. 14), con il quale erogare mutui senza interesse, di durata non superiore al decennio, a favore di soggetti che esercitano attivit\u00e0 economica, ovvero una libera arte e professione e che dichiarino di essere vittime dell\u2019usura e risultino parti offese nel relativo procedimento penale; i mutui possono essere erogati anche in caso di fallimento. Tale beneficio pu\u00f2 essere concesso anche nel corso delle indagini preliminari. La legge pone precisi divieti all\u2019erogazione dei mutui a soggetti colpevoli di determinati reati.<\/p>\n<p>La stessa legge istituisce (art. 15) un altro <em>Fondo per la prevenzione del fenomeno dell\u2019usura<\/em>, da utilizzare per l\u2019erogazione di contributi a favore di appositi fondi speciali costituiti dai consorzi o cooperative di garanzia collettiva fidi denominati \u201cConfidi\u201d, istituiti dalle associazioni di categoria imprenditoriali e dagli ordini professionali, ovvero di fondazioni ed associazioni che operano per la prevenzione del fenomeno dell\u2019usura: i soggetti in possesso dei requisiti indicati dal decreto n. 220 del 2007 sono iscritti in appositi elenchi presso le prefetture. La gestione del Fondo \u00e8 affidata ad un apposito Comitato, presieduto dal Commissario antiracket e antiusura. \u00e8 composto da rappresentanti dei Ministeri degli Interni, dello Sviluppo economico, dell\u2019Economia, del CNEL, delle associazioni di solidariet\u00e0 antiracket di rilevanza nazionale nonch\u00e9 della CONSAP &#8211; quest\u2019ultimo senza diritto di voto (Per il regolamento del nuovo Fondo vedi il <a href=\"http:\/\/www.normattiva.it\/uri-res\/N2Ls?urn:nir:presidente.repubblica:decreto:2014;60\"><strong>Dpr n. 60 del 2014<\/strong><\/a>).<\/p>\n<p>La <a href=\"http:\/\/www.normattiva.it\/uri-res\/N2Ls?urn:nir:stato:legge:1999;44\"><strong>legge n. 44\/1999<\/strong><\/a> prevede la concessione di benefici economici ai soggetti (imprenditori, professionisti, associazioni di categoria organizzazioni antiracket e antiusura) danneggiati da attivit\u00e0&#8217; estorsive, a condizione che abbia aderito o abbia cessato di aderire alle richieste estorsive, che non abbia concorso nei reati, che non risulti sottoposta a misura di prevenzione ed abbia sporto regolare denuncia (artt. 1 ss). Il beneficio \u00e8 soggetto a revoca (art. 16). A tal fine \u00e8 stato creato un apposito Fondo di solidariet\u00e0, alimentato \u2013 in aggiunta al contributo statale &#8211; con un contributo sui premi assicurativi, una quota delle somme di denaro confiscate ai sensi della legislazione antimafia ed una quota del ricavato delle vendite dei beni confiscati alla criminalit\u00e0 organizzata (art. 18 e 18 bis). Gli enti locali, utilizzando le risorse a propria disposizione, possono sostenere la prevenzione e la tutela delle attivit\u00e0 economiche dalle richieste estorsive attraverso l&#8217;esonero, anche parziale, dal pagamento di tributi e tariffe locali (art. 18 ter).<\/p>\n<p>Con la <a href=\"http:\/\/www.normattiva.it\/uri-res\/N2Ls?urn:nir:stato:legge:2001;448\"><strong>legge<\/strong> <strong>n. 448\/2001<\/strong><\/a> (art. 51, comma 1) si \u00e8 provveduto a far confluire i fondi sopra citati (nonch\u00e9 quello per le vittime della mafia di cui alla <a href=\"http:\/\/www.normattiva.it\/uri-res\/N2Ls?urn:nir:stato:legge:1999;512\">legge n. 512 del 1999<\/a>), in unico Fondo denominato <em>Fondo di rotazione per la solidariet\u00e0 alle vittime dei reati di tipo mafioso, delle richieste estorsive e dell\u2019usura. <\/em>Si ricorda che<\/p>\n<p>Con la <a href=\"http:\/\/www.normattiva.it\/uri-res\/N2Ls?urn:nir:stato:legge:2012;3\"><strong>legge n. 3 del 2012<\/strong><\/a>, sopra citata, sono state anche modificati due articoli del codice penale oltre che alcune disposizioni del codice di procedura penale. In particolare, nel <strong>nuovo art. 629 c.p<\/strong>. sono aumentate le multe previste per il delitto di estorsione ed \u00e8 aggiunta una nuova circostanza aggravante speciale consistente nell\u2019avere commesso il fatto per assicurare a s\u00e9 o ad altri interessi o vantaggi usurari. Con il <strong>nuovo art. 644 c.p<\/strong> si prevede che nel caso di estinzione del reato (per morte dell\u2019indagato o imputato, amnistia, prescrizione) spetta al giudice disporre la restituzione all\u2019indagato o imputato dei beni sequestrati in caso di insussistenza dei presupposti del reato di usura; se invece tali presupposti sono ancora sussistenti, i beni sequestrati sono confiscati o restituiti alla vittima del reato o ad un eventuale terzo.<\/p>\n<p><strong>La normativa regionale<\/strong><em>. <\/em>Accanto alla normativa statale vanno segnalati i provvedimenti adottati da numerose regioni.<\/p>\n<p>Alcune Regioni hanno approvato leggi specificamente destinate a contrastare usura e dell\u2019estorsione, come il Lazio (che ha creato un Fondo affidato alla societ\u00e0 regionale Unionfidi Lazio a garanzia dei finanziamenti concessi da banche o per assistenza legale e consulenza professionale a vittime dell\u2019usura: legge regionale n. 23 del 2001), il Piemonte (si integrano con risorse regionali i fondi speciali antiusura costituiti dalle cooperative e dai consorzi di garanzia fidi: <a href=\"http:\/\/arianna.consiglioregionale.piemonte.it\/ariaint\/TESTO?LAYOUT=PRESENTAZIONE&amp;TIPODOC=LEGGI&amp;LEGGE=11&amp;LEGGEANNO=2000\">legge n. 11 del 2000<\/a>) e la Toscana (vengono previsti in particolare contributi ad associazioni che operano nel settore anche per la realizzazione di sportelli di assistenza: <a href=\"http:\/\/raccoltanormativa.consiglio.regione.toscana.it\/articolo?urndoc=urn:nir:regione.toscana:legge:2009-12-29;86\">legge n. 86 del 2009<\/a>). Di recente la Puglia ha approvato un apposito provvedimento in materia (<strong>legge n. 25 del 2015<\/strong>) che prevede l\u2019istituzione di un Fondo per la prevenzione, il contrasto e l\u2019emersione dei fenomeni dell\u2019usura e dell\u2019estorsione e per la solidariet\u00e0 alle vittime; viene istituita una Consulta regionale ed un Osservatorio dedicato a tale fenomeno; un ruolo centrale nell\u2019attuazione della legge rivestono enti locali ed associazioni di volontariato. Anche la Basilicata ha approvato di recente una nuova legge (<strong><a href=\"http:\/\/www.quotidianoentilocali.ilsole24ore.com\/pa24.php?idProvv=285159&amp;idDocType=1\">legge n. 21 del 2015<\/a><\/strong>, che abroga la precedente legge regionale n. 7 del 2011) che istituisce un Coordinamento regionale, con rappresentanti dell\u2019amministrazioni locali e statali e dell\u2019associazionismo, per attivare\u00a0 campagne di sensibilizzazione e di informazione e supportare il lavoro di prevenzione e di contrasto al racket e all&#8217;usura svolto dalle associazioni; le erogazioni a carico del Fondo regionale (375.000 euro nel 2015) sono gestite sulla base di un piano d\u2019azione annuale.<\/p>\n<p>Altre regioni hanno inserito misure di sostegno alle vittime dell\u2019estorsione e usura all\u2019interno di provvedimenti di portata pi\u00f9 generale volti a contrastare la criminalit\u00e0 organizzata e a diffondere la cultura della legalit\u00e0. Si segnalano a tale riguardo le leggi regionali della Calabria (<a href=\"http:\/\/www.consiglioregionale.calabria.it\/hp4\/contenuti\/schedaI\/scheda_informativa.asp?codice=120&amp;SINTESI=OFF\">legge n. 31 del 2008<\/a> e <a href=\"http:\/\/www.consiglioregionale.calabria.it\/hp4\/contenuti\/schedaI\/scheda_informativa.asp?codice=169&amp;SINTESI=OFF\">legge n. 3 del 2011<\/a>: quest\u2019ultima prevede tra l\u2019altro canali preferenziali negli appalti pubblici o per l\u2019affidamento di lavori per le imprese vittime dell\u2019andrangheta (art. 1) e risoluzione dei contratti della p.a. in caso di mancata denuncia (art. 2), dell\u2019Emilia Romagna (legge n. 3 del 2011, art. 9), della Liguria (legge n. 7 del 2012, art. 13), della Lombardia (<a href=\"http:\/\/normelombardia.consiglio.regione.lombardia.it\/NormeLombardia\/Accessibile\/main.aspx?exp_coll=lr002015062400017&amp;view=showdoc&amp;iddoc=lr002015062400017&amp;selnode=lr002015062400017\"><strong>legge n. 17 del 2015<\/strong><\/a>, artt. 24-30, che ha sostituito la precedente <a href=\"http:\/\/normelombardia.consiglio.regione.lombardia.it\/NormeLombardia\/Accessibile\/main.aspx?view=showdoc&amp;exp_coll=lr002011050300009&amp;rebuildtree=1&amp;selnode=lr002011050300009&amp;iddoc=lr002011050300009&amp;testo=\">legge n. 9 del 2011<\/a>,\u00a0artt. 11-19), della Sicilia (<a href=\"http:\/\/www.gurs.regione.sicilia.it\/Indicep1.htm\">legge n. 15 del 2008<\/a>), del Trentino (<a href=\"http:\/\/www.consiglio.provincia.tn.it\/leggi-e-archivi\/codice-provinciale\/archivio\/Pages\/Legge%20provinciale%2012%20dicembre%202011,%20n.%2015_23090.aspx?zid=050ff35f-7ac7-49cf-808b-8fe158525009\">legge provinciale n. 15 del 2011<\/a>, artt. 6 e 8), dell\u2019Umbria (<a href=\"http:\/\/www2.regione.umbria.it\/norme_fe\/Asset.aspx?ID=627E55AB-6D4D-48A6-BEA5-8AA22FB91097\">legge n. 16 del 2012<\/a>, art. 10), delle Marche (<strong>legge n. 16 del 2014<\/strong>, artt. 4 e 6),\u00a0e del Veneto (<a href=\"http:\/\/www.consiglioveneto.it\/crvportal\/leggi_storico\/2012\/12lr0048.html?numLegge=48&amp;annoLegge=2012&amp;tipoLegge=Alr\">legge n. 48 del 2012<\/a>, artt. 11 e 14)<\/p>\n<p><strong>\u00a0<\/strong><\/p>\n<p><em>\u00a0 \u00a0 \u00a0 \u00a0 \u00a0 \u00a0 \u00a0 \u00a0 \u00a0 \u00a0 \u00a0 \u00a0 \u00a0 \u00a0 \u00a0 \u00a0 \u00a0 \u00a0 \u00a0 \u00a0 \u00a0 \u00a0 \u00a0 \u00a0 \u00a0 \u00a0 \u00a0 \u00a0 \u00a0 \u00a0 \u00a0 \u00a0 \u00a0 \u00a0 \u00a0 \u00a0 \u00a0 \u00a0 \u00a0 \u00a0 \u00a0 \u00a0 \u00a0 \u00a0 \u00a0 \u00a0 \u00a0 \u00a0 \u00a0 \u00a0 \u00a0 \u00a0 \u00a0 \u00a0 \u00a0 \u00a0 \u00a0 \u00a0 \u00a0 \u00a0 \u00a0 \u00a0 \u00a0 \u00a0 \u00a0 \u00a0 \u00a0 \u00a0 \u00a0(ultimo aggiornamento 31 agosto 2015)<\/em><\/p>\n","protected":false},"excerpt":{"rendered":"<p>Premessa. L&#8217;usura consiste nel concedere un prestito a un tasso d&#8217;interesse superiore al cosiddetto &#8220;tasso soglia&#8221;. Il reato di racket o &#8220;pizzo&#8221; si concretizza invece&nbsp;<span class=\"hellipsis\">[&hellip;]<\/span><a class=\"more-link\" href=\"https:\/\/welaikaadv.site\/avviso\/home\/cosa-facciamo\/informare\/documenti-tematici\/mafie\/quadro-generale-della-normativa-statale-regionale-materia-racket-ed-usura\/\">Leggi tutto <span class=\"screen-reader-text\">Quadro generale della normativa statale e regionale in materia di racket ed usura<\/span> <span class=\"meta-nav\" aria-hidden=\"true\">&rarr;<\/span><\/a><\/p>\n","protected":false},"author":1,"featured_media":0,"parent":207,"menu_order":10,"comment_status":"closed","ping_status":"closed","template":"","meta":{"_acf_changed":false,"_exactmetrics_skip_tracking":false,"_exactmetrics_sitenote_active":false,"_exactmetrics_sitenote_note":"","_exactmetrics_sitenote_category":0,"wp_social_preview_title":"","wp_social_preview_description":"","wp_social_preview_image":0,"footnotes":""},"class_list":["post-7362","page","type-page","status-publish","hentry"],"acf":[],"yoast_head":"<!-- This site is optimized with the Yoast SEO plugin v27.2 - https:\/\/yoast.com\/product\/yoast-seo-wordpress\/ -->\n<title>Quadro generale della normativa statale e regionale in materia di racket ed usura - Staging Avviso Pubblico<\/title>\n<meta name=\"robots\" content=\"noindex, follow, max-snippet:-1, max-image-preview:large, max-video-preview:-1\" \/>\n<meta property=\"og:locale\" content=\"it_IT\" \/>\n<meta property=\"og:type\" content=\"article\" \/>\n<meta property=\"og:title\" content=\"Quadro generale della normativa statale e regionale in materia di racket ed usura - Staging Avviso Pubblico\" \/>\n<meta property=\"og:description\" content=\"Premessa. L&#8217;usura consiste nel concedere un prestito a un tasso d&#8217;interesse superiore al cosiddetto &#8220;tasso soglia&#8221;. Il reato di racket o &#8220;pizzo&#8221; si concretizza invece&nbsp;[&hellip;]Leggi tutto Quadro generale della normativa statale e regionale in materia di racket ed usura &rarr;\" \/>\n<meta property=\"og:url\" content=\"https:\/\/welaikaadv.site\/avviso\/home\/cosa-facciamo\/informare\/documenti-tematici\/mafie\/quadro-generale-della-normativa-statale-regionale-materia-racket-ed-usura\/\" \/>\n<meta property=\"og:site_name\" content=\"Staging Avviso Pubblico\" \/>\n<meta name=\"twitter:card\" content=\"summary_large_image\" \/>\n<meta name=\"twitter:label1\" content=\"Tempo di lettura stimato\" \/>\n\t<meta name=\"twitter:data1\" content=\"6 minuti\" \/>\n<script type=\"application\/ld+json\" class=\"yoast-schema-graph\">{\"@context\":\"https:\/\/schema.org\",\"@graph\":[{\"@type\":\"WebPage\",\"@id\":\"https:\/\/welaikaadv.site\/avviso\/home\/cosa-facciamo\/informare\/documenti-tematici\/mafie\/quadro-generale-della-normativa-statale-regionale-materia-racket-ed-usura\/\",\"url\":\"https:\/\/welaikaadv.site\/avviso\/home\/cosa-facciamo\/informare\/documenti-tematici\/mafie\/quadro-generale-della-normativa-statale-regionale-materia-racket-ed-usura\/\",\"name\":\"Quadro generale della normativa statale e regionale in materia di racket ed usura - Staging Avviso Pubblico\",\"isPartOf\":{\"@id\":\"https:\/\/welaikaadv.site\/avviso\/#website\"},\"datePublished\":\"2017-09-27T12:45:20+00:00\",\"breadcrumb\":{\"@id\":\"https:\/\/welaikaadv.site\/avviso\/home\/cosa-facciamo\/informare\/documenti-tematici\/mafie\/quadro-generale-della-normativa-statale-regionale-materia-racket-ed-usura\/#breadcrumb\"},\"inLanguage\":\"it-IT\",\"potentialAction\":[{\"@type\":\"ReadAction\",\"target\":[\"https:\/\/welaikaadv.site\/avviso\/home\/cosa-facciamo\/informare\/documenti-tematici\/mafie\/quadro-generale-della-normativa-statale-regionale-materia-racket-ed-usura\/\"]}]},{\"@type\":\"BreadcrumbList\",\"@id\":\"https:\/\/welaikaadv.site\/avviso\/home\/cosa-facciamo\/informare\/documenti-tematici\/mafie\/quadro-generale-della-normativa-statale-regionale-materia-racket-ed-usura\/#breadcrumb\",\"itemListElement\":[{\"@type\":\"ListItem\",\"position\":1,\"name\":\"Home\",\"item\":\"https:\/\/welaikaadv.site\/avviso\/\"},{\"@type\":\"ListItem\",\"position\":2,\"name\":\"Quadro generale della normativa statale e regionale in materia di racket ed usura\"}]},{\"@type\":\"WebSite\",\"@id\":\"https:\/\/welaikaadv.site\/avviso\/#website\",\"url\":\"https:\/\/welaikaadv.site\/avviso\/\",\"name\":\"Staging Avviso Pubblico\",\"description\":\"\",\"publisher\":{\"@id\":\"https:\/\/welaikaadv.site\/avviso\/#organization\"},\"potentialAction\":[{\"@type\":\"SearchAction\",\"target\":{\"@type\":\"EntryPoint\",\"urlTemplate\":\"https:\/\/welaikaadv.site\/avviso\/?s={search_term_string}\"},\"query-input\":{\"@type\":\"PropertyValueSpecification\",\"valueRequired\":true,\"valueName\":\"search_term_string\"}}],\"inLanguage\":\"it-IT\"},{\"@type\":\"Organization\",\"@id\":\"https:\/\/welaikaadv.site\/avviso\/#organization\",\"name\":\"Staging Avviso Pubblico\",\"url\":\"https:\/\/welaikaadv.site\/avviso\/\",\"logo\":{\"@type\":\"ImageObject\",\"inLanguage\":\"it-IT\",\"@id\":\"https:\/\/welaikaadv.site\/avviso\/#\/schema\/logo\/image\/\",\"url\":\"https:\/\/welaikaadv.site\/avviso\/wp-content\/uploads\/2024\/08\/logoAPsito-400.png\",\"contentUrl\":\"https:\/\/welaikaadv.site\/avviso\/wp-content\/uploads\/2024\/08\/logoAPsito-400.png\",\"width\":400,\"height\":97,\"caption\":\"Staging Avviso Pubblico\"},\"image\":{\"@id\":\"https:\/\/welaikaadv.site\/avviso\/#\/schema\/logo\/image\/\"}}]}<\/script>\n<!-- \/ Yoast SEO plugin. -->","yoast_head_json":{"title":"Quadro generale della normativa statale e regionale in materia di racket ed usura - Staging Avviso Pubblico","robots":{"index":"noindex","follow":"follow","max-snippet":"max-snippet:-1","max-image-preview":"max-image-preview:large","max-video-preview":"max-video-preview:-1"},"og_locale":"it_IT","og_type":"article","og_title":"Quadro generale della normativa statale e regionale in materia di racket ed usura - Staging Avviso Pubblico","og_description":"Premessa. L&#8217;usura consiste nel concedere un prestito a un tasso d&#8217;interesse superiore al cosiddetto &#8220;tasso soglia&#8221;. Il reato di racket o &#8220;pizzo&#8221; si concretizza invece&nbsp;[&hellip;]Leggi tutto Quadro generale della normativa statale e regionale in materia di racket ed usura &rarr;","og_url":"https:\/\/welaikaadv.site\/avviso\/home\/cosa-facciamo\/informare\/documenti-tematici\/mafie\/quadro-generale-della-normativa-statale-regionale-materia-racket-ed-usura\/","og_site_name":"Staging Avviso Pubblico","twitter_card":"summary_large_image","twitter_misc":{"Tempo di lettura stimato":"6 minuti"},"schema":{"@context":"https:\/\/schema.org","@graph":[{"@type":"WebPage","@id":"https:\/\/welaikaadv.site\/avviso\/home\/cosa-facciamo\/informare\/documenti-tematici\/mafie\/quadro-generale-della-normativa-statale-regionale-materia-racket-ed-usura\/","url":"https:\/\/welaikaadv.site\/avviso\/home\/cosa-facciamo\/informare\/documenti-tematici\/mafie\/quadro-generale-della-normativa-statale-regionale-materia-racket-ed-usura\/","name":"Quadro generale della normativa statale e regionale in materia di racket ed usura - Staging Avviso Pubblico","isPartOf":{"@id":"https:\/\/welaikaadv.site\/avviso\/#website"},"datePublished":"2017-09-27T12:45:20+00:00","breadcrumb":{"@id":"https:\/\/welaikaadv.site\/avviso\/home\/cosa-facciamo\/informare\/documenti-tematici\/mafie\/quadro-generale-della-normativa-statale-regionale-materia-racket-ed-usura\/#breadcrumb"},"inLanguage":"it-IT","potentialAction":[{"@type":"ReadAction","target":["https:\/\/welaikaadv.site\/avviso\/home\/cosa-facciamo\/informare\/documenti-tematici\/mafie\/quadro-generale-della-normativa-statale-regionale-materia-racket-ed-usura\/"]}]},{"@type":"BreadcrumbList","@id":"https:\/\/welaikaadv.site\/avviso\/home\/cosa-facciamo\/informare\/documenti-tematici\/mafie\/quadro-generale-della-normativa-statale-regionale-materia-racket-ed-usura\/#breadcrumb","itemListElement":[{"@type":"ListItem","position":1,"name":"Home","item":"https:\/\/welaikaadv.site\/avviso\/"},{"@type":"ListItem","position":2,"name":"Quadro generale della normativa statale e regionale in materia di racket ed usura"}]},{"@type":"WebSite","@id":"https:\/\/welaikaadv.site\/avviso\/#website","url":"https:\/\/welaikaadv.site\/avviso\/","name":"Staging Avviso Pubblico","description":"","publisher":{"@id":"https:\/\/welaikaadv.site\/avviso\/#organization"},"potentialAction":[{"@type":"SearchAction","target":{"@type":"EntryPoint","urlTemplate":"https:\/\/welaikaadv.site\/avviso\/?s={search_term_string}"},"query-input":{"@type":"PropertyValueSpecification","valueRequired":true,"valueName":"search_term_string"}}],"inLanguage":"it-IT"},{"@type":"Organization","@id":"https:\/\/welaikaadv.site\/avviso\/#organization","name":"Staging Avviso Pubblico","url":"https:\/\/welaikaadv.site\/avviso\/","logo":{"@type":"ImageObject","inLanguage":"it-IT","@id":"https:\/\/welaikaadv.site\/avviso\/#\/schema\/logo\/image\/","url":"https:\/\/welaikaadv.site\/avviso\/wp-content\/uploads\/2024\/08\/logoAPsito-400.png","contentUrl":"https:\/\/welaikaadv.site\/avviso\/wp-content\/uploads\/2024\/08\/logoAPsito-400.png","width":400,"height":97,"caption":"Staging Avviso Pubblico"},"image":{"@id":"https:\/\/welaikaadv.site\/avviso\/#\/schema\/logo\/image\/"}}]}},"_links":{"self":[{"href":"https:\/\/welaikaadv.site\/avviso\/wp-json\/wp\/v2\/pages\/7362","targetHints":{"allow":["GET"]}}],"collection":[{"href":"https:\/\/welaikaadv.site\/avviso\/wp-json\/wp\/v2\/pages"}],"about":[{"href":"https:\/\/welaikaadv.site\/avviso\/wp-json\/wp\/v2\/types\/page"}],"author":[{"embeddable":true,"href":"https:\/\/welaikaadv.site\/avviso\/wp-json\/wp\/v2\/users\/1"}],"replies":[{"embeddable":true,"href":"https:\/\/welaikaadv.site\/avviso\/wp-json\/wp\/v2\/comments?post=7362"}],"version-history":[{"count":0,"href":"https:\/\/welaikaadv.site\/avviso\/wp-json\/wp\/v2\/pages\/7362\/revisions"}],"up":[{"embeddable":true,"href":"https:\/\/welaikaadv.site\/avviso\/wp-json\/wp\/v2\/pages\/207"}],"wp:attachment":[{"href":"https:\/\/welaikaadv.site\/avviso\/wp-json\/wp\/v2\/media?parent=7362"}],"curies":[{"name":"wp","href":"https:\/\/api.w.org\/{rel}","templated":true}]}}