{"id":7405,"date":"2017-10-09T13:57:34","date_gmt":"2017-10-09T11:57:34","guid":{"rendered":"http:\/\/www.avvisopubblico.it\/home\/?page_id=7405"},"modified":"2017-10-09T13:57:34","modified_gmt":"2017-10-09T11:57:34","slug":"partner-e-relatori","status":"publish","type":"page","link":"https:\/\/welaikaadv.site\/avviso\/home\/cosa-facciamo\/formare\/partner-e-relatori\/","title":{"rendered":"Partner e relatori"},"content":{"rendered":"<p>Partner principali, formatori, relatori, ospiti istituzionali<!--more--><\/p>\n<h2>Quali i nostri partner principali in questi anni<\/h2>\n<p>ANCI, ARCI, Camera di Commercio di Padova, Casa Memoria Peppino e Felicia Impastato, CIGL, CISL, CNCA, Forum Italiano Sicurezza Urbana, Gruppo Abele, Gruppo Sole 24 Ore, Legambiente, Libera, Progetto Mondo Mlal,\u00a0Provincia di Pistoia, Provincia di Torino, Riparte il Futuro, Sos Impresa, Universit\u00e0 di Bologna, Universit\u00e0 di Napoli, Universit\u00e0 di Padova, Universit\u00e0 di Pisa, UIL.<\/p>\n<h2>relatori<\/h2>\n<p>Alcune delle persone che hanno collaborato con noi in questi anni:<\/p>\n<p><strong>Giuseppe Arbore<\/strong>, Colonnello della Guardia di Finanza; <strong>Daniela Bauduin<\/strong>, avvocato e giornalista pubblicista; <strong>Antonio Bertelli,<\/strong>\u00a0Responsabile Ufficio Appalti Comune di Livorno; <strong>Luca Bertoni<\/strong>,\u00a0Presidente Ordine degli Ingegneri di Lodi e coautore del &#8220;Protocollo di Merlino&#8221;; <strong>Massimo Calzolari,<\/strong> architetto e gi\u00e0 Presidente di Avviso Pubblico; <strong>Andrea Campinoti,<\/strong> gi\u00e0 Presidente di Avviso Pubblico;\u00a0<strong>Giandomenico Casarini,<\/strong>\u00a0Responsabile Ufficio Tributi Comune di Corsico e Referente di ReteComuni di Anci Lombardia; <strong>Andrea Cauduro<\/strong>, Assegnista di ricerca Univerist\u00e0 di Trento; <strong>Enzo Ciconte<\/strong>, storico e docente di storia della criminalit\u00e0 organizzata; <strong>Nadia Cor\u00e0<\/strong>, avvocato; <strong>Mariangela Danzi,\u00a0<\/strong> Segretario generale Comune di Novara; <strong>Andrea Di Nicola,<\/strong> scrittore e docente di Criminologia Universit\u00e0 degli Studi di Trento;\u00a0<strong>Giuseppe Di Trapani<\/strong>,\u00a0Comitato Addio Pizzo Palermo; <strong>Gianfranco Donadio,<\/strong> magistrato, gi\u00e0 Procuratore aggiunto DIA; Leonardo Ferrante,\u00a0referente nazionale del settore Anticorruzione civica e cittadinanza monitorante delle associazioni <em>Libera<\/em> e Gruppo Abele; <strong>Andrea Ferrarini<\/strong>,\u00a0Consulente organizzativo; <strong>Francesco Forgione<\/strong>,\u00a0Direttore generale Fondazione Federico II\u00b0 di Palermo; <strong>Lorenzo Frigerio,<\/strong> Coordinatore Fondazione Libera Informazione;\u00a0<strong>Rossano Galtarossa,<\/strong>\u00a0Campione olimpico di canottaggio; <strong>Roberto Gerardi,<\/strong>\u00a0segretario generale del Comune di Piacenza; <strong>Salvatore Gibilino,\u00a0<\/strong>Presidente della Cooperativa &#8220;Pio La Torre&#8221; di San Giuseppe Jato (PA); <strong>Lucio Guarino,<\/strong>\u00a0Funzionario Regione Sicilia; <strong>Annarita Iannucci,\u00a0<\/strong>Dirigente &#8211; Capo Area Affari Istituzionali e Quartieri;<strong> Rosa Iovinella,<\/strong> Segretario generale Comune di Reggio Emilia; Rocco Mangiardi, commerciante che ha denunciato il pizzo; <strong>Simona Lodesani,<\/strong>\u00a0Dirigente dell\u2019Area Economico Finanziaria Comune di Formigine (Mo);\u00a0<strong>Vittorio Mete,<\/strong>\u00a0Docente di Sociologia dei fenomeni politici Universit\u00e0 di Catanzaro; <strong>Massimo Mezzetti,<\/strong>\u00a0Assessore Regione Emilia-Romagna e Vicepresidente Avviso Pubblico;\u00a0<strong>Cataldo Motta,\u00a0<\/strong> Procuratore della Repubblica di Lecce; <strong>Emanuela Nicosia,<\/strong>\u00a0Architetto e Presidente &#8220;Comitato Professionisti Liberi&#8221; di Palermo; <strong>Silvia Nejrotti,<\/strong>\u00a0Formatrice, esperta in team building, coaching, consulenza organizzativa; <strong>Franco Nicastro,\u00a0<\/strong>Funzionario Comune di Venezia, Esperto L. 190; <strong>Luca Ortolan,<\/strong>\u00a0Psicologo, formatore, consulente organizzativo; <strong>Giuliano Palagi<\/strong>, avvocato, gi\u00e0 Direttore Generale della Provincia di Pisa; <strong>Alberto Ernesto Perduca,\u00a0<\/strong> Procuratore aggiunto procura di Torino; <strong>Guido Paratico,<\/strong> avvocato; <strong>Mario Carmelo Piancaldini,<\/strong>\u00a0Responsabile Ufficio imprese minori e lavoratori autonomi Direzione Centrale Accertamento; <strong>Enza Rando<\/strong>, avvocato,\u00a0Ufficio Legale di Libera; <strong>Serena Righini,<\/strong> architetto, Responsabile Ufficio tecnico Comune di Merlino e Assessore Comune di Melzo (LO); <strong>Cinzia Roma,<\/strong> Strategie Civiche di prevenzione delle mafie e della corruzione Gruppo Abele ONLUS;\u00a0<strong>Luigi Schiavo<\/strong>,\u00a0Presidente ANCE Veneto, Unione regionale dei costruttori edili del Veneto, aderente all&#8217;Unione nazionale e a Confindustria; <strong>Rocco Sciarrone,<\/strong>\u00a0Professore sociologia generale Universit\u00e0 di Torino; <strong>Daniele Senzani,<\/strong> docente Universit\u00e0 di Bologna;\u00a0<strong>Luciano Silvestri,<\/strong>\u00a0Responsabile Nazionale settore \u201cSicurezza e Legalit\u00e0\u201d CGIL;\u00a0<strong>Ettore Squillace Greco,<\/strong> Procuratore della Repubblica di Livorno; <strong>Damiano Tommasi,<\/strong>\u00a0Presidente Associazione italiana calciatori; <strong>Roberto Terzo,<\/strong> magistrato della Procura della Repubblica di Venezia;\u00a0<strong> Giovanni Tizian<\/strong>, giornalista de L&#8217;Espresso;\u00a0<strong>Mario Turla,<\/strong> Responsabile ufficio progettazione sistemi antiriciclaggio; <strong>Francesco Vignola,<\/strong>\u00a0Formatore, consulente organizzativo, esperto Politiche Giovanili; <strong>Alberto Vannucci,\u00a0<\/strong>Docente di Scienza Politica<span class=\"Apple-converted-space\">\u00a0<\/span>Universit\u00e0 di Pisa e Direttore del Master in Analisi, prevenzione e contrasto della criminalit\u00e0 organizzata e della corruzione; <strong>Francesco Verbaro,<\/strong>\u00a0Docente Scuola Superiore della Pubblica Amministrazione;\u00a0<strong>Andrea Vitali,<\/strong>\u00a0membro dell&#8217;Advisory Board di Transparency International Italia; <strong>Mariangela Zaccaria,<\/strong> Vice Segretario generale Comune Milano.<\/p>\n<h2>ospiti istituzionali<\/h2>\n<p>I nostri corsi formativi sono stati aperti e conclusi anche da importanti ospiti istituzionali, tra i quali ricordiamo:<\/p>\n<p><strong>Rosy Bindi, <\/strong>gi\u00e0 Presidente della Commissione parlamentare antimafia;<strong>\u00a0Stefano Bonaccini,\u00a0<\/strong>presidente della Conferenza delle Regioni e delle Province autonome e Presidente Regione Emilia-Romagna; <strong>Raffaele Cantone,<\/strong> magistrato, presiede Autorit\u00e0 nazionale anticorruzione;\u00a0<strong>Piercamillo Davigo,<\/strong> magistrato, Presidente della II\u00b0 Sezione Penale presso la Corte suprema di cassazione;\u00a0<strong>Federico Cafiero de Raho, <\/strong>gi\u00e0 Procuratore nazionale antimafia, <strong>Piergiorgio Morosini,<\/strong> membro del Consiglio Superiore della Magistratura.<\/p>\n","protected":false},"excerpt":{"rendered":"<p>Istituzioni, Enti Locali, Regioni, Universit\u00e0, Associazioni ed Organizzazioni di Categoria. Una rete diffusa che prova a costruire legalit\u00e0 &nbsp;<span class=\"hellipsis\">[&hellip;]<\/span><a class=\"more-link\" href=\"https:\/\/welaikaadv.site\/avviso\/home\/cosa-facciamo\/formare\/partner-e-relatori\/\">Leggi tutto <span class=\"screen-reader-text\">Partner e relatori<\/span> <span class=\"meta-nav\" aria-hidden=\"true\">&rarr;<\/span><\/a><\/p>\n","protected":false},"author":1,"featured_media":7715,"parent":23538,"menu_order":40,"comment_status":"closed","ping_status":"closed","template":"","meta":{"_acf_changed":false,"_exactmetrics_skip_tracking":false,"_exactmetrics_sitenote_active":false,"_exactmetrics_sitenote_note":"","_exactmetrics_sitenote_category":0,"wp_social_preview_title":"","wp_social_preview_description":"","wp_social_preview_image":0,"footnotes":""},"class_list":["post-7405","page","type-page","status-publish","has-post-thumbnail","hentry"],"acf":[],"yoast_head":"<!-- This site is optimized with the Yoast SEO plugin v27.2 - https:\/\/yoast.com\/product\/yoast-seo-wordpress\/ -->\n<title>Partner e relatori - Staging Avviso Pubblico<\/title>\n<meta name=\"robots\" content=\"noindex, follow, max-snippet:-1, max-image-preview:large, max-video-preview:-1\" \/>\n<meta property=\"og:locale\" content=\"it_IT\" \/>\n<meta property=\"og:type\" content=\"article\" \/>\n<meta property=\"og:title\" content=\"Partner e relatori - Staging Avviso Pubblico\" \/>\n<meta property=\"og:description\" content=\"Istituzioni, Enti Locali, Regioni, Universit\u00e0, Associazioni ed Organizzazioni di Categoria. Una rete diffusa che prova a costruire legalit\u00e0 &nbsp;[&hellip;]Leggi tutto Partner e relatori &rarr;\" \/>\n<meta property=\"og:url\" content=\"https:\/\/welaikaadv.site\/avviso\/home\/cosa-facciamo\/formare\/partner-e-relatori\/\" \/>\n<meta property=\"og:site_name\" content=\"Staging Avviso Pubblico\" \/>\n<meta name=\"twitter:card\" content=\"summary_large_image\" \/>\n<meta name=\"twitter:label1\" content=\"Tempo di lettura stimato\" \/>\n\t<meta name=\"twitter:data1\" content=\"3 minuti\" \/>\n<script type=\"application\/ld+json\" class=\"yoast-schema-graph\">{\"@context\":\"https:\/\/schema.org\",\"@graph\":[{\"@type\":\"WebPage\",\"@id\":\"https:\/\/welaikaadv.site\/avviso\/home\/cosa-facciamo\/formare\/partner-e-relatori\/\",\"url\":\"https:\/\/welaikaadv.site\/avviso\/home\/cosa-facciamo\/formare\/partner-e-relatori\/\",\"name\":\"Partner e relatori - Staging Avviso Pubblico\",\"isPartOf\":{\"@id\":\"https:\/\/welaikaadv.site\/avviso\/#website\"},\"primaryImageOfPage\":{\"@id\":\"https:\/\/welaikaadv.site\/avviso\/home\/cosa-facciamo\/formare\/partner-e-relatori\/#primaryimage\"},\"image\":{\"@id\":\"https:\/\/welaikaadv.site\/avviso\/home\/cosa-facciamo\/formare\/partner-e-relatori\/#primaryimage\"},\"thumbnailUrl\":\"\",\"datePublished\":\"2017-10-09T11:57:34+00:00\",\"breadcrumb\":{\"@id\":\"https:\/\/welaikaadv.site\/avviso\/home\/cosa-facciamo\/formare\/partner-e-relatori\/#breadcrumb\"},\"inLanguage\":\"it-IT\",\"potentialAction\":[{\"@type\":\"ReadAction\",\"target\":[\"https:\/\/welaikaadv.site\/avviso\/home\/cosa-facciamo\/formare\/partner-e-relatori\/\"]}]},{\"@type\":\"ImageObject\",\"inLanguage\":\"it-IT\",\"@id\":\"https:\/\/welaikaadv.site\/avviso\/home\/cosa-facciamo\/formare\/partner-e-relatori\/#primaryimage\",\"url\":\"\",\"contentUrl\":\"\"},{\"@type\":\"BreadcrumbList\",\"@id\":\"https:\/\/welaikaadv.site\/avviso\/home\/cosa-facciamo\/formare\/partner-e-relatori\/#breadcrumb\",\"itemListElement\":[{\"@type\":\"ListItem\",\"position\":1,\"name\":\"Home\",\"item\":\"https:\/\/welaikaadv.site\/avviso\/\"},{\"@type\":\"ListItem\",\"position\":2,\"name\":\"Home\",\"item\":\"https:\/\/welaikaadv.site\/avviso\/home\/\"},{\"@type\":\"ListItem\",\"position\":3,\"name\":\"Cosa facciamo\",\"item\":\"https:\/\/welaikaadv.site\/avviso\/home\/cosa-facciamo\/\"},{\"@type\":\"ListItem\",\"position\":4,\"name\":\"Formare\",\"item\":\"https:\/\/welaikaadv.site\/avviso\/home\/cosa-facciamo\/formare\/\"},{\"@type\":\"ListItem\",\"position\":5,\"name\":\"Partner e relatori\"}]},{\"@type\":\"WebSite\",\"@id\":\"https:\/\/welaikaadv.site\/avviso\/#website\",\"url\":\"https:\/\/welaikaadv.site\/avviso\/\",\"name\":\"Staging Avviso Pubblico\",\"description\":\"\",\"publisher\":{\"@id\":\"https:\/\/welaikaadv.site\/avviso\/#organization\"},\"potentialAction\":[{\"@type\":\"SearchAction\",\"target\":{\"@type\":\"EntryPoint\",\"urlTemplate\":\"https:\/\/welaikaadv.site\/avviso\/?s={search_term_string}\"},\"query-input\":{\"@type\":\"PropertyValueSpecification\",\"valueRequired\":true,\"valueName\":\"search_term_string\"}}],\"inLanguage\":\"it-IT\"},{\"@type\":\"Organization\",\"@id\":\"https:\/\/welaikaadv.site\/avviso\/#organization\",\"name\":\"Staging Avviso Pubblico\",\"url\":\"https:\/\/welaikaadv.site\/avviso\/\",\"logo\":{\"@type\":\"ImageObject\",\"inLanguage\":\"it-IT\",\"@id\":\"https:\/\/welaikaadv.site\/avviso\/#\/schema\/logo\/image\/\",\"url\":\"https:\/\/welaikaadv.site\/avviso\/wp-content\/uploads\/2024\/08\/logoAPsito-400.png\",\"contentUrl\":\"https:\/\/welaikaadv.site\/avviso\/wp-content\/uploads\/2024\/08\/logoAPsito-400.png\",\"width\":400,\"height\":97,\"caption\":\"Staging Avviso Pubblico\"},\"image\":{\"@id\":\"https:\/\/welaikaadv.site\/avviso\/#\/schema\/logo\/image\/\"}}]}<\/script>\n<!-- \/ Yoast SEO plugin. -->","yoast_head_json":{"title":"Partner e relatori - Staging Avviso Pubblico","robots":{"index":"noindex","follow":"follow","max-snippet":"max-snippet:-1","max-image-preview":"max-image-preview:large","max-video-preview":"max-video-preview:-1"},"og_locale":"it_IT","og_type":"article","og_title":"Partner e relatori - Staging Avviso Pubblico","og_description":"Istituzioni, Enti Locali, Regioni, Universit\u00e0, Associazioni ed Organizzazioni di Categoria. Una rete diffusa che prova a costruire legalit\u00e0 &nbsp;[&hellip;]Leggi tutto Partner e relatori &rarr;","og_url":"https:\/\/welaikaadv.site\/avviso\/home\/cosa-facciamo\/formare\/partner-e-relatori\/","og_site_name":"Staging Avviso Pubblico","twitter_card":"summary_large_image","twitter_misc":{"Tempo di lettura stimato":"3 minuti"},"schema":{"@context":"https:\/\/schema.org","@graph":[{"@type":"WebPage","@id":"https:\/\/welaikaadv.site\/avviso\/home\/cosa-facciamo\/formare\/partner-e-relatori\/","url":"https:\/\/welaikaadv.site\/avviso\/home\/cosa-facciamo\/formare\/partner-e-relatori\/","name":"Partner e relatori - Staging Avviso Pubblico","isPartOf":{"@id":"https:\/\/welaikaadv.site\/avviso\/#website"},"primaryImageOfPage":{"@id":"https:\/\/welaikaadv.site\/avviso\/home\/cosa-facciamo\/formare\/partner-e-relatori\/#primaryimage"},"image":{"@id":"https:\/\/welaikaadv.site\/avviso\/home\/cosa-facciamo\/formare\/partner-e-relatori\/#primaryimage"},"thumbnailUrl":"","datePublished":"2017-10-09T11:57:34+00:00","breadcrumb":{"@id":"https:\/\/welaikaadv.site\/avviso\/home\/cosa-facciamo\/formare\/partner-e-relatori\/#breadcrumb"},"inLanguage":"it-IT","potentialAction":[{"@type":"ReadAction","target":["https:\/\/welaikaadv.site\/avviso\/home\/cosa-facciamo\/formare\/partner-e-relatori\/"]}]},{"@type":"ImageObject","inLanguage":"it-IT","@id":"https:\/\/welaikaadv.site\/avviso\/home\/cosa-facciamo\/formare\/partner-e-relatori\/#primaryimage","url":"","contentUrl":""},{"@type":"BreadcrumbList","@id":"https:\/\/welaikaadv.site\/avviso\/home\/cosa-facciamo\/formare\/partner-e-relatori\/#breadcrumb","itemListElement":[{"@type":"ListItem","position":1,"name":"Home","item":"https:\/\/welaikaadv.site\/avviso\/"},{"@type":"ListItem","position":2,"name":"Home","item":"https:\/\/welaikaadv.site\/avviso\/home\/"},{"@type":"ListItem","position":3,"name":"Cosa facciamo","item":"https:\/\/welaikaadv.site\/avviso\/home\/cosa-facciamo\/"},{"@type":"ListItem","position":4,"name":"Formare","item":"https:\/\/welaikaadv.site\/avviso\/home\/cosa-facciamo\/formare\/"},{"@type":"ListItem","position":5,"name":"Partner e relatori"}]},{"@type":"WebSite","@id":"https:\/\/welaikaadv.site\/avviso\/#website","url":"https:\/\/welaikaadv.site\/avviso\/","name":"Staging Avviso Pubblico","description":"","publisher":{"@id":"https:\/\/welaikaadv.site\/avviso\/#organization"},"potentialAction":[{"@type":"SearchAction","target":{"@type":"EntryPoint","urlTemplate":"https:\/\/welaikaadv.site\/avviso\/?s={search_term_string}"},"query-input":{"@type":"PropertyValueSpecification","valueRequired":true,"valueName":"search_term_string"}}],"inLanguage":"it-IT"},{"@type":"Organization","@id":"https:\/\/welaikaadv.site\/avviso\/#organization","name":"Staging Avviso Pubblico","url":"https:\/\/welaikaadv.site\/avviso\/","logo":{"@type":"ImageObject","inLanguage":"it-IT","@id":"https:\/\/welaikaadv.site\/avviso\/#\/schema\/logo\/image\/","url":"https:\/\/welaikaadv.site\/avviso\/wp-content\/uploads\/2024\/08\/logoAPsito-400.png","contentUrl":"https:\/\/welaikaadv.site\/avviso\/wp-content\/uploads\/2024\/08\/logoAPsito-400.png","width":400,"height":97,"caption":"Staging Avviso Pubblico"},"image":{"@id":"https:\/\/welaikaadv.site\/avviso\/#\/schema\/logo\/image\/"}}]}},"_links":{"self":[{"href":"https:\/\/welaikaadv.site\/avviso\/wp-json\/wp\/v2\/pages\/7405","targetHints":{"allow":["GET"]}}],"collection":[{"href":"https:\/\/welaikaadv.site\/avviso\/wp-json\/wp\/v2\/pages"}],"about":[{"href":"https:\/\/welaikaadv.site\/avviso\/wp-json\/wp\/v2\/types\/page"}],"author":[{"embeddable":true,"href":"https:\/\/welaikaadv.site\/avviso\/wp-json\/wp\/v2\/users\/1"}],"replies":[{"embeddable":true,"href":"https:\/\/welaikaadv.site\/avviso\/wp-json\/wp\/v2\/comments?post=7405"}],"version-history":[{"count":0,"href":"https:\/\/welaikaadv.site\/avviso\/wp-json\/wp\/v2\/pages\/7405\/revisions"}],"up":[{"embeddable":true,"href":"https:\/\/welaikaadv.site\/avviso\/wp-json\/wp\/v2\/pages\/23538"}],"wp:featuredmedia":[{"embeddable":true,"href":"https:\/\/welaikaadv.site\/avviso\/wp-json\/"}],"wp:attachment":[{"href":"https:\/\/welaikaadv.site\/avviso\/wp-json\/wp\/v2\/media?parent=7405"}],"curies":[{"name":"wp","href":"https:\/\/api.w.org\/{rel}","templated":true}]}}