{"id":748,"date":"2017-08-16T11:41:50","date_gmt":"2017-08-16T09:41:50","guid":{"rendered":"http:\/\/www.avvisopubblico.it\/home\/?page_id=748"},"modified":"2017-08-16T11:41:50","modified_gmt":"2017-08-16T09:41:50","slug":"revisione-della-disciplina-degli-appalti-audizioni-al-senato-alla-camera-del-presidente-dellautorita-nazionale-anticorruzione","status":"publish","type":"page","link":"https:\/\/welaikaadv.site\/avviso\/home\/cosa-facciamo\/informare\/documenti-tematici\/corruzione-appalti\/revisione-della-disciplina-degli-appalti-audizioni-al-senato-alla-camera-del-presidente-dellautorita-nazionale-anticorruzione\/","title":{"rendered":"Revisione della disciplina degli appalti: audizioni al Senato e alla Camera del Presidente dell\u2019Autorit\u00e0 nazionale anticorruzione"},"content":{"rendered":"<p>Il Presidente dell\u2019ANAC (Autorit\u00e0 nazionale anticorruzione) \u00e8 stato ascoltato il <a href=\"http:\/\/www.anticorruzione.it\/portal\/rest\/jcr\/repository\/collaboration\/Digital%20Assets\/anacdocs\/Attivita\/RelazioniIstituzionali\/AudizioniParlamento\/aud.pres.sen18.02.15.pdf\">18 febbraio 2015<\/a> dalla Commissione Lavori pubblici del Senato nell\u2019ambito delle audizioni informali promosse dalla stessa Commissione per approfondire le problematiche emerse nell\u2019esame del disegno di legge del Governo di attuazione di alcune direttive comunitarie in materia di appalti (<a href=\"http:\/\/www.senato.it\/leg\/17\/BGT\/Schede\/Ddliter\/44998.htm\">Atto Senato 1678<\/a>). Successivamente \u00e8 stato ascoltato anche dalla Commissione Ambiente della Camera (seduta del <a href=\"http:\/\/www.camera.it\/leg17\/1058?idLegislatura=17&amp;tipologia=audiz2&amp;sottotipologia=audizione&amp;anno=2015&amp;mese=07&amp;giorno=15&amp;idCommissione=08&amp;numero=0018&amp;file=indice_stenografico#stenograficoCommissione.tit00020.int00010\">15 luglio 2015<\/a>). Un\u2019ulteriore audizione si \u00e8 svolta, a Commissioni riunite, il <a href=\"http:\/\/www.camera.it\/leg17\/1058?idLegislatura=17&amp;tipologia=audiz2&amp;sottotipologia=audizione&amp;anno=2016&amp;mese=03&amp;giorno=17&amp;idCommissione=08c08&amp;numero=0001&amp;file=indice_stenografico\">17 marzo 2016<\/a>. Le Commissioni Ambiente della Camera e Lavori pubblici del Senato hanno successivamente ascoltato il <a href=\"http:\/\/www.camera.it\/leg17\/1058?idLegislatura=17&amp;tipologia=audiz2&amp;sottotipologia=audizione&amp;anno=2016&amp;mese=06&amp;giorno=21&amp;idCommissione=08c08&amp;numero=0003&amp;file=indice_stenografico\">21 giugno 2016<\/a> il Presidente dell\u2019Autorit\u00e0 anticorruzione sul processo di attuazione del codice degli appalti di cui alla <a href=\"https:\/\/welaikaadv.site\/avviso\/home\/cosa-facciamo\/informare\/osservatorio-parlamentare\/attivita-legislativa\/legge-n-11-del-2016-riforma-del-codice-degli-appalti\/\">legge n. 11 del 2016<\/a> ed il <a href=\"http:\/\/www.camera.it\/leg17\/1079?idLegislatura=17&amp;tipologia=indag&amp;sottotipologia=c08_contratti&amp;anno=2017&amp;mese=03&amp;giorno=29&amp;idCommissione=08c08&amp;numero=0008&amp;file=indice_stenografico\">29 marzo 2017<\/a> con riferimento particolare al decreto legislativo correttivo. Qui di seguito sono sintetizzati gli aspetti principali degli interventi del dott. Cantone.<\/p>\n<p><strong>Audizione al Senato<\/strong>. Nella prima audizione viene espresso innanzitutto apprezzamento per la scelta di procedere ad una riscrittura integrale del codice degli appalti, che nella sua formulazione attuale non si \u00e8 rivelato idoneo a contrastare fenomeni di corruzione n\u00e9 a garantire procedure di gara snelle e trasparenti, favorendo nella pratica il frequente ricorso alle deroghe soprattutto nella realizzazione delle grandi opere pubbliche; in questo senso assumono valore anche il \u201cdivieto di introdurre o mantenere livelli di regolazione superiori a quelli minimi richiesti dalle direttive comunitarie\u201d e l\u2019indicazione di \u201cevitare il ricorso a sistemi derogatori rispetto alla disciplina ordinaria\u201d (vedi i criteri direttivi di cui all\u2019art. 1, lett. a) e d).<\/p>\n<p>Al fine di non ampliare eccessivamente la discrezionalit\u00e0 delle stazioni appaltanti, le regole di carattere generale stabilite per legge dovrebbero per\u00f2 essere accompagnate da una serie di atti (linee guida, direttive, bandi\u2013tipo etc), non derogabili di norma, volti a garantire una corretta interpretazione della legge, da affidare espressamente proprio all\u2019Autorit\u00e0 anticorruzione.<\/p>\n<p>Tale potere si aggiungerebbe a quello gi\u00e0 previso dal ddl con riferimento all\u2019attivit\u00e0 di vigilanza, all\u2019interno della quale dovrebbe essere riconosciuto anche la possibilit\u00e0 di effettuare \u201craccomandazioni\u201d, sia nella fase della gara che dell\u2019esecuzione dell\u2019appalto, in analogia con quanto previsto dal <a href=\"http:\/\/www.normattiva.it\/uri-res\/N2Ls?urn:nir:stato:decreto.legge:2014;90\">decreto legge n. 90 del 2014<\/a>, anche nella forma di richiesta di riesame di singoli atti: si tratta del c.d. controllo collaborativo. E in tale quadro dovrebbe essere prevista anche la possibilit\u00e0, in caso di urgenza, di adottare misure cautelari sulle procedure di gara e sugli atti contrattuali e di ricorrere in giudizio, al fine di evitare danni irreparabili.<\/p>\n<p>All\u2019Autorit\u00e0 potrebbe essere affidata anche la tenuta di un apposito Albo, all\u2019interno del quale scegliere di volta in volta i commissari delle gare di appalto.<\/p>\n<p>In materia di controversie, si prospetta la possibilit\u00e0 di attribuire all\u2019Autorit\u00e0 la competenza a pronunciarsi, su richiesta delle parti, sul contenzioso in atto, salvo ricorso successivo al Consiglio di Stato.<\/p>\n<p>L\u2019Autorit\u00e0 propone l\u2019estensione della c.d. cd polizza globale di esecuzione, gi\u00e0 prevista per gli appalti di maggior valore, anche agli appalti di medio valore: si tratta di una misura che pu\u00f2 determinare una riduzione delle variazioni progettuali in corso d&#8217;opera e del fenomeno delle opere incompiute.<\/p>\n<p>Viene sottolineata anche l\u2019importanza della professionalizzazione delle stazioni appaltanti, con un sistema di certificazione della loro effettiva capacit\u00e0 organizzativa che abiliti ciascun ente solo ad una determinata categoria di contratti.<\/p>\n<p>Da approfondire il tema della qualificazione delle imprese che effettuano lavori pubblici (art. 1, lett. g), oggi attribuita alle SOA (Societ\u00e0 organismo di attestazione) che dovrebbe essere perfezionato, ad esempio attribuendo all\u2019Anac pi\u00f9 penetranti poteri di controllo e di sanzione per le aziende che commettono gravi irregolarit\u00e0 nella attestazione dei requisiti. Positiva appare la previsione di misure di premialit\u00e0 nei confronti delle aziende che si siano comportate secondo standard elevati di correttezza, di rispetto delle regole e con comprovate capacit\u00e0 imprenditoriali. A tal fine sarebbe opportuna anche una rivisitazione della disciplina relativa al rating di legalit\u00e0 attribuito all\u2019Autorit\u00e0 antitrust.<\/p>\n<p>Viene infine prospettata l\u2019esigenza di una disciplina sui gruppi di portatori di interessi particolari, attraverso l\u2019istituzione di un apposito Registro degli interessi e dei contratti dei decisori pubblici.<\/p>\n<p><strong>Audizione alla Camera<\/strong>. Nella seconda audizione il dott. Cantone ha ribadito il giudizio positivo sull\u2019impianto della riforma, condividendo anche le modifiche introdotte al Senato, che hanno recepito molte delle indicazioni dell\u2019Anac: \u00e8 stata salvaguardata l\u2019impostazione originaria di un Codice snello, con un rafforzamento del doppio livello di regolazione (quello relativo ai bandi di gara, alle linee guida etc). Apprezzato in particolare il divieto tendenziale alle deroghe ed il potenziamento del ruolo dell\u2019Autorit\u00e0 (ad es. sulla qualificazione delle stazioni appaltanti o sulla possibilit\u00e0 di tenere un Albo delle commissioni di gara), che d\u2019altronde nell\u2019ultimo anno ha sperimentato concretamente nuove forme di vigilanza collaborativa. Il Presidente dell\u2019Anac si \u00e8 soffermato su alcuni aspetti specifici sui quali ha invitato la Commissione ad intervenire..<\/p>\n<p>Il primo tema \u2013 emerso nell\u2019esperienza concreta &#8211; riguarda il <em>general contractor<\/em>, per il quale andrebbe previsto il divieto assoluto di ogni forma di variante (ovvero di consentirla solo per casi particolari, come potrebbe esse un obbligo previsto da una legge successiva all\u2019appalto), allo scopo di mantenere la finalit\u00e0 di tale istituto, che \u00e8 quella della realizzazione del lavoro \u201cchiavi in mano\u201d. Un secondo aspetto riguarda i costi derivanti dal meccanismo di istituzione delle commissioni di gara, che perci\u00f2 potrebbe essere applicato in modo pi\u00f9 flessibile, escludendo ad esempio gli appalti di minor valore.<\/p>\n<p>Per quanto riguarda il contenzioso, l\u2019Anac \u00e8 favorevole alla previsione obbligatoria degli arbitrati amministrati, sui quali &#8211; a differenza di quelli liberi, nei quali l\u2019arbitro \u00e8 scelto dalle parti \u2013 \u00e8 possibile un controllo efficace, qualificando espressamente gli arbitri come pubblici ufficiali. Viene inoltre ribadita \u2013 sempre sulla base dell\u2019esperienza concreta maturata in sede di attuazione &#8211; la piena validit\u00e0 dello strumento del commissariamento delle imprese, previsto dall&#8217;articolo 32 del \u201cprovvedimento Madia\u201d, conseguente a fatti corruttivi o a interdittive antimafia.<\/p>\n<p>Appare infine opportuno citare espressamente la \u201clegge obiettivo\u201d tra quelle abrogate a seguito dell\u2019entrata in vigore del nuovo codice degli appalti.<\/p>\n<p><strong>La prima audizione a Commissioni riunite<\/strong>. La terza audizione, svoltasi in prossimit\u00e0 dell\u2019emanazione del decreto legislativo, \u00e8 servita a ribadire il giudizio complessivamente favorevole sul nuovo codice, frutto di una \u201dpiccola rivoluzione copernicana\u201d, secondo il Presidente dell\u2019Anac, che ha posto l\u2019accento su alcuni punti qualificanti tra i quali:<\/p>\n<p>&#8211; la maggiore discrezionalit\u00e0 alle pubbliche amministrazioni, che dovranno responsabilmente utilizzarla, accompagnata da regole volte comunque a garantire la trasparenza, con particolare riferimento alle modalit\u00e0 di scelta delle commissioni di gara (il criterio del ricorso prevalente alle commissioni esterne va assolutamente salvaguardato), dall\u2019opzione verso l&#8217;abbandono del prezzo pi\u00f9 basso dall&#8217;idea di appalti che devono garantire la qualit\u00e0 e dall\u2019ampliamento dei poteri di controllo, consultivo, di vigilanza dell\u2019Anac, ci\u00f2 che imporr\u00e0 un riordino complessivo dell\u2019Autorit\u00e0;<\/p>\n<p>&#8211; la profonda semplificazione (aldil\u00e0 delle considerazioni sull\u2019elevato numero degli articoli), con la possibilit\u00e0 di interventi di <em>soft law<\/em>: la prima sfida \u00e8 rappresentata dalle linee guida che dovranno sostituire il Regolamento del Codice dei contratti, da realizzare in forma innovativa e al tal fine sar\u00e0 chiesto il contributo di esperti anche del mondo accademico; ad esse seguiranno le altre linee guida previste dal Codice con riferimento a singoli istituti, a partire da quelle riguardanti i contratti sotto soglia;<\/p>\n<p>&#8211; la significativa riduzione delle stazioni appaltanti, superando la vecchia impostazione del \u201ctutti possono fare tutto\u201d.<\/p>\n<p>Il Presidente prende in esame altres\u00ec una serie di aspetti meritevoli di ulteriore approfondimento, a partire dal tema della destinazione delle sanzioni, al non sempre congruo utilizzo della tecnica del rinvio, alla definizione delle procedure per l\u2019attribuzione del rating di legalit\u00e0, all\u2019istituto del partenariato, alla mancata previsione di un divieto di proroga.<\/p>\n<p><strong>Il processo di attuazione del codice e le nuove Linee guida<\/strong>. Nell\u2019audizione del 21 giugno 2016 Il Presidente Cantone illustra lo stato di avanzamento delle Linee guida relative all&#8217;offerta economicamente pi\u00f9 vantaggiosa, al responsabile unico del procedimento, al direttore dei lavori, al direttore dell&#8217;esecuzione, ai servizi di ingegneria, alle commissioni di gara e al \u201csotto soglia\u201d, elaborate dall\u2019Autorit\u00e0 al termine di un ampio e proficuo giro di consultazioni, che saranno trasmesse al Consiglio di Stato e alle Commissioni parlamentari: si tratta di adempimenti importanti anche al fine di contrastare il fenomeno della riduzione delle gare, emerso dopo l\u2019approvazione del nuovo Codice, e dare risposta alle molte questioni interpretative sollevate dalle stazioni appaltanti.<\/p>\n<p>Il presidente Cantone ribadisce la bont\u00e0 delle scelte di fondo effettuate con il nuovo Codice (in alcune parti sicuramente perfettibile), non condividendo molte delle critiche che sono state avanzate al riguardo da parte di soggetti che talora avevano sostenuto tesi diverse durante la discussione che ha preceduto l\u2019emanazione della legge n. 11 del 2016. E la stessa scelta di adottare Linee guida agevoler\u00e0 comunque in futuro i necessari che si rivelassero necessari sulla base dell\u2019esperienza concretamente maturata, a partire dalla definizione del \u201csotto soglia\u201d (sul quale le posizioni sono del tutto contrastanti) e al meccanismo dell&#8217;offerta economicamente pi\u00f9 vantaggiosa.<\/p>\n<p>Esprime in conclusione un giudizio positivo sulla prima esperienza attuativa del meccanismo del precontenzioso obbligatorio, che rappresenta un utile strumento alternativo di risoluzione delle controversie.<\/p>\n<p><strong>L\u2019audizione sul decreto legislativo correttivo<\/strong>. Per i contenuti dell\u2019intervento del Presidente Cantone leggi quest\u2019altra scheda.<\/p>\n<p>(<em>Ultimo aggiornamento luglio 2017<\/em>)<\/p>\n","protected":false},"excerpt":{"rendered":"<p>Il Presidente dell\u2019ANAC (Autorit\u00e0 nazionale anticorruzione) \u00e8 stato ascoltato il 18 febbraio 2015 dalla Commissione Lavori pubblici del Senato nell\u2019ambito delle audizioni informali promosse dalla&nbsp;<span class=\"hellipsis\">[&hellip;]<\/span><a class=\"more-link\" href=\"https:\/\/welaikaadv.site\/avviso\/home\/cosa-facciamo\/informare\/documenti-tematici\/corruzione-appalti\/revisione-della-disciplina-degli-appalti-audizioni-al-senato-alla-camera-del-presidente-dellautorita-nazionale-anticorruzione\/\">Leggi tutto <span class=\"screen-reader-text\">Revisione della disciplina degli appalti: audizioni al Senato e alla Camera del Presidente dell\u2019Autorit\u00e0 nazionale anticorruzione<\/span> <span class=\"meta-nav\" aria-hidden=\"true\">&rarr;<\/span><\/a><\/p>\n","protected":false},"author":1,"featured_media":0,"parent":198,"menu_order":20,"comment_status":"closed","ping_status":"closed","template":"","meta":{"_acf_changed":false,"_exactmetrics_skip_tracking":false,"_exactmetrics_sitenote_active":false,"_exactmetrics_sitenote_note":"","_exactmetrics_sitenote_category":0,"wp_social_preview_title":"","wp_social_preview_description":"","wp_social_preview_image":0,"footnotes":""},"class_list":["post-748","page","type-page","status-publish","hentry"],"acf":[],"yoast_head":"<!-- This site is optimized with the Yoast SEO plugin v27.2 - https:\/\/yoast.com\/product\/yoast-seo-wordpress\/ -->\n<title>Revisione della disciplina degli appalti: audizioni al Senato e alla Camera del Presidente dell\u2019Autorit\u00e0 nazionale anticorruzione - Staging Avviso Pubblico<\/title>\n<meta name=\"description\" content=\"Disciplina degli appalti: sintesi delle audizioni del Presidente dell\u2019Autorit\u00e0 nazionale anticorruzione presso il Parlamento\" \/>\n<meta name=\"robots\" content=\"noindex, follow, max-snippet:-1, max-image-preview:large, max-video-preview:-1\" \/>\n<meta property=\"og:locale\" content=\"it_IT\" \/>\n<meta property=\"og:type\" content=\"article\" \/>\n<meta property=\"og:title\" content=\"Revisione della disciplina degli appalti: audizioni al Senato e alla Camera del Presidente dell\u2019Autorit\u00e0 nazionale anticorruzione - Staging Avviso Pubblico\" \/>\n<meta property=\"og:description\" content=\"Disciplina degli appalti: sintesi delle audizioni del Presidente dell\u2019Autorit\u00e0 nazionale anticorruzione presso il Parlamento\" \/>\n<meta property=\"og:url\" content=\"https:\/\/welaikaadv.site\/avviso\/home\/cosa-facciamo\/informare\/documenti-tematici\/corruzione-appalti\/revisione-della-disciplina-degli-appalti-audizioni-al-senato-alla-camera-del-presidente-dellautorita-nazionale-anticorruzione\/\" \/>\n<meta property=\"og:site_name\" content=\"Staging Avviso Pubblico\" \/>\n<meta name=\"twitter:card\" content=\"summary_large_image\" \/>\n<meta name=\"twitter:label1\" content=\"Tempo di lettura stimato\" \/>\n\t<meta name=\"twitter:data1\" content=\"8 minuti\" \/>\n<script type=\"application\/ld+json\" class=\"yoast-schema-graph\">{\"@context\":\"https:\/\/schema.org\",\"@graph\":[{\"@type\":\"WebPage\",\"@id\":\"https:\/\/welaikaadv.site\/avviso\/home\/cosa-facciamo\/informare\/documenti-tematici\/corruzione-appalti\/revisione-della-disciplina-degli-appalti-audizioni-al-senato-alla-camera-del-presidente-dellautorita-nazionale-anticorruzione\/\",\"url\":\"https:\/\/welaikaadv.site\/avviso\/home\/cosa-facciamo\/informare\/documenti-tematici\/corruzione-appalti\/revisione-della-disciplina-degli-appalti-audizioni-al-senato-alla-camera-del-presidente-dellautorita-nazionale-anticorruzione\/\",\"name\":\"Revisione della disciplina degli appalti: audizioni al Senato e alla Camera del Presidente dell\u2019Autorit\u00e0 nazionale anticorruzione - Staging Avviso Pubblico\",\"isPartOf\":{\"@id\":\"https:\/\/welaikaadv.site\/avviso\/#website\"},\"datePublished\":\"2017-08-16T09:41:50+00:00\",\"description\":\"Disciplina degli appalti: sintesi delle audizioni del Presidente dell\u2019Autorit\u00e0 nazionale anticorruzione presso il Parlamento\",\"breadcrumb\":{\"@id\":\"https:\/\/welaikaadv.site\/avviso\/home\/cosa-facciamo\/informare\/documenti-tematici\/corruzione-appalti\/revisione-della-disciplina-degli-appalti-audizioni-al-senato-alla-camera-del-presidente-dellautorita-nazionale-anticorruzione\/#breadcrumb\"},\"inLanguage\":\"it-IT\",\"potentialAction\":[{\"@type\":\"ReadAction\",\"target\":[\"https:\/\/welaikaadv.site\/avviso\/home\/cosa-facciamo\/informare\/documenti-tematici\/corruzione-appalti\/revisione-della-disciplina-degli-appalti-audizioni-al-senato-alla-camera-del-presidente-dellautorita-nazionale-anticorruzione\/\"]}]},{\"@type\":\"BreadcrumbList\",\"@id\":\"https:\/\/welaikaadv.site\/avviso\/home\/cosa-facciamo\/informare\/documenti-tematici\/corruzione-appalti\/revisione-della-disciplina-degli-appalti-audizioni-al-senato-alla-camera-del-presidente-dellautorita-nazionale-anticorruzione\/#breadcrumb\",\"itemListElement\":[{\"@type\":\"ListItem\",\"position\":1,\"name\":\"Home\",\"item\":\"https:\/\/welaikaadv.site\/avviso\/\"},{\"@type\":\"ListItem\",\"position\":2,\"name\":\"Revisione della disciplina degli appalti: audizioni al Senato e alla Camera del Presidente dell\u2019Autorit\u00e0 nazionale anticorruzione\"}]},{\"@type\":\"WebSite\",\"@id\":\"https:\/\/welaikaadv.site\/avviso\/#website\",\"url\":\"https:\/\/welaikaadv.site\/avviso\/\",\"name\":\"Staging Avviso Pubblico\",\"description\":\"\",\"publisher\":{\"@id\":\"https:\/\/welaikaadv.site\/avviso\/#organization\"},\"potentialAction\":[{\"@type\":\"SearchAction\",\"target\":{\"@type\":\"EntryPoint\",\"urlTemplate\":\"https:\/\/welaikaadv.site\/avviso\/?s={search_term_string}\"},\"query-input\":{\"@type\":\"PropertyValueSpecification\",\"valueRequired\":true,\"valueName\":\"search_term_string\"}}],\"inLanguage\":\"it-IT\"},{\"@type\":\"Organization\",\"@id\":\"https:\/\/welaikaadv.site\/avviso\/#organization\",\"name\":\"Staging Avviso Pubblico\",\"url\":\"https:\/\/welaikaadv.site\/avviso\/\",\"logo\":{\"@type\":\"ImageObject\",\"inLanguage\":\"it-IT\",\"@id\":\"https:\/\/welaikaadv.site\/avviso\/#\/schema\/logo\/image\/\",\"url\":\"https:\/\/welaikaadv.site\/avviso\/wp-content\/uploads\/2024\/08\/logoAPsito-400.png\",\"contentUrl\":\"https:\/\/welaikaadv.site\/avviso\/wp-content\/uploads\/2024\/08\/logoAPsito-400.png\",\"width\":400,\"height\":97,\"caption\":\"Staging Avviso Pubblico\"},\"image\":{\"@id\":\"https:\/\/welaikaadv.site\/avviso\/#\/schema\/logo\/image\/\"}}]}<\/script>\n<!-- \/ Yoast SEO plugin. -->","yoast_head_json":{"title":"Revisione della disciplina degli appalti: audizioni al Senato e alla Camera del Presidente dell\u2019Autorit\u00e0 nazionale anticorruzione - Staging Avviso Pubblico","description":"Disciplina degli appalti: sintesi delle audizioni del Presidente dell\u2019Autorit\u00e0 nazionale anticorruzione presso il Parlamento","robots":{"index":"noindex","follow":"follow","max-snippet":"max-snippet:-1","max-image-preview":"max-image-preview:large","max-video-preview":"max-video-preview:-1"},"og_locale":"it_IT","og_type":"article","og_title":"Revisione della disciplina degli appalti: audizioni al Senato e alla Camera del Presidente dell\u2019Autorit\u00e0 nazionale anticorruzione - Staging Avviso Pubblico","og_description":"Disciplina degli appalti: sintesi delle audizioni del Presidente dell\u2019Autorit\u00e0 nazionale anticorruzione presso il Parlamento","og_url":"https:\/\/welaikaadv.site\/avviso\/home\/cosa-facciamo\/informare\/documenti-tematici\/corruzione-appalti\/revisione-della-disciplina-degli-appalti-audizioni-al-senato-alla-camera-del-presidente-dellautorita-nazionale-anticorruzione\/","og_site_name":"Staging Avviso Pubblico","twitter_card":"summary_large_image","twitter_misc":{"Tempo di lettura stimato":"8 minuti"},"schema":{"@context":"https:\/\/schema.org","@graph":[{"@type":"WebPage","@id":"https:\/\/welaikaadv.site\/avviso\/home\/cosa-facciamo\/informare\/documenti-tematici\/corruzione-appalti\/revisione-della-disciplina-degli-appalti-audizioni-al-senato-alla-camera-del-presidente-dellautorita-nazionale-anticorruzione\/","url":"https:\/\/welaikaadv.site\/avviso\/home\/cosa-facciamo\/informare\/documenti-tematici\/corruzione-appalti\/revisione-della-disciplina-degli-appalti-audizioni-al-senato-alla-camera-del-presidente-dellautorita-nazionale-anticorruzione\/","name":"Revisione della disciplina degli appalti: audizioni al Senato e alla Camera del Presidente dell\u2019Autorit\u00e0 nazionale anticorruzione - Staging Avviso Pubblico","isPartOf":{"@id":"https:\/\/welaikaadv.site\/avviso\/#website"},"datePublished":"2017-08-16T09:41:50+00:00","description":"Disciplina degli appalti: sintesi delle audizioni del Presidente dell\u2019Autorit\u00e0 nazionale anticorruzione presso il Parlamento","breadcrumb":{"@id":"https:\/\/welaikaadv.site\/avviso\/home\/cosa-facciamo\/informare\/documenti-tematici\/corruzione-appalti\/revisione-della-disciplina-degli-appalti-audizioni-al-senato-alla-camera-del-presidente-dellautorita-nazionale-anticorruzione\/#breadcrumb"},"inLanguage":"it-IT","potentialAction":[{"@type":"ReadAction","target":["https:\/\/welaikaadv.site\/avviso\/home\/cosa-facciamo\/informare\/documenti-tematici\/corruzione-appalti\/revisione-della-disciplina-degli-appalti-audizioni-al-senato-alla-camera-del-presidente-dellautorita-nazionale-anticorruzione\/"]}]},{"@type":"BreadcrumbList","@id":"https:\/\/welaikaadv.site\/avviso\/home\/cosa-facciamo\/informare\/documenti-tematici\/corruzione-appalti\/revisione-della-disciplina-degli-appalti-audizioni-al-senato-alla-camera-del-presidente-dellautorita-nazionale-anticorruzione\/#breadcrumb","itemListElement":[{"@type":"ListItem","position":1,"name":"Home","item":"https:\/\/welaikaadv.site\/avviso\/"},{"@type":"ListItem","position":2,"name":"Revisione della disciplina degli appalti: audizioni al Senato e alla Camera del Presidente dell\u2019Autorit\u00e0 nazionale anticorruzione"}]},{"@type":"WebSite","@id":"https:\/\/welaikaadv.site\/avviso\/#website","url":"https:\/\/welaikaadv.site\/avviso\/","name":"Staging Avviso Pubblico","description":"","publisher":{"@id":"https:\/\/welaikaadv.site\/avviso\/#organization"},"potentialAction":[{"@type":"SearchAction","target":{"@type":"EntryPoint","urlTemplate":"https:\/\/welaikaadv.site\/avviso\/?s={search_term_string}"},"query-input":{"@type":"PropertyValueSpecification","valueRequired":true,"valueName":"search_term_string"}}],"inLanguage":"it-IT"},{"@type":"Organization","@id":"https:\/\/welaikaadv.site\/avviso\/#organization","name":"Staging Avviso Pubblico","url":"https:\/\/welaikaadv.site\/avviso\/","logo":{"@type":"ImageObject","inLanguage":"it-IT","@id":"https:\/\/welaikaadv.site\/avviso\/#\/schema\/logo\/image\/","url":"https:\/\/welaikaadv.site\/avviso\/wp-content\/uploads\/2024\/08\/logoAPsito-400.png","contentUrl":"https:\/\/welaikaadv.site\/avviso\/wp-content\/uploads\/2024\/08\/logoAPsito-400.png","width":400,"height":97,"caption":"Staging Avviso Pubblico"},"image":{"@id":"https:\/\/welaikaadv.site\/avviso\/#\/schema\/logo\/image\/"}}]}},"_links":{"self":[{"href":"https:\/\/welaikaadv.site\/avviso\/wp-json\/wp\/v2\/pages\/748","targetHints":{"allow":["GET"]}}],"collection":[{"href":"https:\/\/welaikaadv.site\/avviso\/wp-json\/wp\/v2\/pages"}],"about":[{"href":"https:\/\/welaikaadv.site\/avviso\/wp-json\/wp\/v2\/types\/page"}],"author":[{"embeddable":true,"href":"https:\/\/welaikaadv.site\/avviso\/wp-json\/wp\/v2\/users\/1"}],"replies":[{"embeddable":true,"href":"https:\/\/welaikaadv.site\/avviso\/wp-json\/wp\/v2\/comments?post=748"}],"version-history":[{"count":0,"href":"https:\/\/welaikaadv.site\/avviso\/wp-json\/wp\/v2\/pages\/748\/revisions"}],"up":[{"embeddable":true,"href":"https:\/\/welaikaadv.site\/avviso\/wp-json\/wp\/v2\/pages\/198"}],"wp:attachment":[{"href":"https:\/\/welaikaadv.site\/avviso\/wp-json\/wp\/v2\/media?parent=748"}],"curies":[{"name":"wp","href":"https:\/\/api.w.org\/{rel}","templated":true}]}}