{"id":7518,"date":"2017-11-15T12:54:21","date_gmt":"2017-11-15T11:54:21","guid":{"rendered":"http:\/\/www.avvisopubblico.it\/osservatorio\/?page_id=7518"},"modified":"2017-11-15T12:54:21","modified_gmt":"2017-11-15T11:54:21","slug":"commissione-antimafia-audizione-del-presidente-del-consiglio-di-stato","status":"publish","type":"page","link":"https:\/\/welaikaadv.site\/avviso\/home\/cosa-facciamo\/informare\/osservatorio-parlamentare\/attivita-dinchiesta\/attivita-dinchiesta-xvii\/commissione-bicamerale-antimafia\/commissione-antimafia-audizione-del-presidente-del-consiglio-di-stato\/","title":{"rendered":"Commissione antimafia: audizione del Presidente del Consiglio di Stato"},"content":{"rendered":"<p><strong>Premessa<\/strong>. La Commissione Antimafia ha audito il <a href=\"http:\/\/www.camera.it\/leg17\/824?tipo=C&amp;anno=2017&amp;mese=11&amp;giorno=14&amp;view=&amp;commissione=24&amp;pagina=#data.20171114.com24.bollettino.sede00020.tit00020\"><strong>14 novembre 2017<\/strong><\/a> il Presidente del Consiglio di Stato, Alessandro Pajno, che ha illustrato l\u2019orientamento del massimo organo della giustizia amministrativa in ordine alle problematiche della certificazione antimafia e dello scioglimento delle amministrazioni locali per infiltrazioni della criminalit\u00e0 organizzata.<\/p>\n<p><strong>Informative e certificazione antimafia<\/strong>. Il dott. Pajno, dopo aver inquadrato le finalit\u00e0 delle misure di prevenzione, nell\u2019ambito della materia dell\u2019ordine pubblico economico, per fronteggiare il fenomeno delle infiltrazioni mafiose nelle attivit\u00e0 economiche, evidenzia il contributo dato dal Consiglio di Stato nella puntuale individuazione degli elementi di fatto che devono essere posti alla base dei provvedimenti adottati dalle prefetture. Appare infatti essenziale \u2013 anche ai fini del superamento di possibili obiezioni alla luce della Convenzione europea dei diritti dell\u2019uomo &#8211; precisare in modo rigoroso le motivazioni delle informative antimafia, che precludono l\u2019accesso a rapporti con la pubblica amministrazione, ivi incluse le autorizzazioni all\u2019esercizio di attivit\u00e0 economiche da parte dei soggetti per i quali si riscontra il pericolo di condizionamento da parte della criminalit\u00e0 organizzata. Giudica positivamente il comportamento adottato dalle prefetture volto a recepire le indicazioni dei giudici amministrativi, ponendo una particolare attenzione alle motivazioni in ordine gli elementi costitutivi dei loro provvedimenti. Ci\u00f2 ha consentito di ridurre sensibilmente i casi di accoglimento dei ricorsi da parte dei diretti interessati.<\/p>\n<p><strong>Scioglimento delle amministrazioni locali per infiltrazioni mafiose<\/strong>. Il dott. Pajno, nel ricordare i dati preoccupanti sul numero dei decreti di scioglimento di comuni e aziende sanitarie dal 1991 ad oggi, sottolinea la natura preventiva e cautelare dell\u2019istituto dello scioglimento, che ha superato il vaglio di costituzionalit\u00e0, volto ad intervenire come estrema ratio nei casi \u2013 purtroppo molto frequenti \u2013 di condizionamento della criminalit\u00e0 organizzata sulle Amministrazioni locali (organi politici e apparato burocratico). Si tratta di un intervento motivato dalla necessit\u00e0 di ripristino della legalit\u00e0, che rappresenta un interesse nazionale, aldil\u00e0 cio\u00e8 degli specifici interessi della comunit\u00e0 territoriale coinvolta. Anche in tale materia sottolinea l\u2019importanza di un\u2019adeguata motivazione, nella relazione di accompagnamento, degli elementi alla base del decreto di scioglimento: proprio in tale direzione il Consiglio ha analizzato con particolare attenzione i requisiti richiesti per una corretta formulazione dell\u2019atto amministrativo.<\/p>\n<p>&nbsp;<\/p>\n<p><em>Per un approfondimento in ordine alla normativa e alla giurisprudenza amministrativa in materia di certificazione antimafia leggi questa <\/em><a href=\"https:\/\/welaikaadv.site\/avviso\/certificati-antimafia-contrastare-linfiltrazione-mafiosa-nelleconomia-la-sintesi-della-normativa-sul-sito-di-avviso-pubblico\/\"><strong><em>scheda<\/em><\/strong><\/a><em>. Sulla giurisprudenza riguardante lo scioglimento delle amministrazioni locali per infiltrazioni della criminalit\u00e0 organizzata vedi questa <\/em><a href=\"https:\/\/welaikaadv.site\/avviso\/home\/cosa-facciamo\/informare\/documenti-tematici\/comuni-sciolti-per-mafia\/lo-scioglimento-delle-amministrazioni-locali-nella-giurisprudenza-amministrativa\/\"><strong><em>Nota<\/em><\/strong><\/a><em>.<\/em><\/p>\n<p>.<\/p>\n","protected":false},"excerpt":{"rendered":"<p>Premessa. La Commissione Antimafia ha audito il 14 novembre 2017 il Presidente del Consiglio di Stato, Alessandro Pajno, che ha illustrato l\u2019orientamento del massimo organo&nbsp;<span class=\"hellipsis\">[&hellip;]<\/span><a class=\"more-link\" href=\"https:\/\/welaikaadv.site\/avviso\/home\/cosa-facciamo\/informare\/osservatorio-parlamentare\/attivita-dinchiesta\/attivita-dinchiesta-xvii\/commissione-bicamerale-antimafia\/commissione-antimafia-audizione-del-presidente-del-consiglio-di-stato\/\">Leggi tutto <span class=\"screen-reader-text\">Commissione antimafia: audizione del Presidente del Consiglio di Stato<\/span> <span class=\"meta-nav\" aria-hidden=\"true\">&rarr;<\/span><\/a><\/p>\n","protected":false},"author":1,"featured_media":0,"parent":2662,"menu_order":0,"comment_status":"closed","ping_status":"closed","template":"","meta":{"_acf_changed":false,"_exactmetrics_skip_tracking":false,"_exactmetrics_sitenote_active":false,"_exactmetrics_sitenote_note":"","_exactmetrics_sitenote_category":0,"wp_social_preview_title":"","wp_social_preview_description":"","wp_social_preview_image":0,"footnotes":""},"class_list":["post-7518","page","type-page","status-publish","hentry"],"acf":[],"yoast_head":"<!-- This site is optimized with the Yoast SEO plugin v27.2 - https:\/\/yoast.com\/product\/yoast-seo-wordpress\/ -->\n<title>Commissione antimafia: audizione del Presidente del Consiglio di Stato - Staging Avviso Pubblico<\/title>\n<meta name=\"robots\" content=\"noindex, follow, max-snippet:-1, max-image-preview:large, max-video-preview:-1\" \/>\n<meta property=\"og:locale\" content=\"it_IT\" \/>\n<meta property=\"og:type\" content=\"article\" \/>\n<meta property=\"og:title\" content=\"Commissione antimafia: audizione del Presidente del Consiglio di Stato - Staging Avviso Pubblico\" \/>\n<meta property=\"og:description\" content=\"Premessa. La Commissione Antimafia ha audito il 14 novembre 2017 il Presidente del Consiglio di Stato, Alessandro Pajno, che ha illustrato l\u2019orientamento del massimo organo&nbsp;[&hellip;]Leggi tutto Commissione antimafia: audizione del Presidente del Consiglio di Stato &rarr;\" \/>\n<meta property=\"og:url\" content=\"https:\/\/welaikaadv.site\/avviso\/home\/cosa-facciamo\/informare\/osservatorio-parlamentare\/attivita-dinchiesta\/attivita-dinchiesta-xvii\/commissione-bicamerale-antimafia\/commissione-antimafia-audizione-del-presidente-del-consiglio-di-stato\/\" \/>\n<meta property=\"og:site_name\" content=\"Staging Avviso Pubblico\" \/>\n<meta name=\"twitter:card\" content=\"summary_large_image\" \/>\n<meta name=\"twitter:label1\" content=\"Tempo di lettura stimato\" \/>\n\t<meta name=\"twitter:data1\" content=\"2 minuti\" \/>\n<script type=\"application\/ld+json\" class=\"yoast-schema-graph\">{\"@context\":\"https:\/\/schema.org\",\"@graph\":[{\"@type\":\"WebPage\",\"@id\":\"https:\/\/welaikaadv.site\/avviso\/home\/cosa-facciamo\/informare\/osservatorio-parlamentare\/attivita-dinchiesta\/attivita-dinchiesta-xvii\/commissione-bicamerale-antimafia\/commissione-antimafia-audizione-del-presidente-del-consiglio-di-stato\/\",\"url\":\"https:\/\/welaikaadv.site\/avviso\/home\/cosa-facciamo\/informare\/osservatorio-parlamentare\/attivita-dinchiesta\/attivita-dinchiesta-xvii\/commissione-bicamerale-antimafia\/commissione-antimafia-audizione-del-presidente-del-consiglio-di-stato\/\",\"name\":\"Commissione antimafia: audizione del Presidente del Consiglio di Stato - Staging Avviso Pubblico\",\"isPartOf\":{\"@id\":\"https:\/\/welaikaadv.site\/avviso\/#website\"},\"datePublished\":\"2017-11-15T11:54:21+00:00\",\"breadcrumb\":{\"@id\":\"https:\/\/welaikaadv.site\/avviso\/home\/cosa-facciamo\/informare\/osservatorio-parlamentare\/attivita-dinchiesta\/attivita-dinchiesta-xvii\/commissione-bicamerale-antimafia\/commissione-antimafia-audizione-del-presidente-del-consiglio-di-stato\/#breadcrumb\"},\"inLanguage\":\"it-IT\",\"potentialAction\":[{\"@type\":\"ReadAction\",\"target\":[\"https:\/\/welaikaadv.site\/avviso\/home\/cosa-facciamo\/informare\/osservatorio-parlamentare\/attivita-dinchiesta\/attivita-dinchiesta-xvii\/commissione-bicamerale-antimafia\/commissione-antimafia-audizione-del-presidente-del-consiglio-di-stato\/\"]}]},{\"@type\":\"BreadcrumbList\",\"@id\":\"https:\/\/welaikaadv.site\/avviso\/home\/cosa-facciamo\/informare\/osservatorio-parlamentare\/attivita-dinchiesta\/attivita-dinchiesta-xvii\/commissione-bicamerale-antimafia\/commissione-antimafia-audizione-del-presidente-del-consiglio-di-stato\/#breadcrumb\",\"itemListElement\":[{\"@type\":\"ListItem\",\"position\":1,\"name\":\"Home\",\"item\":\"https:\/\/welaikaadv.site\/avviso\/\"},{\"@type\":\"ListItem\",\"position\":2,\"name\":\"Commissione antimafia: audizione del Presidente del Consiglio di Stato\"}]},{\"@type\":\"WebSite\",\"@id\":\"https:\/\/welaikaadv.site\/avviso\/#website\",\"url\":\"https:\/\/welaikaadv.site\/avviso\/\",\"name\":\"Staging Avviso Pubblico\",\"description\":\"\",\"publisher\":{\"@id\":\"https:\/\/welaikaadv.site\/avviso\/#organization\"},\"potentialAction\":[{\"@type\":\"SearchAction\",\"target\":{\"@type\":\"EntryPoint\",\"urlTemplate\":\"https:\/\/welaikaadv.site\/avviso\/?s={search_term_string}\"},\"query-input\":{\"@type\":\"PropertyValueSpecification\",\"valueRequired\":true,\"valueName\":\"search_term_string\"}}],\"inLanguage\":\"it-IT\"},{\"@type\":\"Organization\",\"@id\":\"https:\/\/welaikaadv.site\/avviso\/#organization\",\"name\":\"Staging Avviso Pubblico\",\"url\":\"https:\/\/welaikaadv.site\/avviso\/\",\"logo\":{\"@type\":\"ImageObject\",\"inLanguage\":\"it-IT\",\"@id\":\"https:\/\/welaikaadv.site\/avviso\/#\/schema\/logo\/image\/\",\"url\":\"https:\/\/welaikaadv.site\/avviso\/wp-content\/uploads\/2024\/08\/logoAPsito-400.png\",\"contentUrl\":\"https:\/\/welaikaadv.site\/avviso\/wp-content\/uploads\/2024\/08\/logoAPsito-400.png\",\"width\":400,\"height\":97,\"caption\":\"Staging Avviso Pubblico\"},\"image\":{\"@id\":\"https:\/\/welaikaadv.site\/avviso\/#\/schema\/logo\/image\/\"}}]}<\/script>\n<!-- \/ Yoast SEO plugin. -->","yoast_head_json":{"title":"Commissione antimafia: audizione del Presidente del Consiglio di Stato - Staging Avviso Pubblico","robots":{"index":"noindex","follow":"follow","max-snippet":"max-snippet:-1","max-image-preview":"max-image-preview:large","max-video-preview":"max-video-preview:-1"},"og_locale":"it_IT","og_type":"article","og_title":"Commissione antimafia: audizione del Presidente del Consiglio di Stato - Staging Avviso Pubblico","og_description":"Premessa. La Commissione Antimafia ha audito il 14 novembre 2017 il Presidente del Consiglio di Stato, Alessandro Pajno, che ha illustrato l\u2019orientamento del massimo organo&nbsp;[&hellip;]Leggi tutto Commissione antimafia: audizione del Presidente del Consiglio di Stato &rarr;","og_url":"https:\/\/welaikaadv.site\/avviso\/home\/cosa-facciamo\/informare\/osservatorio-parlamentare\/attivita-dinchiesta\/attivita-dinchiesta-xvii\/commissione-bicamerale-antimafia\/commissione-antimafia-audizione-del-presidente-del-consiglio-di-stato\/","og_site_name":"Staging Avviso Pubblico","twitter_card":"summary_large_image","twitter_misc":{"Tempo di lettura stimato":"2 minuti"},"schema":{"@context":"https:\/\/schema.org","@graph":[{"@type":"WebPage","@id":"https:\/\/welaikaadv.site\/avviso\/home\/cosa-facciamo\/informare\/osservatorio-parlamentare\/attivita-dinchiesta\/attivita-dinchiesta-xvii\/commissione-bicamerale-antimafia\/commissione-antimafia-audizione-del-presidente-del-consiglio-di-stato\/","url":"https:\/\/welaikaadv.site\/avviso\/home\/cosa-facciamo\/informare\/osservatorio-parlamentare\/attivita-dinchiesta\/attivita-dinchiesta-xvii\/commissione-bicamerale-antimafia\/commissione-antimafia-audizione-del-presidente-del-consiglio-di-stato\/","name":"Commissione antimafia: audizione del Presidente del Consiglio di Stato - Staging Avviso Pubblico","isPartOf":{"@id":"https:\/\/welaikaadv.site\/avviso\/#website"},"datePublished":"2017-11-15T11:54:21+00:00","breadcrumb":{"@id":"https:\/\/welaikaadv.site\/avviso\/home\/cosa-facciamo\/informare\/osservatorio-parlamentare\/attivita-dinchiesta\/attivita-dinchiesta-xvii\/commissione-bicamerale-antimafia\/commissione-antimafia-audizione-del-presidente-del-consiglio-di-stato\/#breadcrumb"},"inLanguage":"it-IT","potentialAction":[{"@type":"ReadAction","target":["https:\/\/welaikaadv.site\/avviso\/home\/cosa-facciamo\/informare\/osservatorio-parlamentare\/attivita-dinchiesta\/attivita-dinchiesta-xvii\/commissione-bicamerale-antimafia\/commissione-antimafia-audizione-del-presidente-del-consiglio-di-stato\/"]}]},{"@type":"BreadcrumbList","@id":"https:\/\/welaikaadv.site\/avviso\/home\/cosa-facciamo\/informare\/osservatorio-parlamentare\/attivita-dinchiesta\/attivita-dinchiesta-xvii\/commissione-bicamerale-antimafia\/commissione-antimafia-audizione-del-presidente-del-consiglio-di-stato\/#breadcrumb","itemListElement":[{"@type":"ListItem","position":1,"name":"Home","item":"https:\/\/welaikaadv.site\/avviso\/"},{"@type":"ListItem","position":2,"name":"Commissione antimafia: audizione del Presidente del Consiglio di Stato"}]},{"@type":"WebSite","@id":"https:\/\/welaikaadv.site\/avviso\/#website","url":"https:\/\/welaikaadv.site\/avviso\/","name":"Staging Avviso Pubblico","description":"","publisher":{"@id":"https:\/\/welaikaadv.site\/avviso\/#organization"},"potentialAction":[{"@type":"SearchAction","target":{"@type":"EntryPoint","urlTemplate":"https:\/\/welaikaadv.site\/avviso\/?s={search_term_string}"},"query-input":{"@type":"PropertyValueSpecification","valueRequired":true,"valueName":"search_term_string"}}],"inLanguage":"it-IT"},{"@type":"Organization","@id":"https:\/\/welaikaadv.site\/avviso\/#organization","name":"Staging Avviso Pubblico","url":"https:\/\/welaikaadv.site\/avviso\/","logo":{"@type":"ImageObject","inLanguage":"it-IT","@id":"https:\/\/welaikaadv.site\/avviso\/#\/schema\/logo\/image\/","url":"https:\/\/welaikaadv.site\/avviso\/wp-content\/uploads\/2024\/08\/logoAPsito-400.png","contentUrl":"https:\/\/welaikaadv.site\/avviso\/wp-content\/uploads\/2024\/08\/logoAPsito-400.png","width":400,"height":97,"caption":"Staging Avviso Pubblico"},"image":{"@id":"https:\/\/welaikaadv.site\/avviso\/#\/schema\/logo\/image\/"}}]}},"_links":{"self":[{"href":"https:\/\/welaikaadv.site\/avviso\/wp-json\/wp\/v2\/pages\/7518","targetHints":{"allow":["GET"]}}],"collection":[{"href":"https:\/\/welaikaadv.site\/avviso\/wp-json\/wp\/v2\/pages"}],"about":[{"href":"https:\/\/welaikaadv.site\/avviso\/wp-json\/wp\/v2\/types\/page"}],"author":[{"embeddable":true,"href":"https:\/\/welaikaadv.site\/avviso\/wp-json\/wp\/v2\/users\/1"}],"replies":[{"embeddable":true,"href":"https:\/\/welaikaadv.site\/avviso\/wp-json\/wp\/v2\/comments?post=7518"}],"version-history":[{"count":0,"href":"https:\/\/welaikaadv.site\/avviso\/wp-json\/wp\/v2\/pages\/7518\/revisions"}],"up":[{"embeddable":true,"href":"https:\/\/welaikaadv.site\/avviso\/wp-json\/wp\/v2\/pages\/2662"}],"wp:attachment":[{"href":"https:\/\/welaikaadv.site\/avviso\/wp-json\/wp\/v2\/media?parent=7518"}],"curies":[{"name":"wp","href":"https:\/\/api.w.org\/{rel}","templated":true}]}}