{"id":768,"date":"2017-08-16T13:05:56","date_gmt":"2017-08-16T11:05:56","guid":{"rendered":"http:\/\/www.avvisopubblico.it\/home\/?page_id=768"},"modified":"2017-08-16T13:05:56","modified_gmt":"2017-08-16T11:05:56","slug":"la-confisca-allargata-sproporzione","status":"publish","type":"page","link":"https:\/\/welaikaadv.site\/avviso\/home\/cosa-facciamo\/informare\/documenti-tematici\/beni-confiscati\/la-confisca-allargata-sproporzione\/","title":{"rendered":"La confisca allargata o per sproporzione"},"content":{"rendered":"<p>La cd. confisca allargata (o per sproporzione) si inserisce nell\u2019ambito delle misure di prevenzione patrimoniale disciplinate dal nostro ordinamento per contrastare la criminalit\u00e0 organizzata ed aggredire le ricchezze illecitamente accumulate, le quali potrebbero essere utilizzate anche per la commissione di ulteriori delitti.<\/p>\n<p>L\u2019istituto \u00e8 disciplinato dall\u2019art. 12 <em>sexies<\/em> del <a href=\"http:\/\/www.normattiva.it\/uri-res\/N2Ls?urn:nir:stato:decreto.legge:1992;306\" target=\"_blank\" rel=\"noopener\">decreto legge n. 306 del 1992<\/a> (convertito nella legge n. 356 del 1992). In base al comma 2, in caso di gravissimi reati (associazione per delinquere di stampo mafioso, riduzione in schiavit\u00f9 e tratta e commercio di schiavi, estorsione ed il sequestro di persona a scopo di estorsione, usura, ricettazione, riciclaggio, traffico di stupefacenti etc) \u201c\u00e8 sempre disposta la confisca del denaro, dei beni o delle altre utilit\u00e0 di cui il condannato non pu\u00f2 giustificare la provenienza e di cui, anche per interposta persona fisica o giuridica, risulta essere titolare o avere la disponibilit\u00e0 a qualsiasi titolo in valore sproporzionato al proprio reddito, dichiarato ai fini delle imposte sul reddito, o alla propria attivit\u00e0 economica\u201d. Tale strumento pu\u00f2 essere utilizzato nella fase cautelare, con il sequestro preventivo, sulla base di seri indizi di colpevolezza; oppure in seguito a condanna, attraverso la confisca definitiva.<\/p>\n<p>In questa fattispecie, non \u00e8 richiesta la provenienza illecita del bene, che \u00e8 invece alla base della confisca di prevenzione disciplinata dall\u2019art. 240 del codice penale; si pone invece in risalto la sproporzione tra reddito dichiarato e valore dei beni, ponendo a carico del soggetto interessato dell\u2019onere di fornire la documentazione attestante la legittima provenienza del bene stesso.<\/p>\n<p>La legge non fa riferimento alla titolarit\u00e0 formale dei beni, ma alla disponibilit\u00e0 sostanziale degli stessi, perch\u00e9 si vuole evitare che l\u2019effettiva disponibilit\u00e0 del bene sia occultata tramite l\u2019intestazione fittizia ad altri soggetti, qualunque sia la forma adottata: la \u201cdisponibilit\u00e0\u201d del bene pu\u00f2 essere infatti \u201cdiretta\u201d (titolarit\u00e0 del diritto di propriet\u00e0, del diritto reale, del diritto di credito, etc.) o \u201cindiretta\u201d oppure \u201cper interposta persona fisica o giuridica\u201d. Naturalmente, spetta al giudice fornire elementi gravi, precisi e concordanti sull\u2019interposizione fittizia.<\/p>\n<p>In base al comma 2 <em>ter<\/em> dell\u2019art. 12 <em>sexies<\/em> (come modificato da successivi provvedimenti del 2008 e 2009), quando non \u00e8 possibile procedere alla confisca del denaro e dei beni sopra individuati, il giudice ordina la confisca di altre somme di denaro, beni e altre utilit\u00e0 per un valore equivalente, delle quali il reo ha la disponibilit\u00e0, anche per interposta persona (c.d. confisca per equivalente).<\/p>\n<p>Si segnala infine che le norme in esame hanno superato il vaglio sia della Corte Costituzionale (vedi ad esempio l\u2019ordinanza n. 18 del 1996) che della Corte dei diritti dell\u2019uomo.<\/p>\n<p>Per ulteriori approfondimenti si segnala in particolare l\u2019 <a href=\"http:\/\/www.questionegiustizia.it\/articolo\/la-confisca-allargata-o-per-sproporzione-di-cui-all-art_12-sexies-d_l_n_35692_conv_dalla-l_n_35692_16-12-2014.php\" target=\"_blank\" rel=\"noopener\">articolo del Procuratore della Repubblica presso il Tribunale di Lanciano, Francesco Menditto<\/a>, che fornisce anche una accurata ricostruzione della giurisprudenza in materia. Si ricorda altres\u00ec che il recente disegno di legge del Governo (<a href=\"http:\/\/www.camera.it\/leg17\/126?tab=&amp;leg=17&amp;idDocumento=2798&amp;sede=&amp;tipo=\" target=\"_blank\" rel=\"noopener\">AC 2798<\/a>) introduce modifiche alla disciplina della confisca allargata al fine di estenderne l\u2019applicazione. In particolare \u00e8 ampliato il ricorso a questo istituto per altri gravi reati (ad esempio le attivit\u00e0 organizzate per il traffico di rifiuti, l&#8217;associazione per delinquere finalizzata al contrabbando di tabacchi lavorati esteri ed i delitti commessi per finalit\u00e0 di terrorismo o di eversione dell&#8217;ordine costituzionale). Inoltre il condannato non potr\u00e0 giustificare la legittima provenienza dei beni sul presupposto che il denaro utilizzato sia frutto di evasione fiscale. In caso di morte del soggetto nei cui confronti \u00e8 stata disposta la confisca, il procedimento di esecuzione inizi o prosegue nei confronti degli eredi e degli aventi causa. E\u2019 infine esteso il ricorso alla confisca per equivalente.<\/p>\n<p>(<em>ultimo aggiornamento 13 gennaio 2015<\/em>)<\/p>\n","protected":false},"excerpt":{"rendered":"<p>La cd. confisca allargata (o per sproporzione) si inserisce nell\u2019ambito delle misure di prevenzione patrimoniale disciplinate dal nostro ordinamento per contrastare la criminalit\u00e0 organizzata ed&nbsp;<span class=\"hellipsis\">[&hellip;]<\/span><a class=\"more-link\" href=\"https:\/\/welaikaadv.site\/avviso\/home\/cosa-facciamo\/informare\/documenti-tematici\/beni-confiscati\/la-confisca-allargata-sproporzione\/\">Leggi tutto <span class=\"screen-reader-text\">La confisca allargata o per sproporzione<\/span> <span class=\"meta-nav\" aria-hidden=\"true\">&rarr;<\/span><\/a><\/p>\n","protected":false},"author":1,"featured_media":0,"parent":190,"menu_order":30,"comment_status":"closed","ping_status":"closed","template":"page-templates\/boxed-sidebar-template.php","meta":{"_acf_changed":false,"_exactmetrics_skip_tracking":false,"_exactmetrics_sitenote_active":false,"_exactmetrics_sitenote_note":"","_exactmetrics_sitenote_category":0,"wp_social_preview_title":"","wp_social_preview_description":"","wp_social_preview_image":0,"footnotes":""},"class_list":["post-768","page","type-page","status-publish","hentry"],"acf":[],"yoast_head":"<!-- This site is optimized with the Yoast SEO plugin v27.2 - https:\/\/yoast.com\/product\/yoast-seo-wordpress\/ -->\n<title>La confisca allargata o per sproporzione - Staging Avviso Pubblico<\/title>\n<meta name=\"description\" content=\"Scheda di sintesi sulla cosiddetta &quot;confisca allargata&quot; utilizzata nell&#039;ordinamento legislativo italiano per aggredire le ricchezze illecitamente accumulate\" \/>\n<meta name=\"robots\" content=\"noindex, follow, max-snippet:-1, max-image-preview:large, max-video-preview:-1\" \/>\n<meta property=\"og:locale\" content=\"it_IT\" \/>\n<meta property=\"og:type\" content=\"article\" \/>\n<meta property=\"og:title\" content=\"La confisca allargata o per sproporzione - Staging Avviso Pubblico\" \/>\n<meta property=\"og:description\" content=\"Scheda di sintesi sulla cosiddetta &quot;confisca allargata&quot; utilizzata nell&#039;ordinamento legislativo italiano per aggredire le ricchezze illecitamente accumulate\" \/>\n<meta property=\"og:url\" content=\"https:\/\/welaikaadv.site\/avviso\/home\/cosa-facciamo\/informare\/documenti-tematici\/beni-confiscati\/la-confisca-allargata-sproporzione\/\" \/>\n<meta property=\"og:site_name\" content=\"Staging Avviso Pubblico\" \/>\n<meta name=\"twitter:card\" content=\"summary_large_image\" \/>\n<meta name=\"twitter:label1\" content=\"Tempo di lettura stimato\" \/>\n\t<meta name=\"twitter:data1\" content=\"3 minuti\" \/>\n<script type=\"application\/ld+json\" class=\"yoast-schema-graph\">{\"@context\":\"https:\/\/schema.org\",\"@graph\":[{\"@type\":\"WebPage\",\"@id\":\"https:\/\/welaikaadv.site\/avviso\/home\/cosa-facciamo\/informare\/documenti-tematici\/beni-confiscati\/la-confisca-allargata-sproporzione\/\",\"url\":\"https:\/\/welaikaadv.site\/avviso\/home\/cosa-facciamo\/informare\/documenti-tematici\/beni-confiscati\/la-confisca-allargata-sproporzione\/\",\"name\":\"La confisca allargata o per sproporzione - Staging Avviso Pubblico\",\"isPartOf\":{\"@id\":\"https:\/\/welaikaadv.site\/avviso\/#website\"},\"datePublished\":\"2017-08-16T11:05:56+00:00\",\"description\":\"Scheda di sintesi sulla cosiddetta \\\"confisca allargata\\\" utilizzata nell'ordinamento legislativo italiano per aggredire le ricchezze illecitamente accumulate\",\"breadcrumb\":{\"@id\":\"https:\/\/welaikaadv.site\/avviso\/home\/cosa-facciamo\/informare\/documenti-tematici\/beni-confiscati\/la-confisca-allargata-sproporzione\/#breadcrumb\"},\"inLanguage\":\"it-IT\",\"potentialAction\":[{\"@type\":\"ReadAction\",\"target\":[\"https:\/\/welaikaadv.site\/avviso\/home\/cosa-facciamo\/informare\/documenti-tematici\/beni-confiscati\/la-confisca-allargata-sproporzione\/\"]}]},{\"@type\":\"BreadcrumbList\",\"@id\":\"https:\/\/welaikaadv.site\/avviso\/home\/cosa-facciamo\/informare\/documenti-tematici\/beni-confiscati\/la-confisca-allargata-sproporzione\/#breadcrumb\",\"itemListElement\":[{\"@type\":\"ListItem\",\"position\":1,\"name\":\"Home\",\"item\":\"https:\/\/welaikaadv.site\/avviso\/\"},{\"@type\":\"ListItem\",\"position\":2,\"name\":\"La confisca allargata o per sproporzione\"}]},{\"@type\":\"WebSite\",\"@id\":\"https:\/\/welaikaadv.site\/avviso\/#website\",\"url\":\"https:\/\/welaikaadv.site\/avviso\/\",\"name\":\"Staging Avviso Pubblico\",\"description\":\"\",\"publisher\":{\"@id\":\"https:\/\/welaikaadv.site\/avviso\/#organization\"},\"potentialAction\":[{\"@type\":\"SearchAction\",\"target\":{\"@type\":\"EntryPoint\",\"urlTemplate\":\"https:\/\/welaikaadv.site\/avviso\/?s={search_term_string}\"},\"query-input\":{\"@type\":\"PropertyValueSpecification\",\"valueRequired\":true,\"valueName\":\"search_term_string\"}}],\"inLanguage\":\"it-IT\"},{\"@type\":\"Organization\",\"@id\":\"https:\/\/welaikaadv.site\/avviso\/#organization\",\"name\":\"Staging Avviso Pubblico\",\"url\":\"https:\/\/welaikaadv.site\/avviso\/\",\"logo\":{\"@type\":\"ImageObject\",\"inLanguage\":\"it-IT\",\"@id\":\"https:\/\/welaikaadv.site\/avviso\/#\/schema\/logo\/image\/\",\"url\":\"https:\/\/welaikaadv.site\/avviso\/wp-content\/uploads\/2024\/08\/logoAPsito-400.png\",\"contentUrl\":\"https:\/\/welaikaadv.site\/avviso\/wp-content\/uploads\/2024\/08\/logoAPsito-400.png\",\"width\":400,\"height\":97,\"caption\":\"Staging Avviso Pubblico\"},\"image\":{\"@id\":\"https:\/\/welaikaadv.site\/avviso\/#\/schema\/logo\/image\/\"}}]}<\/script>\n<!-- \/ Yoast SEO plugin. -->","yoast_head_json":{"title":"La confisca allargata o per sproporzione - Staging Avviso Pubblico","description":"Scheda di sintesi sulla cosiddetta \"confisca allargata\" utilizzata nell'ordinamento legislativo italiano per aggredire le ricchezze illecitamente accumulate","robots":{"index":"noindex","follow":"follow","max-snippet":"max-snippet:-1","max-image-preview":"max-image-preview:large","max-video-preview":"max-video-preview:-1"},"og_locale":"it_IT","og_type":"article","og_title":"La confisca allargata o per sproporzione - Staging Avviso Pubblico","og_description":"Scheda di sintesi sulla cosiddetta \"confisca allargata\" utilizzata nell'ordinamento legislativo italiano per aggredire le ricchezze illecitamente accumulate","og_url":"https:\/\/welaikaadv.site\/avviso\/home\/cosa-facciamo\/informare\/documenti-tematici\/beni-confiscati\/la-confisca-allargata-sproporzione\/","og_site_name":"Staging Avviso Pubblico","twitter_card":"summary_large_image","twitter_misc":{"Tempo di lettura stimato":"3 minuti"},"schema":{"@context":"https:\/\/schema.org","@graph":[{"@type":"WebPage","@id":"https:\/\/welaikaadv.site\/avviso\/home\/cosa-facciamo\/informare\/documenti-tematici\/beni-confiscati\/la-confisca-allargata-sproporzione\/","url":"https:\/\/welaikaadv.site\/avviso\/home\/cosa-facciamo\/informare\/documenti-tematici\/beni-confiscati\/la-confisca-allargata-sproporzione\/","name":"La confisca allargata o per sproporzione - Staging Avviso Pubblico","isPartOf":{"@id":"https:\/\/welaikaadv.site\/avviso\/#website"},"datePublished":"2017-08-16T11:05:56+00:00","description":"Scheda di sintesi sulla cosiddetta \"confisca allargata\" utilizzata nell'ordinamento legislativo italiano per aggredire le ricchezze illecitamente accumulate","breadcrumb":{"@id":"https:\/\/welaikaadv.site\/avviso\/home\/cosa-facciamo\/informare\/documenti-tematici\/beni-confiscati\/la-confisca-allargata-sproporzione\/#breadcrumb"},"inLanguage":"it-IT","potentialAction":[{"@type":"ReadAction","target":["https:\/\/welaikaadv.site\/avviso\/home\/cosa-facciamo\/informare\/documenti-tematici\/beni-confiscati\/la-confisca-allargata-sproporzione\/"]}]},{"@type":"BreadcrumbList","@id":"https:\/\/welaikaadv.site\/avviso\/home\/cosa-facciamo\/informare\/documenti-tematici\/beni-confiscati\/la-confisca-allargata-sproporzione\/#breadcrumb","itemListElement":[{"@type":"ListItem","position":1,"name":"Home","item":"https:\/\/welaikaadv.site\/avviso\/"},{"@type":"ListItem","position":2,"name":"La confisca allargata o per sproporzione"}]},{"@type":"WebSite","@id":"https:\/\/welaikaadv.site\/avviso\/#website","url":"https:\/\/welaikaadv.site\/avviso\/","name":"Staging Avviso Pubblico","description":"","publisher":{"@id":"https:\/\/welaikaadv.site\/avviso\/#organization"},"potentialAction":[{"@type":"SearchAction","target":{"@type":"EntryPoint","urlTemplate":"https:\/\/welaikaadv.site\/avviso\/?s={search_term_string}"},"query-input":{"@type":"PropertyValueSpecification","valueRequired":true,"valueName":"search_term_string"}}],"inLanguage":"it-IT"},{"@type":"Organization","@id":"https:\/\/welaikaadv.site\/avviso\/#organization","name":"Staging Avviso Pubblico","url":"https:\/\/welaikaadv.site\/avviso\/","logo":{"@type":"ImageObject","inLanguage":"it-IT","@id":"https:\/\/welaikaadv.site\/avviso\/#\/schema\/logo\/image\/","url":"https:\/\/welaikaadv.site\/avviso\/wp-content\/uploads\/2024\/08\/logoAPsito-400.png","contentUrl":"https:\/\/welaikaadv.site\/avviso\/wp-content\/uploads\/2024\/08\/logoAPsito-400.png","width":400,"height":97,"caption":"Staging Avviso Pubblico"},"image":{"@id":"https:\/\/welaikaadv.site\/avviso\/#\/schema\/logo\/image\/"}}]}},"_links":{"self":[{"href":"https:\/\/welaikaadv.site\/avviso\/wp-json\/wp\/v2\/pages\/768","targetHints":{"allow":["GET"]}}],"collection":[{"href":"https:\/\/welaikaadv.site\/avviso\/wp-json\/wp\/v2\/pages"}],"about":[{"href":"https:\/\/welaikaadv.site\/avviso\/wp-json\/wp\/v2\/types\/page"}],"author":[{"embeddable":true,"href":"https:\/\/welaikaadv.site\/avviso\/wp-json\/wp\/v2\/users\/1"}],"replies":[{"embeddable":true,"href":"https:\/\/welaikaadv.site\/avviso\/wp-json\/wp\/v2\/comments?post=768"}],"version-history":[{"count":0,"href":"https:\/\/welaikaadv.site\/avviso\/wp-json\/wp\/v2\/pages\/768\/revisions"}],"up":[{"embeddable":true,"href":"https:\/\/welaikaadv.site\/avviso\/wp-json\/wp\/v2\/pages\/190"}],"wp:attachment":[{"href":"https:\/\/welaikaadv.site\/avviso\/wp-json\/wp\/v2\/media?parent=768"}],"curies":[{"name":"wp","href":"https:\/\/api.w.org\/{rel}","templated":true}]}}