{"id":783,"date":"2018-09-03T13:45:05","date_gmt":"2018-09-03T11:45:05","guid":{"rendered":"http:\/\/www.avvisopubblico.it\/home\/?page_id=783"},"modified":"2018-09-03T13:45:05","modified_gmt":"2018-09-03T11:45:05","slug":"provvedimenti-regionali-contrasto-del-caporalato-scheda-sintesi","status":"publish","type":"page","link":"https:\/\/welaikaadv.site\/avviso\/home\/cosa-facciamo\/informare\/documenti-tematici\/mafie\/provvedimenti-regionali-contrasto-del-caporalato-scheda-sintesi\/","title":{"rendered":"I provvedimenti regionali di contrasto del caporalato. Scheda di sintesi"},"content":{"rendered":"<p><strong>Premessa.<\/strong> Con la <a href=\"http:\/\/www.normattiva.it\/uri-res\/N2Ls?urn:nir:stato:legge:2016;199\" target=\"_blank\" rel=\"noopener\">legge n. 199 del 2016<\/a> sono state approvate importanti misure per contrastare il fenomeno del caporalato (leggi la <a href=\"https:\/\/welaikaadv.site\/avviso\/home\/cosa-facciamo\/informare\/osservatorio-parlamentare\/attivita-legislativa\/progetti-di-legge-in-discussione\/disposizioni-in-materia-di-contrasto-ai-fenomeni-del-lavoro-nero-e-dello-sfruttamento-del-lavoro-in-agricoltura\/\">sintesi<\/a>). In questa scheda vengono invece analizzati i provvedimenti adottati in materia da alcune Regioni.<\/p>\n<p><strong>Gli interventi della Regione Puglia<\/strong>. Le problematiche dello sfruttamento dei lavoratori stagionali in agricoltura e delle condizioni estremamente disagiate in cui spesso vivono sono molto sentite in Puglia. Accanto alle leggi sul contrasto del lavoro irregolare (n. 28 del 2006) e per l&#8217;accoglienza ed integrazione degli immigrati (n. 32 del 2009), si registrano finanziamenti specificamente rivolti all\u2019erogazione di contributi per migliorare i servizi di trasporto utilizzati dai lavoratori agricoli stagionali e per favorire l\u2019accoglienza ed ospitalit\u00e0 gratuita dei lavoratori presso le medesime aziende agricole aderenti alla Rete del lavoro agricolo di qualit\u00e0 (legge di stabilit\u00e0 n. 1 del 2016). Recentemente, per risolvere il problema dei numerosi insediamenti abusivi (veri e propri \u201cghetti\u201d, dove avvengono gravi reati), sorti in particolare nella provincia di Foggia, \u00e8 stato sottoscritto un Protocollo sperimentale contro il caporalato e lo sfruttamento lavorativo in agricoltura \u2013 d\u2019intesa con diversi Ministeri &#8211; al cui interno \u00e8 prevista la realizzazione di nuovi campi di ospitalit\u00e0 per lavoratori migranti stagionali (<a href=\"http:\/\/beta.regione.puglia.it\/delibere-di-giunta?p_p_id=rpdocument_search_WAR_rpdocument_libraryportlet&amp;p_p_lifecycle=0&amp;p_p_state=normal&amp;p_p_mode=view&amp;p_p_col_id=column-2&amp;p_p_col_count=1&amp;_rpdocument_search_WAR_rpdocument_libraryportlet_rpdocumentId=46032&amp;_rpdocument_search_WAR_rpdocument_libraryportlet_docCategoryName=delibere&amp;_rpdocument_search_WAR_rpdocument_libraryportlet_categoryName=Deliberazione+n.+929+del+2016&amp;_rpdocument_search_WAR_rpdocument_libraryportlet_jspPage=%2Fhtml%2Fcommon%2Fdetail.jsp&amp;_rpdocument_search_WAR_rpdocument_libraryportlet_cur=1&amp;_rpdocument_search_WAR_rpdocument_libraryportlet_delta=20&amp;_rpdocument_search_WAR_rpdocument_libraryportlet_orderByType=desc&amp;_rpdocument_search_WAR_rpdocument_libraryportlet_orderByCol=pubDate\" target=\"_blank\" rel=\"noopener\">delibera Giunta n. 929 del 2016<\/a>).\u00a0Con la l<strong>egge regionale n. 29 del 2018<\/strong> sono state disciplinate le funzioni e i compiti conferiti alla Regione in materia di servizi per il lavoro.<\/p>\n<p><strong>Le misure organizzative delle Regioni Basilicata e Calabria<\/strong>. La necessit\u00e0 di un approccio organico per il contrasto del fenomeno del caporalato \u00e8 presente anche nella legislazione della Basilicata; con la delibera della Giunta n. 627 del 2014 \u00e8 stata istituita una Task force regionale, con il coordinamento del Presidente della Giunta, finalizzata alla realizzazione di un piano operativo per un&#8217;accoglienza dignitosa ed un lavoro regolare ai lavoratori stagionali; con la legge sui cittadini migranti e dei rifugiati (n. 13 del 2016) \u00e8 stato successivamente istituito un Coordinamento delle politiche per l&#8217;immigrazione, con a capo il Presidente della Giunta, che ha il compito tra gli altri di favorire l&#8217;inserimento lavorativo e le attivit\u00e0 autonome e imprenditoriali dei migranti e dei rifugiati e la loro integrazione e contrastare cos\u00ec il lavoro nero ed il caporalato.<\/p>\n<p>In Calabria i centri regionali per l\u2019impiego predispongono gli elenchi di prenotazione per il settore agricolo nei quali far confluire i lavoratori disponibili alle assunzioni o riassunzioni presso le imprese agricole; gli enti locali sottoscrivono intese o convenzioni con le aziende di trasporto pubblico locale e con le organizzazioni dei produttori e della grande distribuzione per assicurare l&#8217;accompagnamento dei lavoratori (<a href=\"http:\/\/www.consiglioregionale.calabria.it\/upload\/testicoordinati\/2012-13_2015-12-31.pdf\" target=\"_blank\" rel=\"noopener\">legge n. 13 del 2012<\/a>).<\/p>\n<p><strong>Misure per l\u2019accoglienza in Piemonte<\/strong>. La sistemazione logistica dei lavoratori stagionali \u00e8 oggetto della <a href=\"http:\/\/arianna.cr.piemonte.it\/iterlegcoordweb\/dettaglioLegge.do?urnLegge=urn:nir:regione.piemonte:legge:2016;12@2017-01-18&amp;tornaIndietro=true\" target=\"_blank\" rel=\"noopener\">legge del Piemonte n. 12 del 2016<\/a> che, al fine di prevenire lo sfruttamento ed il fenomeno del caporalato, prevede la possibilit\u00e0 per coltivatori diretti ed imprenditori agricoli professionali di accogliere temporaneamente salariati agricoli stagionali nei periodi di raccolta della frutta e di attivit\u00e0 correlate alla coltivazione, autorizzando i relativi interventi di ristrutturazione; sono altres\u00ec previsti incentivi per l&#8217;installazione stagionale di strutture prefabbricate anche da parte di societ\u00e0 o associazioni di coltivatori diretti e di imprenditori agricoli professionali.<\/p>\n<p><strong>Attivit\u00e0 di prevenzione<\/strong>. Specifici programmi di vigilanza e contrasto del caporalato sono stati definiti in Abruzzo (vedi <a href=\"http:\/\/leggi.regione.abruzzo.it\/index.asp?modello=elencoDelibere&amp;servizio=xList&amp;stileDiv=monoLeft&amp;template=intIndex&amp;b=delibere2&amp;tom=n:-1:2013:430\" target=\"_blank\" rel=\"noopener\">Delibera della Giunta n. 430 del 2013<\/a>), Lombardia (vedi ad esempio la Delibera della Giunta n. 10 del 2015 e la Direttiva n. 658 del 2013 relativa alla sicurezza nei cantieri EXPO) ed Umbria (Delibera della Giunta n. 1138 del 2013).<\/p>\n<p><strong>Altri interventi<\/strong>. Interventi in materia si rinvengono nella legislazione sull\u2019accoglienza dei migranti, come quella approvata dalla Campania (<a href=\"http:\/\/www.sito.regione.campania.it\/leggi_regionali2010\/index_leggi2010.asp\" target=\"_blank\" rel=\"noopener\">n. 6 del 2010<\/a>, in particolare artt. 17ss), dal Lazio (<a href=\"http:\/\/www.consiglio.regione.lazio.it\/consiglio-regionale\/?vw=leggiregionalidettaglio&amp;id=9125&amp;sv=vigente\" target=\"_blank\" rel=\"noopener\">n. 10 del 2008<\/a>, in particolare gli artt. 14 e 20), dalla Liguria (<a href=\"http:\/\/lrv.regione.liguria.it\/liguriass_prod\/articolo?urndoc=urn:nir:regione.liguria:legge:2007-02-20;7\" target=\"_blank\" rel=\"noopener\">n. 7 del 2007<\/a>, in particolare art. 22), delle Marche (n. 13 del 2009), e dalla Toscana (<a href=\"http:\/\/raccoltanormativa.consiglio.regione.toscana.it\/articolo?urndoc=urn:nir:regione.toscana:legge:2009-06-09;29\" target=\"_blank\" rel=\"noopener\">n. 29 del 2009<\/a>). Vedi anche l\u2019art. 48 della <a href=\"http:\/\/www.regione.molise.it\/web\/crm\/lr.nsf\/0\/C826E1AA624267DFC1257CE00033FCFB?OpenDocument\" target=\"_blank\" rel=\"noopener\">legge del Molise n. 13 del 2014<\/a> sul riordino del sistema regionale integrato degli interventi e servizi sociali. Un richiamo alle misure per contrastare il caporalato \u00e8 contenuto anche nel testo unico per la promozione della legalit\u00e0 e per la valorizzazione della cittadinanza e dell&#8217;economia responsabili dell\u2019Emilia Romagna (<a href=\"http:\/\/demetra.regione.emilia-romagna.it\/al\/articolo?urn=er:assemblealegislativa:legge:2016;18\" target=\"_blank\" rel=\"noopener\">legge n. 18 del 2016<\/a>).<\/p>\n","protected":false},"excerpt":{"rendered":"<p>Premessa. Con la legge n. 199 del 2016 sono state approvate importanti misure per contrastare il fenomeno del caporalato (leggi la sintesi). In questa scheda&nbsp;<span class=\"hellipsis\">[&hellip;]<\/span><a class=\"more-link\" href=\"https:\/\/welaikaadv.site\/avviso\/home\/cosa-facciamo\/informare\/documenti-tematici\/mafie\/provvedimenti-regionali-contrasto-del-caporalato-scheda-sintesi\/\">Leggi tutto <span class=\"screen-reader-text\">I provvedimenti regionali di contrasto del caporalato. Scheda di sintesi<\/span> <span class=\"meta-nav\" aria-hidden=\"true\">&rarr;<\/span><\/a><\/p>\n","protected":false},"author":1,"featured_media":0,"parent":207,"menu_order":10,"comment_status":"closed","ping_status":"closed","template":"page-templates\/boxed-sidebar-template.php","meta":{"_acf_changed":false,"_exactmetrics_skip_tracking":false,"_exactmetrics_sitenote_active":false,"_exactmetrics_sitenote_note":"","_exactmetrics_sitenote_category":0,"wp_social_preview_title":"","wp_social_preview_description":"","wp_social_preview_image":0,"footnotes":""},"class_list":["post-783","page","type-page","status-publish","hentry"],"acf":[],"yoast_head":"<!-- This site is optimized with the Yoast SEO plugin v27.2 - https:\/\/yoast.com\/product\/yoast-seo-wordpress\/ -->\n<title>I provvedimenti regionali di contrasto del caporalato. Scheda di sintesi - Staging Avviso Pubblico<\/title>\n<meta name=\"description\" content=\"Scheda di sintesi dei provvedimenti regionali di contrasto al caporalato: leggi regionali e altre informazioni utili in materia\" \/>\n<meta name=\"robots\" content=\"noindex, follow, max-snippet:-1, max-image-preview:large, max-video-preview:-1\" \/>\n<meta property=\"og:locale\" content=\"it_IT\" \/>\n<meta property=\"og:type\" content=\"article\" \/>\n<meta property=\"og:title\" content=\"I provvedimenti regionali di contrasto del caporalato. Scheda di sintesi - Staging Avviso Pubblico\" \/>\n<meta property=\"og:description\" content=\"Scheda di sintesi dei provvedimenti regionali di contrasto al caporalato: leggi regionali e altre informazioni utili in materia\" \/>\n<meta property=\"og:url\" content=\"https:\/\/welaikaadv.site\/avviso\/home\/cosa-facciamo\/informare\/documenti-tematici\/mafie\/provvedimenti-regionali-contrasto-del-caporalato-scheda-sintesi\/\" \/>\n<meta property=\"og:site_name\" content=\"Staging Avviso Pubblico\" \/>\n<meta name=\"twitter:card\" content=\"summary_large_image\" \/>\n<meta name=\"twitter:label1\" content=\"Tempo di lettura stimato\" \/>\n\t<meta name=\"twitter:data1\" content=\"3 minuti\" \/>\n<script type=\"application\/ld+json\" class=\"yoast-schema-graph\">{\"@context\":\"https:\/\/schema.org\",\"@graph\":[{\"@type\":\"WebPage\",\"@id\":\"https:\/\/welaikaadv.site\/avviso\/home\/cosa-facciamo\/informare\/documenti-tematici\/mafie\/provvedimenti-regionali-contrasto-del-caporalato-scheda-sintesi\/\",\"url\":\"https:\/\/welaikaadv.site\/avviso\/home\/cosa-facciamo\/informare\/documenti-tematici\/mafie\/provvedimenti-regionali-contrasto-del-caporalato-scheda-sintesi\/\",\"name\":\"I provvedimenti regionali di contrasto del caporalato. Scheda di sintesi - Staging Avviso Pubblico\",\"isPartOf\":{\"@id\":\"https:\/\/welaikaadv.site\/avviso\/#website\"},\"datePublished\":\"2018-09-03T11:45:05+00:00\",\"description\":\"Scheda di sintesi dei provvedimenti regionali di contrasto al caporalato: leggi regionali e altre informazioni utili in materia\",\"breadcrumb\":{\"@id\":\"https:\/\/welaikaadv.site\/avviso\/home\/cosa-facciamo\/informare\/documenti-tematici\/mafie\/provvedimenti-regionali-contrasto-del-caporalato-scheda-sintesi\/#breadcrumb\"},\"inLanguage\":\"it-IT\",\"potentialAction\":[{\"@type\":\"ReadAction\",\"target\":[\"https:\/\/welaikaadv.site\/avviso\/home\/cosa-facciamo\/informare\/documenti-tematici\/mafie\/provvedimenti-regionali-contrasto-del-caporalato-scheda-sintesi\/\"]}]},{\"@type\":\"BreadcrumbList\",\"@id\":\"https:\/\/welaikaadv.site\/avviso\/home\/cosa-facciamo\/informare\/documenti-tematici\/mafie\/provvedimenti-regionali-contrasto-del-caporalato-scheda-sintesi\/#breadcrumb\",\"itemListElement\":[{\"@type\":\"ListItem\",\"position\":1,\"name\":\"Home\",\"item\":\"https:\/\/welaikaadv.site\/avviso\/\"},{\"@type\":\"ListItem\",\"position\":2,\"name\":\"I provvedimenti regionali di contrasto del caporalato. Scheda di sintesi\"}]},{\"@type\":\"WebSite\",\"@id\":\"https:\/\/welaikaadv.site\/avviso\/#website\",\"url\":\"https:\/\/welaikaadv.site\/avviso\/\",\"name\":\"Staging Avviso Pubblico\",\"description\":\"\",\"publisher\":{\"@id\":\"https:\/\/welaikaadv.site\/avviso\/#organization\"},\"potentialAction\":[{\"@type\":\"SearchAction\",\"target\":{\"@type\":\"EntryPoint\",\"urlTemplate\":\"https:\/\/welaikaadv.site\/avviso\/?s={search_term_string}\"},\"query-input\":{\"@type\":\"PropertyValueSpecification\",\"valueRequired\":true,\"valueName\":\"search_term_string\"}}],\"inLanguage\":\"it-IT\"},{\"@type\":\"Organization\",\"@id\":\"https:\/\/welaikaadv.site\/avviso\/#organization\",\"name\":\"Staging Avviso Pubblico\",\"url\":\"https:\/\/welaikaadv.site\/avviso\/\",\"logo\":{\"@type\":\"ImageObject\",\"inLanguage\":\"it-IT\",\"@id\":\"https:\/\/welaikaadv.site\/avviso\/#\/schema\/logo\/image\/\",\"url\":\"https:\/\/welaikaadv.site\/avviso\/wp-content\/uploads\/2024\/08\/logoAPsito-400.png\",\"contentUrl\":\"https:\/\/welaikaadv.site\/avviso\/wp-content\/uploads\/2024\/08\/logoAPsito-400.png\",\"width\":400,\"height\":97,\"caption\":\"Staging Avviso Pubblico\"},\"image\":{\"@id\":\"https:\/\/welaikaadv.site\/avviso\/#\/schema\/logo\/image\/\"}}]}<\/script>\n<!-- \/ Yoast SEO plugin. -->","yoast_head_json":{"title":"I provvedimenti regionali di contrasto del caporalato. Scheda di sintesi - Staging Avviso Pubblico","description":"Scheda di sintesi dei provvedimenti regionali di contrasto al caporalato: leggi regionali e altre informazioni utili in materia","robots":{"index":"noindex","follow":"follow","max-snippet":"max-snippet:-1","max-image-preview":"max-image-preview:large","max-video-preview":"max-video-preview:-1"},"og_locale":"it_IT","og_type":"article","og_title":"I provvedimenti regionali di contrasto del caporalato. Scheda di sintesi - Staging Avviso Pubblico","og_description":"Scheda di sintesi dei provvedimenti regionali di contrasto al caporalato: leggi regionali e altre informazioni utili in materia","og_url":"https:\/\/welaikaadv.site\/avviso\/home\/cosa-facciamo\/informare\/documenti-tematici\/mafie\/provvedimenti-regionali-contrasto-del-caporalato-scheda-sintesi\/","og_site_name":"Staging Avviso Pubblico","twitter_card":"summary_large_image","twitter_misc":{"Tempo di lettura stimato":"3 minuti"},"schema":{"@context":"https:\/\/schema.org","@graph":[{"@type":"WebPage","@id":"https:\/\/welaikaadv.site\/avviso\/home\/cosa-facciamo\/informare\/documenti-tematici\/mafie\/provvedimenti-regionali-contrasto-del-caporalato-scheda-sintesi\/","url":"https:\/\/welaikaadv.site\/avviso\/home\/cosa-facciamo\/informare\/documenti-tematici\/mafie\/provvedimenti-regionali-contrasto-del-caporalato-scheda-sintesi\/","name":"I provvedimenti regionali di contrasto del caporalato. Scheda di sintesi - Staging Avviso Pubblico","isPartOf":{"@id":"https:\/\/welaikaadv.site\/avviso\/#website"},"datePublished":"2018-09-03T11:45:05+00:00","description":"Scheda di sintesi dei provvedimenti regionali di contrasto al caporalato: leggi regionali e altre informazioni utili in materia","breadcrumb":{"@id":"https:\/\/welaikaadv.site\/avviso\/home\/cosa-facciamo\/informare\/documenti-tematici\/mafie\/provvedimenti-regionali-contrasto-del-caporalato-scheda-sintesi\/#breadcrumb"},"inLanguage":"it-IT","potentialAction":[{"@type":"ReadAction","target":["https:\/\/welaikaadv.site\/avviso\/home\/cosa-facciamo\/informare\/documenti-tematici\/mafie\/provvedimenti-regionali-contrasto-del-caporalato-scheda-sintesi\/"]}]},{"@type":"BreadcrumbList","@id":"https:\/\/welaikaadv.site\/avviso\/home\/cosa-facciamo\/informare\/documenti-tematici\/mafie\/provvedimenti-regionali-contrasto-del-caporalato-scheda-sintesi\/#breadcrumb","itemListElement":[{"@type":"ListItem","position":1,"name":"Home","item":"https:\/\/welaikaadv.site\/avviso\/"},{"@type":"ListItem","position":2,"name":"I provvedimenti regionali di contrasto del caporalato. Scheda di sintesi"}]},{"@type":"WebSite","@id":"https:\/\/welaikaadv.site\/avviso\/#website","url":"https:\/\/welaikaadv.site\/avviso\/","name":"Staging Avviso Pubblico","description":"","publisher":{"@id":"https:\/\/welaikaadv.site\/avviso\/#organization"},"potentialAction":[{"@type":"SearchAction","target":{"@type":"EntryPoint","urlTemplate":"https:\/\/welaikaadv.site\/avviso\/?s={search_term_string}"},"query-input":{"@type":"PropertyValueSpecification","valueRequired":true,"valueName":"search_term_string"}}],"inLanguage":"it-IT"},{"@type":"Organization","@id":"https:\/\/welaikaadv.site\/avviso\/#organization","name":"Staging Avviso Pubblico","url":"https:\/\/welaikaadv.site\/avviso\/","logo":{"@type":"ImageObject","inLanguage":"it-IT","@id":"https:\/\/welaikaadv.site\/avviso\/#\/schema\/logo\/image\/","url":"https:\/\/welaikaadv.site\/avviso\/wp-content\/uploads\/2024\/08\/logoAPsito-400.png","contentUrl":"https:\/\/welaikaadv.site\/avviso\/wp-content\/uploads\/2024\/08\/logoAPsito-400.png","width":400,"height":97,"caption":"Staging Avviso Pubblico"},"image":{"@id":"https:\/\/welaikaadv.site\/avviso\/#\/schema\/logo\/image\/"}}]}},"_links":{"self":[{"href":"https:\/\/welaikaadv.site\/avviso\/wp-json\/wp\/v2\/pages\/783","targetHints":{"allow":["GET"]}}],"collection":[{"href":"https:\/\/welaikaadv.site\/avviso\/wp-json\/wp\/v2\/pages"}],"about":[{"href":"https:\/\/welaikaadv.site\/avviso\/wp-json\/wp\/v2\/types\/page"}],"author":[{"embeddable":true,"href":"https:\/\/welaikaadv.site\/avviso\/wp-json\/wp\/v2\/users\/1"}],"replies":[{"embeddable":true,"href":"https:\/\/welaikaadv.site\/avviso\/wp-json\/wp\/v2\/comments?post=783"}],"version-history":[{"count":0,"href":"https:\/\/welaikaadv.site\/avviso\/wp-json\/wp\/v2\/pages\/783\/revisions"}],"up":[{"embeddable":true,"href":"https:\/\/welaikaadv.site\/avviso\/wp-json\/wp\/v2\/pages\/207"}],"wp:attachment":[{"href":"https:\/\/welaikaadv.site\/avviso\/wp-json\/wp\/v2\/media?parent=783"}],"curies":[{"name":"wp","href":"https:\/\/api.w.org\/{rel}","templated":true}]}}