{"id":801,"date":"2017-08-16T15:01:40","date_gmt":"2017-08-16T13:01:40","guid":{"rendered":"http:\/\/www.avvisopubblico.it\/home\/?page_id=801"},"modified":"2017-08-16T15:01:40","modified_gmt":"2017-08-16T13:01:40","slug":"dibattito-commissione-antimafia-sulla-revisione-della-disciplina-dello-scioglimento-infiltrazioni-mafiose-delle-amministrazioni-locali","status":"publish","type":"page","link":"https:\/\/welaikaadv.site\/avviso\/home\/cosa-facciamo\/informare\/documenti-tematici\/comuni-sciolti-per-mafia\/dibattito-commissione-antimafia-sulla-revisione-della-disciplina-dello-scioglimento-infiltrazioni-mafiose-delle-amministrazioni-locali\/","title":{"rendered":"Il dibattito in Commissione antimafia sulla revisione della disciplina dello scioglimento per infiltrazioni mafiose delle amministrazioni locali"},"content":{"rendered":"<p>La Commissione di inchiesta antimafia, al termine del ciclo di audizioni dedicato alle vicende di \u201cMafia Capitale\u201d ha avviato una riflessione sulla revisione complessiva delle <a href=\"https:\/\/welaikaadv.site\/avviso\/home\/cosa-facciamo\/informare\/documenti-tematici\/comuni-sciolti-per-mafia\/scioglimento-delle-amministrazioni-locali-infiltrazioni-mafiose-successiva-incandidabilita-scheda-sintesi-della-normativa\/\">disposizioni del testo unico sugli enti locali<\/a> in materia di scioglimento delle amministrazioni locali per infiltrazioni delle organizzazioni criminali.<\/p>\n<p>Nella <a href=\"http:\/\/www.camera.it\/leg17\/1058?idLegislatura=17&amp;tipologia=audiz2&amp;sottotipologia=audizione&amp;anno=2015&amp;mese=07&amp;giorno=22&amp;idCommissione=24&amp;numero=0106&amp;file=indice_stenografico\" target=\"_blank\" rel=\"noopener\">seduta del 22 luglio 2015<\/a> la Presidente on. Bindi ha illustrato alcune proposte di adeguamento della normativa, finalizzata originariamente ad interventi relativi a realt\u00e0 amministrative di piccole dimensioni, collocate in alcune nelle regioni a tradizionale insediamento mafioso, per tener conto dell\u2019evoluzione del fenomeno delle infiltrazioni della criminalit\u00e0 e della corruzione conseguente, che interessa oggi citt\u00e0 con un elevato numero di abitanti (come nel recente caso di Roma) situate su tutto il territorio nazionale.<\/p>\n<p>In quest\u2019ottica vanno individuati nuovi strumenti di prevenzione e contrasto e forme pi\u00f9 efficaci di collaborazione tra Stato centrale e gli enti locali coinvolti, partendo dalle misure contenute nel disegno di legge del Governo (<a href=\"http:\/\/www.senato.it\/leg\/17\/BGT\/Schede\/Ddliter\/testi\/45012_testi.htm\" target=\"_blank\" rel=\"noopener\">AS 1297<\/a>, <em>leggi questa <a href=\"https:\/\/welaikaadv.site\/avviso\/home\/cosa-facciamo\/informare\/documenti-tematici\/comuni-sciolti-per-mafia\/scioglimento-enti-locali-mafia-le-proposte-revisione-della-normativa-sintesi-dellatto-senato-1687\/\">scheda<\/a><\/em>), ed arricchendole al fine di favorire un\u2019ampia verifica di tutte le pi\u00f9 importanti attivit\u00e0 amministrative, incluse quelle delle societ\u00e0 partecipate e dei consorzi pubblici a partecipazione privata. In particolare vanno individuate forme di tutoraggio o assistenza da parte dello Stato nei casi in cui non vi siano gli estremi per lo scioglimento dell\u2019ente, garantendo comunque l&#8217;autonomia del comune o dell&#8217;ente locale interessato.<\/p>\n<p>La Commissione torner\u00e0 a riunirsi alla ripresa dei lavori parlamentari al fine di predisporre un documento conclusivo su tali tematiche.<\/p>\n<p>(<em>agosto 2015<\/em>)<\/p>\n","protected":false},"excerpt":{"rendered":"<p>La Commissione di inchiesta antimafia, al termine del ciclo di audizioni dedicato alle vicende di \u201cMafia Capitale\u201d ha avviato una riflessione sulla revisione complessiva delle&nbsp;<span class=\"hellipsis\">[&hellip;]<\/span><a class=\"more-link\" href=\"https:\/\/welaikaadv.site\/avviso\/home\/cosa-facciamo\/informare\/documenti-tematici\/comuni-sciolti-per-mafia\/dibattito-commissione-antimafia-sulla-revisione-della-disciplina-dello-scioglimento-infiltrazioni-mafiose-delle-amministrazioni-locali\/\">Leggi tutto <span class=\"screen-reader-text\">Il dibattito in Commissione antimafia sulla revisione della disciplina dello scioglimento per infiltrazioni mafiose delle amministrazioni locali<\/span> <span class=\"meta-nav\" aria-hidden=\"true\">&rarr;<\/span><\/a><\/p>\n","protected":false},"author":1,"featured_media":0,"parent":194,"menu_order":20,"comment_status":"closed","ping_status":"closed","template":"page-templates\/boxed-sidebar-template.php","meta":{"_acf_changed":false,"_exactmetrics_skip_tracking":false,"_exactmetrics_sitenote_active":false,"_exactmetrics_sitenote_note":"","_exactmetrics_sitenote_category":0,"wp_social_preview_title":"","wp_social_preview_description":"","wp_social_preview_image":0,"footnotes":""},"class_list":["post-801","page","type-page","status-publish","hentry"],"acf":[],"yoast_head":"<!-- This site is optimized with the Yoast SEO plugin v27.2 - https:\/\/yoast.com\/product\/yoast-seo-wordpress\/ -->\n<title>Il dibattito in Commissione antimafia sulla revisione della disciplina dello scioglimento per infiltrazioni mafiose delle amministrazioni locali - Staging Avviso Pubblico<\/title>\n<meta name=\"robots\" content=\"noindex, follow, max-snippet:-1, max-image-preview:large, max-video-preview:-1\" \/>\n<meta property=\"og:locale\" content=\"it_IT\" \/>\n<meta property=\"og:type\" content=\"article\" \/>\n<meta property=\"og:title\" content=\"Il dibattito in Commissione antimafia sulla revisione della disciplina dello scioglimento per infiltrazioni mafiose delle amministrazioni locali - Staging Avviso Pubblico\" \/>\n<meta property=\"og:description\" content=\"La Commissione di inchiesta antimafia, al termine del ciclo di audizioni dedicato alle vicende di \u201cMafia Capitale\u201d ha avviato una riflessione sulla revisione complessiva delle&nbsp;[&hellip;]Leggi tutto Il dibattito in Commissione antimafia sulla revisione della disciplina dello scioglimento per infiltrazioni mafiose delle amministrazioni locali &rarr;\" \/>\n<meta property=\"og:url\" content=\"https:\/\/welaikaadv.site\/avviso\/home\/cosa-facciamo\/informare\/documenti-tematici\/comuni-sciolti-per-mafia\/dibattito-commissione-antimafia-sulla-revisione-della-disciplina-dello-scioglimento-infiltrazioni-mafiose-delle-amministrazioni-locali\/\" \/>\n<meta property=\"og:site_name\" content=\"Staging Avviso Pubblico\" \/>\n<meta name=\"twitter:card\" content=\"summary_large_image\" \/>\n<meta name=\"twitter:label1\" content=\"Tempo di lettura stimato\" \/>\n\t<meta name=\"twitter:data1\" content=\"1 minuto\" \/>\n<script type=\"application\/ld+json\" class=\"yoast-schema-graph\">{\"@context\":\"https:\/\/schema.org\",\"@graph\":[{\"@type\":\"WebPage\",\"@id\":\"https:\/\/welaikaadv.site\/avviso\/home\/cosa-facciamo\/informare\/documenti-tematici\/comuni-sciolti-per-mafia\/dibattito-commissione-antimafia-sulla-revisione-della-disciplina-dello-scioglimento-infiltrazioni-mafiose-delle-amministrazioni-locali\/\",\"url\":\"https:\/\/welaikaadv.site\/avviso\/home\/cosa-facciamo\/informare\/documenti-tematici\/comuni-sciolti-per-mafia\/dibattito-commissione-antimafia-sulla-revisione-della-disciplina-dello-scioglimento-infiltrazioni-mafiose-delle-amministrazioni-locali\/\",\"name\":\"Il dibattito in Commissione antimafia sulla revisione della disciplina dello scioglimento per infiltrazioni mafiose delle amministrazioni locali - Staging Avviso Pubblico\",\"isPartOf\":{\"@id\":\"https:\/\/welaikaadv.site\/avviso\/#website\"},\"datePublished\":\"2017-08-16T13:01:40+00:00\",\"breadcrumb\":{\"@id\":\"https:\/\/welaikaadv.site\/avviso\/home\/cosa-facciamo\/informare\/documenti-tematici\/comuni-sciolti-per-mafia\/dibattito-commissione-antimafia-sulla-revisione-della-disciplina-dello-scioglimento-infiltrazioni-mafiose-delle-amministrazioni-locali\/#breadcrumb\"},\"inLanguage\":\"it-IT\",\"potentialAction\":[{\"@type\":\"ReadAction\",\"target\":[\"https:\/\/welaikaadv.site\/avviso\/home\/cosa-facciamo\/informare\/documenti-tematici\/comuni-sciolti-per-mafia\/dibattito-commissione-antimafia-sulla-revisione-della-disciplina-dello-scioglimento-infiltrazioni-mafiose-delle-amministrazioni-locali\/\"]}]},{\"@type\":\"BreadcrumbList\",\"@id\":\"https:\/\/welaikaadv.site\/avviso\/home\/cosa-facciamo\/informare\/documenti-tematici\/comuni-sciolti-per-mafia\/dibattito-commissione-antimafia-sulla-revisione-della-disciplina-dello-scioglimento-infiltrazioni-mafiose-delle-amministrazioni-locali\/#breadcrumb\",\"itemListElement\":[{\"@type\":\"ListItem\",\"position\":1,\"name\":\"Home\",\"item\":\"https:\/\/welaikaadv.site\/avviso\/\"},{\"@type\":\"ListItem\",\"position\":2,\"name\":\"Il dibattito in Commissione antimafia sulla revisione della disciplina dello scioglimento per infiltrazioni mafiose delle amministrazioni locali\"}]},{\"@type\":\"WebSite\",\"@id\":\"https:\/\/welaikaadv.site\/avviso\/#website\",\"url\":\"https:\/\/welaikaadv.site\/avviso\/\",\"name\":\"Staging Avviso Pubblico\",\"description\":\"\",\"publisher\":{\"@id\":\"https:\/\/welaikaadv.site\/avviso\/#organization\"},\"potentialAction\":[{\"@type\":\"SearchAction\",\"target\":{\"@type\":\"EntryPoint\",\"urlTemplate\":\"https:\/\/welaikaadv.site\/avviso\/?s={search_term_string}\"},\"query-input\":{\"@type\":\"PropertyValueSpecification\",\"valueRequired\":true,\"valueName\":\"search_term_string\"}}],\"inLanguage\":\"it-IT\"},{\"@type\":\"Organization\",\"@id\":\"https:\/\/welaikaadv.site\/avviso\/#organization\",\"name\":\"Staging Avviso Pubblico\",\"url\":\"https:\/\/welaikaadv.site\/avviso\/\",\"logo\":{\"@type\":\"ImageObject\",\"inLanguage\":\"it-IT\",\"@id\":\"https:\/\/welaikaadv.site\/avviso\/#\/schema\/logo\/image\/\",\"url\":\"https:\/\/welaikaadv.site\/avviso\/wp-content\/uploads\/2024\/08\/logoAPsito-400.png\",\"contentUrl\":\"https:\/\/welaikaadv.site\/avviso\/wp-content\/uploads\/2024\/08\/logoAPsito-400.png\",\"width\":400,\"height\":97,\"caption\":\"Staging Avviso Pubblico\"},\"image\":{\"@id\":\"https:\/\/welaikaadv.site\/avviso\/#\/schema\/logo\/image\/\"}}]}<\/script>\n<!-- \/ Yoast SEO plugin. -->","yoast_head_json":{"title":"Il dibattito in Commissione antimafia sulla revisione della disciplina dello scioglimento per infiltrazioni mafiose delle amministrazioni locali - Staging Avviso Pubblico","robots":{"index":"noindex","follow":"follow","max-snippet":"max-snippet:-1","max-image-preview":"max-image-preview:large","max-video-preview":"max-video-preview:-1"},"og_locale":"it_IT","og_type":"article","og_title":"Il dibattito in Commissione antimafia sulla revisione della disciplina dello scioglimento per infiltrazioni mafiose delle amministrazioni locali - Staging Avviso Pubblico","og_description":"La Commissione di inchiesta antimafia, al termine del ciclo di audizioni dedicato alle vicende di \u201cMafia Capitale\u201d ha avviato una riflessione sulla revisione complessiva delle&nbsp;[&hellip;]Leggi tutto Il dibattito in Commissione antimafia sulla revisione della disciplina dello scioglimento per infiltrazioni mafiose delle amministrazioni locali &rarr;","og_url":"https:\/\/welaikaadv.site\/avviso\/home\/cosa-facciamo\/informare\/documenti-tematici\/comuni-sciolti-per-mafia\/dibattito-commissione-antimafia-sulla-revisione-della-disciplina-dello-scioglimento-infiltrazioni-mafiose-delle-amministrazioni-locali\/","og_site_name":"Staging Avviso Pubblico","twitter_card":"summary_large_image","twitter_misc":{"Tempo di lettura stimato":"1 minuto"},"schema":{"@context":"https:\/\/schema.org","@graph":[{"@type":"WebPage","@id":"https:\/\/welaikaadv.site\/avviso\/home\/cosa-facciamo\/informare\/documenti-tematici\/comuni-sciolti-per-mafia\/dibattito-commissione-antimafia-sulla-revisione-della-disciplina-dello-scioglimento-infiltrazioni-mafiose-delle-amministrazioni-locali\/","url":"https:\/\/welaikaadv.site\/avviso\/home\/cosa-facciamo\/informare\/documenti-tematici\/comuni-sciolti-per-mafia\/dibattito-commissione-antimafia-sulla-revisione-della-disciplina-dello-scioglimento-infiltrazioni-mafiose-delle-amministrazioni-locali\/","name":"Il dibattito in Commissione antimafia sulla revisione della disciplina dello scioglimento per infiltrazioni mafiose delle amministrazioni locali - Staging Avviso Pubblico","isPartOf":{"@id":"https:\/\/welaikaadv.site\/avviso\/#website"},"datePublished":"2017-08-16T13:01:40+00:00","breadcrumb":{"@id":"https:\/\/welaikaadv.site\/avviso\/home\/cosa-facciamo\/informare\/documenti-tematici\/comuni-sciolti-per-mafia\/dibattito-commissione-antimafia-sulla-revisione-della-disciplina-dello-scioglimento-infiltrazioni-mafiose-delle-amministrazioni-locali\/#breadcrumb"},"inLanguage":"it-IT","potentialAction":[{"@type":"ReadAction","target":["https:\/\/welaikaadv.site\/avviso\/home\/cosa-facciamo\/informare\/documenti-tematici\/comuni-sciolti-per-mafia\/dibattito-commissione-antimafia-sulla-revisione-della-disciplina-dello-scioglimento-infiltrazioni-mafiose-delle-amministrazioni-locali\/"]}]},{"@type":"BreadcrumbList","@id":"https:\/\/welaikaadv.site\/avviso\/home\/cosa-facciamo\/informare\/documenti-tematici\/comuni-sciolti-per-mafia\/dibattito-commissione-antimafia-sulla-revisione-della-disciplina-dello-scioglimento-infiltrazioni-mafiose-delle-amministrazioni-locali\/#breadcrumb","itemListElement":[{"@type":"ListItem","position":1,"name":"Home","item":"https:\/\/welaikaadv.site\/avviso\/"},{"@type":"ListItem","position":2,"name":"Il dibattito in Commissione antimafia sulla revisione della disciplina dello scioglimento per infiltrazioni mafiose delle amministrazioni locali"}]},{"@type":"WebSite","@id":"https:\/\/welaikaadv.site\/avviso\/#website","url":"https:\/\/welaikaadv.site\/avviso\/","name":"Staging Avviso Pubblico","description":"","publisher":{"@id":"https:\/\/welaikaadv.site\/avviso\/#organization"},"potentialAction":[{"@type":"SearchAction","target":{"@type":"EntryPoint","urlTemplate":"https:\/\/welaikaadv.site\/avviso\/?s={search_term_string}"},"query-input":{"@type":"PropertyValueSpecification","valueRequired":true,"valueName":"search_term_string"}}],"inLanguage":"it-IT"},{"@type":"Organization","@id":"https:\/\/welaikaadv.site\/avviso\/#organization","name":"Staging Avviso Pubblico","url":"https:\/\/welaikaadv.site\/avviso\/","logo":{"@type":"ImageObject","inLanguage":"it-IT","@id":"https:\/\/welaikaadv.site\/avviso\/#\/schema\/logo\/image\/","url":"https:\/\/welaikaadv.site\/avviso\/wp-content\/uploads\/2024\/08\/logoAPsito-400.png","contentUrl":"https:\/\/welaikaadv.site\/avviso\/wp-content\/uploads\/2024\/08\/logoAPsito-400.png","width":400,"height":97,"caption":"Staging Avviso Pubblico"},"image":{"@id":"https:\/\/welaikaadv.site\/avviso\/#\/schema\/logo\/image\/"}}]}},"_links":{"self":[{"href":"https:\/\/welaikaadv.site\/avviso\/wp-json\/wp\/v2\/pages\/801","targetHints":{"allow":["GET"]}}],"collection":[{"href":"https:\/\/welaikaadv.site\/avviso\/wp-json\/wp\/v2\/pages"}],"about":[{"href":"https:\/\/welaikaadv.site\/avviso\/wp-json\/wp\/v2\/types\/page"}],"author":[{"embeddable":true,"href":"https:\/\/welaikaadv.site\/avviso\/wp-json\/wp\/v2\/users\/1"}],"replies":[{"embeddable":true,"href":"https:\/\/welaikaadv.site\/avviso\/wp-json\/wp\/v2\/comments?post=801"}],"version-history":[{"count":0,"href":"https:\/\/welaikaadv.site\/avviso\/wp-json\/wp\/v2\/pages\/801\/revisions"}],"up":[{"embeddable":true,"href":"https:\/\/welaikaadv.site\/avviso\/wp-json\/wp\/v2\/pages\/194"}],"wp:attachment":[{"href":"https:\/\/welaikaadv.site\/avviso\/wp-json\/wp\/v2\/media?parent=801"}],"curies":[{"name":"wp","href":"https:\/\/api.w.org\/{rel}","templated":true}]}}