{"id":861,"date":"2017-08-17T15:43:11","date_gmt":"2017-08-17T13:43:11","guid":{"rendered":"http:\/\/www.avvisopubblico.it\/home\/?page_id=861"},"modified":"2017-08-17T15:43:11","modified_gmt":"2017-08-17T13:43:11","slug":"cookie-informativa-estesa-sullutilizzo","status":"publish","type":"page","link":"https:\/\/welaikaadv.site\/avviso\/cookie-informativa-estesa-sullutilizzo\/","title":{"rendered":"\u201cCookie\u201d: informativa estesa sull\u2019utilizzo"},"content":{"rendered":"<p>I cookie sono brevi file di testo che i siti web utilizzano per misurare e migliorare la qualit\u00e0 del sito attraverso l&#8217;analisi del comportamento dei visitatori, per personalizzare le pagine e ricordare le preferenze degli utenti.<\/p>\n<p>Esistono le seguenti categorie di cookie:<\/p>\n<ul>\n<li>di \u201csessione\u201d che vengono memorizzati sul tuo computer per mere esigenze tecnico-funzionali, per la trasmissione di identificativi di sessione necessari per consentire l\u2019esplorazione sicura ed efficiente del sito; essi si cancellano al termine della \u201csessione\u201d (da cui il nome) con la chiusura del browser;<\/li>\n<li>\u201cpersistenti\u201d che rimangono memorizzati sul disco rigido del computer fino alla loro scadenza o cancellazione da parte degli utenti\/visitatori. Tramite i cookie persistenti i visitatori che accedono al sito vengono automaticamente riconosciuti a ogni visita.<\/li>\n<\/ul>\n<p>I cookie di sessione e persistenti possono a loro volta essere:<\/p>\n<ul>\n<li>di \u201cprima parte\u201d quando sono gestiti direttamente dal proprietario e\/o responsabile del sito web;<\/li>\n<li>di \u201cterza parte\u201d quando i cookie sono predisposti e gestiti da responsabili estranei al sito web da te visitato.<\/li>\n<\/ul>\n<p>Per questa ragione puoi impostare il browser del tuo computer in modo tale che esso accetti\/rifiuti tutti i cookie o visualizzi un avviso ogni qual volta viene proposto un cookie, al fine di poter valutare se accettarlo o meno. Tu sei abilitato, comunque, a modificare la configurazione predefinita e disabilitare i cookie, impostando il livello di protezione pi\u00f9 elevato.<\/p>\n<p>In ogni caso per tutelare la tua libert\u00e0 ti viene chiesto di accettare o rifiutare i cookie al momento del primo accesso al sito web. Alcune informazioni sono esposte nel banner mostrato all&#8217;accesso. Altre, pi\u00f9 dettagliate, sono riportate nella presente policy.<\/p>\n<p>\u00c8 possibile inoltre visitare il sito, in lingua inglese, <a href=\"http:\/\/www.aboutcookies.org\" target=\"_blank\" rel=\"noopener\">www.aboutcookies.org<\/a> per informazioni su come poter gestire\/eliminare i cookie in base al tipo di browser utilizzato. Per eliminare i cookie dal browser Internet del proprio smartphone\/tablet, \u00e8 necessario fare riferimento al manuale d\u2019uso del dispositivo.<\/p>\n<p>Sul sito <a href=\"https:\/\/www.avvisopubblico.it\/\">www.avvisopubblico.it<\/a> non sono utilizzate in alcun modo tecniche informatiche per l&#8217;acquisizione diretta dei tuoi dati personali identificativi.<\/p>\n<p>Non facciamo uso di cookie persistenti che vengono memorizzati sul tuo computer e non svaniscono con la chiusura del browser ma esclusivamente cookie di sessione. Nello specifico i Cookie creati direttamente all&#8217;accesso al sito di AP sono:<\/p>\n<ul>\n<li>Cookie PHP. \u00c8 un cookie squisitamente tecnico, che serve solo a facilitare la navigazione. Non permette di identificarti e non effettua alcun tipo di profilazione, n\u00e9 memorizza dati riguardanti il computer o l&#8217;indirizzo IP. Viene cancellato alla chiusura della sessione.<\/li>\n<li>Cookie di sessione di WordPress. Sono cookie squisitamente tecnici, che serve solo a facilitare la navigazione. Non permettono di identificarti e non effettuano alcun tipo di profilazione, n\u00e9 memorizzano dati riguardanti il computer o l&#8217;indirizzo IP. Vengono cancellati alla chiusura della sessione.<\/li>\n<li>Cookie notice accepted. Anche questo \u00e8 un cookie tecnico (serve solo a verificare che tu abbia visualizzato l&#8217;informativa sui cookie; non permette di identificare l&#8217;utente, perch\u00e9 l&#8217;unica informazione che viene salvata \u00e8 &#8220;quando&#8221; l&#8217;utente ha cliccato OK, e l&#8217;informazione \u00e8 salvata sul computer dell&#8217;utente stesso e non trasmessa. Viene cancellato dopo 60 giorni.<\/li>\n<\/ul>\n<p>I Cookie di terze parti sono:<\/p>\n<ul>\n<li>Cookie di Facebook. Sono cookie tecnici, che non permettono di identificarti e non effettuano alcun tipo di profilazione,\u00a0Vengono cancellati entro alcune ore dalla chiusura della sessione.\u00a0Vedere anche la <a href=\"https:\/\/it-it.facebook.com\/policies\/cookies\/\" target=\"_blank\" rel=\"noopener\">cookie policy di\u00a0Facebook<\/a>.<\/li>\n<li>Google Analytics. Sono cookie tecnici, che servono a raccogliere informazioni aggregate sull&#8217;utilizzo del sito e la navigazione.\u00a0Non permettono di identificarti e non effettuano alcun tipo di profilazione, vengono cancellati entro alcune ore dalla chiusura della sessione. Puoi vedere anche la <a href=\"https:\/\/policies.google.com\/technologies\/cookies?hl=it\" target=\"_blank\" rel=\"noopener\">cookie policy di Google<\/a>.<\/li>\n<li>Cookie di prodotti Google. Vengono creati solo se visiti determinate pagine (le mappe dei comuni sciolti per mafia, la pagina dei video di YouTube); non permettono di identificarti e non effettuano alcun tipo di profilazione, vengono cancellati entro alcune ore dalla chiusura della sessione. Puoi vedere anche la <a href=\"https:\/\/policies.google.com\/technologies\/cookies?hl=it\" target=\"_blank\" rel=\"noopener\">cookie policy di Google<\/a>.<\/li>\n<li>Cookie di sessione di Google. Vengono creati solo se visiti determinate pagine (come quella dei video di Youtube) e solo se sei connesso, in un&#8217;altra finestra, con un account Google. Sono cookie tecnici e di navigazione; alcuni di questi cookie sono persistenti (non vengono cancellati alla chiusura della sessione). Potrebbero memorizzare alcune informazioni sul tuo profilo (ad esempio la lingua scelta per visualizzare Youtube e altre preferenze). Per i dettagli puoi vedere la <a href=\"https:\/\/policies.google.com\/technologies\/cookies?hl=it\" target=\"_blank\" rel=\"noopener\">cookie policy di Google<\/a>.<\/li>\n<\/ul>\n<p>Il sito web di AP utilizza inoltre <a href=\"https:\/\/akismet.com\/\" target=\"_blank\" rel=\"noopener\">Akismet<\/a>, un servizio di WordPress che argina lo spam, offerto da Automattic, l&#8217;azienda che produce WordPress. Akismet non raccoglie informazioni che permettano di tracciare il visitatore e non salva cookie sul computer dell&#8217;utente; tuttavia, Automattic, per avere informazioni statistiche di tipo aggregato, utili per migliorare il servizio, potrebbe memorizzare alcuni dati statistici su server che possono essere dislocati negli Stati Uniti o in altri paesi. Automattic si riserva di trasferire le informazioni raccolte a terzi ove ci\u00f2 sia richiesto per legge o laddove il soggetto terzo processi informazioni per suo conto. Automattic assicura di non associare il tuo indirizzo IP a nessun altro dato posseduto al fine di ottenere un tuo profilo di maggiore dettaglio. Ulteriori informazioni sulla privacy e sul loro uso sono reperibili direttamente <a href=\"https:\/\/automattic.com\/privacy\/\" target=\"_blank\" rel=\"noopener\">sul sito di Automattic<\/a>.<\/p>\n<p>Utilizzando il sito web di AP, tu accetti la presente policy in materia di cookie.<\/p>\n","protected":false},"excerpt":{"rendered":"<p>I cookie sono brevi file di testo che i siti web utilizzano per misurare e migliorare la qualit\u00e0 del sito attraverso l&#8217;analisi del comportamento dei&nbsp;<span class=\"hellipsis\">[&hellip;]<\/span><a class=\"more-link\" href=\"https:\/\/welaikaadv.site\/avviso\/cookie-informativa-estesa-sullutilizzo\/\">Leggi tutto <span class=\"screen-reader-text\">\u201cCookie\u201d: informativa estesa sull\u2019utilizzo<\/span> <span class=\"meta-nav\" aria-hidden=\"true\">&rarr;<\/span><\/a><\/p>\n","protected":false},"author":1,"featured_media":0,"parent":0,"menu_order":2000,"comment_status":"closed","ping_status":"closed","template":"page-templates\/fullwidth-template.php","meta":{"_acf_changed":false,"_exactmetrics_skip_tracking":false,"_exactmetrics_sitenote_active":false,"_exactmetrics_sitenote_note":"","_exactmetrics_sitenote_category":0,"wp_social_preview_title":"","wp_social_preview_description":"","wp_social_preview_image":0,"footnotes":""},"class_list":["post-861","page","type-page","status-publish","hentry"],"acf":[],"yoast_head":"<!-- This site is optimized with the Yoast SEO plugin v27.2 - https:\/\/yoast.com\/product\/yoast-seo-wordpress\/ -->\n<title>\u201cCookie\u201d: informativa estesa sull\u2019utilizzo - Staging Avviso Pubblico<\/title>\n<meta name=\"robots\" content=\"noindex, follow, max-snippet:-1, max-image-preview:large, max-video-preview:-1\" \/>\n<meta property=\"og:locale\" content=\"it_IT\" \/>\n<meta property=\"og:type\" content=\"article\" \/>\n<meta property=\"og:title\" content=\"\u201cCookie\u201d: informativa estesa sull\u2019utilizzo - Staging Avviso Pubblico\" \/>\n<meta property=\"og:description\" content=\"I cookie sono brevi file di testo che i siti web utilizzano per misurare e migliorare la qualit\u00e0 del sito attraverso l&#8217;analisi del comportamento dei&nbsp;[&hellip;]Leggi tutto \u201cCookie\u201d: informativa estesa sull\u2019utilizzo &rarr;\" \/>\n<meta property=\"og:url\" content=\"https:\/\/welaikaadv.site\/avviso\/cookie-informativa-estesa-sullutilizzo\/\" \/>\n<meta property=\"og:site_name\" content=\"Staging Avviso Pubblico\" \/>\n<meta name=\"twitter:card\" content=\"summary_large_image\" \/>\n<meta name=\"twitter:label1\" content=\"Tempo di lettura stimato\" \/>\n\t<meta name=\"twitter:data1\" content=\"4 minuti\" \/>\n<script type=\"application\/ld+json\" class=\"yoast-schema-graph\">{\"@context\":\"https:\/\/schema.org\",\"@graph\":[{\"@type\":\"WebPage\",\"@id\":\"https:\/\/welaikaadv.site\/avviso\/cookie-informativa-estesa-sullutilizzo\/\",\"url\":\"https:\/\/welaikaadv.site\/avviso\/cookie-informativa-estesa-sullutilizzo\/\",\"name\":\"\u201cCookie\u201d: informativa estesa sull\u2019utilizzo - Staging Avviso Pubblico\",\"isPartOf\":{\"@id\":\"https:\/\/welaikaadv.site\/avviso\/#website\"},\"datePublished\":\"2017-08-17T13:43:11+00:00\",\"breadcrumb\":{\"@id\":\"https:\/\/welaikaadv.site\/avviso\/cookie-informativa-estesa-sullutilizzo\/#breadcrumb\"},\"inLanguage\":\"it-IT\",\"potentialAction\":[{\"@type\":\"ReadAction\",\"target\":[\"https:\/\/welaikaadv.site\/avviso\/cookie-informativa-estesa-sullutilizzo\/\"]}]},{\"@type\":\"BreadcrumbList\",\"@id\":\"https:\/\/welaikaadv.site\/avviso\/cookie-informativa-estesa-sullutilizzo\/#breadcrumb\",\"itemListElement\":[{\"@type\":\"ListItem\",\"position\":1,\"name\":\"Home\",\"item\":\"https:\/\/welaikaadv.site\/avviso\/\"},{\"@type\":\"ListItem\",\"position\":2,\"name\":\"\u201cCookie\u201d: informativa estesa sull\u2019utilizzo\"}]},{\"@type\":\"WebSite\",\"@id\":\"https:\/\/welaikaadv.site\/avviso\/#website\",\"url\":\"https:\/\/welaikaadv.site\/avviso\/\",\"name\":\"Staging Avviso Pubblico\",\"description\":\"\",\"publisher\":{\"@id\":\"https:\/\/welaikaadv.site\/avviso\/#organization\"},\"potentialAction\":[{\"@type\":\"SearchAction\",\"target\":{\"@type\":\"EntryPoint\",\"urlTemplate\":\"https:\/\/welaikaadv.site\/avviso\/?s={search_term_string}\"},\"query-input\":{\"@type\":\"PropertyValueSpecification\",\"valueRequired\":true,\"valueName\":\"search_term_string\"}}],\"inLanguage\":\"it-IT\"},{\"@type\":\"Organization\",\"@id\":\"https:\/\/welaikaadv.site\/avviso\/#organization\",\"name\":\"Staging Avviso Pubblico\",\"url\":\"https:\/\/welaikaadv.site\/avviso\/\",\"logo\":{\"@type\":\"ImageObject\",\"inLanguage\":\"it-IT\",\"@id\":\"https:\/\/welaikaadv.site\/avviso\/#\/schema\/logo\/image\/\",\"url\":\"https:\/\/welaikaadv.site\/avviso\/wp-content\/uploads\/2024\/08\/logoAPsito-400.png\",\"contentUrl\":\"https:\/\/welaikaadv.site\/avviso\/wp-content\/uploads\/2024\/08\/logoAPsito-400.png\",\"width\":400,\"height\":97,\"caption\":\"Staging Avviso Pubblico\"},\"image\":{\"@id\":\"https:\/\/welaikaadv.site\/avviso\/#\/schema\/logo\/image\/\"}}]}<\/script>\n<!-- \/ Yoast SEO plugin. -->","yoast_head_json":{"title":"\u201cCookie\u201d: informativa estesa sull\u2019utilizzo - Staging Avviso Pubblico","robots":{"index":"noindex","follow":"follow","max-snippet":"max-snippet:-1","max-image-preview":"max-image-preview:large","max-video-preview":"max-video-preview:-1"},"og_locale":"it_IT","og_type":"article","og_title":"\u201cCookie\u201d: informativa estesa sull\u2019utilizzo - Staging Avviso Pubblico","og_description":"I cookie sono brevi file di testo che i siti web utilizzano per misurare e migliorare la qualit\u00e0 del sito attraverso l&#8217;analisi del comportamento dei&nbsp;[&hellip;]Leggi tutto \u201cCookie\u201d: informativa estesa sull\u2019utilizzo &rarr;","og_url":"https:\/\/welaikaadv.site\/avviso\/cookie-informativa-estesa-sullutilizzo\/","og_site_name":"Staging Avviso Pubblico","twitter_card":"summary_large_image","twitter_misc":{"Tempo di lettura stimato":"4 minuti"},"schema":{"@context":"https:\/\/schema.org","@graph":[{"@type":"WebPage","@id":"https:\/\/welaikaadv.site\/avviso\/cookie-informativa-estesa-sullutilizzo\/","url":"https:\/\/welaikaadv.site\/avviso\/cookie-informativa-estesa-sullutilizzo\/","name":"\u201cCookie\u201d: informativa estesa sull\u2019utilizzo - Staging Avviso Pubblico","isPartOf":{"@id":"https:\/\/welaikaadv.site\/avviso\/#website"},"datePublished":"2017-08-17T13:43:11+00:00","breadcrumb":{"@id":"https:\/\/welaikaadv.site\/avviso\/cookie-informativa-estesa-sullutilizzo\/#breadcrumb"},"inLanguage":"it-IT","potentialAction":[{"@type":"ReadAction","target":["https:\/\/welaikaadv.site\/avviso\/cookie-informativa-estesa-sullutilizzo\/"]}]},{"@type":"BreadcrumbList","@id":"https:\/\/welaikaadv.site\/avviso\/cookie-informativa-estesa-sullutilizzo\/#breadcrumb","itemListElement":[{"@type":"ListItem","position":1,"name":"Home","item":"https:\/\/welaikaadv.site\/avviso\/"},{"@type":"ListItem","position":2,"name":"\u201cCookie\u201d: informativa estesa sull\u2019utilizzo"}]},{"@type":"WebSite","@id":"https:\/\/welaikaadv.site\/avviso\/#website","url":"https:\/\/welaikaadv.site\/avviso\/","name":"Staging Avviso Pubblico","description":"","publisher":{"@id":"https:\/\/welaikaadv.site\/avviso\/#organization"},"potentialAction":[{"@type":"SearchAction","target":{"@type":"EntryPoint","urlTemplate":"https:\/\/welaikaadv.site\/avviso\/?s={search_term_string}"},"query-input":{"@type":"PropertyValueSpecification","valueRequired":true,"valueName":"search_term_string"}}],"inLanguage":"it-IT"},{"@type":"Organization","@id":"https:\/\/welaikaadv.site\/avviso\/#organization","name":"Staging Avviso Pubblico","url":"https:\/\/welaikaadv.site\/avviso\/","logo":{"@type":"ImageObject","inLanguage":"it-IT","@id":"https:\/\/welaikaadv.site\/avviso\/#\/schema\/logo\/image\/","url":"https:\/\/welaikaadv.site\/avviso\/wp-content\/uploads\/2024\/08\/logoAPsito-400.png","contentUrl":"https:\/\/welaikaadv.site\/avviso\/wp-content\/uploads\/2024\/08\/logoAPsito-400.png","width":400,"height":97,"caption":"Staging Avviso Pubblico"},"image":{"@id":"https:\/\/welaikaadv.site\/avviso\/#\/schema\/logo\/image\/"}}]}},"_links":{"self":[{"href":"https:\/\/welaikaadv.site\/avviso\/wp-json\/wp\/v2\/pages\/861","targetHints":{"allow":["GET"]}}],"collection":[{"href":"https:\/\/welaikaadv.site\/avviso\/wp-json\/wp\/v2\/pages"}],"about":[{"href":"https:\/\/welaikaadv.site\/avviso\/wp-json\/wp\/v2\/types\/page"}],"author":[{"embeddable":true,"href":"https:\/\/welaikaadv.site\/avviso\/wp-json\/wp\/v2\/users\/1"}],"replies":[{"embeddable":true,"href":"https:\/\/welaikaadv.site\/avviso\/wp-json\/wp\/v2\/comments?post=861"}],"version-history":[{"count":0,"href":"https:\/\/welaikaadv.site\/avviso\/wp-json\/wp\/v2\/pages\/861\/revisions"}],"wp:attachment":[{"href":"https:\/\/welaikaadv.site\/avviso\/wp-json\/wp\/v2\/media?parent=861"}],"curies":[{"name":"wp","href":"https:\/\/api.w.org\/{rel}","templated":true}]}}