{"id":907,"date":"2017-08-22T14:46:16","date_gmt":"2017-08-22T12:46:16","guid":{"rendered":"http:\/\/www.avvisopubblico.it\/home\/?page_id=907"},"modified":"2017-08-22T14:46:16","modified_gmt":"2017-08-22T12:46:16","slug":"sintesi-della-normativa-statale-regionale-sugli-obblighi-trasparenza-delle-pubbliche-amministrazioni","status":"publish","type":"page","link":"https:\/\/welaikaadv.site\/avviso\/home\/cosa-facciamo\/informare\/documenti-tematici\/corruzione-appalti\/sintesi-della-normativa-statale-regionale-sugli-obblighi-trasparenza-delle-pubbliche-amministrazioni\/","title":{"rendered":"Sintesi della normativa statale e regionale sugli obblighi di trasparenza delle pubbliche amministrazioni"},"content":{"rendered":"<p><strong>Premessa.\u00a0<\/strong>La <strong><a href=\"http:\/\/www.normattiva.it\/uri-res\/N2Ls?urn:nir:stato:legge:2012;190\">legge n. 190 del 2012<\/a><\/strong> <em>Disposizioni per la prevenzione e la repressione della corruzione e dell\u2019illegalit\u00e0 nella Pubblica Amministrazione<\/em> configura la trasparenza dell&#8217;attivit\u00e0 amministrativa come \u201clivello essenziale delle prestazioni concernenti i diritti sociali e civili ai sensi dell&#8217;articolo 117, secondo comma, lettera m), della Costituzione&#8221; (art. 1, comma 15), in quanto rappresenta uno degli strumenti essenziali per garantire la legalit\u00e0 ed il buon andamento dell\u2019azione amministrativa, la lotta ai fenomeni di corruzione ed una pi\u00f9 efficace gestione delle risorse.<\/p>\n<p>Secondo il <strong><a href=\"http:\/\/www.normattiva.it\/uri-res\/N2Ls?urn:nir:stato:decreto.legislativo:2013;33\">Decreto Legislativo n. 33 del 2013<\/a><\/strong> <em>Riordino della disciplina riguardante gli obblighi di pubblicit\u00e0, trasparenza e diffusione di informazioni da parte delle pubbliche amministrazioni<\/em>, la trasparenza amministrativa \u00e8 intesa come accessibilit\u00e0 totale delle informazioni concernenti l&#8217;organizzazione e l&#8217;attivit\u00e0 delle pubbliche amministrazioni, allo scopo di favorire forme diffuse di controllo sul perseguimento delle funzioni istituzionali e sull&#8217;utilizzo delle risorse pubbliche (art. 1), stabilendo uno stretto collegamento tra Programma della Trasparenza, Piano Anti corruzione (attraverso il quale si individuano i settori pi\u00f9 a rischio di corruzione) e Piano delle performances (nel quale dovrebbero confluire gli obiettivi strategici ed operativi scelti da ciascuna amministrazione).<\/p>\n<p>Qui di seguito sono sintetizzati gli aspetti pi\u00f9 rilevanti della normativa statale. Diamo poi conto anche dei principali provvedimenti in materia adottati dalle regioni.<\/p>\n<p><strong>L\u2019accesso civico.\u00a0<\/strong>A sostegno del diritto ad un\u2019informazione completa da parte del cittadino, \u00e8 previsto l\u2019istituto dell\u2019\u201daccesso civico\u201d (art. 5) che si sostanzia nel diritto per qualsiasi cittadino a richiedere, a titolo gratuito e senza necessit\u00e0 di motivazione, i documenti di cui \u00e8 stata omessa la pubblicazione; in caso di inerzia dell&#8217;amministrazione, si potr\u00e0 ricorrere al Tar o alla Commissione per l&#8217;accesso ai documenti amministrativi (<strong><a href=\"http:\/\/www.normattiva.it\/uri-res\/N2Ls?urn:nir:stato:decreto.legislativo:2010;104\">D.lgs. n. 104 del 2010<\/a><\/strong> , art. 116). Per approfondimenti vedi le <strong><a href=\"https:\/\/welaikaadv.site\/avviso\/home\/cosa-facciamo\/informare\/documenti-tematici\/corruzione\/trasparenza-e-diritto-daccesso-quadro-generale\/\">schede<\/a> <\/strong>riportate all&#8217;interno della <strong><a href=\"https:\/\/welaikaadv.site\/avviso\/home\/cosa-facciamo\/informare\/documenti-tematici\/corruzione\/\">sezione Corruzione<\/a><\/strong>.<\/p>\n<p><strong>L\u2019obbligo di pubblicazione dei dati.\u00a0<\/strong>Le pubbliche amministrazioni garantiscono la qualit\u00e0 delle informazioni riportate nei siti istituzionali, assicurandone l&#8217;integrit\u00e0, il costante aggiornamento, la semplicit\u00e0 di consultazione e la conformit\u00e0 ai documenti originali in possesso dell&#8217;amministrazione (art. 6). A tal fine devo redarre un programma triennale della trasparenza, da aggiornare annualmente (art. 10).<\/p>\n<p>Il decreto legislativo n. 33 del 2013 disciplina in dettaglio (art. 13-) le informazioni che le pubbliche Amministrazioni sono tenute a pubblicare sul proprio sito istituzionale in moda da consentire a tutti i cittadini di accedervi direttamente senza autentificazione n\u00e9 identificazione e di conoscere lo stato dei procedimenti amministrativi che li riguardano, seguendo le fasi attraverso cui l\u2019attivit\u00e0 amministrativa si articola. Per favorire l\u2019accesso le informazioni sono riportate all\u2019interno di un\u2019apposita sezione, denominata \u201cAmministrazione trasparente\u201d (art. 9). In particolare devono essere fornite tutte le informazioni utili riguardanti:<\/p>\n<ul>\n<li>l\u2019organizzazione interna, con riferimento sia agli organi di indirizzo politico e di amministrazione e gestione, che all&#8217;articolazione degli uffici e dei relativi responsabili;<\/li>\n<li>il curriculum ed i compensi sia del personale politico che del personale amministrativo, ivi inclusi i consulenti;<\/li>\n<li>il personale in servizio, sia a tempo indeterminato che a tempo determinato;<\/li>\n<li>i provvedimenti adottati, con specifico riferimento a bandi di concorso, appalti ed affidamenti di lavori e forniture, concessioni ed autorizzazioni, sussidi e sovvenzioni;<\/li>\n<li>gli adempimenti a carico delle imprese ed le tipologie dei controlli effettuati per il rispetto degli obblighi relativi;<\/li>\n<li>le spese sostenute dai gruppi consiliari;<\/li>\n<li>i dati di bilancio e quelli sul patrimonio immobiliare;<\/li>\n<li>i servizi erogati e gli adempimenti a carco del cittadino;<\/li>\n<li>gli atti relativi alla pianificazione urbanistica, alla gestione del territorio e alla tutela dell\u2019ambiente.<\/li>\n<\/ul>\n<p><strong>I provvedimenti assunti dalle regioni.\u00a0<\/strong>I principi stabiliti dalla normativa statale trovano attuazione ed ulteriore specificazione in numerose leggi regionali. Si segnalano in particolare, tra i provvedimenti approvati di recente:<\/p>\n<p><em>Abruzzo:<\/em> <strong><a href=\"http:\/\/leggi.regione.abruzzo.it\/asp\/redirectApprofondimenti.asp?pdfDoc=xNormativa\/docs\/leggi\/2013\/LR312013.pdf\">legge n. 31 del 2013<\/a><\/strong> in materia di procedimento amministrativo, sviluppo dell&#8217;amministrazione digitale e semplificazione del sistema amministrativo regionale e locale, che amplia tra l\u2019altro il diritto di accesso agli atti amministrativi (art 29 ss); <strong><a href=\"http:\/\/leggi.regione.abruzzo.it\/asp\/redirectApprofondimenti.asp?pdfDoc=xNormativa\/docs\/leggi\/2012\/LR682012.pdf\">legge n. 68 del 2012<\/a><\/strong> sulla trasparenza dei titolari di cariche elettive.<\/p>\n<p><em>Basilicata<\/em>: <strong>legge n. 23 del 2014<\/strong>, provvedimento generale di attuazione del d.lgs n. 33 del 2013 e la\u00a0 <strong>legge n. 6 del 2012<\/strong>, riguardante specificamente l&#8217;accesso e la trasparenza in materia ambientale.<\/p>\n<p><em>Calabria<\/em>: <strong>legge n. 3 del 2014<\/strong>, provvedimento generale di attuazione del d.lgs n. 33 del 2013.<\/p>\n<p><em>Campania<\/em>: <strong><a href=\"http:\/\/www.sito.regione.campania.it\/leggi_regionali2013\/index_leggi2013.asp\">legge n. 14 del 2013<\/a><\/strong> sulla trasparenza e la valorizzazione dei dati di titolarit\u00e0 regionale.<\/p>\n<p><em>Emilia Romagna<\/em>: <strong>legge n. 15 del 2014<\/strong> sulla trasparenza dei titolari di cariche elettive e le spese dei gruppi consiliari.<\/p>\n<p><em>Friuli-Venezia Giulia: <\/em><a href=\"http:\/\/lexview-int.regione.fvg.it\/fontinormative\/xml\/IndiceLex.aspx?anno=2014&amp;legge=7&amp;fx=lex\">l<strong>egge n. 7 del 2014<\/strong><\/a> sulla trasparenza e la valorizzazione dei dati di titolarit\u00e0 regionale.<\/p>\n<p><em>Lazio: <\/em>l<strong>egge n. 4 del 2013<\/strong> sulla trasparenza dei titolari di cariche elettive, le spese dei gruppi consiliari ed il riordino della struttura amministrativa.<\/p>\n<p><em>Liguria: <\/em>legge n. 1 del 2014, riguardante l\u2019applicazione dei principi di trasparenza nei settori del servizio idrico integrato e della gestione integrata dei rifiuti; legge n. 48 del 2012 sulla trasparenza dei titolari di cariche elettive, le spese dei gruppi consiliari ed il riordino delle societ\u00e0 regionali.<\/p>\n<p><em>Lombardia: <\/em><a href=\"http:\/\/normelombardia.consiglio.regione.lombardia.it\/NormeLombardia\/Accessibile\/main.aspx?view=showdoc&amp;exp_coll=lr002014060400017&amp;rebuildtree=1&amp;selnode=lr002014060400017&amp;iddoc=lr002014060400017&amp;testo=\">l<strong>egge n. 17 del 2014<\/strong><\/a> e <strong><a href=\"http:\/\/normelombardia.consiglio.regione.lombardia.it\/NormeLombardia\/Accessibile\/main.aspx?exp_coll=lr002014070800019&amp;view=showdoc&amp;iddoc=lr002014070800019&amp;selnode=lr002014070800019\">legge n. 19 del 2014<\/a> <\/strong>di adeguamento al d.lgs n. 33 del 2013; <strong><a href=\"http:\/\/normelombardia.consiglio.regione.lombardia.it\/NormeLombardia\/Accessibile\/main.aspx?exp_coll=lr002013062400003&amp;view=showdoc&amp;iddoc=lr002013062400003&amp;selnode=lr002013062400003\">legge n. 3 del 2013<\/a> <\/strong>sulla trasparenza dei titolari di cariche elettive e le spese dei gruppi consiliari; <a href=\"http:\/\/normelombardia.consiglio.regione.lombardia.it\/NormeLombardia\/Accessibile\/main.aspx?view=showdoc&amp;exp_coll=lr002016031700005&amp;rebuildtree=1&amp;selnode=lr002016031700005&amp;iddoc=lr002016031700005&amp;testo=\"><strong>legge n. 5 del 2016<\/strong><\/a> che istituisce l&#8217;Autorit\u00e0 Regionale Anti Corruzione (ARAC).<\/p>\n<p><em>Marche<\/em>: <strong>legge n. 44 del 2013<\/strong> (artt. 28 e 38) e <strong>legge n. 20 del 2014<\/strong> di adeguamento al d.lgs n. 33 del 2013.<\/p>\n<p><em>Molise<\/em>: <strong><a href=\"http:\/\/www.regione.molise.it\/web\/crm\/lr.nsf\/0\/00CCE905E60B842BC1257BBA00318149?OpenDocument\">legge n. 10 del 2013<\/a><\/strong> e <strong><a href=\"http:\/\/www.regione.molise.it\/web\/crm\/lr.nsf\/0\/F9A978CA1719A93CC1257CC40034573F?OpenDocument\">legge n. 11 del 2014<\/a><\/strong> (art. 14) sulla trasparenza dei titolari di cariche elettive, le spese dei gruppi consiliari ed il riordino della struttura amministrativa.<\/p>\n<p><em>Piemonte<\/em>: <a href=\"http:\/\/arianna.consiglioregionale.piemonte.it\/ariaint\/TESTO?LAYOUT=PRESENTAZIONE&amp;TIPODOC=LEGGI&amp;LEGGE=14&amp;LEGGEANNO=2014\">l<strong>egge n. 14 del 2014<\/strong><\/a>, provvedimento generale in materia di procedimento amministrativo; <strong><a href=\"http:\/\/arianna.consiglioregionale.piemonte.it\/ariaint\/TESTO?LAYOUT=PRESENTAZIONE&amp;TIPODOC=LEGGI&amp;LEGGE=4&amp;LEGGEANNO=2014\">legge n. 4 del 2014<\/a><\/strong> sulle spese dei gruppi consiliari.<\/p>\n<p><em>Puglia: <\/em>l<strong>egge n. 22 del 2014<\/strong> sull\u2019applicazione dei principi di trasparenza per gli interventi in materia di edilizia residenziale pubblica e sociale.<\/p>\n<p><em>Sardegna<\/em>: <a href=\"http:\/\/www.regione.sardegna.it\/j\/v\/1270?s=249348&amp;v=2&amp;c=&amp;t=1&amp;anno=\">l<strong>egge n. 2 del 2014<\/strong><\/a> sulla trasparenza dell\u2019attivit\u00e0 amministrativa regionale.<\/p>\n<p><em>Sicilia<\/em>: <strong>legge n. 21 del 2014<\/strong> (art. 68) sulla trasparenza dell\u2019attivit\u00e0 amministrativa regionale; <strong>legge n. 1 del 2014<\/strong> sulla trasparenza dei titolari di cariche elettive, le spese dei gruppi consiliari ed il riordino dell\u2019apparato amministrativo.<\/p>\n<p><em>Toscana<\/em>: <strong><a href=\"http:\/\/raccoltanormativa.consiglio.regione.toscana.it\/articolo?urndoc=urn:nir:regione.toscana:legge:2013-08-09;47\">legge n. 47 del 2013<\/a><\/strong> e <strong><a href=\"http:\/\/raccoltanormativa.consiglio.regione.toscana.it\/articolo?urndoc=urn:nir:regione.toscana:legge:2014-02-05;6\">legge n. 6 del 2014<\/a><\/strong>, di adeguamento dell\u2019ordinamento regionale al d.lgs. n. 33 del 2013; <strong><a href=\"http:\/\/raccoltanormativa.consiglio.regione.toscana.it\/articolo?urndoc=urn:nir:regione.toscana:legge:2014-01-22;5\">legge n. 5 del 2014<\/a><\/strong> sull\u2019applicazione dei principi di trasparenza nel settore dell\u2019edilizia residenziale pubblica.<\/p>\n<p><em>Trentino Alto Adige<\/em>: <strong>legge provinciale n. 4 del 2014<\/strong> di adeguamento dell\u2019ordinamento provinciale al d.lgs. n. 33 del 2013.<\/p>\n<p><em>Umbria<\/em>: <strong><a href=\"http:\/\/www2.regione.umbria.it\/norme_fe\/Asset.aspx?ID=8CF3BB45-7615-490E-9457-ED62C971CC2F\">legge n. 3 del 2014<\/a><\/strong> sull\u2019applicazione dei principi di trasparenza per gli interventi riguardanti l&#8217;insediamento produttivo ed occupazionale in agricoltura.<\/p>\n<p><em>Val d\u2019Aosta<\/em>: <strong><a href=\"http:\/\/www.consiglio.regione.vda.it\/banche_dati\/leggi_regolamenti\/dettaglio_i.asp?pk_lr=7442\">legge n. 2 del 2013<\/a><\/strong> (art. 3) sulla trasparenza dell\u2019attivit\u00e0 amministrativa.<\/p>\n<p><em>Veneto<\/em>: <strong><a href=\"http:\/\/www.consiglioveneto.it\/crvportal\/leggi\/2013\/13lr0039.html?numLegge=39&amp;annoLegge=2013&amp;tipoLegge=Alr\">legge n. 39 del 2013<\/a><\/strong> (art. 11) sull\u2019applicazione dei principi di trasparenza alle societ\u00e0 controllate dalla regione.<\/p>\n<p><em>(Per maggiori approfondimenti su questa materia, consulta la sezione \u201cTrasparenza e integrit\u00e0\u201d del sito dell\u2019<\/em><strong><a href=\"http:\/\/www.anticorruzione.it\/?page_id=7847\"><em>Autorit\u00e0 nazionale anticorruzione<\/em><\/a><\/strong><em>).<\/em><\/p>\n<p><em>(Novembre 2014)<\/em><\/p>\n","protected":false},"excerpt":{"rendered":"<p>Premessa.\u00a0La legge n. 190 del 2012 Disposizioni per la prevenzione e la repressione della corruzione e dell\u2019illegalit\u00e0 nella Pubblica Amministrazione configura la trasparenza dell&#8217;attivit\u00e0 amministrativa&nbsp;<span class=\"hellipsis\">[&hellip;]<\/span><a class=\"more-link\" href=\"https:\/\/welaikaadv.site\/avviso\/home\/cosa-facciamo\/informare\/documenti-tematici\/corruzione-appalti\/sintesi-della-normativa-statale-regionale-sugli-obblighi-trasparenza-delle-pubbliche-amministrazioni\/\">Leggi tutto <span class=\"screen-reader-text\">Sintesi della normativa statale e regionale sugli obblighi di trasparenza delle pubbliche amministrazioni<\/span> <span class=\"meta-nav\" aria-hidden=\"true\">&rarr;<\/span><\/a><\/p>\n","protected":false},"author":1,"featured_media":0,"parent":198,"menu_order":20,"comment_status":"closed","ping_status":"closed","template":"","meta":{"_acf_changed":false,"_exactmetrics_skip_tracking":false,"_exactmetrics_sitenote_active":false,"_exactmetrics_sitenote_note":"","_exactmetrics_sitenote_category":0,"wp_social_preview_title":"","wp_social_preview_description":"","wp_social_preview_image":0,"footnotes":""},"class_list":["post-907","page","type-page","status-publish","hentry"],"acf":[],"yoast_head":"<!-- This site is optimized with the Yoast SEO plugin v27.2 - https:\/\/yoast.com\/product\/yoast-seo-wordpress\/ -->\n<title>Sintesi della normativa statale e regionale sugli obblighi di trasparenza delle pubbliche amministrazioni - Staging Avviso Pubblico<\/title>\n<meta name=\"robots\" content=\"noindex, follow, max-snippet:-1, max-image-preview:large, max-video-preview:-1\" \/>\n<meta property=\"og:locale\" content=\"it_IT\" \/>\n<meta property=\"og:type\" content=\"article\" \/>\n<meta property=\"og:title\" content=\"Sintesi della normativa statale e regionale sugli obblighi di trasparenza delle pubbliche amministrazioni - Staging Avviso Pubblico\" \/>\n<meta property=\"og:description\" content=\"Premessa.\u00a0La legge n. 190 del 2012 Disposizioni per la prevenzione e la repressione della corruzione e dell\u2019illegalit\u00e0 nella Pubblica Amministrazione configura la trasparenza dell&#8217;attivit\u00e0 amministrativa&nbsp;[&hellip;]Leggi tutto Sintesi della normativa statale e regionale sugli obblighi di trasparenza delle pubbliche amministrazioni &rarr;\" \/>\n<meta property=\"og:url\" content=\"https:\/\/welaikaadv.site\/avviso\/home\/cosa-facciamo\/informare\/documenti-tematici\/corruzione-appalti\/sintesi-della-normativa-statale-regionale-sugli-obblighi-trasparenza-delle-pubbliche-amministrazioni\/\" \/>\n<meta property=\"og:site_name\" content=\"Staging Avviso Pubblico\" \/>\n<meta name=\"twitter:card\" content=\"summary_large_image\" \/>\n<meta name=\"twitter:label1\" content=\"Tempo di lettura stimato\" \/>\n\t<meta name=\"twitter:data1\" content=\"5 minuti\" \/>\n<script type=\"application\/ld+json\" class=\"yoast-schema-graph\">{\"@context\":\"https:\/\/schema.org\",\"@graph\":[{\"@type\":\"WebPage\",\"@id\":\"https:\/\/welaikaadv.site\/avviso\/home\/cosa-facciamo\/informare\/documenti-tematici\/corruzione-appalti\/sintesi-della-normativa-statale-regionale-sugli-obblighi-trasparenza-delle-pubbliche-amministrazioni\/\",\"url\":\"https:\/\/welaikaadv.site\/avviso\/home\/cosa-facciamo\/informare\/documenti-tematici\/corruzione-appalti\/sintesi-della-normativa-statale-regionale-sugli-obblighi-trasparenza-delle-pubbliche-amministrazioni\/\",\"name\":\"Sintesi della normativa statale e regionale sugli obblighi di trasparenza delle pubbliche amministrazioni - Staging Avviso Pubblico\",\"isPartOf\":{\"@id\":\"https:\/\/welaikaadv.site\/avviso\/#website\"},\"datePublished\":\"2017-08-22T12:46:16+00:00\",\"breadcrumb\":{\"@id\":\"https:\/\/welaikaadv.site\/avviso\/home\/cosa-facciamo\/informare\/documenti-tematici\/corruzione-appalti\/sintesi-della-normativa-statale-regionale-sugli-obblighi-trasparenza-delle-pubbliche-amministrazioni\/#breadcrumb\"},\"inLanguage\":\"it-IT\",\"potentialAction\":[{\"@type\":\"ReadAction\",\"target\":[\"https:\/\/welaikaadv.site\/avviso\/home\/cosa-facciamo\/informare\/documenti-tematici\/corruzione-appalti\/sintesi-della-normativa-statale-regionale-sugli-obblighi-trasparenza-delle-pubbliche-amministrazioni\/\"]}]},{\"@type\":\"BreadcrumbList\",\"@id\":\"https:\/\/welaikaadv.site\/avviso\/home\/cosa-facciamo\/informare\/documenti-tematici\/corruzione-appalti\/sintesi-della-normativa-statale-regionale-sugli-obblighi-trasparenza-delle-pubbliche-amministrazioni\/#breadcrumb\",\"itemListElement\":[{\"@type\":\"ListItem\",\"position\":1,\"name\":\"Home\",\"item\":\"https:\/\/welaikaadv.site\/avviso\/\"},{\"@type\":\"ListItem\",\"position\":2,\"name\":\"Sintesi della normativa statale e regionale sugli obblighi di trasparenza delle pubbliche amministrazioni\"}]},{\"@type\":\"WebSite\",\"@id\":\"https:\/\/welaikaadv.site\/avviso\/#website\",\"url\":\"https:\/\/welaikaadv.site\/avviso\/\",\"name\":\"Staging Avviso Pubblico\",\"description\":\"\",\"publisher\":{\"@id\":\"https:\/\/welaikaadv.site\/avviso\/#organization\"},\"potentialAction\":[{\"@type\":\"SearchAction\",\"target\":{\"@type\":\"EntryPoint\",\"urlTemplate\":\"https:\/\/welaikaadv.site\/avviso\/?s={search_term_string}\"},\"query-input\":{\"@type\":\"PropertyValueSpecification\",\"valueRequired\":true,\"valueName\":\"search_term_string\"}}],\"inLanguage\":\"it-IT\"},{\"@type\":\"Organization\",\"@id\":\"https:\/\/welaikaadv.site\/avviso\/#organization\",\"name\":\"Staging Avviso Pubblico\",\"url\":\"https:\/\/welaikaadv.site\/avviso\/\",\"logo\":{\"@type\":\"ImageObject\",\"inLanguage\":\"it-IT\",\"@id\":\"https:\/\/welaikaadv.site\/avviso\/#\/schema\/logo\/image\/\",\"url\":\"https:\/\/welaikaadv.site\/avviso\/wp-content\/uploads\/2024\/08\/logoAPsito-400.png\",\"contentUrl\":\"https:\/\/welaikaadv.site\/avviso\/wp-content\/uploads\/2024\/08\/logoAPsito-400.png\",\"width\":400,\"height\":97,\"caption\":\"Staging Avviso Pubblico\"},\"image\":{\"@id\":\"https:\/\/welaikaadv.site\/avviso\/#\/schema\/logo\/image\/\"}}]}<\/script>\n<!-- \/ Yoast SEO plugin. -->","yoast_head_json":{"title":"Sintesi della normativa statale e regionale sugli obblighi di trasparenza delle pubbliche amministrazioni - Staging Avviso Pubblico","robots":{"index":"noindex","follow":"follow","max-snippet":"max-snippet:-1","max-image-preview":"max-image-preview:large","max-video-preview":"max-video-preview:-1"},"og_locale":"it_IT","og_type":"article","og_title":"Sintesi della normativa statale e regionale sugli obblighi di trasparenza delle pubbliche amministrazioni - Staging Avviso Pubblico","og_description":"Premessa.\u00a0La legge n. 190 del 2012 Disposizioni per la prevenzione e la repressione della corruzione e dell\u2019illegalit\u00e0 nella Pubblica Amministrazione configura la trasparenza dell&#8217;attivit\u00e0 amministrativa&nbsp;[&hellip;]Leggi tutto Sintesi della normativa statale e regionale sugli obblighi di trasparenza delle pubbliche amministrazioni &rarr;","og_url":"https:\/\/welaikaadv.site\/avviso\/home\/cosa-facciamo\/informare\/documenti-tematici\/corruzione-appalti\/sintesi-della-normativa-statale-regionale-sugli-obblighi-trasparenza-delle-pubbliche-amministrazioni\/","og_site_name":"Staging Avviso Pubblico","twitter_card":"summary_large_image","twitter_misc":{"Tempo di lettura stimato":"5 minuti"},"schema":{"@context":"https:\/\/schema.org","@graph":[{"@type":"WebPage","@id":"https:\/\/welaikaadv.site\/avviso\/home\/cosa-facciamo\/informare\/documenti-tematici\/corruzione-appalti\/sintesi-della-normativa-statale-regionale-sugli-obblighi-trasparenza-delle-pubbliche-amministrazioni\/","url":"https:\/\/welaikaadv.site\/avviso\/home\/cosa-facciamo\/informare\/documenti-tematici\/corruzione-appalti\/sintesi-della-normativa-statale-regionale-sugli-obblighi-trasparenza-delle-pubbliche-amministrazioni\/","name":"Sintesi della normativa statale e regionale sugli obblighi di trasparenza delle pubbliche amministrazioni - Staging Avviso Pubblico","isPartOf":{"@id":"https:\/\/welaikaadv.site\/avviso\/#website"},"datePublished":"2017-08-22T12:46:16+00:00","breadcrumb":{"@id":"https:\/\/welaikaadv.site\/avviso\/home\/cosa-facciamo\/informare\/documenti-tematici\/corruzione-appalti\/sintesi-della-normativa-statale-regionale-sugli-obblighi-trasparenza-delle-pubbliche-amministrazioni\/#breadcrumb"},"inLanguage":"it-IT","potentialAction":[{"@type":"ReadAction","target":["https:\/\/welaikaadv.site\/avviso\/home\/cosa-facciamo\/informare\/documenti-tematici\/corruzione-appalti\/sintesi-della-normativa-statale-regionale-sugli-obblighi-trasparenza-delle-pubbliche-amministrazioni\/"]}]},{"@type":"BreadcrumbList","@id":"https:\/\/welaikaadv.site\/avviso\/home\/cosa-facciamo\/informare\/documenti-tematici\/corruzione-appalti\/sintesi-della-normativa-statale-regionale-sugli-obblighi-trasparenza-delle-pubbliche-amministrazioni\/#breadcrumb","itemListElement":[{"@type":"ListItem","position":1,"name":"Home","item":"https:\/\/welaikaadv.site\/avviso\/"},{"@type":"ListItem","position":2,"name":"Sintesi della normativa statale e regionale sugli obblighi di trasparenza delle pubbliche amministrazioni"}]},{"@type":"WebSite","@id":"https:\/\/welaikaadv.site\/avviso\/#website","url":"https:\/\/welaikaadv.site\/avviso\/","name":"Staging Avviso Pubblico","description":"","publisher":{"@id":"https:\/\/welaikaadv.site\/avviso\/#organization"},"potentialAction":[{"@type":"SearchAction","target":{"@type":"EntryPoint","urlTemplate":"https:\/\/welaikaadv.site\/avviso\/?s={search_term_string}"},"query-input":{"@type":"PropertyValueSpecification","valueRequired":true,"valueName":"search_term_string"}}],"inLanguage":"it-IT"},{"@type":"Organization","@id":"https:\/\/welaikaadv.site\/avviso\/#organization","name":"Staging Avviso Pubblico","url":"https:\/\/welaikaadv.site\/avviso\/","logo":{"@type":"ImageObject","inLanguage":"it-IT","@id":"https:\/\/welaikaadv.site\/avviso\/#\/schema\/logo\/image\/","url":"https:\/\/welaikaadv.site\/avviso\/wp-content\/uploads\/2024\/08\/logoAPsito-400.png","contentUrl":"https:\/\/welaikaadv.site\/avviso\/wp-content\/uploads\/2024\/08\/logoAPsito-400.png","width":400,"height":97,"caption":"Staging Avviso Pubblico"},"image":{"@id":"https:\/\/welaikaadv.site\/avviso\/#\/schema\/logo\/image\/"}}]}},"_links":{"self":[{"href":"https:\/\/welaikaadv.site\/avviso\/wp-json\/wp\/v2\/pages\/907","targetHints":{"allow":["GET"]}}],"collection":[{"href":"https:\/\/welaikaadv.site\/avviso\/wp-json\/wp\/v2\/pages"}],"about":[{"href":"https:\/\/welaikaadv.site\/avviso\/wp-json\/wp\/v2\/types\/page"}],"author":[{"embeddable":true,"href":"https:\/\/welaikaadv.site\/avviso\/wp-json\/wp\/v2\/users\/1"}],"replies":[{"embeddable":true,"href":"https:\/\/welaikaadv.site\/avviso\/wp-json\/wp\/v2\/comments?post=907"}],"version-history":[{"count":0,"href":"https:\/\/welaikaadv.site\/avviso\/wp-json\/wp\/v2\/pages\/907\/revisions"}],"up":[{"embeddable":true,"href":"https:\/\/welaikaadv.site\/avviso\/wp-json\/wp\/v2\/pages\/198"}],"wp:attachment":[{"href":"https:\/\/welaikaadv.site\/avviso\/wp-json\/wp\/v2\/media?parent=907"}],"curies":[{"name":"wp","href":"https:\/\/api.w.org\/{rel}","templated":true}]}}