{"id":913,"date":"2017-08-22T14:51:46","date_gmt":"2017-08-22T12:51:46","guid":{"rendered":"http:\/\/www.avvisopubblico.it\/home\/?page_id=913"},"modified":"2017-08-22T14:51:46","modified_gmt":"2017-08-22T12:51:46","slug":"disciplina-regionale-dellattivita-lobbying-leggi-approvate-progetti-legge-discussione","status":"publish","type":"page","link":"https:\/\/welaikaadv.site\/avviso\/home\/cosa-facciamo\/informare\/documenti-tematici\/corruzione-appalti\/disciplina-regionale-dellattivita-lobbying-leggi-approvate-progetti-legge-discussione\/","title":{"rendered":"Disciplina regionale dell\u2019attivit\u00e0 di lobbying. Leggi approvate e progetti di legge in discussione"},"content":{"rendered":"<p>A differenza dell\u2019ordinamento statale, dove ad oggi \u00e8 assente una disciplina organica dell\u2019attivit\u00e0 di <em>lobbying<\/em>, alcune Regioni italiane si sono dotate di leggi che, seppur con alcune lacune e dandone scarsa attuazione, regolamentano l\u2019attivit\u00e0 dei gruppi di interesse nell\u2019ambito dei processi decisionali pubblici.<\/p>\n<p><strong>Regione Siciliana. <\/strong>La prima Regione ad aver adottato una forma di regolamentazione dei rapporti con i gruppi di interesse \u00e8 stata la Regione Sicilia che, gi\u00e0 prima dell\u2019approvazione della Costituzione, prevedeva all\u2019interno del proprio Statuto l\u2019elaborazione dei progetti di legge attraverso la partecipazione delle rappresentanze degli interessi professionali e degli organi tecnici regionali ai lavori delle Commissioni dell\u2019Assemblea regionale (<a href=\"http:\/\/pti.regione.sicilia.it\/portal\/page\/portal\/PIR_PORTALE\/PIR_Statutoregionale\/Statuto.pdf\">art. 12, comma 3 dello Statuto<\/a>). Alla norma statutaria hanno successivamente fatto seguito alcune disposizioni del <a href=\"http:\/\/www.ars.sicilia.it\/documenti\/Regolamento%20ARS.pdf\">Regolamento dell\u2019Assemblea<\/a>, che prevedono che la scelta dei rappresentanti degli interessi professionali sia basata su elenchi dei rappresentanti regionali delle organizzazioni dei lavoratori, dei datori di lavoro e degli organi professionali (art. 71 del Regolamento) e che tali rappresentanti siano obbligatoriamente coinvolti nell\u2019esame dei progetti di legge relativi a problemi di natura economica o sindacale (art. 72 del Regolamento) e, infine, che attribuiscono al Presidente dell\u2019Assemblea il potere di individuare il numero dei rappresentanti di volta in volta coinvolti (art. 73). Ciononostante, a nessuna delle disposizioni citate \u00e8 mai stata data attuazione, elemento che sfortunatamente accomuna la disciplina della Regione Siciliana alle altre leggi delle Regioni che hanno voluto regolamentare il fenomeno.<\/p>\n<p><strong>Toscana, Molise e Abruzzo. <\/strong>Un altro caso di regolamentazione a livello regionale dell\u2019attivit\u00e0 di <em>lobbying<\/em> \u00e8 rappresentato dalla legge della Regione Toscana 18 gennaio 2002, n. 5, che, nonostante non fornisca alcuna definizione del fenomeno (\u00e8 presente solo una distinzione) tra gruppi di interesse che rappresentano categorie economiche, sociali e del terzo settore maggiormente rappresentativi a livello regionale e provinciale e \u00abaltri gruppi comunque attivi sul territorio toscano\u00bb), ha introdotto il <em>Registro dei gruppi di interesse accreditati,<\/em> cui devono iscriversi i gruppi di interesse che sono dotati di un\u2019organizzazione interna di natura democratica, perseguono interessi meritevoli di tutela da parte dell\u2019ordinamento e sono stati costituiti almeno sei mesi prima dell\u2019entrata in vigore della legge. Nonostante tale limitazione soggettiva, l\u2019iscrizione al Registro determina comunque il riconoscimento di importanti diritti, tra i quali: il diritto di presentare richieste su atti proposti (cui fanno seguito audizioni in seno alle Commissioni in sede istruttoria), il diritto di presentare progetti di atti, di accedere ai locali, di chiedere informazioni anche di carattere tecnico e di seguire le sedute delle commissioni.<\/p>\n<p>Nonostante la disciplina della Regione Toscana presenti alcune lacune (assenza di definizioni e ambito soggettivo limitato, cui si aggiunge il limite dell\u2019applicabilit\u00e0 delle norme al solo Consiglio Regionale), il caso toscano ha costituito un modello per altre Regioni, tra cui il Molise, che ha sostanzialmente \u201ccopiato\u201d la disciplina della Regione Toscana, e l\u2019Abruzzo, che invece ha cercato di apportarvi alcuni correttivi.<\/p>\n<p>La <a href=\"http:\/\/www2.consiglio.regione.abruzzo.it\/leggi_tv\/abruzzo_lr\/2010\/lr10061\/Intero.asp\">legge della Regione Abruzzo n. 61 del 2010<\/a> ha infatti ripreso il modello toscano, ma ha cercato anche di porre rimedio ad alcune delle sue lacune, ad esempio estendo l\u2019applicazione del Registro anche ai rapporti dei gruppi di interesse con la Giunta e gli assessori e fornendo una definizione dell\u2019attivit\u00e0 di <em>lobbying<\/em>. Tuttavia la disciplina dell\u2019Abruzzo sconta la natura facoltativa dell\u2019iscrizione al Registro, la quale peraltro determina come unico vantaggio la possibilit\u00e0 di chiedere di essere ascoltati in via prioritaria.<\/p>\n<p>Soprattutto, esattamente come per la Regione Sicilia, la disciplina dell\u2019attivit\u00e0 di <em>lobbying<\/em> delle Regioni Toscana, Abruzzo e Molise \u00e8 rimasta sino ad oggi del tutto inattuata, cos\u00ec vanificando i tentativi del legislatore di introdurre forme pi\u00f9 trasparenti di partecipazione al processo decisionale.<\/p>\n<p><strong>Le Regioni Calabria e Lombardia. <\/strong>Recentemente si sono aggiunte altre due discipline regionali dell\u2019attivit\u00e0 di <em>lobbying<\/em>, che si distinguono per una maggior completezza e dettaglio di regolamentazione, anche se neppure queste ultime sono esenti da lacune. Particolarmente organica risulta soprattutto la <a href=\"http:\/\/www.consiglioregionale.calabria.it\/upload\/testicoordinati\/2016-4_2016-02-15.pdf\">legge della Regione Calabria 12 febbraio 2016, n. 4<\/a>, che ha istituto il <em>Registro pubblico dei rappresentanti di interessi particolari<\/em>, fornisce una definizione dell\u2019attivit\u00e0 di <em>lobbying<\/em> e introduce una disciplina applicabile non solo ai componenti del Consiglio Regionale ma anche alla Giunta Regionale. Tuttavia, come nel caso della Toscana, l\u2019ambito soggettivo di applicazione delle norme \u00e8 limitato ai soli gruppi di interesse che siano portatori di interessi meritevoli di tutela da parte dell\u2019ordinamento, da cui sono dunque esclusi rilevanti categorie di gruppi di interesse, come societ\u00e0 commerciali, multinazionali e aziende monopolistiche.<\/p>\n<p>La disciplina introdotta dalla Regione Lombardia (<strong><a href=\"http:\/\/normelombardia.consiglio.regione.lombardia.it\/normelombardia\/Accessibile\/main.aspx?exp_coll=lr002016072000017&amp;view=showdoc&amp;iddoc=lr002016072000017&amp;selnode=lr002016072000017\">legge n. 17 del 2016<\/a><\/strong>) ha invece istituito un <em>Elenco dei rappresentanti di interessi<\/em>, di natura obbligatoria, ma le norme che riconoscono diritti e obblighi (tra cui la presentazione di una relazione annuale sull\u2019attivit\u00e0 svolta) ai gruppi di interesse iscritti all\u2019elenco non si applicano ai membri della Giunta Regionale, la quale \u00e8 tuttavia chiamata ad adottare, sulla base dei principi della legge regionale ed entro dodici mesi dalla sua entrata in vigore, un regolamento regionale con cui disciplinare la funzione di rappresentanza di interessi in relazione ai propri processi decisionali.<\/p>\n<p><strong>I progetti di legge della Regione Lazio e della Puglia. <\/strong>Da ultimo, altre due Regioni italiane stanno cercando di introdurre alcune forme di regolamentazione dei rapporti tra gruppi di interesse e decisore pubblico a livello regionale. In particolare, il <a href=\"https:\/\/www.riparteilfuturo.it\/assets\/articles\/images\/DDL%20Puglia.pdf\">disegno di legge n. 101 del 15 giugno 2016 della Regione Puglia<\/a>, si distingue dalle discipline introdotte dalle altre Regioni per i seguenti elementi:<\/p>\n<ul>\n<li>in primo luogo, l\u2019ambito applicativo delle norme \u00e8 esteso non solo alla Giunta Regionale, ma anche ai singoli assessori, ai direttori dei dipartimenti e ai vertici delle Aziende regionali strategiche e delle Aziende e degli Enti del Servizio Sanitario Regionale (art. 3);<\/li>\n<li>in secondo luogo, istituisce un registro dei gruppi di interesse la cui iscrizione, obbligatoria per coloro che intendono svolgere attivit\u00e0 di <em>lobbying<\/em>, \u00e8 subordinata alla sottoscrizione di un codice di condotta che dovr\u00e0 essere adottato dalla Giunta regionale d\u2019intesa con la Presidenza del Consiglio regionale (art. 5);<\/li>\n<li>in terzo luogo, prevede l\u2019introduzione di un\u2019<em>Agenda pubblica<\/em> attraverso cui rendere noti gli incontri svolti dai decisori pubblici con i gruppi di interesse (art. 7);<\/li>\n<li>soprattutto, prevede all\u2019art. 12, un meccanismo di valutazione dello stato di attuazione della disciplina basato su una relazione annuale trasmessa dal Presidente della Giunta al Consiglio regionale.<\/li>\n<\/ul>\n<p>Anche il <a href=\"http:\/\/sporcolobbista.it\/wp-content\/uploads\/2016\/04\/LEGGI-LOBBY-LAZIO.pdf\">disegno di legge all\u2019esame della Regione Lazio<\/a> si distingue per una maggiore completezza di disciplina rispetto a quelle gi\u00e0 introdotte da altre Regioni. In particolare:<\/p>\n<ul>\n<li>nell\u2019ambito applicativo delle norme, oltre alla Giunta e al Consiglio regionale, sono ricompresi anche i vertici e gli staff degli uffici di diretta collaborazione, nonch\u00e9 i titolari degli incarichi di funzione dirigenziale generale (art. 2);<\/li>\n<li>prevede l\u2019istituzione, presso l\u2019Avvocatura della Regione Lazio, di un <em>Comitato per la trasparenza nella rappresentanza di interessi<\/em>, cui saranno affidate le funzioni di gestione del Registro dei portatori di interessi, garanzia e tutela della partecipazione dei gruppi di interesse ai processi decisionali, predisposizione di un rapporto annuale di verifica dell\u2019attivit\u00e0 degli iscritti al registro e gestione del contraddittorio ed erogazione delle sanzioni previste dalla legge (art. 3);<\/li>\n<li>introduce precisi obblighi a carico dei decisori pubblici, tra i quali la predisposizione di una relazione annuale sugli incontri svolti e il divieto di ricevere doni di entit\u00e0 superiore ai mille euro.<\/li>\n<\/ul>\n<p><em>\u00a0<\/em><\/p>\n<p><em>(A cura della dott.sa Silvia Giuliattini, laureata presso la Luiss con una tesi su \u201cLe amministrazioni della salute e i gruppi di interesse: frammenti di una disciplina\u201d)<\/em><\/p>\n","protected":false},"excerpt":{"rendered":"<p>A differenza dell\u2019ordinamento statale, dove ad oggi \u00e8 assente una disciplina organica dell\u2019attivit\u00e0 di lobbying, alcune Regioni italiane si sono dotate di leggi che, seppur&nbsp;<span class=\"hellipsis\">[&hellip;]<\/span><a class=\"more-link\" href=\"https:\/\/welaikaadv.site\/avviso\/home\/cosa-facciamo\/informare\/documenti-tematici\/corruzione-appalti\/disciplina-regionale-dellattivita-lobbying-leggi-approvate-progetti-legge-discussione\/\">Leggi tutto <span class=\"screen-reader-text\">Disciplina regionale dell\u2019attivit\u00e0 di lobbying. Leggi approvate e progetti di legge in discussione<\/span> <span class=\"meta-nav\" aria-hidden=\"true\">&rarr;<\/span><\/a><\/p>\n","protected":false},"author":1,"featured_media":0,"parent":198,"menu_order":50,"comment_status":"closed","ping_status":"closed","template":"","meta":{"_acf_changed":false,"_exactmetrics_skip_tracking":false,"_exactmetrics_sitenote_active":false,"_exactmetrics_sitenote_note":"","_exactmetrics_sitenote_category":0,"wp_social_preview_title":"","wp_social_preview_description":"","wp_social_preview_image":0,"footnotes":""},"class_list":["post-913","page","type-page","status-publish","hentry"],"acf":[],"yoast_head":"<!-- This site is optimized with the Yoast SEO plugin v27.2 - https:\/\/yoast.com\/product\/yoast-seo-wordpress\/ -->\n<title>Disciplina regionale dell\u2019attivit\u00e0 di lobbying. Leggi approvate e progetti di legge in discussione - Staging Avviso Pubblico<\/title>\n<meta name=\"robots\" content=\"noindex, follow, max-snippet:-1, max-image-preview:large, max-video-preview:-1\" \/>\n<meta property=\"og:locale\" content=\"it_IT\" \/>\n<meta property=\"og:type\" content=\"article\" \/>\n<meta property=\"og:title\" content=\"Disciplina regionale dell\u2019attivit\u00e0 di lobbying. Leggi approvate e progetti di legge in discussione - Staging Avviso Pubblico\" \/>\n<meta property=\"og:description\" content=\"A differenza dell\u2019ordinamento statale, dove ad oggi \u00e8 assente una disciplina organica dell\u2019attivit\u00e0 di lobbying, alcune Regioni italiane si sono dotate di leggi che, seppur&nbsp;[&hellip;]Leggi tutto Disciplina regionale dell\u2019attivit\u00e0 di lobbying. Leggi approvate e progetti di legge in discussione &rarr;\" \/>\n<meta property=\"og:url\" content=\"https:\/\/welaikaadv.site\/avviso\/home\/cosa-facciamo\/informare\/documenti-tematici\/corruzione-appalti\/disciplina-regionale-dellattivita-lobbying-leggi-approvate-progetti-legge-discussione\/\" \/>\n<meta property=\"og:site_name\" content=\"Staging Avviso Pubblico\" \/>\n<meta name=\"twitter:card\" content=\"summary_large_image\" \/>\n<meta name=\"twitter:label1\" content=\"Tempo di lettura stimato\" \/>\n\t<meta name=\"twitter:data1\" content=\"6 minuti\" \/>\n<script type=\"application\/ld+json\" class=\"yoast-schema-graph\">{\"@context\":\"https:\/\/schema.org\",\"@graph\":[{\"@type\":\"WebPage\",\"@id\":\"https:\/\/welaikaadv.site\/avviso\/home\/cosa-facciamo\/informare\/documenti-tematici\/corruzione-appalti\/disciplina-regionale-dellattivita-lobbying-leggi-approvate-progetti-legge-discussione\/\",\"url\":\"https:\/\/welaikaadv.site\/avviso\/home\/cosa-facciamo\/informare\/documenti-tematici\/corruzione-appalti\/disciplina-regionale-dellattivita-lobbying-leggi-approvate-progetti-legge-discussione\/\",\"name\":\"Disciplina regionale dell\u2019attivit\u00e0 di lobbying. Leggi approvate e progetti di legge in discussione - Staging Avviso Pubblico\",\"isPartOf\":{\"@id\":\"https:\/\/welaikaadv.site\/avviso\/#website\"},\"datePublished\":\"2017-08-22T12:51:46+00:00\",\"breadcrumb\":{\"@id\":\"https:\/\/welaikaadv.site\/avviso\/home\/cosa-facciamo\/informare\/documenti-tematici\/corruzione-appalti\/disciplina-regionale-dellattivita-lobbying-leggi-approvate-progetti-legge-discussione\/#breadcrumb\"},\"inLanguage\":\"it-IT\",\"potentialAction\":[{\"@type\":\"ReadAction\",\"target\":[\"https:\/\/welaikaadv.site\/avviso\/home\/cosa-facciamo\/informare\/documenti-tematici\/corruzione-appalti\/disciplina-regionale-dellattivita-lobbying-leggi-approvate-progetti-legge-discussione\/\"]}]},{\"@type\":\"BreadcrumbList\",\"@id\":\"https:\/\/welaikaadv.site\/avviso\/home\/cosa-facciamo\/informare\/documenti-tematici\/corruzione-appalti\/disciplina-regionale-dellattivita-lobbying-leggi-approvate-progetti-legge-discussione\/#breadcrumb\",\"itemListElement\":[{\"@type\":\"ListItem\",\"position\":1,\"name\":\"Home\",\"item\":\"https:\/\/welaikaadv.site\/avviso\/\"},{\"@type\":\"ListItem\",\"position\":2,\"name\":\"Disciplina regionale dell\u2019attivit\u00e0 di lobbying. Leggi approvate e progetti di legge in discussione\"}]},{\"@type\":\"WebSite\",\"@id\":\"https:\/\/welaikaadv.site\/avviso\/#website\",\"url\":\"https:\/\/welaikaadv.site\/avviso\/\",\"name\":\"Staging Avviso Pubblico\",\"description\":\"\",\"publisher\":{\"@id\":\"https:\/\/welaikaadv.site\/avviso\/#organization\"},\"potentialAction\":[{\"@type\":\"SearchAction\",\"target\":{\"@type\":\"EntryPoint\",\"urlTemplate\":\"https:\/\/welaikaadv.site\/avviso\/?s={search_term_string}\"},\"query-input\":{\"@type\":\"PropertyValueSpecification\",\"valueRequired\":true,\"valueName\":\"search_term_string\"}}],\"inLanguage\":\"it-IT\"},{\"@type\":\"Organization\",\"@id\":\"https:\/\/welaikaadv.site\/avviso\/#organization\",\"name\":\"Staging Avviso Pubblico\",\"url\":\"https:\/\/welaikaadv.site\/avviso\/\",\"logo\":{\"@type\":\"ImageObject\",\"inLanguage\":\"it-IT\",\"@id\":\"https:\/\/welaikaadv.site\/avviso\/#\/schema\/logo\/image\/\",\"url\":\"https:\/\/welaikaadv.site\/avviso\/wp-content\/uploads\/2024\/08\/logoAPsito-400.png\",\"contentUrl\":\"https:\/\/welaikaadv.site\/avviso\/wp-content\/uploads\/2024\/08\/logoAPsito-400.png\",\"width\":400,\"height\":97,\"caption\":\"Staging Avviso Pubblico\"},\"image\":{\"@id\":\"https:\/\/welaikaadv.site\/avviso\/#\/schema\/logo\/image\/\"}}]}<\/script>\n<!-- \/ Yoast SEO plugin. -->","yoast_head_json":{"title":"Disciplina regionale dell\u2019attivit\u00e0 di lobbying. Leggi approvate e progetti di legge in discussione - Staging Avviso Pubblico","robots":{"index":"noindex","follow":"follow","max-snippet":"max-snippet:-1","max-image-preview":"max-image-preview:large","max-video-preview":"max-video-preview:-1"},"og_locale":"it_IT","og_type":"article","og_title":"Disciplina regionale dell\u2019attivit\u00e0 di lobbying. Leggi approvate e progetti di legge in discussione - Staging Avviso Pubblico","og_description":"A differenza dell\u2019ordinamento statale, dove ad oggi \u00e8 assente una disciplina organica dell\u2019attivit\u00e0 di lobbying, alcune Regioni italiane si sono dotate di leggi che, seppur&nbsp;[&hellip;]Leggi tutto Disciplina regionale dell\u2019attivit\u00e0 di lobbying. Leggi approvate e progetti di legge in discussione &rarr;","og_url":"https:\/\/welaikaadv.site\/avviso\/home\/cosa-facciamo\/informare\/documenti-tematici\/corruzione-appalti\/disciplina-regionale-dellattivita-lobbying-leggi-approvate-progetti-legge-discussione\/","og_site_name":"Staging Avviso Pubblico","twitter_card":"summary_large_image","twitter_misc":{"Tempo di lettura stimato":"6 minuti"},"schema":{"@context":"https:\/\/schema.org","@graph":[{"@type":"WebPage","@id":"https:\/\/welaikaadv.site\/avviso\/home\/cosa-facciamo\/informare\/documenti-tematici\/corruzione-appalti\/disciplina-regionale-dellattivita-lobbying-leggi-approvate-progetti-legge-discussione\/","url":"https:\/\/welaikaadv.site\/avviso\/home\/cosa-facciamo\/informare\/documenti-tematici\/corruzione-appalti\/disciplina-regionale-dellattivita-lobbying-leggi-approvate-progetti-legge-discussione\/","name":"Disciplina regionale dell\u2019attivit\u00e0 di lobbying. Leggi approvate e progetti di legge in discussione - Staging Avviso Pubblico","isPartOf":{"@id":"https:\/\/welaikaadv.site\/avviso\/#website"},"datePublished":"2017-08-22T12:51:46+00:00","breadcrumb":{"@id":"https:\/\/welaikaadv.site\/avviso\/home\/cosa-facciamo\/informare\/documenti-tematici\/corruzione-appalti\/disciplina-regionale-dellattivita-lobbying-leggi-approvate-progetti-legge-discussione\/#breadcrumb"},"inLanguage":"it-IT","potentialAction":[{"@type":"ReadAction","target":["https:\/\/welaikaadv.site\/avviso\/home\/cosa-facciamo\/informare\/documenti-tematici\/corruzione-appalti\/disciplina-regionale-dellattivita-lobbying-leggi-approvate-progetti-legge-discussione\/"]}]},{"@type":"BreadcrumbList","@id":"https:\/\/welaikaadv.site\/avviso\/home\/cosa-facciamo\/informare\/documenti-tematici\/corruzione-appalti\/disciplina-regionale-dellattivita-lobbying-leggi-approvate-progetti-legge-discussione\/#breadcrumb","itemListElement":[{"@type":"ListItem","position":1,"name":"Home","item":"https:\/\/welaikaadv.site\/avviso\/"},{"@type":"ListItem","position":2,"name":"Disciplina regionale dell\u2019attivit\u00e0 di lobbying. Leggi approvate e progetti di legge in discussione"}]},{"@type":"WebSite","@id":"https:\/\/welaikaadv.site\/avviso\/#website","url":"https:\/\/welaikaadv.site\/avviso\/","name":"Staging Avviso Pubblico","description":"","publisher":{"@id":"https:\/\/welaikaadv.site\/avviso\/#organization"},"potentialAction":[{"@type":"SearchAction","target":{"@type":"EntryPoint","urlTemplate":"https:\/\/welaikaadv.site\/avviso\/?s={search_term_string}"},"query-input":{"@type":"PropertyValueSpecification","valueRequired":true,"valueName":"search_term_string"}}],"inLanguage":"it-IT"},{"@type":"Organization","@id":"https:\/\/welaikaadv.site\/avviso\/#organization","name":"Staging Avviso Pubblico","url":"https:\/\/welaikaadv.site\/avviso\/","logo":{"@type":"ImageObject","inLanguage":"it-IT","@id":"https:\/\/welaikaadv.site\/avviso\/#\/schema\/logo\/image\/","url":"https:\/\/welaikaadv.site\/avviso\/wp-content\/uploads\/2024\/08\/logoAPsito-400.png","contentUrl":"https:\/\/welaikaadv.site\/avviso\/wp-content\/uploads\/2024\/08\/logoAPsito-400.png","width":400,"height":97,"caption":"Staging Avviso Pubblico"},"image":{"@id":"https:\/\/welaikaadv.site\/avviso\/#\/schema\/logo\/image\/"}}]}},"_links":{"self":[{"href":"https:\/\/welaikaadv.site\/avviso\/wp-json\/wp\/v2\/pages\/913","targetHints":{"allow":["GET"]}}],"collection":[{"href":"https:\/\/welaikaadv.site\/avviso\/wp-json\/wp\/v2\/pages"}],"about":[{"href":"https:\/\/welaikaadv.site\/avviso\/wp-json\/wp\/v2\/types\/page"}],"author":[{"embeddable":true,"href":"https:\/\/welaikaadv.site\/avviso\/wp-json\/wp\/v2\/users\/1"}],"replies":[{"embeddable":true,"href":"https:\/\/welaikaadv.site\/avviso\/wp-json\/wp\/v2\/comments?post=913"}],"version-history":[{"count":0,"href":"https:\/\/welaikaadv.site\/avviso\/wp-json\/wp\/v2\/pages\/913\/revisions"}],"up":[{"embeddable":true,"href":"https:\/\/welaikaadv.site\/avviso\/wp-json\/wp\/v2\/pages\/198"}],"wp:attachment":[{"href":"https:\/\/welaikaadv.site\/avviso\/wp-json\/wp\/v2\/media?parent=913"}],"curies":[{"name":"wp","href":"https:\/\/api.w.org\/{rel}","templated":true}]}}