{"id":36,"date":"2021-06-16T10:37:06","date_gmt":"2021-06-16T08:37:06","guid":{"rendered":"https:\/\/welaikaadv.site\/geoblog\/?page_id=36"},"modified":"2021-10-12T14:55:25","modified_gmt":"2021-10-12T12:55:25","slug":"approfondisci","status":"publish","type":"page","link":"https:\/\/welaikaadv.site\/geoblog\/approfondisci\/","title":{"rendered":"Approfondisci"},"content":{"rendered":"\t\t<div data-elementor-type=\"wp-page\" data-elementor-id=\"36\" class=\"elementor elementor-36\" data-elementor-settings=\"[]\">\n\t\t\t\t\t\t\t<div class=\"elementor-section-wrap\">\n\t\t\t\t\t\t\t<section class=\"elementor-section elementor-top-section elementor-element elementor-element-7293f8f elementor-section-boxed elementor-section-height-default elementor-section-height-default\" data-id=\"7293f8f\" data-element_type=\"section\">\n\t\t\t\t\t\t<div class=\"elementor-container elementor-column-gap-default\">\n\t\t\t\t\t<div class=\"elementor-column elementor-col-100 elementor-top-column elementor-element elementor-element-ef7d688\" data-id=\"ef7d688\" data-element_type=\"column\">\n\t\t\t<div class=\"elementor-widget-wrap elementor-element-populated\">\n\t\t\t\t\t\t\t\t<div class=\"elementor-element elementor-element-b8a3f04 elementor-widget elementor-widget-heading\" data-id=\"b8a3f04\" data-element_type=\"widget\" data-widget_type=\"heading.default\">\n\t\t\t\t<div class=\"elementor-widget-container\">\n\t\t\t<h2 class=\"elementor-heading-title elementor-size-default\">Che cos'\u00e8 un bene confiscato<\/h2>\t\t<\/div>\n\t\t\t\t<\/div>\n\t\t\t\t<div class=\"elementor-element elementor-element-89a06bb elementor-widget elementor-widget-text-editor\" data-id=\"89a06bb\" data-element_type=\"widget\" data-widget_type=\"text-editor.default\">\n\t\t\t\t<div class=\"elementor-widget-container\">\n\t\t\t\t\t\t\t\t<p>I beni confiscati alle mafie e alla criminalit\u00e0 organizzata sono quelli per cui \u00e8 previsto il riutilizzo ai sensi del Codice delle leggi antimafia e delle misure di prevenzione (D.L. 6\/9\/2011 n.159).<\/p><p>Si tratta dei beni legati a ipotesi di reato di particolare gravit\u00e0 e confiscati all&#8217;interno di procedimenti di prevenzione o con la cosiddetta &#8220;confisca allargata&#8221; prevista dall&#8217;art. 240 bis c.p.<\/p><p>Si dividono in tre categorie : beni immobili, beni mobili e aziende, per ognuna delle quali sono previsti differenti percorsi di destinazione.<\/p><p>Il Geoblog si occupa della prima categoria, quella dei <strong>beni immobili<\/strong>: edifici, abitazioni e terreni confiscati.\u00a0<\/p><p>La legge n. 109\/96 infatti, approvato a seguito della raccolta di pi\u00f9 di un milione di firme promossa da <i>Libera<\/i>, ha stabilito il principio del <b>riutilizzo per fini pubblici e sociali<\/b> di questi patrimoni, al fine di compensare direttamente le comunit\u00e0 sul cui territorio si sono dispiegate le attivit\u00e0 criminali e scalzare il valore negativo dei simboli del potere mafioso.<\/p>\t\t\t\t\t\t<\/div>\n\t\t\t\t<\/div>\n\t\t\t\t<div class=\"elementor-element elementor-element-bc852d1 elementor-widget elementor-widget-heading\" data-id=\"bc852d1\" data-element_type=\"widget\" data-widget_type=\"heading.default\">\n\t\t\t\t<div class=\"elementor-widget-container\">\n\t\t\t<h2 class=\"elementor-heading-title elementor-size-default\">Dal sequestro al riutilizzo<\/h2>\t\t<\/div>\n\t\t\t\t<\/div>\n\t\t\t\t<div class=\"elementor-element elementor-element-da24c9d elementor-widget elementor-widget-text-editor\" data-id=\"da24c9d\" data-element_type=\"widget\" data-widget_type=\"text-editor.default\">\n\t\t\t\t<div class=\"elementor-widget-container\">\n\t\t\t\t\t\t\t\t<p>Il percorso che i beni immobili attraversano per arrivare al riutilizzo \u00e8 articolato in diverse fasi e caratterizzato da una <em>governance\u00a0<\/em>multilivello.<\/p><p>Dal sequestro fino alla confisca di II grado, emessa dalla corte d&#8217;appello, siamo nella <strong><em>fase giudiziaria<\/em><\/strong><i>,<\/i>\u00a0in cui le propriet\u00e0 sono gestite da un amministratore giudiziario sotto il controllo del giudice delegato alla procedura.<br \/>In questa fase l&#8217;Agenzia Nazionale per l&#8217;amministrazione e la destinazione dei beni Sequestrati e Confiscati (ANBSC) svolge un&#8217;attivit\u00e0 di ausilio e supporto dell&#8217;autorit\u00e0 giudiziaria.<\/p><p>Dalla confisca di II grado entriamo nella <em><strong>fase amministrativa<\/strong>.<\/em> In questa l&#8217;amministrazione dei beni \u00e8 trasferita direttamente all&#8217;ANBSC, che si avvale di un coadiutore.<\/p><p>Infine, con la confisca definitiva i beni vengono &#8220;acquisiti al patrimonio dello Stato liberi da oneri e pesi&#8221; e l&#8217;ANBSC provvede, secondo la legge entro 90 giorni, a individuare la <strong><em>destinazione<\/em><\/strong> dei beni.<\/p>\t\t\t\t\t\t<\/div>\n\t\t\t\t<\/div>\n\t\t\t\t<div class=\"elementor-element elementor-element-5b3f320 elementor-widget elementor-widget-heading\" data-id=\"5b3f320\" data-element_type=\"widget\" data-widget_type=\"heading.default\">\n\t\t\t\t<div class=\"elementor-widget-container\">\n\t\t\t<h2 class=\"elementor-heading-title elementor-size-default\">Destinazione e riutilizzo sociale<\/h2>\t\t<\/div>\n\t\t\t\t<\/div>\n\t\t\t\t<div class=\"elementor-element elementor-element-0aeec28 elementor-widget elementor-widget-text-editor\" data-id=\"0aeec28\" data-element_type=\"widget\" data-widget_type=\"text-editor.default\">\n\t\t\t\t<div class=\"elementor-widget-container\">\n\t\t\t\t\t\t\t\t<p><span style=\"font-size: 1rem;\">In fase di destinazione i beni possono essere principalmente:<\/span><\/p><p><span style=\"font-size: 1rem;\">a) <strong>mantenuti al patrimonio dello Stato<\/strong> per finalit\u00e0 di giustizia, di ordine pubblico o di protezione civile, o per altri usi istituzionali di amministrazioni e agenzie statali, enti pubblici, universit\u00e0 e istituzioni culturali.<\/span><\/p><p><span style=\"font-size: 1rem;\">b) <strong>trasferiti al patrimonio indisponibile di alcuni enti territoriali<\/strong> per fini istituzionali, sociali o economici: in via prioritaria i <strong>Comuni<\/strong>, ma anche le <strong>Province, Citt\u00e0 metropolitane e Regioni<\/strong>. <\/span><span style=\"font-size: 1rem;\">Questi possono:<\/span><\/p><ul><li><span style=\"font-size: 1rem;\">gestire direttamente il bene, anche consorziandosi tra loro<\/span><\/li><li><span style=\"font-size: 1rem;\">assegnarlo in concessione gratuita a un soggetto gestore del terzo settore: associazioni e organizzazioni di volontariato, cooperative sociali o di altro tipo purch\u00e9 a mutualit\u00e0 prevalente e senza scopo di lucro, operatori dell&#8217;agricoltura sociale, enti parco, comunit\u00e0 e centri di cura e recupero.<\/span><\/li><li><span style=\"font-size: 1rem;\"><span style=\"font-size: 1rem;\">in caso di irrealizzabilit\u00e0 dei casi precedenti, il bene pu\u00f2 essere usato per scopo di lucro e affittato e i proventi riutilizzati per fini sociali<br \/>.<br \/><\/span><\/span><\/li><\/ul><p>c) <b>assegnati direttamente<\/b> dall&#8217;ANBSC agli enti del terzo settore citati. Questa possibilit\u00e0, introdotta recentemente dalle legge di riforma del Codice antimafia, n. 161\/2017, ha visto per la prima volta\u00a0 applicazione tramite <a href=\"https:\/\/benisequestraticonfiscati.it\/pubblicit-legale\/bando-per-lassegnazione-diretta-di-beni-confiscati-ai-soggetti-del-terzo-settore-individuati-oltre-1-000-lotti-per-un-totale-di-1-400-particelle-domande-di-partecipazione-fino-al-31-ottobr\/\">il primo bando nazionale per l&#8217;assegnazione diretta<\/a> pubblicato dall&#8217;Agenzia nel luglio 2020.<\/p><p>Se infine risulta impossibile effettuare la destinazione dei beni per finalit\u00e0 di interesse pubblico nei modi indicati, i beni sono destinati dall&#8217;ANBSC alla vendita al miglior offerente.<\/p>\t\t\t\t\t\t<\/div>\n\t\t\t\t<\/div>\n\t\t\t\t<div class=\"elementor-element elementor-element-f7d6f34 elementor-widget elementor-widget-heading\" data-id=\"f7d6f34\" data-element_type=\"widget\" data-widget_type=\"heading.default\">\n\t\t\t\t<div class=\"elementor-widget-container\">\n\t\t\t<h2 class=\"elementor-heading-title elementor-size-default\">Siti e risorse<\/h2>\t\t<\/div>\n\t\t\t\t<\/div>\n\t\t\t\t<div class=\"elementor-element elementor-element-5957655 elementor-widget elementor-widget-text-editor\" data-id=\"5957655\" data-element_type=\"widget\" data-widget_type=\"text-editor.default\">\n\t\t\t\t<div class=\"elementor-widget-container\">\n\t\t\t\t\t\t\t\t<p style=\"box-sizing: inherit; margin-bottom: 1rem; color: #373a3c; font-family: 'Helvetica Neue', Helvetica, Arial, sans-serif;\"><a style=\"box-sizing: inherit; outline: none; touch-action: manipulation;\" href=\"http:\/\/www.benisequestraticonfiscati.it\/\" target=\"_blank\" rel=\"noopener\">Agenzia Nazionale per l\u2019amministrazione e la destinazione dei beni sequestrati e confiscati alla criminalit\u00e0 organizzata<\/a><\/p><p style=\"box-sizing: inherit; margin-bottom: 1rem; color: #373a3c; font-family: 'Helvetica Neue', Helvetica, Arial, sans-serif;\"><a style=\"box-sizing: inherit; outline: none; touch-action: manipulation;\" href=\"https:\/\/openregio.it\/\" target=\"_blank\" rel=\"noopener\">OPEN Re.G.I.O<\/a><\/p><p style=\"box-sizing: inherit; margin-bottom: 1rem; color: #373a3c; font-family: 'Helvetica Neue', Helvetica, Arial, sans-serif;\"><a style=\"font-size: 1rem; box-sizing: inherit; background-color: #ffffff; text-decoration-line: underline; outline: none; touch-action: manipulation;\" href=\"http:\/\/www.confiscatibene.it\/it\" target=\"_blank\" rel=\"noopener\">Confiscati bene<\/a>,i<span style=\"font-family: Montserrat, sans-serif; color: #4b4b4b; font-size: 17px;\">l sito nazionale di monitoraggio civico sul riutilizzo dei beni<\/span><\/p><p style=\"box-sizing: inherit; margin-bottom: 1rem; color: #373a3c; font-family: 'Helvetica Neue', Helvetica, Arial, sans-serif;\"><a href=\"https:\/\/www.libera.it\/schede-1573-fattiperbene\">Dossier &#8220;Fattiperbene&#8221;<\/a>,\u00a0<span style=\"font-family: Montserrat, sans-serif; color: #4b4b4b; font-size: 17px;\">una fotografia nazionale del riutilizzo dei beni fatta da Libera in occasione dei 25 anni della legge 109\/96.<\/span><\/p>\t\t\t\t\t\t<\/div>\n\t\t\t\t<\/div>\n\t\t\t\t\t<\/div>\n\t\t<\/div>\n\t\t\t\t\t\t\t<\/div>\n\t\t<\/section>\n\t\t\t\t\t\t<\/div>\n\t\t\t\t\t<\/div>\n\t\t","protected":false},"excerpt":{"rendered":"<p>Che cos&#8217;\u00e8 un bene confiscato I beni confiscati alle mafie e alla criminalit\u00e0 organizzata sono quelli per cui \u00e8 previsto il riutilizzo ai sensi del Codice delle leggi antimafia e delle misure di prevenzione (D.L. 6\/9\/2011 n.159). Si tratta dei beni legati a ipotesi di reato di particolare gravit\u00e0 e confiscati all&#8217;interno di procedimenti di [&hellip;]<\/p>\n","protected":false},"author":1,"featured_media":38,"parent":0,"menu_order":20,"comment_status":"closed","ping_status":"closed","template":"","meta":{"footnotes":""},"class_list":["post-36","page","type-page","status-publish","has-post-thumbnail","hentry"],"_links":{"self":[{"href":"https:\/\/welaikaadv.site\/geoblog\/wp-json\/wp\/v2\/pages\/36","targetHints":{"allow":["GET"]}}],"collection":[{"href":"https:\/\/welaikaadv.site\/geoblog\/wp-json\/wp\/v2\/pages"}],"about":[{"href":"https:\/\/welaikaadv.site\/geoblog\/wp-json\/wp\/v2\/types\/page"}],"author":[{"embeddable":true,"href":"https:\/\/welaikaadv.site\/geoblog\/wp-json\/wp\/v2\/users\/1"}],"replies":[{"embeddable":true,"href":"https:\/\/welaikaadv.site\/geoblog\/wp-json\/wp\/v2\/comments?post=36"}],"version-history":[{"count":40,"href":"https:\/\/welaikaadv.site\/geoblog\/wp-json\/wp\/v2\/pages\/36\/revisions"}],"predecessor-version":[{"id":1195,"href":"https:\/\/welaikaadv.site\/geoblog\/wp-json\/wp\/v2\/pages\/36\/revisions\/1195"}],"wp:featuredmedia":[{"embeddable":true,"href":"https:\/\/welaikaadv.site\/geoblog\/wp-json\/wp\/v2\/media\/38"}],"wp:attachment":[{"href":"https:\/\/welaikaadv.site\/geoblog\/wp-json\/wp\/v2\/media?parent=36"}],"curies":[{"name":"wp","href":"https:\/\/api.w.org\/{rel}","templated":true}]}}